{"id":6087,"date":"2026-04-02T09:30:59","date_gmt":"2026-04-02T06:30:59","guid":{"rendered":"https:\/\/www.riistasaatio.fi\/?post_type=product&#038;p=6087"},"modified":"2026-04-02T17:17:51","modified_gmt":"2026-04-02T14:17:51","slug":"suomen-riista-71","status":"publish","type":"product","link":"https:\/\/www.riistasaatio.fi\/en\/product\/suomen-riista-71\/","title":{"rendered":"Suomen Riista 71"},"content":{"rendered":"\r\n<p><strong>Jukka Bisi:<\/strong><\/p>\r\n\r\n\r\n\r\n<p>Puheenvuoro: Suurpetokantojen s\u00e4\u00e4tely alkoi jo vuosisatoja sitten<\/p>\r\n\r\n<p>&nbsp;<\/p>\r\n\r\n<p><strong>Tiia Tuomisto:<\/strong><\/p>\r\n\r\n\r\n\r\n<p>Mets\u00e4st\u00e4j\u00e4t luonnonsuojelijoina<\/p>\r\n\r\n<p>&nbsp;<\/p>\r\n\r\n<p><strong>Husa Miikka &amp; Jani Pellikka:<\/strong><\/p>\r\n\r\n\r\n\r\n<p>Lyijyllisten ammusten k\u00e4ytt\u00f6 mets\u00e4styksess\u00e4<\/p>\r\n\r\n<p>&nbsp;<\/p>\r\n\r\n<p><strong>Jani Pellikka, Tuomas Nummelin, Kirsi Moilanen &amp; Aku Ahlholm<\/strong>:<\/p>\r\n\r\n\r\n\r\n<p>Verkkomedioiden susiuutisointi Suomessa<\/p>\r\n\r\n<p>&nbsp;<\/p>\r\n\r\n<p><strong><em>Milla Niemi &amp; Sakari Mykr\u00e4-Pohja: <\/em><\/strong><\/p>\r\n\r\n\r\n\r\n<p>Mets\u00e4peuran paluu etel\u00e4iselle Suomensel\u00e4lle<\/p>\r\n\r\n<p>&nbsp;<\/p>\r\n\r\n\r\n\r\n<p>Kansi: Mets\u00e4peuran vasa &#8211; kuva Milla Niemi <br \/>Takakansi: Mets\u00e4peura &#8211; kuva Teija ja Petri Koivisto<\/p>\r\n\r\n<p>&nbsp;<\/p>\r\n\r\n<p>&nbsp;<\/p>\r\n\r\n\r\n","protected":false},"excerpt":{"rendered":"<p>Jukka Bisi: Puheenvuoro: Suurpetokantojen s\u00e4\u00e4tely alkoi jo vuosisatoja sitten &nbsp; Tiia Tuomisto: Mets\u00e4st\u00e4j\u00e4t luonnonsuojelijoina &nbsp; Husa Miikka &amp; Jani Pellikka: Lyijyllisten ammusten k\u00e4ytt\u00f6 mets\u00e4styksess\u00e4 &nbsp; Jani Pellikka, Tuomas Nummelin, Kirsi Moilanen &amp; Aku Ahlholm: Verkkomedioiden susiuutisointi Suomessa &nbsp; Milla Niemi &amp; Sakari Mykr\u00e4-Pohja: Mets\u00e4peuran paluu etel\u00e4iselle Suomensel\u00e4lle &nbsp; Kansi: Mets\u00e4peuran vasa &#8211; kuva Milla Niemi&#8230;<\/p>\n","protected":false},"featured_media":6096,"template":"","meta":{"_acf_changed":false,"content-type":"","_kad_blocks_custom_css":"","_kad_blocks_head_custom_js":"","_kad_blocks_body_custom_js":"","_kad_blocks_footer_custom_js":"","_kad_post_transparent":"default","_kad_post_title":"","_kad_post_layout":"default","_kad_post_sidebar_id":"","_kad_post_content_style":"default","_kad_post_vertical_padding":"default","_kad_post_feature":"","_kad_post_feature_position":"","_kad_post_header":false,"_kad_post_footer":false,"_kad_post_classname":""},"product_brand":[],"product_cat":[54],"product_tag":[],"class_list":{"0":"post-6087","1":"product","2":"type-product","3":"status-publish","4":"has-post-thumbnail","6":"product_cat-suomen-riista","8":"first","9":"instock","10":"shipping-taxable","11":"purchasable","12":"product-type-simple","13":"entry","14":"content-bg","15":"loop-entry"},"acf":[],"yoast_head":"<!-- This site is optimized with the Yoast SEO plugin v27.5 - https:\/\/yoast.com\/product\/yoast-seo-wordpress\/ -->\n<title>Suomen Riista 71 &#183; Suomen Riistanhoito-S\u00e4\u00e4ti\u00f6<\/title>\n<meta name=\"robots\" content=\"index, follow, max-snippet:-1, max-image-preview:large, max-video-preview:-1\" \/>\n<link rel=\"canonical\" href=\"https:\/\/www.riistasaatio.fi\/en\/product\/suomen-riista-71\/\" \/>\n<meta property=\"og:locale\" content=\"en_US\" \/>\n<meta property=\"og:type\" content=\"article\" \/>\n<meta property=\"og:title\" content=\"Suomen Riista 71 &#183; Suomen Riistanhoito-S\u00e4\u00e4ti\u00f6\" \/>\n<meta property=\"og:description\" content=\"Jukka Bisi: Puheenvuoro: Suurpetokantojen s\u00e4\u00e4tely alkoi jo vuosisatoja sitten &nbsp; Tiia Tuomisto: Mets\u00e4st\u00e4j\u00e4t luonnonsuojelijoina &nbsp; Husa Miikka &amp; Jani Pellikka: Lyijyllisten ammusten k\u00e4ytt\u00f6 mets\u00e4styksess\u00e4 &nbsp; Jani Pellikka, Tuomas Nummelin, Kirsi Moilanen &amp; Aku Ahlholm: Verkkomedioiden susiuutisointi Suomessa &nbsp; Milla Niemi &amp; Sakari Mykr\u00e4-Pohja: Mets\u00e4peuran paluu etel\u00e4iselle Suomensel\u00e4lle &nbsp; Kansi: Mets\u00e4peuran vasa &#8211; kuva Milla Niemi...\" \/>\n<meta property=\"og:url\" content=\"https:\/\/www.riistasaatio.fi\/en\/product\/suomen-riista-71\/\" \/>\n<meta property=\"og:site_name\" content=\"Suomen Riistanhoito-S\u00e4\u00e4ti\u00f6\" \/>\n<meta property=\"article:modified_time\" content=\"2026-04-02T14:17:51+00:00\" \/>\n<meta property=\"og:image\" content=\"https:\/\/www.riistasaatio.fi\/wp-content\/uploads\/WhatsApp-Image-2026-04-02-at-10.58.33.jpeg\" \/>\n\t<meta property=\"og:image:width\" content=\"1124\" \/>\n\t<meta property=\"og:image:height\" content=\"1600\" \/>\n\t<meta property=\"og:image:type\" content=\"image\/jpeg\" \/>\n<meta name=\"twitter:card\" content=\"summary_large_image\" \/>\n<meta name=\"twitter:label1\" content=\"Est. reading time\" \/>\n\t<meta name=\"twitter:data1\" content=\"1 minute\" \/>\n<script type=\"application\/ld+json\" class=\"yoast-schema-graph\">{\"@context\":\"https:\\\/\\\/schema.org\",\"@graph\":[{\"@type\":\"WebPage\",\"@id\":\"https:\\\/\\\/www.riistasaatio.fi\\\/en\\\/product\\\/suomen-riista-71\\\/\",\"url\":\"https:\\\/\\\/www.riistasaatio.fi\\\/en\\\/product\\\/suomen-riista-71\\\/\",\"name\":\"Suomen Riista 71 &#183; Suomen Riistanhoito-S\u00e4\u00e4ti\u00f6\",\"isPartOf\":{\"@id\":\"https:\\\/\\\/www.riistasaatio.fi\\\/en\\\/#website\"},\"primaryImageOfPage\":{\"@id\":\"https:\\\/\\\/www.riistasaatio.fi\\\/en\\\/product\\\/suomen-riista-71\\\/#primaryimage\"},\"image\":{\"@id\":\"https:\\\/\\\/www.riistasaatio.fi\\\/en\\\/product\\\/suomen-riista-71\\\/#primaryimage\"},\"thumbnailUrl\":\"https:\\\/\\\/www.riistasaatio.fi\\\/wp-content\\\/uploads\\\/WhatsApp-Image-2026-04-02-at-10.58.33.jpeg\",\"datePublished\":\"2026-04-02T06:30:59+00:00\",\"dateModified\":\"2026-04-02T14:17:51+00:00\",\"breadcrumb\":{\"@id\":\"https:\\\/\\\/www.riistasaatio.fi\\\/en\\\/product\\\/suomen-riista-71\\\/#breadcrumb\"},\"inLanguage\":\"en-US\",\"potentialAction\":[{\"@type\":\"ReadAction\",\"target\":[\"https:\\\/\\\/www.riistasaatio.fi\\\/en\\\/product\\\/suomen-riista-71\\\/\"]}]},{\"@type\":\"ImageObject\",\"inLanguage\":\"en-US\",\"@id\":\"https:\\\/\\\/www.riistasaatio.fi\\\/en\\\/product\\\/suomen-riista-71\\\/#primaryimage\",\"url\":\"https:\\\/\\\/www.riistasaatio.fi\\\/wp-content\\\/uploads\\\/WhatsApp-Image-2026-04-02-at-10.58.33.jpeg\",\"contentUrl\":\"https:\\\/\\\/www.riistasaatio.fi\\\/wp-content\\\/uploads\\\/WhatsApp-Image-2026-04-02-at-10.58.33.jpeg\",\"width\":1124,\"height\":1600},{\"@type\":\"BreadcrumbList\",\"@id\":\"https:\\\/\\\/www.riistasaatio.fi\\\/en\\\/product\\\/suomen-riista-71\\\/#breadcrumb\",\"itemListElement\":[{\"@type\":\"ListItem\",\"position\":1,\"name\":\"Etusivu\",\"item\":\"https:\\\/\\\/www.riistasaatio.fi\\\/en\\\/\"},{\"@type\":\"ListItem\",\"position\":2,\"name\":\"Shop\",\"item\":\"https:\\\/\\\/www.riistasaatio.fi\\\/en\\\/shop\\\/\"},{\"@type\":\"ListItem\",\"position\":3,\"name\":\"Suomen Riista 71\"}]},{\"@type\":\"WebSite\",\"@id\":\"https:\\\/\\\/www.riistasaatio.fi\\\/en\\\/#website\",\"url\":\"https:\\\/\\\/www.riistasaatio.fi\\\/en\\\/\",\"name\":\"Suomen Riistanhoito-S\u00e4\u00e4ti\u00f6\",\"description\":\"\",\"publisher\":{\"@id\":\"https:\\\/\\\/www.riistasaatio.fi\\\/en\\\/#organization\"},\"potentialAction\":[{\"@type\":\"SearchAction\",\"target\":{\"@type\":\"EntryPoint\",\"urlTemplate\":\"https:\\\/\\\/www.riistasaatio.fi\\\/en\\\/?s={search_term_string}\"},\"query-input\":{\"@type\":\"PropertyValueSpecification\",\"valueRequired\":true,\"valueName\":\"search_term_string\"}}],\"inLanguage\":\"en-US\"},{\"@type\":\"Organization\",\"@id\":\"https:\\\/\\\/www.riistasaatio.fi\\\/en\\\/#organization\",\"name\":\"Suomen Riistanhoito-S\u00e4\u00e4ti\u00f6\",\"url\":\"https:\\\/\\\/www.riistasaatio.fi\\\/en\\\/\",\"logo\":{\"@type\":\"ImageObject\",\"inLanguage\":\"en-US\",\"@id\":\"https:\\\/\\\/www.riistasaatio.fi\\\/en\\\/#\\\/schema\\\/logo\\\/image\\\/\",\"url\":\"https:\\\/\\\/www.riistasaatio.fi\\\/wp-content\\\/uploads\\\/suomen-riistanhoito-saatio-og.png\",\"contentUrl\":\"https:\\\/\\\/www.riistasaatio.fi\\\/wp-content\\\/uploads\\\/suomen-riistanhoito-saatio-og.png\",\"width\":1200,\"height\":630,\"caption\":\"Suomen Riistanhoito-S\u00e4\u00e4ti\u00f6\"},\"image\":{\"@id\":\"https:\\\/\\\/www.riistasaatio.fi\\\/en\\\/#\\\/schema\\\/logo\\\/image\\\/\"}}]}<\/script>\n<!-- \/ Yoast SEO plugin. -->","yoast_head_json":{"title":"Suomen Riista 71 &#183; Suomen Riistanhoito-S\u00e4\u00e4ti\u00f6","robots":{"index":"index","follow":"follow","max-snippet":"max-snippet:-1","max-image-preview":"max-image-preview:large","max-video-preview":"max-video-preview:-1"},"canonical":"https:\/\/www.riistasaatio.fi\/en\/product\/suomen-riista-71\/","og_locale":"en_US","og_type":"article","og_title":"Suomen Riista 71 &#183; Suomen Riistanhoito-S\u00e4\u00e4ti\u00f6","og_description":"Jukka Bisi: Puheenvuoro: Suurpetokantojen s\u00e4\u00e4tely alkoi jo vuosisatoja sitten &nbsp; Tiia Tuomisto: Mets\u00e4st\u00e4j\u00e4t luonnonsuojelijoina &nbsp; Husa Miikka &amp; Jani Pellikka: Lyijyllisten ammusten k\u00e4ytt\u00f6 mets\u00e4styksess\u00e4 &nbsp; Jani Pellikka, Tuomas Nummelin, Kirsi Moilanen &amp; Aku Ahlholm: Verkkomedioiden susiuutisointi Suomessa &nbsp; Milla Niemi &amp; Sakari Mykr\u00e4-Pohja: Mets\u00e4peuran paluu etel\u00e4iselle Suomensel\u00e4lle &nbsp; Kansi: Mets\u00e4peuran vasa &#8211; kuva Milla Niemi...","og_url":"https:\/\/www.riistasaatio.fi\/en\/product\/suomen-riista-71\/","og_site_name":"Suomen Riistanhoito-S\u00e4\u00e4ti\u00f6","article_modified_time":"2026-04-02T14:17:51+00:00","og_image":[{"width":1124,"height":1600,"url":"https:\/\/www.riistasaatio.fi\/wp-content\/uploads\/WhatsApp-Image-2026-04-02-at-10.58.33.jpeg","type":"image\/jpeg"}],"twitter_card":"summary_large_image","twitter_misc":{"Est. reading time":"1 minute"},"schema":{"@context":"https:\/\/schema.org","@graph":[{"@type":"WebPage","@id":"https:\/\/www.riistasaatio.fi\/en\/product\/suomen-riista-71\/","url":"https:\/\/www.riistasaatio.fi\/en\/product\/suomen-riista-71\/","name":"Suomen Riista 71 &#183; Suomen Riistanhoito-S\u00e4\u00e4ti\u00f6","isPartOf":{"@id":"https:\/\/www.riistasaatio.fi\/en\/#website"},"primaryImageOfPage":{"@id":"https:\/\/www.riistasaatio.fi\/en\/product\/suomen-riista-71\/#primaryimage"},"image":{"@id":"https:\/\/www.riistasaatio.fi\/en\/product\/suomen-riista-71\/#primaryimage"},"thumbnailUrl":"https:\/\/www.riistasaatio.fi\/wp-content\/uploads\/WhatsApp-Image-2026-04-02-at-10.58.33.jpeg","datePublished":"2026-04-02T06:30:59+00:00","dateModified":"2026-04-02T14:17:51+00:00","breadcrumb":{"@id":"https:\/\/www.riistasaatio.fi\/en\/product\/suomen-riista-71\/#breadcrumb"},"inLanguage":"en-US","potentialAction":[{"@type":"ReadAction","target":["https:\/\/www.riistasaatio.fi\/en\/product\/suomen-riista-71\/"]}]},{"@type":"ImageObject","inLanguage":"en-US","@id":"https:\/\/www.riistasaatio.fi\/en\/product\/suomen-riista-71\/#primaryimage","url":"https:\/\/www.riistasaatio.fi\/wp-content\/uploads\/WhatsApp-Image-2026-04-02-at-10.58.33.jpeg","contentUrl":"https:\/\/www.riistasaatio.fi\/wp-content\/uploads\/WhatsApp-Image-2026-04-02-at-10.58.33.jpeg","width":1124,"height":1600},{"@type":"BreadcrumbList","@id":"https:\/\/www.riistasaatio.fi\/en\/product\/suomen-riista-71\/#breadcrumb","itemListElement":[{"@type":"ListItem","position":1,"name":"Etusivu","item":"https:\/\/www.riistasaatio.fi\/en\/"},{"@type":"ListItem","position":2,"name":"Shop","item":"https:\/\/www.riistasaatio.fi\/en\/shop\/"},{"@type":"ListItem","position":3,"name":"Suomen Riista 71"}]},{"@type":"WebSite","@id":"https:\/\/www.riistasaatio.fi\/en\/#website","url":"https:\/\/www.riistasaatio.fi\/en\/","name":"Suomen Riistanhoito-S\u00e4\u00e4ti\u00f6","description":"","publisher":{"@id":"https:\/\/www.riistasaatio.fi\/en\/#organization"},"potentialAction":[{"@type":"SearchAction","target":{"@type":"EntryPoint","urlTemplate":"https:\/\/www.riistasaatio.fi\/en\/?s={search_term_string}"},"query-input":{"@type":"PropertyValueSpecification","valueRequired":true,"valueName":"search_term_string"}}],"inLanguage":"en-US"},{"@type":"Organization","@id":"https:\/\/www.riistasaatio.fi\/en\/#organization","name":"Suomen Riistanhoito-S\u00e4\u00e4ti\u00f6","url":"https:\/\/www.riistasaatio.fi\/en\/","logo":{"@type":"ImageObject","inLanguage":"en-US","@id":"https:\/\/www.riistasaatio.fi\/en\/#\/schema\/logo\/image\/","url":"https:\/\/www.riistasaatio.fi\/wp-content\/uploads\/suomen-riistanhoito-saatio-og.png","contentUrl":"https:\/\/www.riistasaatio.fi\/wp-content\/uploads\/suomen-riistanhoito-saatio-og.png","width":1200,"height":630,"caption":"Suomen Riistanhoito-S\u00e4\u00e4ti\u00f6"},"image":{"@id":"https:\/\/www.riistasaatio.fi\/en\/#\/schema\/logo\/image\/"}}]}},"taxonomy_info":{"product_cat":[{"value":54,"label":"Suomen Riista"}]},"featured_image_src_large":["https:\/\/www.riistasaatio.fi\/wp-content\/uploads\/WhatsApp-Image-2026-04-02-at-10.58.33-703x1000.jpeg",703,1000,true],"author_info":[],"comment_info":"","_links":{"self":[{"href":"https:\/\/www.riistasaatio.fi\/en\/wp-json\/wp\/v2\/product\/6087","targetHints":{"allow":["GET"]}}],"collection":[{"href":"https:\/\/www.riistasaatio.fi\/en\/wp-json\/wp\/v2\/product"}],"about":[{"href":"https:\/\/www.riistasaatio.fi\/en\/wp-json\/wp\/v2\/types\/product"}],"wp:featuredmedia":[{"embeddable":true,"href":"https:\/\/www.riistasaatio.fi\/en\/wp-json\/wp\/v2\/media\/6096"}],"wp:attachment":[{"href":"https:\/\/www.riistasaatio.fi\/en\/wp-json\/wp\/v2\/media?parent=6087"}],"wp:term":[{"taxonomy":"product_brand","embeddable":true,"href":"https:\/\/www.riistasaatio.fi\/en\/wp-json\/wp\/v2\/product_brand?post=6087"},{"taxonomy":"product_cat","embeddable":true,"href":"https:\/\/www.riistasaatio.fi\/en\/wp-json\/wp\/v2\/product_cat?post=6087"},{"taxonomy":"product_tag","embeddable":true,"href":"https:\/\/www.riistasaatio.fi\/en\/wp-json\/wp\/v2\/product_tag?post=6087"}],"curies":[{"name":"wp","href":"https:\/\/api.w.org\/{rel}","templated":true}]}}