{"id":2864,"date":"2024-06-03T16:34:09","date_gmt":"2024-06-03T13:34:09","guid":{"rendered":"https:\/\/www.riistasaatio.fi\/?post_type=product&#038;p=2864"},"modified":"2025-09-25T15:51:24","modified_gmt":"2025-09-25T12:51:24","slug":"pitkahihainen-paita-harmaa","status":"publish","type":"product","link":"https:\/\/www.riistasaatio.fi\/en\/tuote\/pitkahihainen-paita-harmaa\/","title":{"rendered":"Pitk\u00e4hihainen paita"},"content":{"rendered":"<p>Suomen Riistanhoito-S\u00e4\u00e4ti\u00f6n The Wetter the Better -tuotteiden myyntitulot ohjataan suoraan s\u00e4\u00e4ti\u00f6n ennallistamishankkeisiin ja konkreettisiin elinymp\u00e4rist\u00f6t\u00f6ihin. Suomen Riistanhoito-S\u00e4\u00e4ti\u00f6 ennallistaa ker\u00e4tyill\u00e4 varoilla kosteikkoalueita ja entisi\u00e4 turvetuotantoalueita ymp\u00e4ri Suomen. Ennallistettavilla alueilla tavoitteena on palauttaa luontaisia, lajirikkaita pesim\u00e4- ja poikue-elinymp\u00e4rist\u00f6j\u00e4 vesilinnuille.<\/p>\n<p>The Wetter the Better -tuotteet tulevat kotimaiselta Pure Waste -vaatevalmistajalta, ja ovat valmistettu 100 % kierr\u00e4tyist\u00e4 kuiduista. Pure Waste -tuotteiden valmistus kuluttaa 99 % v\u00e4hemm\u00e4n vett\u00e4 ja synnytt\u00e4\u00e4 50 % v\u00e4hemm\u00e4n hiilidioksidip\u00e4\u00e4st\u00f6j\u00e4, mik\u00e4 v\u00e4hent\u00e4\u00e4 merkitt\u00e4v\u00e4sti niiden ymp\u00e4rist\u00f6vaikutuksia verrattuna vastaaviin neitseellisist\u00e4 materiaaleista valmistettuihin vaatteisiin.<\/p>\n<p>Paidan rintamukseen on painettu Suomen Riistanhoito-S\u00e4\u00e4ti\u00f6n logo ja paidan selk\u00e4\u00e4n Asmo Raimoahon kuvittama tyylik\u00e4s Northern Habitats \u2013 The Wetter the Better -grafiikka.<\/p>\n","protected":false},"excerpt":{"rendered":"<p>The Wetter the Better &#8211; Pitk\u00e4hihainen paita, harmaa.<\/p>\n<p>Katso kokotaulukko <a href=\"https:\/\/www.riistasaatio.fi\/wp-content\/uploads\/purewaste-miesten-pitkahihainen-mittataulukko-768x1024-1.jpg\" target=\"_blank\" rel=\"noopener\">t\u00e4st\u00e4.<\/a><\/p>\n","protected":false},"featured_media":2812,"template":"","meta":{"_acf_changed":false,"content-type":"","_kad_blocks_custom_css":"","_kad_blocks_head_custom_js":"","_kad_blocks_body_custom_js":"","_kad_blocks_footer_custom_js":"","_kad_post_transparent":"","_kad_post_title":"","_kad_post_layout":"","_kad_post_sidebar_id":"","_kad_post_content_style":"","_kad_post_vertical_padding":"","_kad_post_feature":"","_kad_post_feature_position":"","_kad_post_header":false,"_kad_post_footer":false,"_kad_post_classname":""},"product_brand":[],"product_cat":[75,76],"product_tag":[],"class_list":{"0":"post-2864","1":"product","2":"type-product","3":"status-publish","4":"has-post-thumbnail","6":"product_cat-suosittu","7":"product_cat-vaatteet","9":"first","10":"instock","11":"shipping-taxable","12":"purchasable","13":"product-type-variable","14":"entry","15":"content-bg","16":"loop-entry"},"acf":[],"yoast_head":"<!-- This site is optimized with the Yoast SEO plugin v27.3 - https:\/\/yoast.com\/product\/yoast-seo-wordpress\/ -->\n<title>Pitk\u00e4hihainen paita &#183; Suomen Riistanhoito-S\u00e4\u00e4ti\u00f6<\/title>\n<meta name=\"robots\" content=\"index, follow, max-snippet:-1, max-image-preview:large, max-video-preview:-1\" \/>\n<link rel=\"canonical\" href=\"https:\/\/www.riistasaatio.fi\/en\/tuote\/pitkahihainen-paita-harmaa\/\" \/>\n<meta property=\"og:locale\" content=\"en_US\" \/>\n<meta property=\"og:type\" content=\"article\" \/>\n<meta property=\"og:title\" content=\"Pitk\u00e4hihainen paita &#183; Suomen Riistanhoito-S\u00e4\u00e4ti\u00f6\" \/>\n<meta property=\"og:description\" content=\"The Wetter the Better - Pitk\u00e4hihainen paita, harmaa.  Katso kokotaulukko t\u00e4st\u00e4.\" \/>\n<meta property=\"og:url\" content=\"https:\/\/www.riistasaatio.fi\/en\/tuote\/pitkahihainen-paita-harmaa\/\" \/>\n<meta property=\"og:site_name\" content=\"Suomen Riistanhoito-S\u00e4\u00e4ti\u00f6\" \/>\n<meta property=\"article:modified_time\" content=\"2025-09-25T12:51:24+00:00\" \/>\n<meta property=\"og:image\" content=\"https:\/\/www.riistasaatio.fi\/wp-content\/uploads\/untitled-26-728x1000.png\" \/>\n\t<meta property=\"og:image:width\" content=\"728\" \/>\n\t<meta property=\"og:image:height\" content=\"1000\" \/>\n\t<meta property=\"og:image:type\" content=\"image\/png\" \/>\n<meta name=\"twitter:card\" content=\"summary_large_image\" \/>\n<meta name=\"twitter:label1\" content=\"Est. reading time\" \/>\n\t<meta name=\"twitter:data1\" content=\"1 minute\" \/>\n<script type=\"application\/ld+json\" class=\"yoast-schema-graph\">{\"@context\":\"https:\\\/\\\/schema.org\",\"@graph\":[{\"@type\":\"WebPage\",\"@id\":\"https:\\\/\\\/www.riistasaatio.fi\\\/en\\\/tuote\\\/pitkahihainen-paita-harmaa\\\/\",\"url\":\"https:\\\/\\\/www.riistasaatio.fi\\\/en\\\/tuote\\\/pitkahihainen-paita-harmaa\\\/\",\"name\":\"Pitk\u00e4hihainen paita &#183; Suomen Riistanhoito-S\u00e4\u00e4ti\u00f6\",\"isPartOf\":{\"@id\":\"https:\\\/\\\/www.riistasaatio.fi\\\/en\\\/#website\"},\"primaryImageOfPage\":{\"@id\":\"https:\\\/\\\/www.riistasaatio.fi\\\/en\\\/tuote\\\/pitkahihainen-paita-harmaa\\\/#primaryimage\"},\"image\":{\"@id\":\"https:\\\/\\\/www.riistasaatio.fi\\\/en\\\/tuote\\\/pitkahihainen-paita-harmaa\\\/#primaryimage\"},\"thumbnailUrl\":\"https:\\\/\\\/www.riistasaatio.fi\\\/wp-content\\\/uploads\\\/untitled-26.png\",\"datePublished\":\"2024-06-03T13:34:09+00:00\",\"dateModified\":\"2025-09-25T12:51:24+00:00\",\"breadcrumb\":{\"@id\":\"https:\\\/\\\/www.riistasaatio.fi\\\/en\\\/tuote\\\/pitkahihainen-paita-harmaa\\\/#breadcrumb\"},\"inLanguage\":\"en-US\",\"potentialAction\":[{\"@type\":\"ReadAction\",\"target\":[\"https:\\\/\\\/www.riistasaatio.fi\\\/en\\\/tuote\\\/pitkahihainen-paita-harmaa\\\/\"]}]},{\"@type\":\"ImageObject\",\"inLanguage\":\"en-US\",\"@id\":\"https:\\\/\\\/www.riistasaatio.fi\\\/en\\\/tuote\\\/pitkahihainen-paita-harmaa\\\/#primaryimage\",\"url\":\"https:\\\/\\\/www.riistasaatio.fi\\\/wp-content\\\/uploads\\\/untitled-26.png\",\"contentUrl\":\"https:\\\/\\\/www.riistasaatio.fi\\\/wp-content\\\/uploads\\\/untitled-26.png\",\"width\":1211,\"height\":1664,\"caption\":\"Pitk\u00e4hihainen T-paita, harmaa. Takapuoli.\"},{\"@type\":\"BreadcrumbList\",\"@id\":\"https:\\\/\\\/www.riistasaatio.fi\\\/en\\\/tuote\\\/pitkahihainen-paita-harmaa\\\/#breadcrumb\",\"itemListElement\":[{\"@type\":\"ListItem\",\"position\":1,\"name\":\"Etusivu\",\"item\":\"https:\\\/\\\/www.riistasaatio.fi\\\/en\\\/\"},{\"@type\":\"ListItem\",\"position\":2,\"name\":\"Kauppa\",\"item\":\"https:\\\/\\\/www.riistasaatio.fi\\\/kauppa\\\/\"},{\"@type\":\"ListItem\",\"position\":3,\"name\":\"Pitk\u00e4hihainen paita\"}]},{\"@type\":\"WebSite\",\"@id\":\"https:\\\/\\\/www.riistasaatio.fi\\\/en\\\/#website\",\"url\":\"https:\\\/\\\/www.riistasaatio.fi\\\/en\\\/\",\"name\":\"Suomen Riistanhoito-S\u00e4\u00e4ti\u00f6\",\"description\":\"\",\"publisher\":{\"@id\":\"https:\\\/\\\/www.riistasaatio.fi\\\/en\\\/#organization\"},\"potentialAction\":[{\"@type\":\"SearchAction\",\"target\":{\"@type\":\"EntryPoint\",\"urlTemplate\":\"https:\\\/\\\/www.riistasaatio.fi\\\/en\\\/?s={search_term_string}\"},\"query-input\":{\"@type\":\"PropertyValueSpecification\",\"valueRequired\":true,\"valueName\":\"search_term_string\"}}],\"inLanguage\":\"en-US\"},{\"@type\":\"Organization\",\"@id\":\"https:\\\/\\\/www.riistasaatio.fi\\\/en\\\/#organization\",\"name\":\"Suomen Riistanhoito-S\u00e4\u00e4ti\u00f6\",\"url\":\"https:\\\/\\\/www.riistasaatio.fi\\\/en\\\/\",\"logo\":{\"@type\":\"ImageObject\",\"inLanguage\":\"en-US\",\"@id\":\"https:\\\/\\\/www.riistasaatio.fi\\\/en\\\/#\\\/schema\\\/logo\\\/image\\\/\",\"url\":\"https:\\\/\\\/www.riistasaatio.fi\\\/wp-content\\\/uploads\\\/suomen-riistanhoito-saatio-og.png\",\"contentUrl\":\"https:\\\/\\\/www.riistasaatio.fi\\\/wp-content\\\/uploads\\\/suomen-riistanhoito-saatio-og.png\",\"width\":1200,\"height\":630,\"caption\":\"Suomen Riistanhoito-S\u00e4\u00e4ti\u00f6\"},\"image\":{\"@id\":\"https:\\\/\\\/www.riistasaatio.fi\\\/en\\\/#\\\/schema\\\/logo\\\/image\\\/\"}}]}<\/script>\n<!-- \/ Yoast SEO plugin. -->","yoast_head_json":{"title":"Pitk\u00e4hihainen paita &#183; Suomen Riistanhoito-S\u00e4\u00e4ti\u00f6","robots":{"index":"index","follow":"follow","max-snippet":"max-snippet:-1","max-image-preview":"max-image-preview:large","max-video-preview":"max-video-preview:-1"},"canonical":"https:\/\/www.riistasaatio.fi\/en\/tuote\/pitkahihainen-paita-harmaa\/","og_locale":"en_US","og_type":"article","og_title":"Pitk\u00e4hihainen paita &#183; Suomen Riistanhoito-S\u00e4\u00e4ti\u00f6","og_description":"The Wetter the Better - Pitk\u00e4hihainen paita, harmaa.  Katso kokotaulukko t\u00e4st\u00e4.","og_url":"https:\/\/www.riistasaatio.fi\/en\/tuote\/pitkahihainen-paita-harmaa\/","og_site_name":"Suomen Riistanhoito-S\u00e4\u00e4ti\u00f6","article_modified_time":"2025-09-25T12:51:24+00:00","og_image":[{"width":728,"height":1000,"url":"https:\/\/www.riistasaatio.fi\/wp-content\/uploads\/untitled-26-728x1000.png","type":"image\/png"}],"twitter_card":"summary_large_image","twitter_misc":{"Est. reading time":"1 minute"},"schema":{"@context":"https:\/\/schema.org","@graph":[{"@type":"WebPage","@id":"https:\/\/www.riistasaatio.fi\/en\/tuote\/pitkahihainen-paita-harmaa\/","url":"https:\/\/www.riistasaatio.fi\/en\/tuote\/pitkahihainen-paita-harmaa\/","name":"Pitk\u00e4hihainen paita &#183; Suomen Riistanhoito-S\u00e4\u00e4ti\u00f6","isPartOf":{"@id":"https:\/\/www.riistasaatio.fi\/en\/#website"},"primaryImageOfPage":{"@id":"https:\/\/www.riistasaatio.fi\/en\/tuote\/pitkahihainen-paita-harmaa\/#primaryimage"},"image":{"@id":"https:\/\/www.riistasaatio.fi\/en\/tuote\/pitkahihainen-paita-harmaa\/#primaryimage"},"thumbnailUrl":"https:\/\/www.riistasaatio.fi\/wp-content\/uploads\/untitled-26.png","datePublished":"2024-06-03T13:34:09+00:00","dateModified":"2025-09-25T12:51:24+00:00","breadcrumb":{"@id":"https:\/\/www.riistasaatio.fi\/en\/tuote\/pitkahihainen-paita-harmaa\/#breadcrumb"},"inLanguage":"en-US","potentialAction":[{"@type":"ReadAction","target":["https:\/\/www.riistasaatio.fi\/en\/tuote\/pitkahihainen-paita-harmaa\/"]}]},{"@type":"ImageObject","inLanguage":"en-US","@id":"https:\/\/www.riistasaatio.fi\/en\/tuote\/pitkahihainen-paita-harmaa\/#primaryimage","url":"https:\/\/www.riistasaatio.fi\/wp-content\/uploads\/untitled-26.png","contentUrl":"https:\/\/www.riistasaatio.fi\/wp-content\/uploads\/untitled-26.png","width":1211,"height":1664,"caption":"Pitk\u00e4hihainen T-paita, harmaa. Takapuoli."},{"@type":"BreadcrumbList","@id":"https:\/\/www.riistasaatio.fi\/en\/tuote\/pitkahihainen-paita-harmaa\/#breadcrumb","itemListElement":[{"@type":"ListItem","position":1,"name":"Etusivu","item":"https:\/\/www.riistasaatio.fi\/en\/"},{"@type":"ListItem","position":2,"name":"Kauppa","item":"https:\/\/www.riistasaatio.fi\/kauppa\/"},{"@type":"ListItem","position":3,"name":"Pitk\u00e4hihainen paita"}]},{"@type":"WebSite","@id":"https:\/\/www.riistasaatio.fi\/en\/#website","url":"https:\/\/www.riistasaatio.fi\/en\/","name":"Suomen Riistanhoito-S\u00e4\u00e4ti\u00f6","description":"","publisher":{"@id":"https:\/\/www.riistasaatio.fi\/en\/#organization"},"potentialAction":[{"@type":"SearchAction","target":{"@type":"EntryPoint","urlTemplate":"https:\/\/www.riistasaatio.fi\/en\/?s={search_term_string}"},"query-input":{"@type":"PropertyValueSpecification","valueRequired":true,"valueName":"search_term_string"}}],"inLanguage":"en-US"},{"@type":"Organization","@id":"https:\/\/www.riistasaatio.fi\/en\/#organization","name":"Suomen Riistanhoito-S\u00e4\u00e4ti\u00f6","url":"https:\/\/www.riistasaatio.fi\/en\/","logo":{"@type":"ImageObject","inLanguage":"en-US","@id":"https:\/\/www.riistasaatio.fi\/en\/#\/schema\/logo\/image\/","url":"https:\/\/www.riistasaatio.fi\/wp-content\/uploads\/suomen-riistanhoito-saatio-og.png","contentUrl":"https:\/\/www.riistasaatio.fi\/wp-content\/uploads\/suomen-riistanhoito-saatio-og.png","width":1200,"height":630,"caption":"Suomen Riistanhoito-S\u00e4\u00e4ti\u00f6"},"image":{"@id":"https:\/\/www.riistasaatio.fi\/en\/#\/schema\/logo\/image\/"}}]}},"taxonomy_info":{"product_cat":[{"value":75,"label":"Suosittu"},{"value":76,"label":"Vaatteet"}]},"featured_image_src_large":["https:\/\/www.riistasaatio.fi\/wp-content\/uploads\/untitled-26-728x1000.png",728,1000,true],"author_info":[],"comment_info":"","_links":{"self":[{"href":"https:\/\/www.riistasaatio.fi\/en\/wp-json\/wp\/v2\/product\/2864","targetHints":{"allow":["GET"]}}],"collection":[{"href":"https:\/\/www.riistasaatio.fi\/en\/wp-json\/wp\/v2\/product"}],"about":[{"href":"https:\/\/www.riistasaatio.fi\/en\/wp-json\/wp\/v2\/types\/product"}],"wp:featuredmedia":[{"embeddable":true,"href":"https:\/\/www.riistasaatio.fi\/en\/wp-json\/wp\/v2\/media\/2812"}],"wp:attachment":[{"href":"https:\/\/www.riistasaatio.fi\/en\/wp-json\/wp\/v2\/media?parent=2864"}],"wp:term":[{"taxonomy":"product_brand","embeddable":true,"href":"https:\/\/www.riistasaatio.fi\/en\/wp-json\/wp\/v2\/product_brand?post=2864"},{"taxonomy":"product_cat","embeddable":true,"href":"https:\/\/www.riistasaatio.fi\/en\/wp-json\/wp\/v2\/product_cat?post=2864"},{"taxonomy":"product_tag","embeddable":true,"href":"https:\/\/www.riistasaatio.fi\/en\/wp-json\/wp\/v2\/product_tag?post=2864"}],"curies":[{"name":"wp","href":"https:\/\/api.w.org\/{rel}","templated":true}]}}