{"id":2741,"date":"2024-05-06T11:40:19","date_gmt":"2024-05-06T08:40:19","guid":{"rendered":"https:\/\/www.riistasaatio.fi\/?post_type=product&#038;p=2741"},"modified":"2025-02-14T10:42:53","modified_gmt":"2025-02-14T08:42:53","slug":"suomen-riista-69","status":"publish","type":"product","link":"https:\/\/www.riistasaatio.fi\/en\/product\/suomen-riista-69\/","title":{"rendered":"Suomen Riista 69"},"content":{"rendered":"\r\n<p><strong>Nummi Petri<em>:<\/em><\/strong><\/p>\r\n\r\n\r\n\r\n<p><a href=\"https:\/\/www.riistasaatio.fi\/wp-content\/uploads\/sr69-nummi-web.pdf\">Tulvivat kosteikot luonnonhoidossa<\/a><\/p>\r\n\r\n\r\n\r\n<p><strong><em>Sundell Janne, Dixneuf Charly &amp; Nummi Petri:<\/em><\/strong><\/p>\r\n\r\n\r\n\r\n<p><a href=\"https:\/\/www.riistasaatio.fi\/wp-content\/uploads\/sr69-sundell-ym-web.pdf\">Kausikosteikot lintujen ja nis\u00e4kk\u00e4iden elinymp\u00e4rist\u00f6in\u00e4<\/a><\/p>\r\n\r\n\r\n\r\n<p><strong>P\u00f6ys\u00e4 Hannu:<\/strong><\/p>\r\n\r\n\r\n\r\n<p><a href=\"https:\/\/www.riistasaatio.fi\/wp-content\/uploads\/sr69-poysa-web.pdf\">Ilmastonmuutos ja vesilinnut \u2013 vaikutuksia yksil\u00f6tasolta lajien v\u00e4lisiin suhteisiin<\/a><\/p>\r\n\r\n\r\n\r\n<p><strong><em>Muhonen Sara, Pellikka Jani<\/em><\/strong>:<\/p>\r\n\r\n\r\n\r\n<p><a href=\"https:\/\/www.riistasaatio.fi\/wp-content\/uploads\/sr69-muhonen-ym-web.pdf\">Suteen liittyv\u00e4 vuorovaikutus ja sen kehitt\u00e4minen<\/a><\/p>\r\n\r\n\r\n\r\n<p><strong><em>Holopainen Sari, Kr\u00fcger Heidi, Vehkaoja Mia, P\u00f6ys\u00e4 Hannu, Kotanen Janne, Miettinen Elmo, Nurmi Aleksi, Rauhala Mikko, Rautiainen Antti, Ruuska Timo, Uusihakala Linda &amp; V\u00e4\u00e4n\u00e4nen Veli-Matti: <\/em><\/strong><\/p>\r\n\r\n\r\n\r\n<p><a href=\"https:\/\/www.riistasaatio.fi\/wp-content\/uploads\/sr69-holopainen-ym-web.pdf\">Maassa pesivien lintujen pesien ry\u00f6st\u00e4j\u00e4t erilaisissa ymp\u00e4rist\u00f6iss\u00e4 \u2013vieraspetojen rooli ja yhteys lintukantojen taantumiseen<\/a><\/p>\r\n\r\n\r\n\r\n<p>\u200b<strong><em>Solantie Reijo: <\/em><\/strong><\/p>\r\n\r\n\r\n\r\n<p><a href=\"https:\/\/www.riistasaatio.fi\/wp-content\/uploads\/sr69-solantie-web.pdf\">Uudenmaan keskiaikaisesta er\u00e4taloudesta kertova soiden, j\u00e4rvien ja jokien saamelaisnimist\u00f6<\/a><\/p>\r\n\r\n<p>&nbsp;<\/p>","protected":false},"excerpt":{"rendered":"<p>Nummi Petri: Tulvivat kosteikot luonnonhoidossa Sundell Janne, Dixneuf Charly &amp; Nummi Petri: Kausikosteikot lintujen ja nis\u00e4kk\u00e4iden elinymp\u00e4rist\u00f6in\u00e4 P\u00f6ys\u00e4 Hannu: Ilmastonmuutos ja vesilinnut \u2013 vaikutuksia yksil\u00f6tasolta lajien v\u00e4lisiin suhteisiin Muhonen Sara, Pellikka Jani: Suteen liittyv\u00e4 vuorovaikutus ja sen kehitt\u00e4minen Holopainen Sari, Kr\u00fcger Heidi, Vehkaoja Mia, P\u00f6ys\u00e4 Hannu, Kotanen Janne, Miettinen Elmo, Nurmi Aleksi, Rauhala Mikko, Rautiainen&#8230;<\/p>\n","protected":false},"featured_media":2687,"template":"","meta":{"_acf_changed":false,"content-type":"","_kad_blocks_custom_css":"","_kad_blocks_head_custom_js":"","_kad_blocks_body_custom_js":"","_kad_blocks_footer_custom_js":"","_kad_post_transparent":"","_kad_post_title":"","_kad_post_layout":"","_kad_post_sidebar_id":"","_kad_post_content_style":"","_kad_post_vertical_padding":"","_kad_post_feature":"","_kad_post_feature_position":"","_kad_post_header":false,"_kad_post_footer":false,"_kad_post_classname":""},"product_brand":[],"product_cat":[54],"product_tag":[],"class_list":{"0":"post-2741","1":"product","2":"type-product","3":"status-publish","4":"has-post-thumbnail","6":"product_cat-suomen-riista","8":"first","9":"instock","10":"shipping-taxable","11":"purchasable","12":"product-type-simple","13":"entry","14":"content-bg","15":"loop-entry"},"acf":[],"yoast_head":"<!-- This site is optimized with the Yoast SEO plugin v27.6 - https:\/\/yoast.com\/product\/yoast-seo-wordpress\/ -->\n<title>Suomen Riista 69 &#183; Suomen Riistanhoito-S\u00e4\u00e4ti\u00f6<\/title>\n<meta name=\"robots\" content=\"index, follow, max-snippet:-1, max-image-preview:large, max-video-preview:-1\" \/>\n<link rel=\"canonical\" href=\"https:\/\/www.riistasaatio.fi\/en\/product\/suomen-riista-69\/\" \/>\n<meta property=\"og:locale\" content=\"en_US\" \/>\n<meta property=\"og:type\" content=\"article\" \/>\n<meta property=\"og:title\" content=\"Suomen Riista 69 &#183; Suomen Riistanhoito-S\u00e4\u00e4ti\u00f6\" \/>\n<meta property=\"og:description\" content=\"Nummi Petri: Tulvivat kosteikot luonnonhoidossa Sundell Janne, Dixneuf Charly &amp; Nummi Petri: Kausikosteikot lintujen ja nis\u00e4kk\u00e4iden elinymp\u00e4rist\u00f6in\u00e4 P\u00f6ys\u00e4 Hannu: Ilmastonmuutos ja vesilinnut \u2013 vaikutuksia yksil\u00f6tasolta lajien v\u00e4lisiin suhteisiin Muhonen Sara, Pellikka Jani: Suteen liittyv\u00e4 vuorovaikutus ja sen kehitt\u00e4minen Holopainen Sari, Kr\u00fcger Heidi, Vehkaoja Mia, P\u00f6ys\u00e4 Hannu, Kotanen Janne, Miettinen Elmo, Nurmi Aleksi, Rauhala Mikko, Rautiainen...\" \/>\n<meta property=\"og:url\" content=\"https:\/\/www.riistasaatio.fi\/en\/product\/suomen-riista-69\/\" \/>\n<meta property=\"og:site_name\" content=\"Suomen Riistanhoito-S\u00e4\u00e4ti\u00f6\" \/>\n<meta property=\"article:modified_time\" content=\"2025-02-14T08:42:53+00:00\" \/>\n<meta property=\"og:image\" content=\"https:\/\/www.riistasaatio.fi\/wp-content\/uploads\/whatsapp-image-2024-01-25-at-11-03-461.jpeg\" \/>\n\t<meta property=\"og:image:width\" content=\"1128\" \/>\n\t<meta property=\"og:image:height\" content=\"1600\" \/>\n\t<meta property=\"og:image:type\" content=\"image\/jpeg\" \/>\n<meta name=\"twitter:card\" content=\"summary_large_image\" \/>\n<meta name=\"twitter:label1\" content=\"Est. reading time\" \/>\n\t<meta name=\"twitter:data1\" content=\"1 minute\" \/>\n<script type=\"application\/ld+json\" class=\"yoast-schema-graph\">{\"@context\":\"https:\\\/\\\/schema.org\",\"@graph\":[{\"@type\":\"WebPage\",\"@id\":\"https:\\\/\\\/www.riistasaatio.fi\\\/en\\\/product\\\/suomen-riista-69\\\/\",\"url\":\"https:\\\/\\\/www.riistasaatio.fi\\\/en\\\/product\\\/suomen-riista-69\\\/\",\"name\":\"Suomen Riista 69 &#183; Suomen Riistanhoito-S\u00e4\u00e4ti\u00f6\",\"isPartOf\":{\"@id\":\"https:\\\/\\\/www.riistasaatio.fi\\\/en\\\/#website\"},\"primaryImageOfPage\":{\"@id\":\"https:\\\/\\\/www.riistasaatio.fi\\\/en\\\/product\\\/suomen-riista-69\\\/#primaryimage\"},\"image\":{\"@id\":\"https:\\\/\\\/www.riistasaatio.fi\\\/en\\\/product\\\/suomen-riista-69\\\/#primaryimage\"},\"thumbnailUrl\":\"https:\\\/\\\/www.riistasaatio.fi\\\/wp-content\\\/uploads\\\/whatsapp-image-2024-01-25-at-11-03-461.jpeg\",\"datePublished\":\"2024-05-06T08:40:19+00:00\",\"dateModified\":\"2025-02-14T08:42:53+00:00\",\"breadcrumb\":{\"@id\":\"https:\\\/\\\/www.riistasaatio.fi\\\/en\\\/product\\\/suomen-riista-69\\\/#breadcrumb\"},\"inLanguage\":\"en-US\",\"potentialAction\":[{\"@type\":\"ReadAction\",\"target\":[\"https:\\\/\\\/www.riistasaatio.fi\\\/en\\\/product\\\/suomen-riista-69\\\/\"]}]},{\"@type\":\"ImageObject\",\"inLanguage\":\"en-US\",\"@id\":\"https:\\\/\\\/www.riistasaatio.fi\\\/en\\\/product\\\/suomen-riista-69\\\/#primaryimage\",\"url\":\"https:\\\/\\\/www.riistasaatio.fi\\\/wp-content\\\/uploads\\\/whatsapp-image-2024-01-25-at-11-03-461.jpeg\",\"contentUrl\":\"https:\\\/\\\/www.riistasaatio.fi\\\/wp-content\\\/uploads\\\/whatsapp-image-2024-01-25-at-11-03-461.jpeg\",\"width\":1128,\"height\":1600},{\"@type\":\"BreadcrumbList\",\"@id\":\"https:\\\/\\\/www.riistasaatio.fi\\\/en\\\/product\\\/suomen-riista-69\\\/#breadcrumb\",\"itemListElement\":[{\"@type\":\"ListItem\",\"position\":1,\"name\":\"Etusivu\",\"item\":\"https:\\\/\\\/www.riistasaatio.fi\\\/en\\\/\"},{\"@type\":\"ListItem\",\"position\":2,\"name\":\"Shop\",\"item\":\"https:\\\/\\\/www.riistasaatio.fi\\\/en\\\/shop\\\/\"},{\"@type\":\"ListItem\",\"position\":3,\"name\":\"Suomen Riista 69\"}]},{\"@type\":\"WebSite\",\"@id\":\"https:\\\/\\\/www.riistasaatio.fi\\\/en\\\/#website\",\"url\":\"https:\\\/\\\/www.riistasaatio.fi\\\/en\\\/\",\"name\":\"Suomen Riistanhoito-S\u00e4\u00e4ti\u00f6\",\"description\":\"\",\"publisher\":{\"@id\":\"https:\\\/\\\/www.riistasaatio.fi\\\/en\\\/#organization\"},\"potentialAction\":[{\"@type\":\"SearchAction\",\"target\":{\"@type\":\"EntryPoint\",\"urlTemplate\":\"https:\\\/\\\/www.riistasaatio.fi\\\/en\\\/?s={search_term_string}\"},\"query-input\":{\"@type\":\"PropertyValueSpecification\",\"valueRequired\":true,\"valueName\":\"search_term_string\"}}],\"inLanguage\":\"en-US\"},{\"@type\":\"Organization\",\"@id\":\"https:\\\/\\\/www.riistasaatio.fi\\\/en\\\/#organization\",\"name\":\"Suomen Riistanhoito-S\u00e4\u00e4ti\u00f6\",\"url\":\"https:\\\/\\\/www.riistasaatio.fi\\\/en\\\/\",\"logo\":{\"@type\":\"ImageObject\",\"inLanguage\":\"en-US\",\"@id\":\"https:\\\/\\\/www.riistasaatio.fi\\\/en\\\/#\\\/schema\\\/logo\\\/image\\\/\",\"url\":\"https:\\\/\\\/www.riistasaatio.fi\\\/wp-content\\\/uploads\\\/suomen-riistanhoito-saatio-og.png\",\"contentUrl\":\"https:\\\/\\\/www.riistasaatio.fi\\\/wp-content\\\/uploads\\\/suomen-riistanhoito-saatio-og.png\",\"width\":1200,\"height\":630,\"caption\":\"Suomen Riistanhoito-S\u00e4\u00e4ti\u00f6\"},\"image\":{\"@id\":\"https:\\\/\\\/www.riistasaatio.fi\\\/en\\\/#\\\/schema\\\/logo\\\/image\\\/\"}}]}<\/script>\n<!-- \/ Yoast SEO plugin. -->","yoast_head_json":{"title":"Suomen Riista 69 &#183; Suomen Riistanhoito-S\u00e4\u00e4ti\u00f6","robots":{"index":"index","follow":"follow","max-snippet":"max-snippet:-1","max-image-preview":"max-image-preview:large","max-video-preview":"max-video-preview:-1"},"canonical":"https:\/\/www.riistasaatio.fi\/en\/product\/suomen-riista-69\/","og_locale":"en_US","og_type":"article","og_title":"Suomen Riista 69 &#183; Suomen Riistanhoito-S\u00e4\u00e4ti\u00f6","og_description":"Nummi Petri: Tulvivat kosteikot luonnonhoidossa Sundell Janne, Dixneuf Charly &amp; Nummi Petri: Kausikosteikot lintujen ja nis\u00e4kk\u00e4iden elinymp\u00e4rist\u00f6in\u00e4 P\u00f6ys\u00e4 Hannu: Ilmastonmuutos ja vesilinnut \u2013 vaikutuksia yksil\u00f6tasolta lajien v\u00e4lisiin suhteisiin Muhonen Sara, Pellikka Jani: Suteen liittyv\u00e4 vuorovaikutus ja sen kehitt\u00e4minen Holopainen Sari, Kr\u00fcger Heidi, Vehkaoja Mia, P\u00f6ys\u00e4 Hannu, Kotanen Janne, Miettinen Elmo, Nurmi Aleksi, Rauhala Mikko, Rautiainen...","og_url":"https:\/\/www.riistasaatio.fi\/en\/product\/suomen-riista-69\/","og_site_name":"Suomen Riistanhoito-S\u00e4\u00e4ti\u00f6","article_modified_time":"2025-02-14T08:42:53+00:00","og_image":[{"width":1128,"height":1600,"url":"https:\/\/www.riistasaatio.fi\/wp-content\/uploads\/whatsapp-image-2024-01-25-at-11-03-461.jpeg","type":"image\/jpeg"}],"twitter_card":"summary_large_image","twitter_misc":{"Est. reading time":"1 minute"},"schema":{"@context":"https:\/\/schema.org","@graph":[{"@type":"WebPage","@id":"https:\/\/www.riistasaatio.fi\/en\/product\/suomen-riista-69\/","url":"https:\/\/www.riistasaatio.fi\/en\/product\/suomen-riista-69\/","name":"Suomen Riista 69 &#183; Suomen Riistanhoito-S\u00e4\u00e4ti\u00f6","isPartOf":{"@id":"https:\/\/www.riistasaatio.fi\/en\/#website"},"primaryImageOfPage":{"@id":"https:\/\/www.riistasaatio.fi\/en\/product\/suomen-riista-69\/#primaryimage"},"image":{"@id":"https:\/\/www.riistasaatio.fi\/en\/product\/suomen-riista-69\/#primaryimage"},"thumbnailUrl":"https:\/\/www.riistasaatio.fi\/wp-content\/uploads\/whatsapp-image-2024-01-25-at-11-03-461.jpeg","datePublished":"2024-05-06T08:40:19+00:00","dateModified":"2025-02-14T08:42:53+00:00","breadcrumb":{"@id":"https:\/\/www.riistasaatio.fi\/en\/product\/suomen-riista-69\/#breadcrumb"},"inLanguage":"en-US","potentialAction":[{"@type":"ReadAction","target":["https:\/\/www.riistasaatio.fi\/en\/product\/suomen-riista-69\/"]}]},{"@type":"ImageObject","inLanguage":"en-US","@id":"https:\/\/www.riistasaatio.fi\/en\/product\/suomen-riista-69\/#primaryimage","url":"https:\/\/www.riistasaatio.fi\/wp-content\/uploads\/whatsapp-image-2024-01-25-at-11-03-461.jpeg","contentUrl":"https:\/\/www.riistasaatio.fi\/wp-content\/uploads\/whatsapp-image-2024-01-25-at-11-03-461.jpeg","width":1128,"height":1600},{"@type":"BreadcrumbList","@id":"https:\/\/www.riistasaatio.fi\/en\/product\/suomen-riista-69\/#breadcrumb","itemListElement":[{"@type":"ListItem","position":1,"name":"Etusivu","item":"https:\/\/www.riistasaatio.fi\/en\/"},{"@type":"ListItem","position":2,"name":"Shop","item":"https:\/\/www.riistasaatio.fi\/en\/shop\/"},{"@type":"ListItem","position":3,"name":"Suomen Riista 69"}]},{"@type":"WebSite","@id":"https:\/\/www.riistasaatio.fi\/en\/#website","url":"https:\/\/www.riistasaatio.fi\/en\/","name":"Suomen Riistanhoito-S\u00e4\u00e4ti\u00f6","description":"","publisher":{"@id":"https:\/\/www.riistasaatio.fi\/en\/#organization"},"potentialAction":[{"@type":"SearchAction","target":{"@type":"EntryPoint","urlTemplate":"https:\/\/www.riistasaatio.fi\/en\/?s={search_term_string}"},"query-input":{"@type":"PropertyValueSpecification","valueRequired":true,"valueName":"search_term_string"}}],"inLanguage":"en-US"},{"@type":"Organization","@id":"https:\/\/www.riistasaatio.fi\/en\/#organization","name":"Suomen Riistanhoito-S\u00e4\u00e4ti\u00f6","url":"https:\/\/www.riistasaatio.fi\/en\/","logo":{"@type":"ImageObject","inLanguage":"en-US","@id":"https:\/\/www.riistasaatio.fi\/en\/#\/schema\/logo\/image\/","url":"https:\/\/www.riistasaatio.fi\/wp-content\/uploads\/suomen-riistanhoito-saatio-og.png","contentUrl":"https:\/\/www.riistasaatio.fi\/wp-content\/uploads\/suomen-riistanhoito-saatio-og.png","width":1200,"height":630,"caption":"Suomen Riistanhoito-S\u00e4\u00e4ti\u00f6"},"image":{"@id":"https:\/\/www.riistasaatio.fi\/en\/#\/schema\/logo\/image\/"}}]}},"taxonomy_info":{"product_cat":[{"value":54,"label":"Suomen Riista"}]},"featured_image_src_large":["https:\/\/www.riistasaatio.fi\/wp-content\/uploads\/whatsapp-image-2024-01-25-at-11-03-461-705x1000.jpeg",705,1000,true],"author_info":[],"comment_info":"","_links":{"self":[{"href":"https:\/\/www.riistasaatio.fi\/en\/wp-json\/wp\/v2\/product\/2741","targetHints":{"allow":["GET"]}}],"collection":[{"href":"https:\/\/www.riistasaatio.fi\/en\/wp-json\/wp\/v2\/product"}],"about":[{"href":"https:\/\/www.riistasaatio.fi\/en\/wp-json\/wp\/v2\/types\/product"}],"wp:featuredmedia":[{"embeddable":true,"href":"https:\/\/www.riistasaatio.fi\/en\/wp-json\/wp\/v2\/media\/2687"}],"wp:attachment":[{"href":"https:\/\/www.riistasaatio.fi\/en\/wp-json\/wp\/v2\/media?parent=2741"}],"wp:term":[{"taxonomy":"product_brand","embeddable":true,"href":"https:\/\/www.riistasaatio.fi\/en\/wp-json\/wp\/v2\/product_brand?post=2741"},{"taxonomy":"product_cat","embeddable":true,"href":"https:\/\/www.riistasaatio.fi\/en\/wp-json\/wp\/v2\/product_cat?post=2741"},{"taxonomy":"product_tag","embeddable":true,"href":"https:\/\/www.riistasaatio.fi\/en\/wp-json\/wp\/v2\/product_tag?post=2741"}],"curies":[{"name":"wp","href":"https:\/\/api.w.org\/{rel}","templated":true}]}}