{"id":2740,"date":"2024-05-06T11:35:58","date_gmt":"2024-05-06T08:35:58","guid":{"rendered":"https:\/\/www.riistasaatio.fi\/?post_type=product&#038;p=2740"},"modified":"2024-05-06T11:38:13","modified_gmt":"2024-05-06T08:38:13","slug":"suomen-riista-68","status":"publish","type":"product","link":"https:\/\/www.riistasaatio.fi\/en\/product\/suomen-riista-68\/","title":{"rendered":"Suomen Riista 68"},"content":{"rendered":"\r\n<p><strong>Saarenmaa Antti<em>:<\/em><\/strong> <a href=\"https:\/\/www.riistasaatio.fi\/wp-content\/uploads\/sr-5-6-puheenvuoro.pdf\">PDF<\/a><\/p>\r\n\r\n\r\n\r\n<p>Suomen Riistanhoito-S\u00e4\u00e4ti\u00f6 tukemassa elinymp\u00e4rist\u00f6jen hoitoa<\/p>\r\n\r\n\r\n\r\n<p><strong><em>Nummi Petri, \u010cehovsk\u00e1 Mark\u00e9ta, Kattainen Saara, Putaala Ahti &amp; V\u00e4\u00e4n\u00e4nen Veli-Matti:<\/em><\/strong><\/p>\r\n\r\n\r\n\r\n<p>Rakennetut kosteikot sorsien ja kahlaajien pesim\u00e4ymp\u00e4rist\u00f6n\u00e4 Suomessa<\/p>\r\n\r\n\r\n\r\n<p><strong><em>Pellikka Jani, Hiedanp\u00e4\u00e4 Juha, Lind\u00e9n Andreas &amp; Seimola Tuomas<\/em><\/strong>: <a href=\"https:\/\/www.riistasaatio.fi\/wp-content\/uploads\/pellikka-ym-rakennettujen-kosteikkojen-pitkan-aikavalin-hoitajuus-web.pdf\">PDF<\/a><\/p>\r\n\r\n\r\n\r\n<p>Rakennettujen kosteikkojen pitk\u00e4n aikav\u00e4lin hoitajuus<\/p>\r\n\r\n\r\n\r\n<p><strong><em>Kauhala Kaarina, H\u00e4rk\u00e4l\u00e4 Antti, Paarola Laura &amp; Iso-Touru Terhi: <\/em><\/strong><\/p>\r\n\r\n\r\n\r\n<p>Riistaruokintapaikoilla tungosta \u2013 sorkkael\u00e4imi\u00e4 ja kuokkavieraita<\/p>\r\n\r\n\r\n\r\n<p><strong><em>Pellikka Jani, Partanen Jussi, Svensberg Marko &amp; Pigg Jari: <\/em><\/strong><a href=\"https:\/\/www.riistasaatio.fi\/wp-content\/uploads\/suomen-riista-2022-68-lyijyttomien-ammusten-kaytto-web-arkistokelpoinen.pdf\">PDF<\/a><\/p>\r\n\r\n\r\n\r\n<p>Lyijytt\u00f6mien ammusten k\u00e4ytt\u00f6 sorkkael\u00e4inten mets\u00e4styksess\u00e4<\/p>\r\n\r\n\r\n\r\n<p>\u200b<strong><em>Kauhala Kaarina, Bergenius Mikaela, Korpinen Samuli, Kurkilahti Mika &amp; Lehtiniemi Maiju:<\/em><\/strong><\/p>\r\n\r\n\r\n\r\n<p>Ilmaston muutos vaikuttaa it\u00e4merennorppaan ravintoketjun muutoksen ja leutojen talvien my\u00f6t\u00e4<\/p>\r\n\r\n\r\n\r\n<p>&nbsp;<\/p>\r\n\r\n\r\n\r\n<p>&nbsp;<\/p>\r\n","protected":false},"excerpt":{"rendered":"<p>Saarenmaa Antti: PDF Suomen Riistanhoito-S\u00e4\u00e4ti\u00f6 tukemassa elinymp\u00e4rist\u00f6jen hoitoa Nummi Petri, \u010cehovsk\u00e1 Mark\u00e9ta, Kattainen Saara, Putaala Ahti &amp; V\u00e4\u00e4n\u00e4nen Veli-Matti: Rakennetut kosteikot sorsien ja kahlaajien pesim\u00e4ymp\u00e4rist\u00f6n\u00e4 Suomessa Pellikka Jani, Hiedanp\u00e4\u00e4 Juha, Lind\u00e9n Andreas &amp; Seimola Tuomas: PDF Rakennettujen kosteikkojen pitk\u00e4n aikav\u00e4lin hoitajuus Kauhala Kaarina, H\u00e4rk\u00e4l\u00e4 Antti, Paarola Laura &amp; Iso-Touru Terhi: Riistaruokintapaikoilla tungosta \u2013 sorkkael\u00e4imi\u00e4 ja&#8230;<\/p>\n","protected":false},"featured_media":2681,"template":"","meta":{"_acf_changed":false,"content-type":"","_kad_blocks_custom_css":"","_kad_blocks_head_custom_js":"","_kad_blocks_body_custom_js":"","_kad_blocks_footer_custom_js":"","_kad_post_transparent":"","_kad_post_title":"","_kad_post_layout":"","_kad_post_sidebar_id":"","_kad_post_content_style":"","_kad_post_vertical_padding":"","_kad_post_feature":"","_kad_post_feature_position":"","_kad_post_header":false,"_kad_post_footer":false,"_kad_post_classname":""},"product_brand":[],"product_cat":[54],"product_tag":[],"class_list":{"0":"post-2740","1":"product","2":"type-product","3":"status-publish","4":"has-post-thumbnail","6":"product_cat-suomen-riista","8":"first","9":"instock","10":"shipping-taxable","11":"purchasable","12":"product-type-simple","13":"entry","14":"content-bg","15":"loop-entry"},"acf":[],"yoast_head":"<!-- This site is optimized with the Yoast SEO plugin v27.6 - https:\/\/yoast.com\/product\/yoast-seo-wordpress\/ -->\n<title>Suomen Riista 68 &#183; Suomen Riistanhoito-S\u00e4\u00e4ti\u00f6<\/title>\n<meta name=\"robots\" content=\"index, follow, max-snippet:-1, max-image-preview:large, max-video-preview:-1\" \/>\n<link rel=\"canonical\" href=\"https:\/\/www.riistasaatio.fi\/en\/product\/suomen-riista-68\/\" \/>\n<meta property=\"og:locale\" content=\"en_US\" \/>\n<meta property=\"og:type\" content=\"article\" \/>\n<meta property=\"og:title\" content=\"Suomen Riista 68 &#183; Suomen Riistanhoito-S\u00e4\u00e4ti\u00f6\" \/>\n<meta property=\"og:description\" content=\"Saarenmaa Antti: PDF Suomen Riistanhoito-S\u00e4\u00e4ti\u00f6 tukemassa elinymp\u00e4rist\u00f6jen hoitoa Nummi Petri, \u010cehovsk\u00e1 Mark\u00e9ta, Kattainen Saara, Putaala Ahti &amp; V\u00e4\u00e4n\u00e4nen Veli-Matti: Rakennetut kosteikot sorsien ja kahlaajien pesim\u00e4ymp\u00e4rist\u00f6n\u00e4 Suomessa Pellikka Jani, Hiedanp\u00e4\u00e4 Juha, Lind\u00e9n Andreas &amp; Seimola Tuomas: PDF Rakennettujen kosteikkojen pitk\u00e4n aikav\u00e4lin hoitajuus Kauhala Kaarina, H\u00e4rk\u00e4l\u00e4 Antti, Paarola Laura &amp; Iso-Touru Terhi: Riistaruokintapaikoilla tungosta \u2013 sorkkael\u00e4imi\u00e4 ja...\" \/>\n<meta property=\"og:url\" content=\"https:\/\/www.riistasaatio.fi\/en\/product\/suomen-riista-68\/\" \/>\n<meta property=\"og:site_name\" content=\"Suomen Riistanhoito-S\u00e4\u00e4ti\u00f6\" \/>\n<meta property=\"article:modified_time\" content=\"2024-05-06T08:38:13+00:00\" \/>\n<meta property=\"og:image\" content=\"https:\/\/www.riistasaatio.fi\/wp-content\/uploads\/whatsapp-image-2024-01-25-at-11-03-46.jpeg\" \/>\n\t<meta property=\"og:image:width\" content=\"1131\" \/>\n\t<meta property=\"og:image:height\" content=\"1600\" \/>\n\t<meta property=\"og:image:type\" content=\"image\/jpeg\" \/>\n<meta name=\"twitter:card\" content=\"summary_large_image\" \/>\n<meta name=\"twitter:label1\" content=\"Est. reading time\" \/>\n\t<meta name=\"twitter:data1\" content=\"1 minute\" \/>\n<script type=\"application\/ld+json\" class=\"yoast-schema-graph\">{\"@context\":\"https:\\\/\\\/schema.org\",\"@graph\":[{\"@type\":\"WebPage\",\"@id\":\"https:\\\/\\\/www.riistasaatio.fi\\\/en\\\/product\\\/suomen-riista-68\\\/\",\"url\":\"https:\\\/\\\/www.riistasaatio.fi\\\/en\\\/product\\\/suomen-riista-68\\\/\",\"name\":\"Suomen Riista 68 &#183; Suomen Riistanhoito-S\u00e4\u00e4ti\u00f6\",\"isPartOf\":{\"@id\":\"https:\\\/\\\/www.riistasaatio.fi\\\/en\\\/#website\"},\"primaryImageOfPage\":{\"@id\":\"https:\\\/\\\/www.riistasaatio.fi\\\/en\\\/product\\\/suomen-riista-68\\\/#primaryimage\"},\"image\":{\"@id\":\"https:\\\/\\\/www.riistasaatio.fi\\\/en\\\/product\\\/suomen-riista-68\\\/#primaryimage\"},\"thumbnailUrl\":\"https:\\\/\\\/www.riistasaatio.fi\\\/wp-content\\\/uploads\\\/whatsapp-image-2024-01-25-at-11-03-46.jpeg\",\"datePublished\":\"2024-05-06T08:35:58+00:00\",\"dateModified\":\"2024-05-06T08:38:13+00:00\",\"breadcrumb\":{\"@id\":\"https:\\\/\\\/www.riistasaatio.fi\\\/en\\\/product\\\/suomen-riista-68\\\/#breadcrumb\"},\"inLanguage\":\"en-US\",\"potentialAction\":[{\"@type\":\"ReadAction\",\"target\":[\"https:\\\/\\\/www.riistasaatio.fi\\\/en\\\/product\\\/suomen-riista-68\\\/\"]}]},{\"@type\":\"ImageObject\",\"inLanguage\":\"en-US\",\"@id\":\"https:\\\/\\\/www.riistasaatio.fi\\\/en\\\/product\\\/suomen-riista-68\\\/#primaryimage\",\"url\":\"https:\\\/\\\/www.riistasaatio.fi\\\/wp-content\\\/uploads\\\/whatsapp-image-2024-01-25-at-11-03-46.jpeg\",\"contentUrl\":\"https:\\\/\\\/www.riistasaatio.fi\\\/wp-content\\\/uploads\\\/whatsapp-image-2024-01-25-at-11-03-46.jpeg\",\"width\":1131,\"height\":1600},{\"@type\":\"BreadcrumbList\",\"@id\":\"https:\\\/\\\/www.riistasaatio.fi\\\/en\\\/product\\\/suomen-riista-68\\\/#breadcrumb\",\"itemListElement\":[{\"@type\":\"ListItem\",\"position\":1,\"name\":\"Etusivu\",\"item\":\"https:\\\/\\\/www.riistasaatio.fi\\\/en\\\/\"},{\"@type\":\"ListItem\",\"position\":2,\"name\":\"Shop\",\"item\":\"https:\\\/\\\/www.riistasaatio.fi\\\/en\\\/shop\\\/\"},{\"@type\":\"ListItem\",\"position\":3,\"name\":\"Suomen Riista 68\"}]},{\"@type\":\"WebSite\",\"@id\":\"https:\\\/\\\/www.riistasaatio.fi\\\/en\\\/#website\",\"url\":\"https:\\\/\\\/www.riistasaatio.fi\\\/en\\\/\",\"name\":\"Suomen Riistanhoito-S\u00e4\u00e4ti\u00f6\",\"description\":\"\",\"publisher\":{\"@id\":\"https:\\\/\\\/www.riistasaatio.fi\\\/en\\\/#organization\"},\"potentialAction\":[{\"@type\":\"SearchAction\",\"target\":{\"@type\":\"EntryPoint\",\"urlTemplate\":\"https:\\\/\\\/www.riistasaatio.fi\\\/en\\\/?s={search_term_string}\"},\"query-input\":{\"@type\":\"PropertyValueSpecification\",\"valueRequired\":true,\"valueName\":\"search_term_string\"}}],\"inLanguage\":\"en-US\"},{\"@type\":\"Organization\",\"@id\":\"https:\\\/\\\/www.riistasaatio.fi\\\/en\\\/#organization\",\"name\":\"Suomen Riistanhoito-S\u00e4\u00e4ti\u00f6\",\"url\":\"https:\\\/\\\/www.riistasaatio.fi\\\/en\\\/\",\"logo\":{\"@type\":\"ImageObject\",\"inLanguage\":\"en-US\",\"@id\":\"https:\\\/\\\/www.riistasaatio.fi\\\/en\\\/#\\\/schema\\\/logo\\\/image\\\/\",\"url\":\"https:\\\/\\\/www.riistasaatio.fi\\\/wp-content\\\/uploads\\\/suomen-riistanhoito-saatio-og.png\",\"contentUrl\":\"https:\\\/\\\/www.riistasaatio.fi\\\/wp-content\\\/uploads\\\/suomen-riistanhoito-saatio-og.png\",\"width\":1200,\"height\":630,\"caption\":\"Suomen Riistanhoito-S\u00e4\u00e4ti\u00f6\"},\"image\":{\"@id\":\"https:\\\/\\\/www.riistasaatio.fi\\\/en\\\/#\\\/schema\\\/logo\\\/image\\\/\"}}]}<\/script>\n<!-- \/ Yoast SEO plugin. -->","yoast_head_json":{"title":"Suomen Riista 68 &#183; Suomen Riistanhoito-S\u00e4\u00e4ti\u00f6","robots":{"index":"index","follow":"follow","max-snippet":"max-snippet:-1","max-image-preview":"max-image-preview:large","max-video-preview":"max-video-preview:-1"},"canonical":"https:\/\/www.riistasaatio.fi\/en\/product\/suomen-riista-68\/","og_locale":"en_US","og_type":"article","og_title":"Suomen Riista 68 &#183; Suomen Riistanhoito-S\u00e4\u00e4ti\u00f6","og_description":"Saarenmaa Antti: PDF Suomen Riistanhoito-S\u00e4\u00e4ti\u00f6 tukemassa elinymp\u00e4rist\u00f6jen hoitoa Nummi Petri, \u010cehovsk\u00e1 Mark\u00e9ta, Kattainen Saara, Putaala Ahti &amp; V\u00e4\u00e4n\u00e4nen Veli-Matti: Rakennetut kosteikot sorsien ja kahlaajien pesim\u00e4ymp\u00e4rist\u00f6n\u00e4 Suomessa Pellikka Jani, Hiedanp\u00e4\u00e4 Juha, Lind\u00e9n Andreas &amp; Seimola Tuomas: PDF Rakennettujen kosteikkojen pitk\u00e4n aikav\u00e4lin hoitajuus Kauhala Kaarina, H\u00e4rk\u00e4l\u00e4 Antti, Paarola Laura &amp; Iso-Touru Terhi: Riistaruokintapaikoilla tungosta \u2013 sorkkael\u00e4imi\u00e4 ja...","og_url":"https:\/\/www.riistasaatio.fi\/en\/product\/suomen-riista-68\/","og_site_name":"Suomen Riistanhoito-S\u00e4\u00e4ti\u00f6","article_modified_time":"2024-05-06T08:38:13+00:00","og_image":[{"width":1131,"height":1600,"url":"https:\/\/www.riistasaatio.fi\/wp-content\/uploads\/whatsapp-image-2024-01-25-at-11-03-46.jpeg","type":"image\/jpeg"}],"twitter_card":"summary_large_image","twitter_misc":{"Est. reading time":"1 minute"},"schema":{"@context":"https:\/\/schema.org","@graph":[{"@type":"WebPage","@id":"https:\/\/www.riistasaatio.fi\/en\/product\/suomen-riista-68\/","url":"https:\/\/www.riistasaatio.fi\/en\/product\/suomen-riista-68\/","name":"Suomen Riista 68 &#183; Suomen Riistanhoito-S\u00e4\u00e4ti\u00f6","isPartOf":{"@id":"https:\/\/www.riistasaatio.fi\/en\/#website"},"primaryImageOfPage":{"@id":"https:\/\/www.riistasaatio.fi\/en\/product\/suomen-riista-68\/#primaryimage"},"image":{"@id":"https:\/\/www.riistasaatio.fi\/en\/product\/suomen-riista-68\/#primaryimage"},"thumbnailUrl":"https:\/\/www.riistasaatio.fi\/wp-content\/uploads\/whatsapp-image-2024-01-25-at-11-03-46.jpeg","datePublished":"2024-05-06T08:35:58+00:00","dateModified":"2024-05-06T08:38:13+00:00","breadcrumb":{"@id":"https:\/\/www.riistasaatio.fi\/en\/product\/suomen-riista-68\/#breadcrumb"},"inLanguage":"en-US","potentialAction":[{"@type":"ReadAction","target":["https:\/\/www.riistasaatio.fi\/en\/product\/suomen-riista-68\/"]}]},{"@type":"ImageObject","inLanguage":"en-US","@id":"https:\/\/www.riistasaatio.fi\/en\/product\/suomen-riista-68\/#primaryimage","url":"https:\/\/www.riistasaatio.fi\/wp-content\/uploads\/whatsapp-image-2024-01-25-at-11-03-46.jpeg","contentUrl":"https:\/\/www.riistasaatio.fi\/wp-content\/uploads\/whatsapp-image-2024-01-25-at-11-03-46.jpeg","width":1131,"height":1600},{"@type":"BreadcrumbList","@id":"https:\/\/www.riistasaatio.fi\/en\/product\/suomen-riista-68\/#breadcrumb","itemListElement":[{"@type":"ListItem","position":1,"name":"Etusivu","item":"https:\/\/www.riistasaatio.fi\/en\/"},{"@type":"ListItem","position":2,"name":"Shop","item":"https:\/\/www.riistasaatio.fi\/en\/shop\/"},{"@type":"ListItem","position":3,"name":"Suomen Riista 68"}]},{"@type":"WebSite","@id":"https:\/\/www.riistasaatio.fi\/en\/#website","url":"https:\/\/www.riistasaatio.fi\/en\/","name":"Suomen Riistanhoito-S\u00e4\u00e4ti\u00f6","description":"","publisher":{"@id":"https:\/\/www.riistasaatio.fi\/en\/#organization"},"potentialAction":[{"@type":"SearchAction","target":{"@type":"EntryPoint","urlTemplate":"https:\/\/www.riistasaatio.fi\/en\/?s={search_term_string}"},"query-input":{"@type":"PropertyValueSpecification","valueRequired":true,"valueName":"search_term_string"}}],"inLanguage":"en-US"},{"@type":"Organization","@id":"https:\/\/www.riistasaatio.fi\/en\/#organization","name":"Suomen Riistanhoito-S\u00e4\u00e4ti\u00f6","url":"https:\/\/www.riistasaatio.fi\/en\/","logo":{"@type":"ImageObject","inLanguage":"en-US","@id":"https:\/\/www.riistasaatio.fi\/en\/#\/schema\/logo\/image\/","url":"https:\/\/www.riistasaatio.fi\/wp-content\/uploads\/suomen-riistanhoito-saatio-og.png","contentUrl":"https:\/\/www.riistasaatio.fi\/wp-content\/uploads\/suomen-riistanhoito-saatio-og.png","width":1200,"height":630,"caption":"Suomen Riistanhoito-S\u00e4\u00e4ti\u00f6"},"image":{"@id":"https:\/\/www.riistasaatio.fi\/en\/#\/schema\/logo\/image\/"}}]}},"taxonomy_info":{"product_cat":[{"value":54,"label":"Suomen Riista"}]},"featured_image_src_large":["https:\/\/www.riistasaatio.fi\/wp-content\/uploads\/whatsapp-image-2024-01-25-at-11-03-46-707x1000.jpeg",707,1000,true],"author_info":[],"comment_info":"","_links":{"self":[{"href":"https:\/\/www.riistasaatio.fi\/en\/wp-json\/wp\/v2\/product\/2740","targetHints":{"allow":["GET"]}}],"collection":[{"href":"https:\/\/www.riistasaatio.fi\/en\/wp-json\/wp\/v2\/product"}],"about":[{"href":"https:\/\/www.riistasaatio.fi\/en\/wp-json\/wp\/v2\/types\/product"}],"wp:featuredmedia":[{"embeddable":true,"href":"https:\/\/www.riistasaatio.fi\/en\/wp-json\/wp\/v2\/media\/2681"}],"wp:attachment":[{"href":"https:\/\/www.riistasaatio.fi\/en\/wp-json\/wp\/v2\/media?parent=2740"}],"wp:term":[{"taxonomy":"product_brand","embeddable":true,"href":"https:\/\/www.riistasaatio.fi\/en\/wp-json\/wp\/v2\/product_brand?post=2740"},{"taxonomy":"product_cat","embeddable":true,"href":"https:\/\/www.riistasaatio.fi\/en\/wp-json\/wp\/v2\/product_cat?post=2740"},{"taxonomy":"product_tag","embeddable":true,"href":"https:\/\/www.riistasaatio.fi\/en\/wp-json\/wp\/v2\/product_tag?post=2740"}],"curies":[{"name":"wp","href":"https:\/\/api.w.org\/{rel}","templated":true}]}}