{"id":2524,"date":"2023-11-23T14:25:27","date_gmt":"2023-11-23T12:25:27","guid":{"rendered":"https:\/\/www.riistasaatio.fi\/?post_type=product&#038;p=2524"},"modified":"2023-11-23T14:39:20","modified_gmt":"2023-11-23T12:39:20","slug":"joululahjoitus","status":"publish","type":"product","link":"https:\/\/www.riistasaatio.fi\/en\/tuote\/joululahjoitus\/","title":{"rendered":"Joululahjoitus"},"content":{"rendered":"<p>Joulu on antamisen aikaa, ja erinomaista aikaa panostaa suomalaiseen luontoon. Seuraavan kes\u00e4n kohdekunnostukset alkavat heti talven hellitt\u00e4ess\u00e4!<\/p>\n<p>Lahjoitetut varat ohjataan suoraan lyhent\u00e4m\u00e4tt\u00f6min\u00e4 kosteikko- ja suokohteisiin ymp\u00e4ri Suomea. Varat k\u00e4ytet\u00e4\u00e4n konkreettisiin toimenpiteisiin kuten kaivinkonet\u00f6ihin, vedens\u00e4\u00e4telylaitteisiin ja esimerkiksi monivuotisiin siemenseoksiin jotka tarjoavat ravintoa ja est\u00e4v\u00e4t eroosiota. Keskim\u00e4\u00e4rin 30 eurolla kunnostetaan aarin verran kosteikkoluontoa. Kausikosteikot ja rimpisuot tarjoavat ravintoa ja suojaa suurelle m\u00e4\u00e4r\u00e4lle kahlaajia ja vesilintuja, selk\u00e4rangattomia ja sammakoita.<\/p>\n<p>Tiesitk\u00f6 ett\u00e4 Suomi on Euroopan merkitt\u00e4vin pesim\u00e4alue monelle vesilintu- ja kahlaajalajille? Joidenkin tutkimusten mukaan 70% Euroopan telkist\u00e4 ja haapanoista, 95% jouhisorsista ja miltei 80% liroista pesii Suomessa.<\/p>\n<p><strong>Toimi n\u00e4in:<\/strong><\/p>\n<ol>\n<li>Valitse lahjoitussumma vapaasti 10 eurosta yl\u00f6sp\u00e4in.<\/li>\n<li>Siirry kassalle. Merkitse lis\u00e4tietoihin mik\u00e4li haluat korttiin k\u00e4sinkirjoitettavaksi oman onnittelutekstisi vastaanottajalle.<\/li>\n<li>Merkitse osoitekentt\u00e4\u00e4n osoite johon haluat kortin toimitettavan.<\/li>\n<\/ol>\n<p>Mik\u00e4li haluat, voimme toimittaa joulukortin lahjansaajalle my\u00f6s s\u00e4hk\u00f6postiin!<\/p>\n<p>&nbsp;<\/p>\n","protected":false},"excerpt":{"rendered":"<p><strong>Tee joululahjoitus<\/strong> Suomen riistanhoidon tukemiseksi. Lahjoittamasi varat ohjataan suoraan suomalaisen kosteikkoluonnon kunnostamiseen. Kiitoksena lahjoituksestasi <strong>toimitamme joulukortin haluamallasi kiitoskirjoituksella<\/strong>.<\/p>\n","protected":false},"featured_media":2549,"template":"","meta":{"_acf_changed":false,"content-type":"","_kad_blocks_custom_css":"","_kad_blocks_head_custom_js":"","_kad_blocks_body_custom_js":"","_kad_blocks_footer_custom_js":"","_kad_post_transparent":"","_kad_post_title":"","_kad_post_layout":"","_kad_post_sidebar_id":"","_kad_post_content_style":"","_kad_post_vertical_padding":"","_kad_post_feature":"","_kad_post_feature_position":"","_kad_post_header":false,"_kad_post_footer":false,"_kad_post_classname":""},"product_brand":[],"product_cat":[52],"product_tag":[61],"class_list":{"0":"post-2524","1":"product","2":"type-product","3":"status-publish","4":"has-post-thumbnail","6":"product_cat-lahjoitukset","7":"product_tag-kosteikko","8":"product_shipping_class-kirje","10":"first","11":"instock","12":"sold-individually","13":"shipping-taxable","14":"purchasable","15":"product-type-variable","16":"entry","17":"content-bg","18":"loop-entry","19":"nyp-product"},"acf":[],"yoast_head":"<!-- This site is optimized with the Yoast SEO plugin v27.3 - https:\/\/yoast.com\/product\/yoast-seo-wordpress\/ -->\n<title>Joululahjoitus &#183; Suomen Riistanhoito-S\u00e4\u00e4ti\u00f6<\/title>\n<meta name=\"description\" content=\"Tee joululahjoitus Suomen riistanhoidon tukemiseksi. Lahjoittamasi varat ohjataan suoraan suomalaisen kosteikkoluonnon kunnostamiseen. Kiitoksena lahjoituksestasi toimitamme joulukortin haluamallasi kiitoskirjoituksella.\" \/>\n<meta name=\"robots\" content=\"index, follow, max-snippet:-1, max-image-preview:large, max-video-preview:-1\" \/>\n<link rel=\"canonical\" href=\"https:\/\/www.riistasaatio.fi\/en\/tuote\/joululahjoitus\/\" \/>\n<meta property=\"og:locale\" content=\"en_US\" \/>\n<meta property=\"og:type\" content=\"article\" \/>\n<meta property=\"og:title\" content=\"Joululahjoitus &#183; Suomen Riistanhoito-S\u00e4\u00e4ti\u00f6\" \/>\n<meta property=\"og:description\" content=\"Tee joululahjoitus Suomen riistanhoidon tukemiseksi. Lahjoittamasi varat ohjataan suoraan suomalaisen kosteikkoluonnon kunnostamiseen. Kiitoksena lahjoituksestasi toimitamme joulukortin haluamallasi kiitoskirjoituksella.\" \/>\n<meta property=\"og:url\" content=\"https:\/\/www.riistasaatio.fi\/en\/tuote\/joululahjoitus\/\" \/>\n<meta property=\"og:site_name\" content=\"Suomen Riistanhoito-S\u00e4\u00e4ti\u00f6\" \/>\n<meta property=\"article:modified_time\" content=\"2023-11-23T12:39:20+00:00\" \/>\n<meta property=\"og:image\" content=\"https:\/\/www.riistasaatio.fi\/wp-content\/uploads\/insta-2.png\" \/>\n\t<meta property=\"og:image:width\" content=\"1081\" \/>\n\t<meta property=\"og:image:height\" content=\"1081\" \/>\n\t<meta property=\"og:image:type\" content=\"image\/png\" \/>\n<meta name=\"twitter:card\" content=\"summary_large_image\" \/>\n<meta name=\"twitter:label1\" content=\"Est. reading time\" \/>\n\t<meta name=\"twitter:data1\" content=\"1 minute\" \/>\n<script type=\"application\/ld+json\" class=\"yoast-schema-graph\">{\"@context\":\"https:\\\/\\\/schema.org\",\"@graph\":[{\"@type\":\"WebPage\",\"@id\":\"https:\\\/\\\/www.riistasaatio.fi\\\/en\\\/tuote\\\/joululahjoitus\\\/\",\"url\":\"https:\\\/\\\/www.riistasaatio.fi\\\/en\\\/tuote\\\/joululahjoitus\\\/\",\"name\":\"Joululahjoitus &#183; Suomen Riistanhoito-S\u00e4\u00e4ti\u00f6\",\"isPartOf\":{\"@id\":\"https:\\\/\\\/www.riistasaatio.fi\\\/en\\\/#website\"},\"primaryImageOfPage\":{\"@id\":\"https:\\\/\\\/www.riistasaatio.fi\\\/en\\\/tuote\\\/joululahjoitus\\\/#primaryimage\"},\"image\":{\"@id\":\"https:\\\/\\\/www.riistasaatio.fi\\\/en\\\/tuote\\\/joululahjoitus\\\/#primaryimage\"},\"thumbnailUrl\":\"https:\\\/\\\/www.riistasaatio.fi\\\/wp-content\\\/uploads\\\/insta-2.png\",\"datePublished\":\"2023-11-23T12:25:27+00:00\",\"dateModified\":\"2023-11-23T12:39:20+00:00\",\"description\":\"Tee joululahjoitus Suomen riistanhoidon tukemiseksi. Lahjoittamasi varat ohjataan suoraan suomalaisen kosteikkoluonnon kunnostamiseen. Kiitoksena lahjoituksestasi toimitamme joulukortin haluamallasi kiitoskirjoituksella.\",\"breadcrumb\":{\"@id\":\"https:\\\/\\\/www.riistasaatio.fi\\\/en\\\/tuote\\\/joululahjoitus\\\/#breadcrumb\"},\"inLanguage\":\"en-US\",\"potentialAction\":[{\"@type\":\"ReadAction\",\"target\":[\"https:\\\/\\\/www.riistasaatio.fi\\\/en\\\/tuote\\\/joululahjoitus\\\/\"]}]},{\"@type\":\"ImageObject\",\"inLanguage\":\"en-US\",\"@id\":\"https:\\\/\\\/www.riistasaatio.fi\\\/en\\\/tuote\\\/joululahjoitus\\\/#primaryimage\",\"url\":\"https:\\\/\\\/www.riistasaatio.fi\\\/wp-content\\\/uploads\\\/insta-2.png\",\"contentUrl\":\"https:\\\/\\\/www.riistasaatio.fi\\\/wp-content\\\/uploads\\\/insta-2.png\",\"width\":1081,\"height\":1081},{\"@type\":\"BreadcrumbList\",\"@id\":\"https:\\\/\\\/www.riistasaatio.fi\\\/en\\\/tuote\\\/joululahjoitus\\\/#breadcrumb\",\"itemListElement\":[{\"@type\":\"ListItem\",\"position\":1,\"name\":\"Etusivu\",\"item\":\"https:\\\/\\\/www.riistasaatio.fi\\\/en\\\/\"},{\"@type\":\"ListItem\",\"position\":2,\"name\":\"Kauppa\",\"item\":\"https:\\\/\\\/www.riistasaatio.fi\\\/kauppa\\\/\"},{\"@type\":\"ListItem\",\"position\":3,\"name\":\"Joululahjoitus\"}]},{\"@type\":\"WebSite\",\"@id\":\"https:\\\/\\\/www.riistasaatio.fi\\\/en\\\/#website\",\"url\":\"https:\\\/\\\/www.riistasaatio.fi\\\/en\\\/\",\"name\":\"Suomen Riistanhoito-S\u00e4\u00e4ti\u00f6\",\"description\":\"\",\"publisher\":{\"@id\":\"https:\\\/\\\/www.riistasaatio.fi\\\/en\\\/#organization\"},\"potentialAction\":[{\"@type\":\"SearchAction\",\"target\":{\"@type\":\"EntryPoint\",\"urlTemplate\":\"https:\\\/\\\/www.riistasaatio.fi\\\/en\\\/?s={search_term_string}\"},\"query-input\":{\"@type\":\"PropertyValueSpecification\",\"valueRequired\":true,\"valueName\":\"search_term_string\"}}],\"inLanguage\":\"en-US\"},{\"@type\":\"Organization\",\"@id\":\"https:\\\/\\\/www.riistasaatio.fi\\\/en\\\/#organization\",\"name\":\"Suomen Riistanhoito-S\u00e4\u00e4ti\u00f6\",\"url\":\"https:\\\/\\\/www.riistasaatio.fi\\\/en\\\/\",\"logo\":{\"@type\":\"ImageObject\",\"inLanguage\":\"en-US\",\"@id\":\"https:\\\/\\\/www.riistasaatio.fi\\\/en\\\/#\\\/schema\\\/logo\\\/image\\\/\",\"url\":\"https:\\\/\\\/www.riistasaatio.fi\\\/wp-content\\\/uploads\\\/suomen-riistanhoito-saatio-og.png\",\"contentUrl\":\"https:\\\/\\\/www.riistasaatio.fi\\\/wp-content\\\/uploads\\\/suomen-riistanhoito-saatio-og.png\",\"width\":1200,\"height\":630,\"caption\":\"Suomen Riistanhoito-S\u00e4\u00e4ti\u00f6\"},\"image\":{\"@id\":\"https:\\\/\\\/www.riistasaatio.fi\\\/en\\\/#\\\/schema\\\/logo\\\/image\\\/\"}}]}<\/script>\n<!-- \/ Yoast SEO plugin. -->","yoast_head_json":{"title":"Joululahjoitus &#183; Suomen Riistanhoito-S\u00e4\u00e4ti\u00f6","description":"Tee joululahjoitus Suomen riistanhoidon tukemiseksi. Lahjoittamasi varat ohjataan suoraan suomalaisen kosteikkoluonnon kunnostamiseen. Kiitoksena lahjoituksestasi toimitamme joulukortin haluamallasi kiitoskirjoituksella.","robots":{"index":"index","follow":"follow","max-snippet":"max-snippet:-1","max-image-preview":"max-image-preview:large","max-video-preview":"max-video-preview:-1"},"canonical":"https:\/\/www.riistasaatio.fi\/en\/tuote\/joululahjoitus\/","og_locale":"en_US","og_type":"article","og_title":"Joululahjoitus &#183; Suomen Riistanhoito-S\u00e4\u00e4ti\u00f6","og_description":"Tee joululahjoitus Suomen riistanhoidon tukemiseksi. Lahjoittamasi varat ohjataan suoraan suomalaisen kosteikkoluonnon kunnostamiseen. Kiitoksena lahjoituksestasi toimitamme joulukortin haluamallasi kiitoskirjoituksella.","og_url":"https:\/\/www.riistasaatio.fi\/en\/tuote\/joululahjoitus\/","og_site_name":"Suomen Riistanhoito-S\u00e4\u00e4ti\u00f6","article_modified_time":"2023-11-23T12:39:20+00:00","og_image":[{"width":1081,"height":1081,"url":"https:\/\/www.riistasaatio.fi\/wp-content\/uploads\/insta-2.png","type":"image\/png"}],"twitter_card":"summary_large_image","twitter_misc":{"Est. reading time":"1 minute"},"schema":{"@context":"https:\/\/schema.org","@graph":[{"@type":"WebPage","@id":"https:\/\/www.riistasaatio.fi\/en\/tuote\/joululahjoitus\/","url":"https:\/\/www.riistasaatio.fi\/en\/tuote\/joululahjoitus\/","name":"Joululahjoitus &#183; Suomen Riistanhoito-S\u00e4\u00e4ti\u00f6","isPartOf":{"@id":"https:\/\/www.riistasaatio.fi\/en\/#website"},"primaryImageOfPage":{"@id":"https:\/\/www.riistasaatio.fi\/en\/tuote\/joululahjoitus\/#primaryimage"},"image":{"@id":"https:\/\/www.riistasaatio.fi\/en\/tuote\/joululahjoitus\/#primaryimage"},"thumbnailUrl":"https:\/\/www.riistasaatio.fi\/wp-content\/uploads\/insta-2.png","datePublished":"2023-11-23T12:25:27+00:00","dateModified":"2023-11-23T12:39:20+00:00","description":"Tee joululahjoitus Suomen riistanhoidon tukemiseksi. Lahjoittamasi varat ohjataan suoraan suomalaisen kosteikkoluonnon kunnostamiseen. Kiitoksena lahjoituksestasi toimitamme joulukortin haluamallasi kiitoskirjoituksella.","breadcrumb":{"@id":"https:\/\/www.riistasaatio.fi\/en\/tuote\/joululahjoitus\/#breadcrumb"},"inLanguage":"en-US","potentialAction":[{"@type":"ReadAction","target":["https:\/\/www.riistasaatio.fi\/en\/tuote\/joululahjoitus\/"]}]},{"@type":"ImageObject","inLanguage":"en-US","@id":"https:\/\/www.riistasaatio.fi\/en\/tuote\/joululahjoitus\/#primaryimage","url":"https:\/\/www.riistasaatio.fi\/wp-content\/uploads\/insta-2.png","contentUrl":"https:\/\/www.riistasaatio.fi\/wp-content\/uploads\/insta-2.png","width":1081,"height":1081},{"@type":"BreadcrumbList","@id":"https:\/\/www.riistasaatio.fi\/en\/tuote\/joululahjoitus\/#breadcrumb","itemListElement":[{"@type":"ListItem","position":1,"name":"Etusivu","item":"https:\/\/www.riistasaatio.fi\/en\/"},{"@type":"ListItem","position":2,"name":"Kauppa","item":"https:\/\/www.riistasaatio.fi\/kauppa\/"},{"@type":"ListItem","position":3,"name":"Joululahjoitus"}]},{"@type":"WebSite","@id":"https:\/\/www.riistasaatio.fi\/en\/#website","url":"https:\/\/www.riistasaatio.fi\/en\/","name":"Suomen Riistanhoito-S\u00e4\u00e4ti\u00f6","description":"","publisher":{"@id":"https:\/\/www.riistasaatio.fi\/en\/#organization"},"potentialAction":[{"@type":"SearchAction","target":{"@type":"EntryPoint","urlTemplate":"https:\/\/www.riistasaatio.fi\/en\/?s={search_term_string}"},"query-input":{"@type":"PropertyValueSpecification","valueRequired":true,"valueName":"search_term_string"}}],"inLanguage":"en-US"},{"@type":"Organization","@id":"https:\/\/www.riistasaatio.fi\/en\/#organization","name":"Suomen Riistanhoito-S\u00e4\u00e4ti\u00f6","url":"https:\/\/www.riistasaatio.fi\/en\/","logo":{"@type":"ImageObject","inLanguage":"en-US","@id":"https:\/\/www.riistasaatio.fi\/en\/#\/schema\/logo\/image\/","url":"https:\/\/www.riistasaatio.fi\/wp-content\/uploads\/suomen-riistanhoito-saatio-og.png","contentUrl":"https:\/\/www.riistasaatio.fi\/wp-content\/uploads\/suomen-riistanhoito-saatio-og.png","width":1200,"height":630,"caption":"Suomen Riistanhoito-S\u00e4\u00e4ti\u00f6"},"image":{"@id":"https:\/\/www.riistasaatio.fi\/en\/#\/schema\/logo\/image\/"}}]}},"taxonomy_info":{"product_cat":[{"value":52,"label":"Lahjoitukset"}],"product_tag":[{"value":61,"label":"kosteikko"}]},"featured_image_src_large":["https:\/\/www.riistasaatio.fi\/wp-content\/uploads\/insta-2-1000x1000.png",1000,1000,true],"author_info":[],"comment_info":"","_links":{"self":[{"href":"https:\/\/www.riistasaatio.fi\/en\/wp-json\/wp\/v2\/product\/2524","targetHints":{"allow":["GET"]}}],"collection":[{"href":"https:\/\/www.riistasaatio.fi\/en\/wp-json\/wp\/v2\/product"}],"about":[{"href":"https:\/\/www.riistasaatio.fi\/en\/wp-json\/wp\/v2\/types\/product"}],"wp:featuredmedia":[{"embeddable":true,"href":"https:\/\/www.riistasaatio.fi\/en\/wp-json\/wp\/v2\/media\/2549"}],"wp:attachment":[{"href":"https:\/\/www.riistasaatio.fi\/en\/wp-json\/wp\/v2\/media?parent=2524"}],"wp:term":[{"taxonomy":"product_brand","embeddable":true,"href":"https:\/\/www.riistasaatio.fi\/en\/wp-json\/wp\/v2\/product_brand?post=2524"},{"taxonomy":"product_cat","embeddable":true,"href":"https:\/\/www.riistasaatio.fi\/en\/wp-json\/wp\/v2\/product_cat?post=2524"},{"taxonomy":"product_tag","embeddable":true,"href":"https:\/\/www.riistasaatio.fi\/en\/wp-json\/wp\/v2\/product_tag?post=2524"}],"curies":[{"name":"wp","href":"https:\/\/api.w.org\/{rel}","templated":true}]}}