{"id":1984,"date":"2023-06-29T02:34:05","date_gmt":"2023-06-28T23:34:05","guid":{"rendered":"https:\/\/www.riistasaatio.fi\/?post_type=product&#038;p=1984"},"modified":"2023-06-29T02:34:12","modified_gmt":"2023-06-28T23:34:12","slug":"suomen-riista-67","status":"publish","type":"product","link":"https:\/\/www.riistasaatio.fi\/en\/product\/suomen-riista-67\/","title":{"rendered":"Suomen Riista 67"},"content":{"rendered":"\r\n<p><strong><em>Andreas Lind\u00e9n, Markus Piha &amp; Hannu P\u00f6ys\u00e4:<\/em><\/strong><\/p>\r\n\r\n\r\n\r\n<p>Riistalintujen pitk\u00e4aikainen kannanseuranta on kest\u00e4v\u00e4n riistatalouden kulmakivi<\/p>\r\n\r\n\r\n\r\n<p><strong><em>Sari Holopainen, Johan Elmberg, Hannu P\u00f6ys\u00e4, Petri Nummi, Gunnar Gunnarsson &amp; Kjell Sj\u00f6berg:<\/em><\/strong><\/p>\r\n\r\n\r\n\r\n<p>Haapanan pesim\u00e4ymp\u00e4rist\u00f6 muutoksessa<\/p>\r\n\r\n\r\n\r\n<p><strong><em>Hannu P\u00f6ys\u00e4 &amp; Veli-Matti V\u00e4\u00e4n\u00e4nen:<\/em><\/strong> <strong><a href=\"https:\/\/www.riistasaatio.fi\/wp-content\/uploads\/sr67-hannu-poysa-veli-matti-vaananen-web.pdf\">PDF<\/a><\/strong><\/p>\r\n\r\n\r\n\r\n<p>Nuoret haapanasaaliissa \u2013 saalisosuuden muutokset ja s\u00e4\u00e4tekij\u00f6iden merkitys vuosien v\u00e4lisess\u00e4 vaihtelussa<\/p>\r\n\r\n\r\n\r\n<p><strong><em>Jari-Pekka Tamminen, Petri Nummi, Matti Koivula &amp; Sauli Valkonen: <\/em><\/strong><\/p>\r\n\r\n\r\n\r\n<p>Oravan esiintyminen mets\u00e4rakenteiden, ravintotilanteen ja saalistajien ristipaineissa \u2013 kirjallisuuskatsaus<\/p>\r\n\r\n\r\n\r\n<p><strong><em>Janne Sundell, Wenfei Liao &amp; Petri Nummi:<\/em><\/strong><\/p>\r\n\r\n\r\n\r\n<p>Majavan toiminta hy\u00f6dytt\u00e4\u00e4 muita nis\u00e4kk\u00e4it\u00e4<\/p>\r\n\r\n\r\n\r\n<p>\u200b<strong><em>Arttu Kouhia &amp; Jani Pellikka:<\/em><\/strong> <strong><a href=\"https:\/\/www.riistasaatio.fi\/wp-content\/uploads\/sr67-arttu-kouhia-jani-pellikkaweb.pdf\">PDF<\/a><\/strong><\/p>\r\n\r\n\r\n\r\n<p>Hirvitalous osana mets\u00e4nomistamisen tavoitteita<\/p>\r\n\r\n\r\n\r\n<p><strong><em>Janne Kotanen, Sari Holopainen &amp; Veli-Matti V\u00e4\u00e4n\u00e4nen:<\/em><\/strong> <strong><a href=\"https:\/\/www.riistasaatio.fi\/wp-content\/uploads\/sr67-kotanen-janne-holopainen-sari-vaananen-veli-mattiweb.pdf\">PDF<\/a><\/strong><br \/>\u200bAvohakkuiden vaikutus maassa pesivien lintujen pes\u00e4predaatioon \u2013 koepes\u00e4tutkimus<\/p>\r\n\r\n\r\n\r\n<p>&nbsp;<\/p>\r\n","protected":false},"excerpt":{"rendered":"<p>Andreas Lind\u00e9n, Markus Piha &amp; Hannu P\u00f6ys\u00e4: Riistalintujen pitk\u00e4aikainen kannanseuranta on kest\u00e4v\u00e4n riistatalouden kulmakivi Sari Holopainen, Johan Elmberg, Hannu P\u00f6ys\u00e4, Petri Nummi, Gunnar Gunnarsson &amp; Kjell Sj\u00f6berg: Haapanan pesim\u00e4ymp\u00e4rist\u00f6 muutoksessa Hannu P\u00f6ys\u00e4 &amp; Veli-Matti V\u00e4\u00e4n\u00e4nen: PDF Nuoret haapanasaaliissa \u2013 saalisosuuden muutokset ja s\u00e4\u00e4tekij\u00f6iden merkitys vuosien v\u00e4lisess\u00e4 vaihtelussa Jari-Pekka Tamminen, Petri Nummi, Matti Koivula &amp; Sauli&#8230;<\/p>\n","protected":false},"featured_media":2015,"template":"","meta":{"_acf_changed":false,"content-type":"","_kad_blocks_custom_css":"","_kad_blocks_head_custom_js":"","_kad_blocks_body_custom_js":"","_kad_blocks_footer_custom_js":"","_kad_post_transparent":"","_kad_post_title":"","_kad_post_layout":"","_kad_post_sidebar_id":"","_kad_post_content_style":"","_kad_post_vertical_padding":"","_kad_post_feature":"","_kad_post_feature_position":"","_kad_post_header":false,"_kad_post_footer":false,"_kad_post_classname":""},"product_brand":[],"product_cat":[54],"product_tag":[],"class_list":{"0":"post-1984","1":"product","2":"type-product","3":"status-publish","4":"has-post-thumbnail","6":"product_cat-suomen-riista","8":"first","9":"instock","10":"shipping-taxable","11":"purchasable","12":"product-type-simple","13":"entry","14":"content-bg","15":"loop-entry"},"acf":[],"yoast_head":"<!-- This site is optimized with the Yoast SEO plugin v27.6 - https:\/\/yoast.com\/product\/yoast-seo-wordpress\/ -->\n<title>Suomen Riista 67 &#183; Suomen Riistanhoito-S\u00e4\u00e4ti\u00f6<\/title>\n<meta name=\"robots\" content=\"index, follow, max-snippet:-1, max-image-preview:large, max-video-preview:-1\" \/>\n<link rel=\"canonical\" href=\"https:\/\/www.riistasaatio.fi\/en\/product\/suomen-riista-67\/\" \/>\n<meta property=\"og:locale\" content=\"en_US\" \/>\n<meta property=\"og:type\" content=\"article\" \/>\n<meta property=\"og:title\" content=\"Suomen Riista 67 &#183; Suomen Riistanhoito-S\u00e4\u00e4ti\u00f6\" \/>\n<meta property=\"og:description\" content=\"Andreas Lind\u00e9n, Markus Piha &amp; Hannu P\u00f6ys\u00e4: Riistalintujen pitk\u00e4aikainen kannanseuranta on kest\u00e4v\u00e4n riistatalouden kulmakivi Sari Holopainen, Johan Elmberg, Hannu P\u00f6ys\u00e4, Petri Nummi, Gunnar Gunnarsson &amp; Kjell Sj\u00f6berg: Haapanan pesim\u00e4ymp\u00e4rist\u00f6 muutoksessa Hannu P\u00f6ys\u00e4 &amp; Veli-Matti V\u00e4\u00e4n\u00e4nen: PDF Nuoret haapanasaaliissa \u2013 saalisosuuden muutokset ja s\u00e4\u00e4tekij\u00f6iden merkitys vuosien v\u00e4lisess\u00e4 vaihtelussa Jari-Pekka Tamminen, Petri Nummi, Matti Koivula &amp; Sauli...\" \/>\n<meta property=\"og:url\" content=\"https:\/\/www.riistasaatio.fi\/en\/product\/suomen-riista-67\/\" \/>\n<meta property=\"og:site_name\" content=\"Suomen Riistanhoito-S\u00e4\u00e4ti\u00f6\" \/>\n<meta property=\"article:modified_time\" content=\"2023-06-28T23:34:12+00:00\" \/>\n<meta property=\"og:image\" content=\"https:\/\/www.riistasaatio.fi\/wp-content\/uploads\/sr67-kansi-01-paino-704x1000-1-e1674461241297-1.jpg\" \/>\n\t<meta property=\"og:image:width\" content=\"400\" \/>\n\t<meta property=\"og:image:height\" content=\"568\" \/>\n\t<meta property=\"og:image:type\" content=\"image\/jpeg\" \/>\n<meta name=\"twitter:card\" content=\"summary_large_image\" \/>\n<meta name=\"twitter:label1\" content=\"Est. reading time\" \/>\n\t<meta name=\"twitter:data1\" content=\"1 minute\" \/>\n<script type=\"application\/ld+json\" class=\"yoast-schema-graph\">{\"@context\":\"https:\\\/\\\/schema.org\",\"@graph\":[{\"@type\":\"WebPage\",\"@id\":\"https:\\\/\\\/www.riistasaatio.fi\\\/en\\\/product\\\/suomen-riista-67\\\/\",\"url\":\"https:\\\/\\\/www.riistasaatio.fi\\\/en\\\/product\\\/suomen-riista-67\\\/\",\"name\":\"Suomen Riista 67 &#183; Suomen Riistanhoito-S\u00e4\u00e4ti\u00f6\",\"isPartOf\":{\"@id\":\"https:\\\/\\\/www.riistasaatio.fi\\\/en\\\/#website\"},\"primaryImageOfPage\":{\"@id\":\"https:\\\/\\\/www.riistasaatio.fi\\\/en\\\/product\\\/suomen-riista-67\\\/#primaryimage\"},\"image\":{\"@id\":\"https:\\\/\\\/www.riistasaatio.fi\\\/en\\\/product\\\/suomen-riista-67\\\/#primaryimage\"},\"thumbnailUrl\":\"https:\\\/\\\/www.riistasaatio.fi\\\/wp-content\\\/uploads\\\/sr67-kansi-01-paino-704x1000-1-e1674461241297-1.jpg\",\"datePublished\":\"2023-06-28T23:34:05+00:00\",\"dateModified\":\"2023-06-28T23:34:12+00:00\",\"breadcrumb\":{\"@id\":\"https:\\\/\\\/www.riistasaatio.fi\\\/en\\\/product\\\/suomen-riista-67\\\/#breadcrumb\"},\"inLanguage\":\"en-US\",\"potentialAction\":[{\"@type\":\"ReadAction\",\"target\":[\"https:\\\/\\\/www.riistasaatio.fi\\\/en\\\/product\\\/suomen-riista-67\\\/\"]}]},{\"@type\":\"ImageObject\",\"inLanguage\":\"en-US\",\"@id\":\"https:\\\/\\\/www.riistasaatio.fi\\\/en\\\/product\\\/suomen-riista-67\\\/#primaryimage\",\"url\":\"https:\\\/\\\/www.riistasaatio.fi\\\/wp-content\\\/uploads\\\/sr67-kansi-01-paino-704x1000-1-e1674461241297-1.jpg\",\"contentUrl\":\"https:\\\/\\\/www.riistasaatio.fi\\\/wp-content\\\/uploads\\\/sr67-kansi-01-paino-704x1000-1-e1674461241297-1.jpg\",\"width\":400,\"height\":568},{\"@type\":\"BreadcrumbList\",\"@id\":\"https:\\\/\\\/www.riistasaatio.fi\\\/en\\\/product\\\/suomen-riista-67\\\/#breadcrumb\",\"itemListElement\":[{\"@type\":\"ListItem\",\"position\":1,\"name\":\"Etusivu\",\"item\":\"https:\\\/\\\/www.riistasaatio.fi\\\/en\\\/\"},{\"@type\":\"ListItem\",\"position\":2,\"name\":\"Shop\",\"item\":\"https:\\\/\\\/www.riistasaatio.fi\\\/en\\\/shop\\\/\"},{\"@type\":\"ListItem\",\"position\":3,\"name\":\"Suomen Riista 67\"}]},{\"@type\":\"WebSite\",\"@id\":\"https:\\\/\\\/www.riistasaatio.fi\\\/en\\\/#website\",\"url\":\"https:\\\/\\\/www.riistasaatio.fi\\\/en\\\/\",\"name\":\"Suomen Riistanhoito-S\u00e4\u00e4ti\u00f6\",\"description\":\"\",\"publisher\":{\"@id\":\"https:\\\/\\\/www.riistasaatio.fi\\\/en\\\/#organization\"},\"potentialAction\":[{\"@type\":\"SearchAction\",\"target\":{\"@type\":\"EntryPoint\",\"urlTemplate\":\"https:\\\/\\\/www.riistasaatio.fi\\\/en\\\/?s={search_term_string}\"},\"query-input\":{\"@type\":\"PropertyValueSpecification\",\"valueRequired\":true,\"valueName\":\"search_term_string\"}}],\"inLanguage\":\"en-US\"},{\"@type\":\"Organization\",\"@id\":\"https:\\\/\\\/www.riistasaatio.fi\\\/en\\\/#organization\",\"name\":\"Suomen Riistanhoito-S\u00e4\u00e4ti\u00f6\",\"url\":\"https:\\\/\\\/www.riistasaatio.fi\\\/en\\\/\",\"logo\":{\"@type\":\"ImageObject\",\"inLanguage\":\"en-US\",\"@id\":\"https:\\\/\\\/www.riistasaatio.fi\\\/en\\\/#\\\/schema\\\/logo\\\/image\\\/\",\"url\":\"https:\\\/\\\/www.riistasaatio.fi\\\/wp-content\\\/uploads\\\/suomen-riistanhoito-saatio-og.png\",\"contentUrl\":\"https:\\\/\\\/www.riistasaatio.fi\\\/wp-content\\\/uploads\\\/suomen-riistanhoito-saatio-og.png\",\"width\":1200,\"height\":630,\"caption\":\"Suomen Riistanhoito-S\u00e4\u00e4ti\u00f6\"},\"image\":{\"@id\":\"https:\\\/\\\/www.riistasaatio.fi\\\/en\\\/#\\\/schema\\\/logo\\\/image\\\/\"}}]}<\/script>\n<!-- \/ Yoast SEO plugin. -->","yoast_head_json":{"title":"Suomen Riista 67 &#183; Suomen Riistanhoito-S\u00e4\u00e4ti\u00f6","robots":{"index":"index","follow":"follow","max-snippet":"max-snippet:-1","max-image-preview":"max-image-preview:large","max-video-preview":"max-video-preview:-1"},"canonical":"https:\/\/www.riistasaatio.fi\/en\/product\/suomen-riista-67\/","og_locale":"en_US","og_type":"article","og_title":"Suomen Riista 67 &#183; Suomen Riistanhoito-S\u00e4\u00e4ti\u00f6","og_description":"Andreas Lind\u00e9n, Markus Piha &amp; Hannu P\u00f6ys\u00e4: Riistalintujen pitk\u00e4aikainen kannanseuranta on kest\u00e4v\u00e4n riistatalouden kulmakivi Sari Holopainen, Johan Elmberg, Hannu P\u00f6ys\u00e4, Petri Nummi, Gunnar Gunnarsson &amp; Kjell Sj\u00f6berg: Haapanan pesim\u00e4ymp\u00e4rist\u00f6 muutoksessa Hannu P\u00f6ys\u00e4 &amp; Veli-Matti V\u00e4\u00e4n\u00e4nen: PDF Nuoret haapanasaaliissa \u2013 saalisosuuden muutokset ja s\u00e4\u00e4tekij\u00f6iden merkitys vuosien v\u00e4lisess\u00e4 vaihtelussa Jari-Pekka Tamminen, Petri Nummi, Matti Koivula &amp; Sauli...","og_url":"https:\/\/www.riistasaatio.fi\/en\/product\/suomen-riista-67\/","og_site_name":"Suomen Riistanhoito-S\u00e4\u00e4ti\u00f6","article_modified_time":"2023-06-28T23:34:12+00:00","og_image":[{"width":400,"height":568,"url":"https:\/\/www.riistasaatio.fi\/wp-content\/uploads\/sr67-kansi-01-paino-704x1000-1-e1674461241297-1.jpg","type":"image\/jpeg"}],"twitter_card":"summary_large_image","twitter_misc":{"Est. reading time":"1 minute"},"schema":{"@context":"https:\/\/schema.org","@graph":[{"@type":"WebPage","@id":"https:\/\/www.riistasaatio.fi\/en\/product\/suomen-riista-67\/","url":"https:\/\/www.riistasaatio.fi\/en\/product\/suomen-riista-67\/","name":"Suomen Riista 67 &#183; Suomen Riistanhoito-S\u00e4\u00e4ti\u00f6","isPartOf":{"@id":"https:\/\/www.riistasaatio.fi\/en\/#website"},"primaryImageOfPage":{"@id":"https:\/\/www.riistasaatio.fi\/en\/product\/suomen-riista-67\/#primaryimage"},"image":{"@id":"https:\/\/www.riistasaatio.fi\/en\/product\/suomen-riista-67\/#primaryimage"},"thumbnailUrl":"https:\/\/www.riistasaatio.fi\/wp-content\/uploads\/sr67-kansi-01-paino-704x1000-1-e1674461241297-1.jpg","datePublished":"2023-06-28T23:34:05+00:00","dateModified":"2023-06-28T23:34:12+00:00","breadcrumb":{"@id":"https:\/\/www.riistasaatio.fi\/en\/product\/suomen-riista-67\/#breadcrumb"},"inLanguage":"en-US","potentialAction":[{"@type":"ReadAction","target":["https:\/\/www.riistasaatio.fi\/en\/product\/suomen-riista-67\/"]}]},{"@type":"ImageObject","inLanguage":"en-US","@id":"https:\/\/www.riistasaatio.fi\/en\/product\/suomen-riista-67\/#primaryimage","url":"https:\/\/www.riistasaatio.fi\/wp-content\/uploads\/sr67-kansi-01-paino-704x1000-1-e1674461241297-1.jpg","contentUrl":"https:\/\/www.riistasaatio.fi\/wp-content\/uploads\/sr67-kansi-01-paino-704x1000-1-e1674461241297-1.jpg","width":400,"height":568},{"@type":"BreadcrumbList","@id":"https:\/\/www.riistasaatio.fi\/en\/product\/suomen-riista-67\/#breadcrumb","itemListElement":[{"@type":"ListItem","position":1,"name":"Etusivu","item":"https:\/\/www.riistasaatio.fi\/en\/"},{"@type":"ListItem","position":2,"name":"Shop","item":"https:\/\/www.riistasaatio.fi\/en\/shop\/"},{"@type":"ListItem","position":3,"name":"Suomen Riista 67"}]},{"@type":"WebSite","@id":"https:\/\/www.riistasaatio.fi\/en\/#website","url":"https:\/\/www.riistasaatio.fi\/en\/","name":"Suomen Riistanhoito-S\u00e4\u00e4ti\u00f6","description":"","publisher":{"@id":"https:\/\/www.riistasaatio.fi\/en\/#organization"},"potentialAction":[{"@type":"SearchAction","target":{"@type":"EntryPoint","urlTemplate":"https:\/\/www.riistasaatio.fi\/en\/?s={search_term_string}"},"query-input":{"@type":"PropertyValueSpecification","valueRequired":true,"valueName":"search_term_string"}}],"inLanguage":"en-US"},{"@type":"Organization","@id":"https:\/\/www.riistasaatio.fi\/en\/#organization","name":"Suomen Riistanhoito-S\u00e4\u00e4ti\u00f6","url":"https:\/\/www.riistasaatio.fi\/en\/","logo":{"@type":"ImageObject","inLanguage":"en-US","@id":"https:\/\/www.riistasaatio.fi\/en\/#\/schema\/logo\/image\/","url":"https:\/\/www.riistasaatio.fi\/wp-content\/uploads\/suomen-riistanhoito-saatio-og.png","contentUrl":"https:\/\/www.riistasaatio.fi\/wp-content\/uploads\/suomen-riistanhoito-saatio-og.png","width":1200,"height":630,"caption":"Suomen Riistanhoito-S\u00e4\u00e4ti\u00f6"},"image":{"@id":"https:\/\/www.riistasaatio.fi\/en\/#\/schema\/logo\/image\/"}}]}},"taxonomy_info":{"product_cat":[{"value":54,"label":"Suomen Riista"}]},"featured_image_src_large":["https:\/\/www.riistasaatio.fi\/wp-content\/uploads\/sr67-kansi-01-paino-704x1000-1-e1674461241297-1.jpg",400,568,false],"author_info":[],"comment_info":"","_links":{"self":[{"href":"https:\/\/www.riistasaatio.fi\/en\/wp-json\/wp\/v2\/product\/1984","targetHints":{"allow":["GET"]}}],"collection":[{"href":"https:\/\/www.riistasaatio.fi\/en\/wp-json\/wp\/v2\/product"}],"about":[{"href":"https:\/\/www.riistasaatio.fi\/en\/wp-json\/wp\/v2\/types\/product"}],"wp:featuredmedia":[{"embeddable":true,"href":"https:\/\/www.riistasaatio.fi\/en\/wp-json\/wp\/v2\/media\/2015"}],"wp:attachment":[{"href":"https:\/\/www.riistasaatio.fi\/en\/wp-json\/wp\/v2\/media?parent=1984"}],"wp:term":[{"taxonomy":"product_brand","embeddable":true,"href":"https:\/\/www.riistasaatio.fi\/en\/wp-json\/wp\/v2\/product_brand?post=1984"},{"taxonomy":"product_cat","embeddable":true,"href":"https:\/\/www.riistasaatio.fi\/en\/wp-json\/wp\/v2\/product_cat?post=1984"},{"taxonomy":"product_tag","embeddable":true,"href":"https:\/\/www.riistasaatio.fi\/en\/wp-json\/wp\/v2\/product_tag?post=1984"}],"curies":[{"name":"wp","href":"https:\/\/api.w.org\/{rel}","templated":true}]}}