{"id":1980,"date":"2023-06-29T02:34:05","date_gmt":"2023-06-28T23:34:05","guid":{"rendered":"https:\/\/www.riistasaatio.fi\/?post_type=product&#038;p=1980"},"modified":"2023-06-29T02:34:10","modified_gmt":"2023-06-28T23:34:10","slug":"suomen-riista-46","status":"publish","type":"product","link":"https:\/\/www.riistasaatio.fi\/en\/product\/suomen-riista-46\/","title":{"rendered":"Suomen Riista 46"},"content":{"rendered":"\r\n<p><em><strong>Pekka Helle:<\/strong><\/em><\/p>\r\n\r\n\r\n\r\n<p>Puheenvuoro: Muutoksia pohjoisen riistantutkimuksessa &#8211; toiminta Meltauksessa p\u00e4\u00e4ttynyt<\/p>\r\n\r\n\r\n\r\n<p><em><strong>\u200b<\/strong><\/em><\/p>\r\n\r\n\r\n\r\n<p><em><strong>Harto Lind\u00e9n &amp; Rauno Yrj\u00f6l\u00e4:<\/strong><\/em><\/p>\r\n\r\n\r\n\r\n<p>Kansainv\u00e4linen mets\u00e4kanalintusymposio Rovaniemell\u00e4<\/p>\r\n\r\n\r\n\r\n<p>\u200b<\/p>\r\n\r\n\r\n\r\n<p><em><strong>Pekka Helle, Harto Lind\u00e9n, Sami Kurki, Osmo R\u00e4tti &amp; Paavo Kumpu:<\/strong><\/em><\/p>\r\n\r\n\r\n\r\n<p>Suomen metsokannan sukupuolten lukusuhde muuttunut<\/p>\r\n\r\n\r\n\r\n<p>\u200b<\/p>\r\n\r\n\r\n\r\n<p><em><strong>Mikko M\u00f6nkk\u00f6nen, Risto Tornberg &amp; Paula V\u00e4is\u00e4nen:<\/strong><\/em><\/p>\r\n\r\n\r\n\r\n<p>Kanahaukka voi v\u00e4hent\u00e4\u00e4 lintujen pesiin kohdistuvaa saalistusta suomalaisissa mets\u00e4maisemissa<\/p>\r\n\r\n\r\n\r\n<p>\u200b<\/p>\r\n\r\n\r\n\r\n<p><em><strong>Martti Hario &amp; Janne Kekkinen:<\/strong><\/em><\/p>\r\n\r\n\r\n\r\n<p>J\u00e4lkel\u00e4ishoidon jakautuminen haahkalla<\/p>\r\n\r\n\r\n\r\n<p><em><strong>\u200b<\/strong><\/em><\/p>\r\n\r\n\r\n\r\n<p><em><strong>Heikki Henttonen &amp; Voitto Haukisalmi:<\/strong><\/em><\/p>\r\n\r\n\r\n\r\n<p>Echinococcus multilocularis &#8211; ihmisen vaarallisin loinen Euroopassa: el\u00e4m\u00e4nkierto ja levinneisyyden nykytilanne<\/p>\r\n\r\n\r\n\r\n<p>\u200b<\/p>\r\n\r\n\r\n\r\n<p><em><strong>Asko Kaikusalo, Matti Mela &amp; Heikki Henttonen:<\/strong><\/em><\/p>\r\n\r\n\r\n\r\n<p>H\u00e4vi\u00e4\u00e4k\u00f6 naali Suomesta?<\/p>\r\n\r\n\r\n\r\n<p>\u200b<\/p>\r\n\r\n\r\n\r\n<p><em><strong>Sauli H\u00e4rk\u00f6nen &amp; Risto Heikkil\u00e4:<\/strong><\/em><\/p>\r\n\r\n\r\n\r\n<p>Suolakivet hirvien talvisen ravinnonk\u00e4yt\u00f6n ohjauksessa<\/p>\r\n\r\n\r\n\r\n<p>\u200b<\/p>\r\n\r\n\r\n\r\n<p><em><strong>Ilpo Kojola:<\/strong><\/em><\/p>\r\n\r\n\r\n\r\n<p>Suden, hirven ja mets\u00e4styksen vuorovaikutussuhteet<\/p>\r\n\r\n\r\n\r\n<p>\u200b<\/p>\r\n\r\n\r\n\r\n<p><em><strong>Samuli Heikkinen:<\/strong><\/em><\/p>\r\n\r\n\r\n\r\n<p>Hirven vuosi<\/p>\r\n","protected":false},"excerpt":{"rendered":"<p>Pekka Helle: Puheenvuoro: Muutoksia pohjoisen riistantutkimuksessa &#8211; toiminta Meltauksessa p\u00e4\u00e4ttynyt \u200b Harto Lind\u00e9n &amp; Rauno Yrj\u00f6l\u00e4: Kansainv\u00e4linen mets\u00e4kanalintusymposio Rovaniemell\u00e4 \u200b Pekka Helle, Harto Lind\u00e9n, Sami Kurki, Osmo R\u00e4tti &amp; Paavo Kumpu: Suomen metsokannan sukupuolten lukusuhde muuttunut \u200b Mikko M\u00f6nkk\u00f6nen, Risto Tornberg &amp; Paula V\u00e4is\u00e4nen: Kanahaukka voi v\u00e4hent\u00e4\u00e4 lintujen pesiin kohdistuvaa saalistusta suomalaisissa mets\u00e4maisemissa \u200b Martti&#8230;<\/p>\n","protected":false},"featured_media":2007,"template":"","meta":{"_acf_changed":false,"content-type":"","_kad_blocks_custom_css":"","_kad_blocks_head_custom_js":"","_kad_blocks_body_custom_js":"","_kad_blocks_footer_custom_js":"","_kad_post_transparent":"","_kad_post_title":"","_kad_post_layout":"","_kad_post_sidebar_id":"","_kad_post_content_style":"","_kad_post_vertical_padding":"","_kad_post_feature":"","_kad_post_feature_position":"","_kad_post_header":false,"_kad_post_footer":false,"_kad_post_classname":""},"product_brand":[],"product_cat":[54],"product_tag":[],"class_list":{"0":"post-1980","1":"product","2":"type-product","3":"status-publish","4":"has-post-thumbnail","6":"product_cat-suomen-riista","8":"first","9":"instock","10":"shipping-taxable","11":"purchasable","12":"product-type-simple","13":"entry","14":"content-bg","15":"loop-entry"},"acf":[],"yoast_head":"<!-- This site is optimized with the Yoast SEO plugin v27.6 - https:\/\/yoast.com\/product\/yoast-seo-wordpress\/ -->\n<title>Suomen Riista 46 &#183; Suomen Riistanhoito-S\u00e4\u00e4ti\u00f6<\/title>\n<meta name=\"robots\" content=\"index, follow, max-snippet:-1, max-image-preview:large, max-video-preview:-1\" \/>\n<link rel=\"canonical\" href=\"https:\/\/www.riistasaatio.fi\/en\/product\/suomen-riista-46\/\" \/>\n<meta property=\"og:locale\" content=\"en_US\" \/>\n<meta property=\"og:type\" content=\"article\" \/>\n<meta property=\"og:title\" content=\"Suomen Riista 46 &#183; Suomen Riistanhoito-S\u00e4\u00e4ti\u00f6\" \/>\n<meta property=\"og:description\" content=\"Pekka Helle: Puheenvuoro: Muutoksia pohjoisen riistantutkimuksessa &#8211; toiminta Meltauksessa p\u00e4\u00e4ttynyt \u200b Harto Lind\u00e9n &amp; Rauno Yrj\u00f6l\u00e4: Kansainv\u00e4linen mets\u00e4kanalintusymposio Rovaniemell\u00e4 \u200b Pekka Helle, Harto Lind\u00e9n, Sami Kurki, Osmo R\u00e4tti &amp; Paavo Kumpu: Suomen metsokannan sukupuolten lukusuhde muuttunut \u200b Mikko M\u00f6nkk\u00f6nen, Risto Tornberg &amp; Paula V\u00e4is\u00e4nen: Kanahaukka voi v\u00e4hent\u00e4\u00e4 lintujen pesiin kohdistuvaa saalistusta suomalaisissa mets\u00e4maisemissa \u200b Martti...\" \/>\n<meta property=\"og:url\" content=\"https:\/\/www.riistasaatio.fi\/en\/product\/suomen-riista-46\/\" \/>\n<meta property=\"og:site_name\" content=\"Suomen Riistanhoito-S\u00e4\u00e4ti\u00f6\" \/>\n<meta property=\"article:modified_time\" content=\"2023-06-28T23:34:10+00:00\" \/>\n<meta property=\"og:image\" content=\"https:\/\/www.riistasaatio.fi\/wp-content\/uploads\/sr46-1.jpg\" \/>\n\t<meta property=\"og:image:width\" content=\"280\" \/>\n\t<meta property=\"og:image:height\" content=\"395\" \/>\n\t<meta property=\"og:image:type\" content=\"image\/jpeg\" \/>\n<meta name=\"twitter:card\" content=\"summary_large_image\" \/>\n<meta name=\"twitter:label1\" content=\"Est. reading time\" \/>\n\t<meta name=\"twitter:data1\" content=\"1 minute\" \/>\n<script type=\"application\/ld+json\" class=\"yoast-schema-graph\">{\"@context\":\"https:\\\/\\\/schema.org\",\"@graph\":[{\"@type\":\"WebPage\",\"@id\":\"https:\\\/\\\/www.riistasaatio.fi\\\/en\\\/product\\\/suomen-riista-46\\\/\",\"url\":\"https:\\\/\\\/www.riistasaatio.fi\\\/en\\\/product\\\/suomen-riista-46\\\/\",\"name\":\"Suomen Riista 46 &#183; Suomen Riistanhoito-S\u00e4\u00e4ti\u00f6\",\"isPartOf\":{\"@id\":\"https:\\\/\\\/www.riistasaatio.fi\\\/en\\\/#website\"},\"primaryImageOfPage\":{\"@id\":\"https:\\\/\\\/www.riistasaatio.fi\\\/en\\\/product\\\/suomen-riista-46\\\/#primaryimage\"},\"image\":{\"@id\":\"https:\\\/\\\/www.riistasaatio.fi\\\/en\\\/product\\\/suomen-riista-46\\\/#primaryimage\"},\"thumbnailUrl\":\"https:\\\/\\\/www.riistasaatio.fi\\\/wp-content\\\/uploads\\\/sr46-1.jpg\",\"datePublished\":\"2023-06-28T23:34:05+00:00\",\"dateModified\":\"2023-06-28T23:34:10+00:00\",\"breadcrumb\":{\"@id\":\"https:\\\/\\\/www.riistasaatio.fi\\\/en\\\/product\\\/suomen-riista-46\\\/#breadcrumb\"},\"inLanguage\":\"en-US\",\"potentialAction\":[{\"@type\":\"ReadAction\",\"target\":[\"https:\\\/\\\/www.riistasaatio.fi\\\/en\\\/product\\\/suomen-riista-46\\\/\"]}]},{\"@type\":\"ImageObject\",\"inLanguage\":\"en-US\",\"@id\":\"https:\\\/\\\/www.riistasaatio.fi\\\/en\\\/product\\\/suomen-riista-46\\\/#primaryimage\",\"url\":\"https:\\\/\\\/www.riistasaatio.fi\\\/wp-content\\\/uploads\\\/sr46-1.jpg\",\"contentUrl\":\"https:\\\/\\\/www.riistasaatio.fi\\\/wp-content\\\/uploads\\\/sr46-1.jpg\",\"width\":280,\"height\":395},{\"@type\":\"BreadcrumbList\",\"@id\":\"https:\\\/\\\/www.riistasaatio.fi\\\/en\\\/product\\\/suomen-riista-46\\\/#breadcrumb\",\"itemListElement\":[{\"@type\":\"ListItem\",\"position\":1,\"name\":\"Etusivu\",\"item\":\"https:\\\/\\\/www.riistasaatio.fi\\\/en\\\/\"},{\"@type\":\"ListItem\",\"position\":2,\"name\":\"Shop\",\"item\":\"https:\\\/\\\/www.riistasaatio.fi\\\/en\\\/shop\\\/\"},{\"@type\":\"ListItem\",\"position\":3,\"name\":\"Suomen Riista 46\"}]},{\"@type\":\"WebSite\",\"@id\":\"https:\\\/\\\/www.riistasaatio.fi\\\/en\\\/#website\",\"url\":\"https:\\\/\\\/www.riistasaatio.fi\\\/en\\\/\",\"name\":\"Suomen Riistanhoito-S\u00e4\u00e4ti\u00f6\",\"description\":\"\",\"publisher\":{\"@id\":\"https:\\\/\\\/www.riistasaatio.fi\\\/en\\\/#organization\"},\"potentialAction\":[{\"@type\":\"SearchAction\",\"target\":{\"@type\":\"EntryPoint\",\"urlTemplate\":\"https:\\\/\\\/www.riistasaatio.fi\\\/en\\\/?s={search_term_string}\"},\"query-input\":{\"@type\":\"PropertyValueSpecification\",\"valueRequired\":true,\"valueName\":\"search_term_string\"}}],\"inLanguage\":\"en-US\"},{\"@type\":\"Organization\",\"@id\":\"https:\\\/\\\/www.riistasaatio.fi\\\/en\\\/#organization\",\"name\":\"Suomen Riistanhoito-S\u00e4\u00e4ti\u00f6\",\"url\":\"https:\\\/\\\/www.riistasaatio.fi\\\/en\\\/\",\"logo\":{\"@type\":\"ImageObject\",\"inLanguage\":\"en-US\",\"@id\":\"https:\\\/\\\/www.riistasaatio.fi\\\/en\\\/#\\\/schema\\\/logo\\\/image\\\/\",\"url\":\"https:\\\/\\\/www.riistasaatio.fi\\\/wp-content\\\/uploads\\\/suomen-riistanhoito-saatio-og.png\",\"contentUrl\":\"https:\\\/\\\/www.riistasaatio.fi\\\/wp-content\\\/uploads\\\/suomen-riistanhoito-saatio-og.png\",\"width\":1200,\"height\":630,\"caption\":\"Suomen Riistanhoito-S\u00e4\u00e4ti\u00f6\"},\"image\":{\"@id\":\"https:\\\/\\\/www.riistasaatio.fi\\\/en\\\/#\\\/schema\\\/logo\\\/image\\\/\"}}]}<\/script>\n<!-- \/ Yoast SEO plugin. -->","yoast_head_json":{"title":"Suomen Riista 46 &#183; Suomen Riistanhoito-S\u00e4\u00e4ti\u00f6","robots":{"index":"index","follow":"follow","max-snippet":"max-snippet:-1","max-image-preview":"max-image-preview:large","max-video-preview":"max-video-preview:-1"},"canonical":"https:\/\/www.riistasaatio.fi\/en\/product\/suomen-riista-46\/","og_locale":"en_US","og_type":"article","og_title":"Suomen Riista 46 &#183; Suomen Riistanhoito-S\u00e4\u00e4ti\u00f6","og_description":"Pekka Helle: Puheenvuoro: Muutoksia pohjoisen riistantutkimuksessa &#8211; toiminta Meltauksessa p\u00e4\u00e4ttynyt \u200b Harto Lind\u00e9n &amp; Rauno Yrj\u00f6l\u00e4: Kansainv\u00e4linen mets\u00e4kanalintusymposio Rovaniemell\u00e4 \u200b Pekka Helle, Harto Lind\u00e9n, Sami Kurki, Osmo R\u00e4tti &amp; Paavo Kumpu: Suomen metsokannan sukupuolten lukusuhde muuttunut \u200b Mikko M\u00f6nkk\u00f6nen, Risto Tornberg &amp; Paula V\u00e4is\u00e4nen: Kanahaukka voi v\u00e4hent\u00e4\u00e4 lintujen pesiin kohdistuvaa saalistusta suomalaisissa mets\u00e4maisemissa \u200b Martti...","og_url":"https:\/\/www.riistasaatio.fi\/en\/product\/suomen-riista-46\/","og_site_name":"Suomen Riistanhoito-S\u00e4\u00e4ti\u00f6","article_modified_time":"2023-06-28T23:34:10+00:00","og_image":[{"width":280,"height":395,"url":"https:\/\/www.riistasaatio.fi\/wp-content\/uploads\/sr46-1.jpg","type":"image\/jpeg"}],"twitter_card":"summary_large_image","twitter_misc":{"Est. reading time":"1 minute"},"schema":{"@context":"https:\/\/schema.org","@graph":[{"@type":"WebPage","@id":"https:\/\/www.riistasaatio.fi\/en\/product\/suomen-riista-46\/","url":"https:\/\/www.riistasaatio.fi\/en\/product\/suomen-riista-46\/","name":"Suomen Riista 46 &#183; Suomen Riistanhoito-S\u00e4\u00e4ti\u00f6","isPartOf":{"@id":"https:\/\/www.riistasaatio.fi\/en\/#website"},"primaryImageOfPage":{"@id":"https:\/\/www.riistasaatio.fi\/en\/product\/suomen-riista-46\/#primaryimage"},"image":{"@id":"https:\/\/www.riistasaatio.fi\/en\/product\/suomen-riista-46\/#primaryimage"},"thumbnailUrl":"https:\/\/www.riistasaatio.fi\/wp-content\/uploads\/sr46-1.jpg","datePublished":"2023-06-28T23:34:05+00:00","dateModified":"2023-06-28T23:34:10+00:00","breadcrumb":{"@id":"https:\/\/www.riistasaatio.fi\/en\/product\/suomen-riista-46\/#breadcrumb"},"inLanguage":"en-US","potentialAction":[{"@type":"ReadAction","target":["https:\/\/www.riistasaatio.fi\/en\/product\/suomen-riista-46\/"]}]},{"@type":"ImageObject","inLanguage":"en-US","@id":"https:\/\/www.riistasaatio.fi\/en\/product\/suomen-riista-46\/#primaryimage","url":"https:\/\/www.riistasaatio.fi\/wp-content\/uploads\/sr46-1.jpg","contentUrl":"https:\/\/www.riistasaatio.fi\/wp-content\/uploads\/sr46-1.jpg","width":280,"height":395},{"@type":"BreadcrumbList","@id":"https:\/\/www.riistasaatio.fi\/en\/product\/suomen-riista-46\/#breadcrumb","itemListElement":[{"@type":"ListItem","position":1,"name":"Etusivu","item":"https:\/\/www.riistasaatio.fi\/en\/"},{"@type":"ListItem","position":2,"name":"Shop","item":"https:\/\/www.riistasaatio.fi\/en\/shop\/"},{"@type":"ListItem","position":3,"name":"Suomen Riista 46"}]},{"@type":"WebSite","@id":"https:\/\/www.riistasaatio.fi\/en\/#website","url":"https:\/\/www.riistasaatio.fi\/en\/","name":"Suomen Riistanhoito-S\u00e4\u00e4ti\u00f6","description":"","publisher":{"@id":"https:\/\/www.riistasaatio.fi\/en\/#organization"},"potentialAction":[{"@type":"SearchAction","target":{"@type":"EntryPoint","urlTemplate":"https:\/\/www.riistasaatio.fi\/en\/?s={search_term_string}"},"query-input":{"@type":"PropertyValueSpecification","valueRequired":true,"valueName":"search_term_string"}}],"inLanguage":"en-US"},{"@type":"Organization","@id":"https:\/\/www.riistasaatio.fi\/en\/#organization","name":"Suomen Riistanhoito-S\u00e4\u00e4ti\u00f6","url":"https:\/\/www.riistasaatio.fi\/en\/","logo":{"@type":"ImageObject","inLanguage":"en-US","@id":"https:\/\/www.riistasaatio.fi\/en\/#\/schema\/logo\/image\/","url":"https:\/\/www.riistasaatio.fi\/wp-content\/uploads\/suomen-riistanhoito-saatio-og.png","contentUrl":"https:\/\/www.riistasaatio.fi\/wp-content\/uploads\/suomen-riistanhoito-saatio-og.png","width":1200,"height":630,"caption":"Suomen Riistanhoito-S\u00e4\u00e4ti\u00f6"},"image":{"@id":"https:\/\/www.riistasaatio.fi\/en\/#\/schema\/logo\/image\/"}}]}},"taxonomy_info":{"product_cat":[{"value":54,"label":"Suomen Riista"}]},"featured_image_src_large":["https:\/\/www.riistasaatio.fi\/wp-content\/uploads\/sr46-1.jpg",280,395,false],"author_info":[],"comment_info":"","_links":{"self":[{"href":"https:\/\/www.riistasaatio.fi\/en\/wp-json\/wp\/v2\/product\/1980","targetHints":{"allow":["GET"]}}],"collection":[{"href":"https:\/\/www.riistasaatio.fi\/en\/wp-json\/wp\/v2\/product"}],"about":[{"href":"https:\/\/www.riistasaatio.fi\/en\/wp-json\/wp\/v2\/types\/product"}],"wp:featuredmedia":[{"embeddable":true,"href":"https:\/\/www.riistasaatio.fi\/en\/wp-json\/wp\/v2\/media\/2007"}],"wp:attachment":[{"href":"https:\/\/www.riistasaatio.fi\/en\/wp-json\/wp\/v2\/media?parent=1980"}],"wp:term":[{"taxonomy":"product_brand","embeddable":true,"href":"https:\/\/www.riistasaatio.fi\/en\/wp-json\/wp\/v2\/product_brand?post=1980"},{"taxonomy":"product_cat","embeddable":true,"href":"https:\/\/www.riistasaatio.fi\/en\/wp-json\/wp\/v2\/product_cat?post=1980"},{"taxonomy":"product_tag","embeddable":true,"href":"https:\/\/www.riistasaatio.fi\/en\/wp-json\/wp\/v2\/product_tag?post=1980"}],"curies":[{"name":"wp","href":"https:\/\/api.w.org\/{rel}","templated":true}]}}