{"id":1976,"date":"2023-06-29T02:34:04","date_gmt":"2023-06-28T23:34:04","guid":{"rendered":"https:\/\/www.riistasaatio.fi\/?post_type=product&#038;p=1976"},"modified":"2023-06-29T02:34:09","modified_gmt":"2023-06-28T23:34:09","slug":"suomen-riista-50","status":"publish","type":"product","link":"https:\/\/www.riistasaatio.fi\/en\/product\/suomen-riista-50\/","title":{"rendered":"Suomen Riista 50"},"content":{"rendered":"\r\n<p><em><strong>Eero Helle:<\/strong><\/em><br \/>Puheenvuoro: Mit\u00e4 riistantutkimuksella on edess\u00e4\u00e4n Suomessa ?<\/p>\r\n\r\n\r\n\r\n<p><br \/><em><strong>Martti Hario, Tuula Hollmen &amp; Karl E. Selin:<\/strong><\/em><br \/>Haahkan sukupuolten runsaussuhde ja pariuskollisuus<br \/>\u00a0<\/p>\r\n\r\n\r\n\r\n<p><em><strong>Timo Helle &amp; Ilpo Kojola:<\/strong><\/em><br \/>Porokantojen vaihtelut Fennoskandiassa &#8211; selitykset ja niiden arviointi<\/p>\r\n\r\n\r\n\r\n<p><br \/><em><strong>Erkki Korpim\u00e4ki &amp; Mikael Nordstr\u00f6m:<\/strong><\/em><br \/>Alkuper\u00e4iset pienpedot, tuontipedot ja huippupetojen paluu: hy\u00f6dyllisi\u00e4 ja haitallisia vaikutuksia pienriistakantoihin?<br \/>\u00a0<\/p>\r\n\r\n\r\n\r\n<p><em><strong>Patrik Byholm:<\/strong><\/em><br \/>Mets\u00e4kanalintujen runsauden vaikutus kanahaukan pesimismenestykseen<\/p>\r\n\r\n\r\n\r\n<p><br \/><em><strong>Tuija Liukkonen, Pekka Helle, Osmo R\u00e4tti, Laura Kvist &amp; Markku Orell:<\/strong><\/em><br \/>Metsopopulaation geneettisest\u00e4 rakenteesta Suomessa<\/p>\r\n\r\n\r\n\r\n<p><br \/><em><strong>Jukka Rintala &amp; Juha Tiainen:<\/strong><\/em><br \/>Kev\u00e4\u00e4ll\u00e4 mets\u00e4stett\u00e4vien sorsalintujen kannavaihtelut Uudenmaan ja Varsinais-Suomen riistanhoitopiirien saaristoalueilla vuosina 1997-2004<br \/>\u00a0<\/p>\r\n\r\n\r\n\r\n<p><em><strong>Mikael Luoma:<\/strong><\/em><br \/>Mets\u00e4kauriin ravinnonk\u00e4ytt\u00f6 ja vahingot maa- ja mets\u00e4taloudelle<\/p>\r\n\r\n\r\n\r\n<p><br \/><em><strong>Ilpo Kojola, Juha Kuittinen &amp; Seppo Ronkainen:<\/strong><br \/>Miksi susi k\u00e4y koiran kimppuun?<\/em><\/p>\r\n\r\n\r\n\r\n<p><br \/><em><strong>Marja Isomursu, Pekka Helle &amp; Osmo R\u00e4tti:<\/strong><\/em><br \/>Mets\u00e4kanalintujen suolistoloismadot Suomessa<\/p>\r\n\r\n\r\n\r\n<p><br \/><em><strong>Harto Lind\u00e9n:<\/strong><\/em><br \/>Yhdeks\u00e4n vanhaa helme\u00e4 &#8211; suomalaista huippututkimusta Suomen Riistan sivuilla<br \/>\u00a0<\/p>\r\n\r\n\r\n\r\n<p><em><strong>Pekka Helle, Harto Lind\u00e9n &amp; Osmo R\u00e4tti:<\/strong><\/em><br \/>Mets\u00e4kanalintutiheyden ja mets\u00e4styssaaliin suhde<\/p>\r\n\r\n\r\n\r\n<p>\u200b<\/p>\r\n\r\n\r\n\r\n<p><em><strong>Rauno Alatalo, Heli Siitari &amp; Pekka T. Rintam\u00e4ki:<\/strong><\/em><br \/>Teeren soidin ja mets\u00e4styksen s\u00e4\u00e4tely<\/p>\r\n\r\n\r\n\r\n<p><br \/><em><strong>Esa Ranta, Pekka Helle &amp; Harto Lind\u00e9n:<\/strong><\/em><br \/>Kvantitatiivisten mets\u00e4kanalintuaineistojen nelj\u00e4 vuosikymment\u00e4<\/p>\r\n","protected":false},"excerpt":{"rendered":"<p>Eero Helle:Puheenvuoro: Mit\u00e4 riistantutkimuksella on edess\u00e4\u00e4n Suomessa ? Martti Hario, Tuula Hollmen &amp; Karl E. Selin:Haahkan sukupuolten runsaussuhde ja pariuskollisuus\u00a0 Timo Helle &amp; Ilpo Kojola:Porokantojen vaihtelut Fennoskandiassa &#8211; selitykset ja niiden arviointi Erkki Korpim\u00e4ki &amp; Mikael Nordstr\u00f6m:Alkuper\u00e4iset pienpedot, tuontipedot ja huippupetojen paluu: hy\u00f6dyllisi\u00e4 ja haitallisia vaikutuksia pienriistakantoihin?\u00a0 Patrik Byholm:Mets\u00e4kanalintujen runsauden vaikutus kanahaukan pesimismenestykseen Tuija Liukkonen,&#8230;<\/p>\n","protected":false},"featured_media":1999,"template":"","meta":{"_acf_changed":false,"content-type":"","_kad_blocks_custom_css":"","_kad_blocks_head_custom_js":"","_kad_blocks_body_custom_js":"","_kad_blocks_footer_custom_js":"","_kad_post_transparent":"","_kad_post_title":"","_kad_post_layout":"","_kad_post_sidebar_id":"","_kad_post_content_style":"","_kad_post_vertical_padding":"","_kad_post_feature":"","_kad_post_feature_position":"","_kad_post_header":false,"_kad_post_footer":false,"_kad_post_classname":""},"product_brand":[],"product_cat":[54],"product_tag":[],"class_list":{"0":"post-1976","1":"product","2":"type-product","3":"status-publish","4":"has-post-thumbnail","6":"product_cat-suomen-riista","8":"first","9":"instock","10":"shipping-taxable","11":"purchasable","12":"product-type-simple","13":"entry","14":"content-bg","15":"loop-entry"},"acf":[],"yoast_head":"<!-- This site is optimized with the Yoast SEO plugin v27.6 - https:\/\/yoast.com\/product\/yoast-seo-wordpress\/ -->\n<title>Suomen Riista 50 &#183; Suomen Riistanhoito-S\u00e4\u00e4ti\u00f6<\/title>\n<meta name=\"robots\" content=\"index, follow, max-snippet:-1, max-image-preview:large, max-video-preview:-1\" \/>\n<link rel=\"canonical\" href=\"https:\/\/www.riistasaatio.fi\/en\/product\/suomen-riista-50\/\" \/>\n<meta property=\"og:locale\" content=\"en_US\" \/>\n<meta property=\"og:type\" content=\"article\" \/>\n<meta property=\"og:title\" content=\"Suomen Riista 50 &#183; Suomen Riistanhoito-S\u00e4\u00e4ti\u00f6\" \/>\n<meta property=\"og:description\" content=\"Eero Helle:Puheenvuoro: Mit\u00e4 riistantutkimuksella on edess\u00e4\u00e4n Suomessa ? Martti Hario, Tuula Hollmen &amp; Karl E. Selin:Haahkan sukupuolten runsaussuhde ja pariuskollisuus\u00a0 Timo Helle &amp; Ilpo Kojola:Porokantojen vaihtelut Fennoskandiassa &#8211; selitykset ja niiden arviointi Erkki Korpim\u00e4ki &amp; Mikael Nordstr\u00f6m:Alkuper\u00e4iset pienpedot, tuontipedot ja huippupetojen paluu: hy\u00f6dyllisi\u00e4 ja haitallisia vaikutuksia pienriistakantoihin?\u00a0 Patrik Byholm:Mets\u00e4kanalintujen runsauden vaikutus kanahaukan pesimismenestykseen Tuija Liukkonen,...\" \/>\n<meta property=\"og:url\" content=\"https:\/\/www.riistasaatio.fi\/en\/product\/suomen-riista-50\/\" \/>\n<meta property=\"og:site_name\" content=\"Suomen Riistanhoito-S\u00e4\u00e4ti\u00f6\" \/>\n<meta property=\"article:modified_time\" content=\"2023-06-28T23:34:09+00:00\" \/>\n<meta property=\"og:image\" content=\"https:\/\/www.riistasaatio.fi\/wp-content\/uploads\/sr50-1.jpg\" \/>\n\t<meta property=\"og:image:width\" content=\"280\" \/>\n\t<meta property=\"og:image:height\" content=\"396\" \/>\n\t<meta property=\"og:image:type\" content=\"image\/jpeg\" \/>\n<meta name=\"twitter:card\" content=\"summary_large_image\" \/>\n<meta name=\"twitter:label1\" content=\"Est. reading time\" \/>\n\t<meta name=\"twitter:data1\" content=\"1 minute\" \/>\n<script type=\"application\/ld+json\" class=\"yoast-schema-graph\">{\"@context\":\"https:\\\/\\\/schema.org\",\"@graph\":[{\"@type\":\"WebPage\",\"@id\":\"https:\\\/\\\/www.riistasaatio.fi\\\/en\\\/product\\\/suomen-riista-50\\\/\",\"url\":\"https:\\\/\\\/www.riistasaatio.fi\\\/en\\\/product\\\/suomen-riista-50\\\/\",\"name\":\"Suomen Riista 50 &#183; Suomen Riistanhoito-S\u00e4\u00e4ti\u00f6\",\"isPartOf\":{\"@id\":\"https:\\\/\\\/www.riistasaatio.fi\\\/en\\\/#website\"},\"primaryImageOfPage\":{\"@id\":\"https:\\\/\\\/www.riistasaatio.fi\\\/en\\\/product\\\/suomen-riista-50\\\/#primaryimage\"},\"image\":{\"@id\":\"https:\\\/\\\/www.riistasaatio.fi\\\/en\\\/product\\\/suomen-riista-50\\\/#primaryimage\"},\"thumbnailUrl\":\"https:\\\/\\\/www.riistasaatio.fi\\\/wp-content\\\/uploads\\\/sr50-1.jpg\",\"datePublished\":\"2023-06-28T23:34:04+00:00\",\"dateModified\":\"2023-06-28T23:34:09+00:00\",\"breadcrumb\":{\"@id\":\"https:\\\/\\\/www.riistasaatio.fi\\\/en\\\/product\\\/suomen-riista-50\\\/#breadcrumb\"},\"inLanguage\":\"en-US\",\"potentialAction\":[{\"@type\":\"ReadAction\",\"target\":[\"https:\\\/\\\/www.riistasaatio.fi\\\/en\\\/product\\\/suomen-riista-50\\\/\"]}]},{\"@type\":\"ImageObject\",\"inLanguage\":\"en-US\",\"@id\":\"https:\\\/\\\/www.riistasaatio.fi\\\/en\\\/product\\\/suomen-riista-50\\\/#primaryimage\",\"url\":\"https:\\\/\\\/www.riistasaatio.fi\\\/wp-content\\\/uploads\\\/sr50-1.jpg\",\"contentUrl\":\"https:\\\/\\\/www.riistasaatio.fi\\\/wp-content\\\/uploads\\\/sr50-1.jpg\",\"width\":280,\"height\":396},{\"@type\":\"BreadcrumbList\",\"@id\":\"https:\\\/\\\/www.riistasaatio.fi\\\/en\\\/product\\\/suomen-riista-50\\\/#breadcrumb\",\"itemListElement\":[{\"@type\":\"ListItem\",\"position\":1,\"name\":\"Etusivu\",\"item\":\"https:\\\/\\\/www.riistasaatio.fi\\\/en\\\/\"},{\"@type\":\"ListItem\",\"position\":2,\"name\":\"Shop\",\"item\":\"https:\\\/\\\/www.riistasaatio.fi\\\/en\\\/shop\\\/\"},{\"@type\":\"ListItem\",\"position\":3,\"name\":\"Suomen Riista 50\"}]},{\"@type\":\"WebSite\",\"@id\":\"https:\\\/\\\/www.riistasaatio.fi\\\/en\\\/#website\",\"url\":\"https:\\\/\\\/www.riistasaatio.fi\\\/en\\\/\",\"name\":\"Suomen Riistanhoito-S\u00e4\u00e4ti\u00f6\",\"description\":\"\",\"publisher\":{\"@id\":\"https:\\\/\\\/www.riistasaatio.fi\\\/en\\\/#organization\"},\"potentialAction\":[{\"@type\":\"SearchAction\",\"target\":{\"@type\":\"EntryPoint\",\"urlTemplate\":\"https:\\\/\\\/www.riistasaatio.fi\\\/en\\\/?s={search_term_string}\"},\"query-input\":{\"@type\":\"PropertyValueSpecification\",\"valueRequired\":true,\"valueName\":\"search_term_string\"}}],\"inLanguage\":\"en-US\"},{\"@type\":\"Organization\",\"@id\":\"https:\\\/\\\/www.riistasaatio.fi\\\/en\\\/#organization\",\"name\":\"Suomen Riistanhoito-S\u00e4\u00e4ti\u00f6\",\"url\":\"https:\\\/\\\/www.riistasaatio.fi\\\/en\\\/\",\"logo\":{\"@type\":\"ImageObject\",\"inLanguage\":\"en-US\",\"@id\":\"https:\\\/\\\/www.riistasaatio.fi\\\/en\\\/#\\\/schema\\\/logo\\\/image\\\/\",\"url\":\"https:\\\/\\\/www.riistasaatio.fi\\\/wp-content\\\/uploads\\\/suomen-riistanhoito-saatio-og.png\",\"contentUrl\":\"https:\\\/\\\/www.riistasaatio.fi\\\/wp-content\\\/uploads\\\/suomen-riistanhoito-saatio-og.png\",\"width\":1200,\"height\":630,\"caption\":\"Suomen Riistanhoito-S\u00e4\u00e4ti\u00f6\"},\"image\":{\"@id\":\"https:\\\/\\\/www.riistasaatio.fi\\\/en\\\/#\\\/schema\\\/logo\\\/image\\\/\"}}]}<\/script>\n<!-- \/ Yoast SEO plugin. -->","yoast_head_json":{"title":"Suomen Riista 50 &#183; Suomen Riistanhoito-S\u00e4\u00e4ti\u00f6","robots":{"index":"index","follow":"follow","max-snippet":"max-snippet:-1","max-image-preview":"max-image-preview:large","max-video-preview":"max-video-preview:-1"},"canonical":"https:\/\/www.riistasaatio.fi\/en\/product\/suomen-riista-50\/","og_locale":"en_US","og_type":"article","og_title":"Suomen Riista 50 &#183; Suomen Riistanhoito-S\u00e4\u00e4ti\u00f6","og_description":"Eero Helle:Puheenvuoro: Mit\u00e4 riistantutkimuksella on edess\u00e4\u00e4n Suomessa ? Martti Hario, Tuula Hollmen &amp; Karl E. Selin:Haahkan sukupuolten runsaussuhde ja pariuskollisuus\u00a0 Timo Helle &amp; Ilpo Kojola:Porokantojen vaihtelut Fennoskandiassa &#8211; selitykset ja niiden arviointi Erkki Korpim\u00e4ki &amp; Mikael Nordstr\u00f6m:Alkuper\u00e4iset pienpedot, tuontipedot ja huippupetojen paluu: hy\u00f6dyllisi\u00e4 ja haitallisia vaikutuksia pienriistakantoihin?\u00a0 Patrik Byholm:Mets\u00e4kanalintujen runsauden vaikutus kanahaukan pesimismenestykseen Tuija Liukkonen,...","og_url":"https:\/\/www.riistasaatio.fi\/en\/product\/suomen-riista-50\/","og_site_name":"Suomen Riistanhoito-S\u00e4\u00e4ti\u00f6","article_modified_time":"2023-06-28T23:34:09+00:00","og_image":[{"width":280,"height":396,"url":"https:\/\/www.riistasaatio.fi\/wp-content\/uploads\/sr50-1.jpg","type":"image\/jpeg"}],"twitter_card":"summary_large_image","twitter_misc":{"Est. reading time":"1 minute"},"schema":{"@context":"https:\/\/schema.org","@graph":[{"@type":"WebPage","@id":"https:\/\/www.riistasaatio.fi\/en\/product\/suomen-riista-50\/","url":"https:\/\/www.riistasaatio.fi\/en\/product\/suomen-riista-50\/","name":"Suomen Riista 50 &#183; Suomen Riistanhoito-S\u00e4\u00e4ti\u00f6","isPartOf":{"@id":"https:\/\/www.riistasaatio.fi\/en\/#website"},"primaryImageOfPage":{"@id":"https:\/\/www.riistasaatio.fi\/en\/product\/suomen-riista-50\/#primaryimage"},"image":{"@id":"https:\/\/www.riistasaatio.fi\/en\/product\/suomen-riista-50\/#primaryimage"},"thumbnailUrl":"https:\/\/www.riistasaatio.fi\/wp-content\/uploads\/sr50-1.jpg","datePublished":"2023-06-28T23:34:04+00:00","dateModified":"2023-06-28T23:34:09+00:00","breadcrumb":{"@id":"https:\/\/www.riistasaatio.fi\/en\/product\/suomen-riista-50\/#breadcrumb"},"inLanguage":"en-US","potentialAction":[{"@type":"ReadAction","target":["https:\/\/www.riistasaatio.fi\/en\/product\/suomen-riista-50\/"]}]},{"@type":"ImageObject","inLanguage":"en-US","@id":"https:\/\/www.riistasaatio.fi\/en\/product\/suomen-riista-50\/#primaryimage","url":"https:\/\/www.riistasaatio.fi\/wp-content\/uploads\/sr50-1.jpg","contentUrl":"https:\/\/www.riistasaatio.fi\/wp-content\/uploads\/sr50-1.jpg","width":280,"height":396},{"@type":"BreadcrumbList","@id":"https:\/\/www.riistasaatio.fi\/en\/product\/suomen-riista-50\/#breadcrumb","itemListElement":[{"@type":"ListItem","position":1,"name":"Etusivu","item":"https:\/\/www.riistasaatio.fi\/en\/"},{"@type":"ListItem","position":2,"name":"Shop","item":"https:\/\/www.riistasaatio.fi\/en\/shop\/"},{"@type":"ListItem","position":3,"name":"Suomen Riista 50"}]},{"@type":"WebSite","@id":"https:\/\/www.riistasaatio.fi\/en\/#website","url":"https:\/\/www.riistasaatio.fi\/en\/","name":"Suomen Riistanhoito-S\u00e4\u00e4ti\u00f6","description":"","publisher":{"@id":"https:\/\/www.riistasaatio.fi\/en\/#organization"},"potentialAction":[{"@type":"SearchAction","target":{"@type":"EntryPoint","urlTemplate":"https:\/\/www.riistasaatio.fi\/en\/?s={search_term_string}"},"query-input":{"@type":"PropertyValueSpecification","valueRequired":true,"valueName":"search_term_string"}}],"inLanguage":"en-US"},{"@type":"Organization","@id":"https:\/\/www.riistasaatio.fi\/en\/#organization","name":"Suomen Riistanhoito-S\u00e4\u00e4ti\u00f6","url":"https:\/\/www.riistasaatio.fi\/en\/","logo":{"@type":"ImageObject","inLanguage":"en-US","@id":"https:\/\/www.riistasaatio.fi\/en\/#\/schema\/logo\/image\/","url":"https:\/\/www.riistasaatio.fi\/wp-content\/uploads\/suomen-riistanhoito-saatio-og.png","contentUrl":"https:\/\/www.riistasaatio.fi\/wp-content\/uploads\/suomen-riistanhoito-saatio-og.png","width":1200,"height":630,"caption":"Suomen Riistanhoito-S\u00e4\u00e4ti\u00f6"},"image":{"@id":"https:\/\/www.riistasaatio.fi\/en\/#\/schema\/logo\/image\/"}}]}},"taxonomy_info":{"product_cat":[{"value":54,"label":"Suomen Riista"}]},"featured_image_src_large":["https:\/\/www.riistasaatio.fi\/wp-content\/uploads\/sr50-1.jpg",280,396,false],"author_info":[],"comment_info":"","_links":{"self":[{"href":"https:\/\/www.riistasaatio.fi\/en\/wp-json\/wp\/v2\/product\/1976","targetHints":{"allow":["GET"]}}],"collection":[{"href":"https:\/\/www.riistasaatio.fi\/en\/wp-json\/wp\/v2\/product"}],"about":[{"href":"https:\/\/www.riistasaatio.fi\/en\/wp-json\/wp\/v2\/types\/product"}],"wp:featuredmedia":[{"embeddable":true,"href":"https:\/\/www.riistasaatio.fi\/en\/wp-json\/wp\/v2\/media\/1999"}],"wp:attachment":[{"href":"https:\/\/www.riistasaatio.fi\/en\/wp-json\/wp\/v2\/media?parent=1976"}],"wp:term":[{"taxonomy":"product_brand","embeddable":true,"href":"https:\/\/www.riistasaatio.fi\/en\/wp-json\/wp\/v2\/product_brand?post=1976"},{"taxonomy":"product_cat","embeddable":true,"href":"https:\/\/www.riistasaatio.fi\/en\/wp-json\/wp\/v2\/product_cat?post=1976"},{"taxonomy":"product_tag","embeddable":true,"href":"https:\/\/www.riistasaatio.fi\/en\/wp-json\/wp\/v2\/product_tag?post=1976"}],"curies":[{"name":"wp","href":"https:\/\/api.w.org\/{rel}","templated":true}]}}