{"id":1975,"date":"2023-06-29T02:34:04","date_gmt":"2023-06-28T23:34:04","guid":{"rendered":"https:\/\/www.riistasaatio.fi\/?post_type=product&#038;p=1975"},"modified":"2023-06-29T02:34:08","modified_gmt":"2023-06-28T23:34:08","slug":"suomen-riista-51","status":"publish","type":"product","link":"https:\/\/www.riistasaatio.fi\/en\/product\/suomen-riista-51\/","title":{"rendered":"Suomen Riista 51"},"content":{"rendered":"\r\n<p><em><strong>Hannu P\u00f6ys\u00e4:<\/strong><\/em> <a href=\"\/wp-content\/uploads\/sr51-5-6-weba2b.pdf\" target=\"_blank\" rel=\"noreferrer noopener\"><strong>PDF<\/strong><\/a><br \/>Puheenvuoro: Kest\u00e4v\u00e4 verotus ja vesilintuseurannan kansainv\u00e4liset haasteet<\/p>\r\n\r\n\r\n\r\n<p><br \/><em><strong>Heli Oja &amp; Hannu P\u00f6ys\u00e4:<\/strong><\/em><br \/>Kev\u00e4\u00e4n ajoittumisen vaikutus sinisorsan ja telk\u00e4n pesimisaikataulun ja poikasten lentokykyyn mets\u00e4styskauden alkaessa<\/p>\r\n\r\n\r\n\r\n<p><br \/><em><strong>Martti Hario, Jukka Rintala &amp; Karl Selin:<\/strong><\/em><br \/>Lentopoikastuotto haahkakannan s\u00e4\u00e4telytekij\u00e4n\u00e4<\/p>\r\n\r\n\r\n\r\n<p><br \/><em><strong>Petri Nummi, Johan Elmberg, Hannu P\u00f6ys\u00e4, Gunnar Gunnarsson &amp; Kjell Sj\u00f6berg:<\/strong><\/em><br \/>Varhaiset tavipoikueet asuttavat suotuisimmat laikut ja menestyv\u00e4t parhaiten<\/p>\r\n\r\n\r\n\r\n<p><br \/><em><strong>Markku Milonoff:<\/strong><\/em><br \/>Mik\u00e4 tekee metson hulluksi?<\/p>\r\n\r\n\r\n\r\n<p><br \/><em><strong>Antti Jaako, Ahti Putaala &amp; Arto Marjakangas:<\/strong><\/em><br \/>Teeren pes\u00e4n s\u00e4ilymiseen vaikuttavista tekij\u00f6ist\u00e4<\/p>\r\n\r\n\r\n\r\n<p><br \/><em><strong>Tuija Liukkonen:<\/strong><\/em><br \/>Suomen peltopyykannan geneettinen rakenne<\/p>\r\n\r\n\r\n\r\n<p><br \/><em><strong>Jani Pellikka, Hannu Rita &amp; Harto Lind\u00e9n:<\/strong><\/em><br \/>Riistakolmiolaskenta mets\u00e4stysseuroissa &#8211; mik\u00e4 motivoi mets\u00e4st\u00e4j\u00e4\u00e4 laskentoihin?<\/p>\r\n\r\n\r\n\r\n<p><br \/><em><strong>Ashley Selby, Leena Pet\u00e4jist\u00f6, Terhi Koskela &amp; Jukka Aarnio:<\/strong><\/em><br \/>Ik\u00e4\u00e4ntyminen hirvenmets\u00e4stysseurojen tulevaisuuden ongelmana?<\/p>\r\n","protected":false},"excerpt":{"rendered":"<p>Hannu P\u00f6ys\u00e4: PDFPuheenvuoro: Kest\u00e4v\u00e4 verotus ja vesilintuseurannan kansainv\u00e4liset haasteet Heli Oja &amp; Hannu P\u00f6ys\u00e4:Kev\u00e4\u00e4n ajoittumisen vaikutus sinisorsan ja telk\u00e4n pesimisaikataulun ja poikasten lentokykyyn mets\u00e4styskauden alkaessa Martti Hario, Jukka Rintala &amp; Karl Selin:Lentopoikastuotto haahkakannan s\u00e4\u00e4telytekij\u00e4n\u00e4 Petri Nummi, Johan Elmberg, Hannu P\u00f6ys\u00e4, Gunnar Gunnarsson &amp; Kjell Sj\u00f6berg:Varhaiset tavipoikueet asuttavat suotuisimmat laikut ja menestyv\u00e4t parhaiten Markku Milonoff:Mik\u00e4 tekee&#8230;<\/p>\n","protected":false},"featured_media":1997,"template":"","meta":{"_acf_changed":false,"content-type":"","_kad_blocks_custom_css":"","_kad_blocks_head_custom_js":"","_kad_blocks_body_custom_js":"","_kad_blocks_footer_custom_js":"","_kad_post_transparent":"","_kad_post_title":"","_kad_post_layout":"","_kad_post_sidebar_id":"","_kad_post_content_style":"","_kad_post_vertical_padding":"","_kad_post_feature":"","_kad_post_feature_position":"","_kad_post_header":false,"_kad_post_footer":false,"_kad_post_classname":""},"product_brand":[],"product_cat":[54],"product_tag":[],"class_list":{"0":"post-1975","1":"product","2":"type-product","3":"status-publish","4":"has-post-thumbnail","6":"product_cat-suomen-riista","8":"first","9":"instock","10":"shipping-taxable","11":"purchasable","12":"product-type-simple","13":"entry","14":"content-bg","15":"loop-entry"},"acf":[],"yoast_head":"<!-- This site is optimized with the Yoast SEO plugin v27.6 - https:\/\/yoast.com\/product\/yoast-seo-wordpress\/ -->\n<title>Suomen Riista 51 &#183; Suomen Riistanhoito-S\u00e4\u00e4ti\u00f6<\/title>\n<meta name=\"robots\" content=\"index, follow, max-snippet:-1, max-image-preview:large, max-video-preview:-1\" \/>\n<link rel=\"canonical\" href=\"https:\/\/www.riistasaatio.fi\/en\/product\/suomen-riista-51\/\" \/>\n<meta property=\"og:locale\" content=\"en_US\" \/>\n<meta property=\"og:type\" content=\"article\" \/>\n<meta property=\"og:title\" content=\"Suomen Riista 51 &#183; Suomen Riistanhoito-S\u00e4\u00e4ti\u00f6\" \/>\n<meta property=\"og:description\" content=\"Hannu P\u00f6ys\u00e4: PDFPuheenvuoro: Kest\u00e4v\u00e4 verotus ja vesilintuseurannan kansainv\u00e4liset haasteet Heli Oja &amp; Hannu P\u00f6ys\u00e4:Kev\u00e4\u00e4n ajoittumisen vaikutus sinisorsan ja telk\u00e4n pesimisaikataulun ja poikasten lentokykyyn mets\u00e4styskauden alkaessa Martti Hario, Jukka Rintala &amp; Karl Selin:Lentopoikastuotto haahkakannan s\u00e4\u00e4telytekij\u00e4n\u00e4 Petri Nummi, Johan Elmberg, Hannu P\u00f6ys\u00e4, Gunnar Gunnarsson &amp; Kjell Sj\u00f6berg:Varhaiset tavipoikueet asuttavat suotuisimmat laikut ja menestyv\u00e4t parhaiten Markku Milonoff:Mik\u00e4 tekee...\" \/>\n<meta property=\"og:url\" content=\"https:\/\/www.riistasaatio.fi\/en\/product\/suomen-riista-51\/\" \/>\n<meta property=\"og:site_name\" content=\"Suomen Riistanhoito-S\u00e4\u00e4ti\u00f6\" \/>\n<meta property=\"article:modified_time\" content=\"2023-06-28T23:34:08+00:00\" \/>\n<meta property=\"og:image\" content=\"https:\/\/www.riistasaatio.fi\/wp-content\/uploads\/sr51-1.jpg\" \/>\n\t<meta property=\"og:image:width\" content=\"280\" \/>\n\t<meta property=\"og:image:height\" content=\"397\" \/>\n\t<meta property=\"og:image:type\" content=\"image\/jpeg\" \/>\n<meta name=\"twitter:card\" content=\"summary_large_image\" \/>\n<meta name=\"twitter:label1\" content=\"Est. reading time\" \/>\n\t<meta name=\"twitter:data1\" content=\"1 minute\" \/>\n<script type=\"application\/ld+json\" class=\"yoast-schema-graph\">{\"@context\":\"https:\\\/\\\/schema.org\",\"@graph\":[{\"@type\":\"WebPage\",\"@id\":\"https:\\\/\\\/www.riistasaatio.fi\\\/en\\\/product\\\/suomen-riista-51\\\/\",\"url\":\"https:\\\/\\\/www.riistasaatio.fi\\\/en\\\/product\\\/suomen-riista-51\\\/\",\"name\":\"Suomen Riista 51 &#183; Suomen Riistanhoito-S\u00e4\u00e4ti\u00f6\",\"isPartOf\":{\"@id\":\"https:\\\/\\\/www.riistasaatio.fi\\\/en\\\/#website\"},\"primaryImageOfPage\":{\"@id\":\"https:\\\/\\\/www.riistasaatio.fi\\\/en\\\/product\\\/suomen-riista-51\\\/#primaryimage\"},\"image\":{\"@id\":\"https:\\\/\\\/www.riistasaatio.fi\\\/en\\\/product\\\/suomen-riista-51\\\/#primaryimage\"},\"thumbnailUrl\":\"https:\\\/\\\/www.riistasaatio.fi\\\/wp-content\\\/uploads\\\/sr51-1.jpg\",\"datePublished\":\"2023-06-28T23:34:04+00:00\",\"dateModified\":\"2023-06-28T23:34:08+00:00\",\"breadcrumb\":{\"@id\":\"https:\\\/\\\/www.riistasaatio.fi\\\/en\\\/product\\\/suomen-riista-51\\\/#breadcrumb\"},\"inLanguage\":\"en-US\",\"potentialAction\":[{\"@type\":\"ReadAction\",\"target\":[\"https:\\\/\\\/www.riistasaatio.fi\\\/en\\\/product\\\/suomen-riista-51\\\/\"]}]},{\"@type\":\"ImageObject\",\"inLanguage\":\"en-US\",\"@id\":\"https:\\\/\\\/www.riistasaatio.fi\\\/en\\\/product\\\/suomen-riista-51\\\/#primaryimage\",\"url\":\"https:\\\/\\\/www.riistasaatio.fi\\\/wp-content\\\/uploads\\\/sr51-1.jpg\",\"contentUrl\":\"https:\\\/\\\/www.riistasaatio.fi\\\/wp-content\\\/uploads\\\/sr51-1.jpg\",\"width\":280,\"height\":397},{\"@type\":\"BreadcrumbList\",\"@id\":\"https:\\\/\\\/www.riistasaatio.fi\\\/en\\\/product\\\/suomen-riista-51\\\/#breadcrumb\",\"itemListElement\":[{\"@type\":\"ListItem\",\"position\":1,\"name\":\"Etusivu\",\"item\":\"https:\\\/\\\/www.riistasaatio.fi\\\/en\\\/\"},{\"@type\":\"ListItem\",\"position\":2,\"name\":\"Shop\",\"item\":\"https:\\\/\\\/www.riistasaatio.fi\\\/en\\\/shop\\\/\"},{\"@type\":\"ListItem\",\"position\":3,\"name\":\"Suomen Riista 51\"}]},{\"@type\":\"WebSite\",\"@id\":\"https:\\\/\\\/www.riistasaatio.fi\\\/en\\\/#website\",\"url\":\"https:\\\/\\\/www.riistasaatio.fi\\\/en\\\/\",\"name\":\"Suomen Riistanhoito-S\u00e4\u00e4ti\u00f6\",\"description\":\"\",\"publisher\":{\"@id\":\"https:\\\/\\\/www.riistasaatio.fi\\\/en\\\/#organization\"},\"potentialAction\":[{\"@type\":\"SearchAction\",\"target\":{\"@type\":\"EntryPoint\",\"urlTemplate\":\"https:\\\/\\\/www.riistasaatio.fi\\\/en\\\/?s={search_term_string}\"},\"query-input\":{\"@type\":\"PropertyValueSpecification\",\"valueRequired\":true,\"valueName\":\"search_term_string\"}}],\"inLanguage\":\"en-US\"},{\"@type\":\"Organization\",\"@id\":\"https:\\\/\\\/www.riistasaatio.fi\\\/en\\\/#organization\",\"name\":\"Suomen Riistanhoito-S\u00e4\u00e4ti\u00f6\",\"url\":\"https:\\\/\\\/www.riistasaatio.fi\\\/en\\\/\",\"logo\":{\"@type\":\"ImageObject\",\"inLanguage\":\"en-US\",\"@id\":\"https:\\\/\\\/www.riistasaatio.fi\\\/en\\\/#\\\/schema\\\/logo\\\/image\\\/\",\"url\":\"https:\\\/\\\/www.riistasaatio.fi\\\/wp-content\\\/uploads\\\/suomen-riistanhoito-saatio-og.png\",\"contentUrl\":\"https:\\\/\\\/www.riistasaatio.fi\\\/wp-content\\\/uploads\\\/suomen-riistanhoito-saatio-og.png\",\"width\":1200,\"height\":630,\"caption\":\"Suomen Riistanhoito-S\u00e4\u00e4ti\u00f6\"},\"image\":{\"@id\":\"https:\\\/\\\/www.riistasaatio.fi\\\/en\\\/#\\\/schema\\\/logo\\\/image\\\/\"}}]}<\/script>\n<!-- \/ Yoast SEO plugin. -->","yoast_head_json":{"title":"Suomen Riista 51 &#183; Suomen Riistanhoito-S\u00e4\u00e4ti\u00f6","robots":{"index":"index","follow":"follow","max-snippet":"max-snippet:-1","max-image-preview":"max-image-preview:large","max-video-preview":"max-video-preview:-1"},"canonical":"https:\/\/www.riistasaatio.fi\/en\/product\/suomen-riista-51\/","og_locale":"en_US","og_type":"article","og_title":"Suomen Riista 51 &#183; Suomen Riistanhoito-S\u00e4\u00e4ti\u00f6","og_description":"Hannu P\u00f6ys\u00e4: PDFPuheenvuoro: Kest\u00e4v\u00e4 verotus ja vesilintuseurannan kansainv\u00e4liset haasteet Heli Oja &amp; Hannu P\u00f6ys\u00e4:Kev\u00e4\u00e4n ajoittumisen vaikutus sinisorsan ja telk\u00e4n pesimisaikataulun ja poikasten lentokykyyn mets\u00e4styskauden alkaessa Martti Hario, Jukka Rintala &amp; Karl Selin:Lentopoikastuotto haahkakannan s\u00e4\u00e4telytekij\u00e4n\u00e4 Petri Nummi, Johan Elmberg, Hannu P\u00f6ys\u00e4, Gunnar Gunnarsson &amp; Kjell Sj\u00f6berg:Varhaiset tavipoikueet asuttavat suotuisimmat laikut ja menestyv\u00e4t parhaiten Markku Milonoff:Mik\u00e4 tekee...","og_url":"https:\/\/www.riistasaatio.fi\/en\/product\/suomen-riista-51\/","og_site_name":"Suomen Riistanhoito-S\u00e4\u00e4ti\u00f6","article_modified_time":"2023-06-28T23:34:08+00:00","og_image":[{"width":280,"height":397,"url":"https:\/\/www.riistasaatio.fi\/wp-content\/uploads\/sr51-1.jpg","type":"image\/jpeg"}],"twitter_card":"summary_large_image","twitter_misc":{"Est. reading time":"1 minute"},"schema":{"@context":"https:\/\/schema.org","@graph":[{"@type":"WebPage","@id":"https:\/\/www.riistasaatio.fi\/en\/product\/suomen-riista-51\/","url":"https:\/\/www.riistasaatio.fi\/en\/product\/suomen-riista-51\/","name":"Suomen Riista 51 &#183; Suomen Riistanhoito-S\u00e4\u00e4ti\u00f6","isPartOf":{"@id":"https:\/\/www.riistasaatio.fi\/en\/#website"},"primaryImageOfPage":{"@id":"https:\/\/www.riistasaatio.fi\/en\/product\/suomen-riista-51\/#primaryimage"},"image":{"@id":"https:\/\/www.riistasaatio.fi\/en\/product\/suomen-riista-51\/#primaryimage"},"thumbnailUrl":"https:\/\/www.riistasaatio.fi\/wp-content\/uploads\/sr51-1.jpg","datePublished":"2023-06-28T23:34:04+00:00","dateModified":"2023-06-28T23:34:08+00:00","breadcrumb":{"@id":"https:\/\/www.riistasaatio.fi\/en\/product\/suomen-riista-51\/#breadcrumb"},"inLanguage":"en-US","potentialAction":[{"@type":"ReadAction","target":["https:\/\/www.riistasaatio.fi\/en\/product\/suomen-riista-51\/"]}]},{"@type":"ImageObject","inLanguage":"en-US","@id":"https:\/\/www.riistasaatio.fi\/en\/product\/suomen-riista-51\/#primaryimage","url":"https:\/\/www.riistasaatio.fi\/wp-content\/uploads\/sr51-1.jpg","contentUrl":"https:\/\/www.riistasaatio.fi\/wp-content\/uploads\/sr51-1.jpg","width":280,"height":397},{"@type":"BreadcrumbList","@id":"https:\/\/www.riistasaatio.fi\/en\/product\/suomen-riista-51\/#breadcrumb","itemListElement":[{"@type":"ListItem","position":1,"name":"Etusivu","item":"https:\/\/www.riistasaatio.fi\/en\/"},{"@type":"ListItem","position":2,"name":"Shop","item":"https:\/\/www.riistasaatio.fi\/en\/shop\/"},{"@type":"ListItem","position":3,"name":"Suomen Riista 51"}]},{"@type":"WebSite","@id":"https:\/\/www.riistasaatio.fi\/en\/#website","url":"https:\/\/www.riistasaatio.fi\/en\/","name":"Suomen Riistanhoito-S\u00e4\u00e4ti\u00f6","description":"","publisher":{"@id":"https:\/\/www.riistasaatio.fi\/en\/#organization"},"potentialAction":[{"@type":"SearchAction","target":{"@type":"EntryPoint","urlTemplate":"https:\/\/www.riistasaatio.fi\/en\/?s={search_term_string}"},"query-input":{"@type":"PropertyValueSpecification","valueRequired":true,"valueName":"search_term_string"}}],"inLanguage":"en-US"},{"@type":"Organization","@id":"https:\/\/www.riistasaatio.fi\/en\/#organization","name":"Suomen Riistanhoito-S\u00e4\u00e4ti\u00f6","url":"https:\/\/www.riistasaatio.fi\/en\/","logo":{"@type":"ImageObject","inLanguage":"en-US","@id":"https:\/\/www.riistasaatio.fi\/en\/#\/schema\/logo\/image\/","url":"https:\/\/www.riistasaatio.fi\/wp-content\/uploads\/suomen-riistanhoito-saatio-og.png","contentUrl":"https:\/\/www.riistasaatio.fi\/wp-content\/uploads\/suomen-riistanhoito-saatio-og.png","width":1200,"height":630,"caption":"Suomen Riistanhoito-S\u00e4\u00e4ti\u00f6"},"image":{"@id":"https:\/\/www.riistasaatio.fi\/en\/#\/schema\/logo\/image\/"}}]}},"taxonomy_info":{"product_cat":[{"value":54,"label":"Suomen Riista"}]},"featured_image_src_large":["https:\/\/www.riistasaatio.fi\/wp-content\/uploads\/sr51-1.jpg",280,397,false],"author_info":[],"comment_info":"","_links":{"self":[{"href":"https:\/\/www.riistasaatio.fi\/en\/wp-json\/wp\/v2\/product\/1975","targetHints":{"allow":["GET"]}}],"collection":[{"href":"https:\/\/www.riistasaatio.fi\/en\/wp-json\/wp\/v2\/product"}],"about":[{"href":"https:\/\/www.riistasaatio.fi\/en\/wp-json\/wp\/v2\/types\/product"}],"wp:featuredmedia":[{"embeddable":true,"href":"https:\/\/www.riistasaatio.fi\/en\/wp-json\/wp\/v2\/media\/1997"}],"wp:attachment":[{"href":"https:\/\/www.riistasaatio.fi\/en\/wp-json\/wp\/v2\/media?parent=1975"}],"wp:term":[{"taxonomy":"product_brand","embeddable":true,"href":"https:\/\/www.riistasaatio.fi\/en\/wp-json\/wp\/v2\/product_brand?post=1975"},{"taxonomy":"product_cat","embeddable":true,"href":"https:\/\/www.riistasaatio.fi\/en\/wp-json\/wp\/v2\/product_cat?post=1975"},{"taxonomy":"product_tag","embeddable":true,"href":"https:\/\/www.riistasaatio.fi\/en\/wp-json\/wp\/v2\/product_tag?post=1975"}],"curies":[{"name":"wp","href":"https:\/\/api.w.org\/{rel}","templated":true}]}}