{"id":1973,"date":"2023-06-29T02:34:03","date_gmt":"2023-06-28T23:34:03","guid":{"rendered":"https:\/\/www.riistasaatio.fi\/?post_type=product&#038;p=1973"},"modified":"2023-06-29T02:34:07","modified_gmt":"2023-06-28T23:34:07","slug":"suomen-riista-53","status":"publish","type":"product","link":"https:\/\/www.riistasaatio.fi\/en\/product\/suomen-riista-53\/","title":{"rendered":"Suomen Riista 53"},"content":{"rendered":"\r\n<p><em><strong>Sauli H\u00e4rk\u00f6nen:<\/strong><\/em><\/p>\r\n\r\n\r\n\r\n<p>Puheenvuoro: EU ja suurpetokantojen hoito Suomessa<br \/>\u00a0<\/p>\r\n\r\n\r\n\r\n<p><em><strong>Ilpo Kojola &amp; Samuli Heikkinen:<\/strong><\/em><\/p>\r\n\r\n\r\n\r\n<p>Yhteydet Suomen ja Skandinavian susikantojen v\u00e4lill\u00e4<br \/><br \/><em><strong>Kaarina Kauhala &amp; Katja Holmala:<\/strong><\/em> <a href=\"\/wp-content\/uploads\/sr53-25-41-weba2b1.pdf\" target=\"_blank\" rel=\"noreferrer noopener\"><strong>PDF<\/strong><\/a><br \/>Kissan elinymp\u00e4rist\u00f6nk\u00e4ytt\u00f6 kes\u00e4ll\u00e4 Kaakkois-Suomessa \u2013 pohdintaa kissan merkityksest\u00e4 luonnossamme<\/p>\r\n\r\n\r\n\r\n<p><em><strong>Heikki Henttonen, Matti Mela, Jukka Niemimaa &amp; Asko Kaikusalo:<\/strong><\/em><br \/>Naalikannan tilanne ja suojelu Suomessa ja Fennoskandiassa<br \/>\u00a0<\/p>\r\n\r\n\r\n\r\n<p><em><strong>Ilpo Kojola:<\/strong><\/em><\/p>\r\n\r\n\r\n\r\n<p>Petojen vaikutus mets\u00e4peurakannoissa<br \/>\u00a0<\/p>\r\n\r\n\r\n\r\n<p><em><strong>Veli-Matti V\u00e4\u00e4n\u00e4nen, Petri Nummi, Antti Rautiainen, Timo Asanti, Ilpo Huolman, Markku Mikkola-Roos, Jarkko Nurmi, Reijo Orava &amp; Pekka Rusanen:<\/strong><\/em><br \/>Vieraspeto kosteikoilla \u2013 vaikuttaako supikoira vesilintujen ja kahlaajien poikueiden m\u00e4\u00e4r\u00e4\u00e4n?<br \/>\u00a0<\/p>\r\n\r\n\r\n\r\n<p><em><strong>Jani Pellikka &amp; Pekka Salmi:<\/strong><\/em><\/p>\r\n\r\n\r\n\r\n<p>Osallisuus suurriistakantojen sidosryhm\u00e4neuvotteluissa \u2013 keit\u00e4 maakunnallisissa riista-asioissa kuullaan?<\/p>\r\n\r\n\r\n\r\n<p><em><strong>Jukka Bisi, Tuija Liukkonen, Sami Kurki &amp; Olavi Joensuu:<\/strong><\/em><br \/>Mets\u00e4styksen paradoksi \u2013 voiko pyynti olla suojelua?<br \/>\u00a0<\/p>\r\n\r\n\r\n\r\n<p><em><strong>Milla Niemi, Ere Grenfors, Anne Martin, Petri Nummi &amp; Jukka Tanner:<\/strong><\/em><\/p>\r\n\r\n\r\n\r\n<p>Tie tappaa \u2013 mihin el\u00e4imille tarkoitetut kulkureittiratkaisut kannattaa rakentaa?<br \/>\u00a0<\/p>\r\n\r\n\r\n\r\n<p>Pentti Valkeaj\u00e4rvi, Lauri Ij\u00e4s &amp; Teemu Lamberg:<\/p>\r\n\r\n\r\n\r\n<p>Metson soidinpaikat vaihtuvat \u2013 lyhyen ja pitk\u00e4n aikav\u00e4lin havaintoja<\/p>\r\n","protected":false},"excerpt":{"rendered":"<p>Sauli H\u00e4rk\u00f6nen: Puheenvuoro: EU ja suurpetokantojen hoito Suomessa\u00a0 Ilpo Kojola &amp; Samuli Heikkinen: Yhteydet Suomen ja Skandinavian susikantojen v\u00e4lill\u00e4 Kaarina Kauhala &amp; Katja Holmala: PDFKissan elinymp\u00e4rist\u00f6nk\u00e4ytt\u00f6 kes\u00e4ll\u00e4 Kaakkois-Suomessa \u2013 pohdintaa kissan merkityksest\u00e4 luonnossamme Heikki Henttonen, Matti Mela, Jukka Niemimaa &amp; Asko Kaikusalo:Naalikannan tilanne ja suojelu Suomessa ja Fennoskandiassa\u00a0 Ilpo Kojola: Petojen vaikutus mets\u00e4peurakannoissa\u00a0 Veli-Matti V\u00e4\u00e4n\u00e4nen,&#8230;<\/p>\n","protected":false},"featured_media":1993,"template":"","meta":{"_acf_changed":false,"content-type":"","_kad_blocks_custom_css":"","_kad_blocks_head_custom_js":"","_kad_blocks_body_custom_js":"","_kad_blocks_footer_custom_js":"","_kad_post_transparent":"","_kad_post_title":"","_kad_post_layout":"","_kad_post_sidebar_id":"","_kad_post_content_style":"","_kad_post_vertical_padding":"","_kad_post_feature":"","_kad_post_feature_position":"","_kad_post_header":false,"_kad_post_footer":false,"_kad_post_classname":""},"product_brand":[],"product_cat":[54],"product_tag":[],"class_list":{"0":"post-1973","1":"product","2":"type-product","3":"status-publish","4":"has-post-thumbnail","6":"product_cat-suomen-riista","8":"first","9":"instock","10":"shipping-taxable","11":"purchasable","12":"product-type-simple","13":"entry","14":"content-bg","15":"loop-entry"},"acf":[],"yoast_head":"<!-- This site is optimized with the Yoast SEO plugin v27.6 - https:\/\/yoast.com\/product\/yoast-seo-wordpress\/ -->\n<title>Suomen Riista 53 &#183; Suomen Riistanhoito-S\u00e4\u00e4ti\u00f6<\/title>\n<meta name=\"robots\" content=\"index, follow, max-snippet:-1, max-image-preview:large, max-video-preview:-1\" \/>\n<link rel=\"canonical\" href=\"https:\/\/www.riistasaatio.fi\/en\/product\/suomen-riista-53\/\" \/>\n<meta property=\"og:locale\" content=\"en_US\" \/>\n<meta property=\"og:type\" content=\"article\" \/>\n<meta property=\"og:title\" content=\"Suomen Riista 53 &#183; Suomen Riistanhoito-S\u00e4\u00e4ti\u00f6\" \/>\n<meta property=\"og:description\" content=\"Sauli H\u00e4rk\u00f6nen: Puheenvuoro: EU ja suurpetokantojen hoito Suomessa\u00a0 Ilpo Kojola &amp; Samuli Heikkinen: Yhteydet Suomen ja Skandinavian susikantojen v\u00e4lill\u00e4 Kaarina Kauhala &amp; Katja Holmala: PDFKissan elinymp\u00e4rist\u00f6nk\u00e4ytt\u00f6 kes\u00e4ll\u00e4 Kaakkois-Suomessa \u2013 pohdintaa kissan merkityksest\u00e4 luonnossamme Heikki Henttonen, Matti Mela, Jukka Niemimaa &amp; Asko Kaikusalo:Naalikannan tilanne ja suojelu Suomessa ja Fennoskandiassa\u00a0 Ilpo Kojola: Petojen vaikutus mets\u00e4peurakannoissa\u00a0 Veli-Matti V\u00e4\u00e4n\u00e4nen,...\" \/>\n<meta property=\"og:url\" content=\"https:\/\/www.riistasaatio.fi\/en\/product\/suomen-riista-53\/\" \/>\n<meta property=\"og:site_name\" content=\"Suomen Riistanhoito-S\u00e4\u00e4ti\u00f6\" \/>\n<meta property=\"article:modified_time\" content=\"2023-06-28T23:34:07+00:00\" \/>\n<meta property=\"og:image\" content=\"https:\/\/www.riistasaatio.fi\/wp-content\/uploads\/sr53-1.jpg\" \/>\n\t<meta property=\"og:image:width\" content=\"280\" \/>\n\t<meta property=\"og:image:height\" content=\"395\" \/>\n\t<meta property=\"og:image:type\" content=\"image\/jpeg\" \/>\n<meta name=\"twitter:card\" content=\"summary_large_image\" \/>\n<meta name=\"twitter:label1\" content=\"Est. reading time\" \/>\n\t<meta name=\"twitter:data1\" content=\"1 minute\" \/>\n<script type=\"application\/ld+json\" class=\"yoast-schema-graph\">{\"@context\":\"https:\\\/\\\/schema.org\",\"@graph\":[{\"@type\":\"WebPage\",\"@id\":\"https:\\\/\\\/www.riistasaatio.fi\\\/en\\\/product\\\/suomen-riista-53\\\/\",\"url\":\"https:\\\/\\\/www.riistasaatio.fi\\\/en\\\/product\\\/suomen-riista-53\\\/\",\"name\":\"Suomen Riista 53 &#183; Suomen Riistanhoito-S\u00e4\u00e4ti\u00f6\",\"isPartOf\":{\"@id\":\"https:\\\/\\\/www.riistasaatio.fi\\\/en\\\/#website\"},\"primaryImageOfPage\":{\"@id\":\"https:\\\/\\\/www.riistasaatio.fi\\\/en\\\/product\\\/suomen-riista-53\\\/#primaryimage\"},\"image\":{\"@id\":\"https:\\\/\\\/www.riistasaatio.fi\\\/en\\\/product\\\/suomen-riista-53\\\/#primaryimage\"},\"thumbnailUrl\":\"https:\\\/\\\/www.riistasaatio.fi\\\/wp-content\\\/uploads\\\/sr53-1.jpg\",\"datePublished\":\"2023-06-28T23:34:03+00:00\",\"dateModified\":\"2023-06-28T23:34:07+00:00\",\"breadcrumb\":{\"@id\":\"https:\\\/\\\/www.riistasaatio.fi\\\/en\\\/product\\\/suomen-riista-53\\\/#breadcrumb\"},\"inLanguage\":\"en-US\",\"potentialAction\":[{\"@type\":\"ReadAction\",\"target\":[\"https:\\\/\\\/www.riistasaatio.fi\\\/en\\\/product\\\/suomen-riista-53\\\/\"]}]},{\"@type\":\"ImageObject\",\"inLanguage\":\"en-US\",\"@id\":\"https:\\\/\\\/www.riistasaatio.fi\\\/en\\\/product\\\/suomen-riista-53\\\/#primaryimage\",\"url\":\"https:\\\/\\\/www.riistasaatio.fi\\\/wp-content\\\/uploads\\\/sr53-1.jpg\",\"contentUrl\":\"https:\\\/\\\/www.riistasaatio.fi\\\/wp-content\\\/uploads\\\/sr53-1.jpg\",\"width\":280,\"height\":395},{\"@type\":\"BreadcrumbList\",\"@id\":\"https:\\\/\\\/www.riistasaatio.fi\\\/en\\\/product\\\/suomen-riista-53\\\/#breadcrumb\",\"itemListElement\":[{\"@type\":\"ListItem\",\"position\":1,\"name\":\"Etusivu\",\"item\":\"https:\\\/\\\/www.riistasaatio.fi\\\/en\\\/\"},{\"@type\":\"ListItem\",\"position\":2,\"name\":\"Shop\",\"item\":\"https:\\\/\\\/www.riistasaatio.fi\\\/en\\\/shop\\\/\"},{\"@type\":\"ListItem\",\"position\":3,\"name\":\"Suomen Riista 53\"}]},{\"@type\":\"WebSite\",\"@id\":\"https:\\\/\\\/www.riistasaatio.fi\\\/en\\\/#website\",\"url\":\"https:\\\/\\\/www.riistasaatio.fi\\\/en\\\/\",\"name\":\"Suomen Riistanhoito-S\u00e4\u00e4ti\u00f6\",\"description\":\"\",\"publisher\":{\"@id\":\"https:\\\/\\\/www.riistasaatio.fi\\\/en\\\/#organization\"},\"potentialAction\":[{\"@type\":\"SearchAction\",\"target\":{\"@type\":\"EntryPoint\",\"urlTemplate\":\"https:\\\/\\\/www.riistasaatio.fi\\\/en\\\/?s={search_term_string}\"},\"query-input\":{\"@type\":\"PropertyValueSpecification\",\"valueRequired\":true,\"valueName\":\"search_term_string\"}}],\"inLanguage\":\"en-US\"},{\"@type\":\"Organization\",\"@id\":\"https:\\\/\\\/www.riistasaatio.fi\\\/en\\\/#organization\",\"name\":\"Suomen Riistanhoito-S\u00e4\u00e4ti\u00f6\",\"url\":\"https:\\\/\\\/www.riistasaatio.fi\\\/en\\\/\",\"logo\":{\"@type\":\"ImageObject\",\"inLanguage\":\"en-US\",\"@id\":\"https:\\\/\\\/www.riistasaatio.fi\\\/en\\\/#\\\/schema\\\/logo\\\/image\\\/\",\"url\":\"https:\\\/\\\/www.riistasaatio.fi\\\/wp-content\\\/uploads\\\/suomen-riistanhoito-saatio-og.png\",\"contentUrl\":\"https:\\\/\\\/www.riistasaatio.fi\\\/wp-content\\\/uploads\\\/suomen-riistanhoito-saatio-og.png\",\"width\":1200,\"height\":630,\"caption\":\"Suomen Riistanhoito-S\u00e4\u00e4ti\u00f6\"},\"image\":{\"@id\":\"https:\\\/\\\/www.riistasaatio.fi\\\/en\\\/#\\\/schema\\\/logo\\\/image\\\/\"}}]}<\/script>\n<!-- \/ Yoast SEO plugin. -->","yoast_head_json":{"title":"Suomen Riista 53 &#183; Suomen Riistanhoito-S\u00e4\u00e4ti\u00f6","robots":{"index":"index","follow":"follow","max-snippet":"max-snippet:-1","max-image-preview":"max-image-preview:large","max-video-preview":"max-video-preview:-1"},"canonical":"https:\/\/www.riistasaatio.fi\/en\/product\/suomen-riista-53\/","og_locale":"en_US","og_type":"article","og_title":"Suomen Riista 53 &#183; Suomen Riistanhoito-S\u00e4\u00e4ti\u00f6","og_description":"Sauli H\u00e4rk\u00f6nen: Puheenvuoro: EU ja suurpetokantojen hoito Suomessa\u00a0 Ilpo Kojola &amp; Samuli Heikkinen: Yhteydet Suomen ja Skandinavian susikantojen v\u00e4lill\u00e4 Kaarina Kauhala &amp; Katja Holmala: PDFKissan elinymp\u00e4rist\u00f6nk\u00e4ytt\u00f6 kes\u00e4ll\u00e4 Kaakkois-Suomessa \u2013 pohdintaa kissan merkityksest\u00e4 luonnossamme Heikki Henttonen, Matti Mela, Jukka Niemimaa &amp; Asko Kaikusalo:Naalikannan tilanne ja suojelu Suomessa ja Fennoskandiassa\u00a0 Ilpo Kojola: Petojen vaikutus mets\u00e4peurakannoissa\u00a0 Veli-Matti V\u00e4\u00e4n\u00e4nen,...","og_url":"https:\/\/www.riistasaatio.fi\/en\/product\/suomen-riista-53\/","og_site_name":"Suomen Riistanhoito-S\u00e4\u00e4ti\u00f6","article_modified_time":"2023-06-28T23:34:07+00:00","og_image":[{"width":280,"height":395,"url":"https:\/\/www.riistasaatio.fi\/wp-content\/uploads\/sr53-1.jpg","type":"image\/jpeg"}],"twitter_card":"summary_large_image","twitter_misc":{"Est. reading time":"1 minute"},"schema":{"@context":"https:\/\/schema.org","@graph":[{"@type":"WebPage","@id":"https:\/\/www.riistasaatio.fi\/en\/product\/suomen-riista-53\/","url":"https:\/\/www.riistasaatio.fi\/en\/product\/suomen-riista-53\/","name":"Suomen Riista 53 &#183; Suomen Riistanhoito-S\u00e4\u00e4ti\u00f6","isPartOf":{"@id":"https:\/\/www.riistasaatio.fi\/en\/#website"},"primaryImageOfPage":{"@id":"https:\/\/www.riistasaatio.fi\/en\/product\/suomen-riista-53\/#primaryimage"},"image":{"@id":"https:\/\/www.riistasaatio.fi\/en\/product\/suomen-riista-53\/#primaryimage"},"thumbnailUrl":"https:\/\/www.riistasaatio.fi\/wp-content\/uploads\/sr53-1.jpg","datePublished":"2023-06-28T23:34:03+00:00","dateModified":"2023-06-28T23:34:07+00:00","breadcrumb":{"@id":"https:\/\/www.riistasaatio.fi\/en\/product\/suomen-riista-53\/#breadcrumb"},"inLanguage":"en-US","potentialAction":[{"@type":"ReadAction","target":["https:\/\/www.riistasaatio.fi\/en\/product\/suomen-riista-53\/"]}]},{"@type":"ImageObject","inLanguage":"en-US","@id":"https:\/\/www.riistasaatio.fi\/en\/product\/suomen-riista-53\/#primaryimage","url":"https:\/\/www.riistasaatio.fi\/wp-content\/uploads\/sr53-1.jpg","contentUrl":"https:\/\/www.riistasaatio.fi\/wp-content\/uploads\/sr53-1.jpg","width":280,"height":395},{"@type":"BreadcrumbList","@id":"https:\/\/www.riistasaatio.fi\/en\/product\/suomen-riista-53\/#breadcrumb","itemListElement":[{"@type":"ListItem","position":1,"name":"Etusivu","item":"https:\/\/www.riistasaatio.fi\/en\/"},{"@type":"ListItem","position":2,"name":"Shop","item":"https:\/\/www.riistasaatio.fi\/en\/shop\/"},{"@type":"ListItem","position":3,"name":"Suomen Riista 53"}]},{"@type":"WebSite","@id":"https:\/\/www.riistasaatio.fi\/en\/#website","url":"https:\/\/www.riistasaatio.fi\/en\/","name":"Suomen Riistanhoito-S\u00e4\u00e4ti\u00f6","description":"","publisher":{"@id":"https:\/\/www.riistasaatio.fi\/en\/#organization"},"potentialAction":[{"@type":"SearchAction","target":{"@type":"EntryPoint","urlTemplate":"https:\/\/www.riistasaatio.fi\/en\/?s={search_term_string}"},"query-input":{"@type":"PropertyValueSpecification","valueRequired":true,"valueName":"search_term_string"}}],"inLanguage":"en-US"},{"@type":"Organization","@id":"https:\/\/www.riistasaatio.fi\/en\/#organization","name":"Suomen Riistanhoito-S\u00e4\u00e4ti\u00f6","url":"https:\/\/www.riistasaatio.fi\/en\/","logo":{"@type":"ImageObject","inLanguage":"en-US","@id":"https:\/\/www.riistasaatio.fi\/en\/#\/schema\/logo\/image\/","url":"https:\/\/www.riistasaatio.fi\/wp-content\/uploads\/suomen-riistanhoito-saatio-og.png","contentUrl":"https:\/\/www.riistasaatio.fi\/wp-content\/uploads\/suomen-riistanhoito-saatio-og.png","width":1200,"height":630,"caption":"Suomen Riistanhoito-S\u00e4\u00e4ti\u00f6"},"image":{"@id":"https:\/\/www.riistasaatio.fi\/en\/#\/schema\/logo\/image\/"}}]}},"taxonomy_info":{"product_cat":[{"value":54,"label":"Suomen Riista"}]},"featured_image_src_large":["https:\/\/www.riistasaatio.fi\/wp-content\/uploads\/sr53-1.jpg",280,395,false],"author_info":[],"comment_info":"","_links":{"self":[{"href":"https:\/\/www.riistasaatio.fi\/en\/wp-json\/wp\/v2\/product\/1973","targetHints":{"allow":["GET"]}}],"collection":[{"href":"https:\/\/www.riistasaatio.fi\/en\/wp-json\/wp\/v2\/product"}],"about":[{"href":"https:\/\/www.riistasaatio.fi\/en\/wp-json\/wp\/v2\/types\/product"}],"wp:featuredmedia":[{"embeddable":true,"href":"https:\/\/www.riistasaatio.fi\/en\/wp-json\/wp\/v2\/media\/1993"}],"wp:attachment":[{"href":"https:\/\/www.riistasaatio.fi\/en\/wp-json\/wp\/v2\/media?parent=1973"}],"wp:term":[{"taxonomy":"product_brand","embeddable":true,"href":"https:\/\/www.riistasaatio.fi\/en\/wp-json\/wp\/v2\/product_brand?post=1973"},{"taxonomy":"product_cat","embeddable":true,"href":"https:\/\/www.riistasaatio.fi\/en\/wp-json\/wp\/v2\/product_cat?post=1973"},{"taxonomy":"product_tag","embeddable":true,"href":"https:\/\/www.riistasaatio.fi\/en\/wp-json\/wp\/v2\/product_tag?post=1973"}],"curies":[{"name":"wp","href":"https:\/\/api.w.org\/{rel}","templated":true}]}}