{"id":1972,"date":"2023-06-29T02:34:03","date_gmt":"2023-06-28T23:34:03","guid":{"rendered":"https:\/\/www.riistasaatio.fi\/?post_type=product&#038;p=1972"},"modified":"2023-06-29T02:34:07","modified_gmt":"2023-06-28T23:34:07","slug":"suomen-riista-54","status":"publish","type":"product","link":"https:\/\/www.riistasaatio.fi\/en\/product\/suomen-riista-54\/","title":{"rendered":"Suomen Riista 54"},"content":{"rendered":"\r\n<p><em><strong>Vesa Ruusila:<\/strong><\/em> <a href=\"\/wp-content\/uploads\/sr54-5-6-web-a2b.pdf\" target=\"_blank\" rel=\"noreferrer noopener\"><strong>PDF<\/strong><\/a><br \/>Puheenvuoro: Tutkimus ja tavoitteenasettelu hirvikantojen s\u00e4\u00e4telyss\u00e4<br \/><br \/><em><strong>Sauli H\u00e4rk\u00f6nen, Kalle Eerik\u00e4inen, Riikka L\u00e4hteenm\u00e4ki &amp; Risto Heikkil\u00e4:<\/strong><\/em><br \/>H\u00e4vitt\u00e4\u00e4k\u00f6 hirvi haavat?<br \/><br \/><em><strong>Jukka Aarnio, Leena Pet\u00e4jist\u00f6, Ashley Selby &amp; Risto Heikkil\u00e4:<\/strong><\/em><br \/>Hirvikannan kasvun vaikutus mets\u00e4styshalukkuuteen<br \/><br \/><em><strong>Jani Pellikka, Sauli H\u00e4rk\u00f6nen, Juha Hiedanp\u00e4\u00e4 &amp; Janne Jaakkola: <\/strong><\/em><a href=\"\/wp-content\/uploads\/sr54-28-40-web-a2b.pdf\" target=\"_blank\" rel=\"noreferrer noopener\"><strong>PDF<\/strong><\/a> Hirvenmets\u00e4stysseurueiden k\u00e4sityksi\u00e4 sidosryhmien suhtautumisesta pyyntilupien k\u00e4ytt\u00f6\u00f6n<br \/><br \/><em><strong>Ashley Selby, Leena Pet\u00e4jist\u00f6 &amp; Terhi Koskela:<\/strong><\/em><br \/>Hirvenmets\u00e4st\u00e4jien asenteet mets\u00e4stysseurojen uudistumista kohtaan<br \/><br \/><em><strong>Markku Laulumaa &amp; Veli-Matti V\u00e4\u00e4n\u00e4nen:<\/strong><\/em><br \/>Pyyntiluvista luopumisen vaikutus mets\u00e4kauriin mets\u00e4stysverotukseen<br \/><br \/><em><strong>Jouko Kumpula, Alfred Colpaert &amp; Ari Tanskanen:<\/strong><\/em><br \/>Porojen laidunten valinta muuttuneessa mets\u00e4- ja maisemarakenteessa Keski-Lapissa<br \/><br \/><em><strong>Seppo Sulkava, Heikki Lokki &amp; Juhani Koivu:<\/strong><\/em><br \/>Huuhkajan pesimisaikainen ravinto H\u00e4meess\u00e4 1994\u20132006<br \/><br \/><em><strong>Petri Nummi, Terho Hyv\u00f6nen &amp; Saara Kattainen:<\/strong><\/em><br \/>Majava muokkaa mets\u00e4\u00e4 \u2013 tarkastelua laikun ja maiseman tasolla<br \/><br \/><em><strong>Martti Hario:<\/strong><\/em><br \/>Vaaran v\u00e4ltt\u00e4minen pilkkasiipipoikueiden ravintovesill\u00e4<\/p>\r\n","protected":false},"excerpt":{"rendered":"<p>Vesa Ruusila: PDFPuheenvuoro: Tutkimus ja tavoitteenasettelu hirvikantojen s\u00e4\u00e4telyss\u00e4 Sauli H\u00e4rk\u00f6nen, Kalle Eerik\u00e4inen, Riikka L\u00e4hteenm\u00e4ki &amp; Risto Heikkil\u00e4:H\u00e4vitt\u00e4\u00e4k\u00f6 hirvi haavat? Jukka Aarnio, Leena Pet\u00e4jist\u00f6, Ashley Selby &amp; Risto Heikkil\u00e4:Hirvikannan kasvun vaikutus mets\u00e4styshalukkuuteen Jani Pellikka, Sauli H\u00e4rk\u00f6nen, Juha Hiedanp\u00e4\u00e4 &amp; Janne Jaakkola: PDF Hirvenmets\u00e4stysseurueiden k\u00e4sityksi\u00e4 sidosryhmien suhtautumisesta pyyntilupien k\u00e4ytt\u00f6\u00f6n Ashley Selby, Leena Pet\u00e4jist\u00f6 &amp; Terhi Koskela:Hirvenmets\u00e4st\u00e4jien asenteet&#8230;<\/p>\n","protected":false},"featured_media":1991,"template":"","meta":{"_acf_changed":false,"content-type":"","_kad_blocks_custom_css":"","_kad_blocks_head_custom_js":"","_kad_blocks_body_custom_js":"","_kad_blocks_footer_custom_js":"","_kad_post_transparent":"","_kad_post_title":"","_kad_post_layout":"","_kad_post_sidebar_id":"","_kad_post_content_style":"","_kad_post_vertical_padding":"","_kad_post_feature":"","_kad_post_feature_position":"","_kad_post_header":false,"_kad_post_footer":false,"_kad_post_classname":""},"product_brand":[],"product_cat":[54],"product_tag":[],"class_list":{"0":"post-1972","1":"product","2":"type-product","3":"status-publish","4":"has-post-thumbnail","6":"product_cat-suomen-riista","8":"first","9":"instock","10":"shipping-taxable","11":"purchasable","12":"product-type-simple","13":"entry","14":"content-bg","15":"loop-entry"},"acf":[],"yoast_head":"<!-- This site is optimized with the Yoast SEO plugin v27.6 - https:\/\/yoast.com\/product\/yoast-seo-wordpress\/ -->\n<title>Suomen Riista 54 &#183; Suomen Riistanhoito-S\u00e4\u00e4ti\u00f6<\/title>\n<meta name=\"robots\" content=\"index, follow, max-snippet:-1, max-image-preview:large, max-video-preview:-1\" \/>\n<link rel=\"canonical\" href=\"https:\/\/www.riistasaatio.fi\/en\/product\/suomen-riista-54\/\" \/>\n<meta property=\"og:locale\" content=\"en_US\" \/>\n<meta property=\"og:type\" content=\"article\" \/>\n<meta property=\"og:title\" content=\"Suomen Riista 54 &#183; Suomen Riistanhoito-S\u00e4\u00e4ti\u00f6\" \/>\n<meta property=\"og:description\" content=\"Vesa Ruusila: PDFPuheenvuoro: Tutkimus ja tavoitteenasettelu hirvikantojen s\u00e4\u00e4telyss\u00e4 Sauli H\u00e4rk\u00f6nen, Kalle Eerik\u00e4inen, Riikka L\u00e4hteenm\u00e4ki &amp; Risto Heikkil\u00e4:H\u00e4vitt\u00e4\u00e4k\u00f6 hirvi haavat? Jukka Aarnio, Leena Pet\u00e4jist\u00f6, Ashley Selby &amp; Risto Heikkil\u00e4:Hirvikannan kasvun vaikutus mets\u00e4styshalukkuuteen Jani Pellikka, Sauli H\u00e4rk\u00f6nen, Juha Hiedanp\u00e4\u00e4 &amp; Janne Jaakkola: PDF Hirvenmets\u00e4stysseurueiden k\u00e4sityksi\u00e4 sidosryhmien suhtautumisesta pyyntilupien k\u00e4ytt\u00f6\u00f6n Ashley Selby, Leena Pet\u00e4jist\u00f6 &amp; Terhi Koskela:Hirvenmets\u00e4st\u00e4jien asenteet...\" \/>\n<meta property=\"og:url\" content=\"https:\/\/www.riistasaatio.fi\/en\/product\/suomen-riista-54\/\" \/>\n<meta property=\"og:site_name\" content=\"Suomen Riistanhoito-S\u00e4\u00e4ti\u00f6\" \/>\n<meta property=\"article:modified_time\" content=\"2023-06-28T23:34:07+00:00\" \/>\n<meta property=\"og:image\" content=\"https:\/\/www.riistasaatio.fi\/wp-content\/uploads\/sr54-1.jpg\" \/>\n\t<meta property=\"og:image:width\" content=\"280\" \/>\n\t<meta property=\"og:image:height\" content=\"396\" \/>\n\t<meta property=\"og:image:type\" content=\"image\/jpeg\" \/>\n<meta name=\"twitter:card\" content=\"summary_large_image\" \/>\n<meta name=\"twitter:label1\" content=\"Est. reading time\" \/>\n\t<meta name=\"twitter:data1\" content=\"1 minute\" \/>\n<script type=\"application\/ld+json\" class=\"yoast-schema-graph\">{\"@context\":\"https:\\\/\\\/schema.org\",\"@graph\":[{\"@type\":\"WebPage\",\"@id\":\"https:\\\/\\\/www.riistasaatio.fi\\\/en\\\/product\\\/suomen-riista-54\\\/\",\"url\":\"https:\\\/\\\/www.riistasaatio.fi\\\/en\\\/product\\\/suomen-riista-54\\\/\",\"name\":\"Suomen Riista 54 &#183; Suomen Riistanhoito-S\u00e4\u00e4ti\u00f6\",\"isPartOf\":{\"@id\":\"https:\\\/\\\/www.riistasaatio.fi\\\/en\\\/#website\"},\"primaryImageOfPage\":{\"@id\":\"https:\\\/\\\/www.riistasaatio.fi\\\/en\\\/product\\\/suomen-riista-54\\\/#primaryimage\"},\"image\":{\"@id\":\"https:\\\/\\\/www.riistasaatio.fi\\\/en\\\/product\\\/suomen-riista-54\\\/#primaryimage\"},\"thumbnailUrl\":\"https:\\\/\\\/www.riistasaatio.fi\\\/wp-content\\\/uploads\\\/sr54-1.jpg\",\"datePublished\":\"2023-06-28T23:34:03+00:00\",\"dateModified\":\"2023-06-28T23:34:07+00:00\",\"breadcrumb\":{\"@id\":\"https:\\\/\\\/www.riistasaatio.fi\\\/en\\\/product\\\/suomen-riista-54\\\/#breadcrumb\"},\"inLanguage\":\"en-US\",\"potentialAction\":[{\"@type\":\"ReadAction\",\"target\":[\"https:\\\/\\\/www.riistasaatio.fi\\\/en\\\/product\\\/suomen-riista-54\\\/\"]}]},{\"@type\":\"ImageObject\",\"inLanguage\":\"en-US\",\"@id\":\"https:\\\/\\\/www.riistasaatio.fi\\\/en\\\/product\\\/suomen-riista-54\\\/#primaryimage\",\"url\":\"https:\\\/\\\/www.riistasaatio.fi\\\/wp-content\\\/uploads\\\/sr54-1.jpg\",\"contentUrl\":\"https:\\\/\\\/www.riistasaatio.fi\\\/wp-content\\\/uploads\\\/sr54-1.jpg\",\"width\":280,\"height\":396},{\"@type\":\"BreadcrumbList\",\"@id\":\"https:\\\/\\\/www.riistasaatio.fi\\\/en\\\/product\\\/suomen-riista-54\\\/#breadcrumb\",\"itemListElement\":[{\"@type\":\"ListItem\",\"position\":1,\"name\":\"Etusivu\",\"item\":\"https:\\\/\\\/www.riistasaatio.fi\\\/en\\\/\"},{\"@type\":\"ListItem\",\"position\":2,\"name\":\"Shop\",\"item\":\"https:\\\/\\\/www.riistasaatio.fi\\\/en\\\/shop\\\/\"},{\"@type\":\"ListItem\",\"position\":3,\"name\":\"Suomen Riista 54\"}]},{\"@type\":\"WebSite\",\"@id\":\"https:\\\/\\\/www.riistasaatio.fi\\\/en\\\/#website\",\"url\":\"https:\\\/\\\/www.riistasaatio.fi\\\/en\\\/\",\"name\":\"Suomen Riistanhoito-S\u00e4\u00e4ti\u00f6\",\"description\":\"\",\"publisher\":{\"@id\":\"https:\\\/\\\/www.riistasaatio.fi\\\/en\\\/#organization\"},\"potentialAction\":[{\"@type\":\"SearchAction\",\"target\":{\"@type\":\"EntryPoint\",\"urlTemplate\":\"https:\\\/\\\/www.riistasaatio.fi\\\/en\\\/?s={search_term_string}\"},\"query-input\":{\"@type\":\"PropertyValueSpecification\",\"valueRequired\":true,\"valueName\":\"search_term_string\"}}],\"inLanguage\":\"en-US\"},{\"@type\":\"Organization\",\"@id\":\"https:\\\/\\\/www.riistasaatio.fi\\\/en\\\/#organization\",\"name\":\"Suomen Riistanhoito-S\u00e4\u00e4ti\u00f6\",\"url\":\"https:\\\/\\\/www.riistasaatio.fi\\\/en\\\/\",\"logo\":{\"@type\":\"ImageObject\",\"inLanguage\":\"en-US\",\"@id\":\"https:\\\/\\\/www.riistasaatio.fi\\\/en\\\/#\\\/schema\\\/logo\\\/image\\\/\",\"url\":\"https:\\\/\\\/www.riistasaatio.fi\\\/wp-content\\\/uploads\\\/suomen-riistanhoito-saatio-og.png\",\"contentUrl\":\"https:\\\/\\\/www.riistasaatio.fi\\\/wp-content\\\/uploads\\\/suomen-riistanhoito-saatio-og.png\",\"width\":1200,\"height\":630,\"caption\":\"Suomen Riistanhoito-S\u00e4\u00e4ti\u00f6\"},\"image\":{\"@id\":\"https:\\\/\\\/www.riistasaatio.fi\\\/en\\\/#\\\/schema\\\/logo\\\/image\\\/\"}}]}<\/script>\n<!-- \/ Yoast SEO plugin. -->","yoast_head_json":{"title":"Suomen Riista 54 &#183; Suomen Riistanhoito-S\u00e4\u00e4ti\u00f6","robots":{"index":"index","follow":"follow","max-snippet":"max-snippet:-1","max-image-preview":"max-image-preview:large","max-video-preview":"max-video-preview:-1"},"canonical":"https:\/\/www.riistasaatio.fi\/en\/product\/suomen-riista-54\/","og_locale":"en_US","og_type":"article","og_title":"Suomen Riista 54 &#183; Suomen Riistanhoito-S\u00e4\u00e4ti\u00f6","og_description":"Vesa Ruusila: PDFPuheenvuoro: Tutkimus ja tavoitteenasettelu hirvikantojen s\u00e4\u00e4telyss\u00e4 Sauli H\u00e4rk\u00f6nen, Kalle Eerik\u00e4inen, Riikka L\u00e4hteenm\u00e4ki &amp; Risto Heikkil\u00e4:H\u00e4vitt\u00e4\u00e4k\u00f6 hirvi haavat? Jukka Aarnio, Leena Pet\u00e4jist\u00f6, Ashley Selby &amp; Risto Heikkil\u00e4:Hirvikannan kasvun vaikutus mets\u00e4styshalukkuuteen Jani Pellikka, Sauli H\u00e4rk\u00f6nen, Juha Hiedanp\u00e4\u00e4 &amp; Janne Jaakkola: PDF Hirvenmets\u00e4stysseurueiden k\u00e4sityksi\u00e4 sidosryhmien suhtautumisesta pyyntilupien k\u00e4ytt\u00f6\u00f6n Ashley Selby, Leena Pet\u00e4jist\u00f6 &amp; Terhi Koskela:Hirvenmets\u00e4st\u00e4jien asenteet...","og_url":"https:\/\/www.riistasaatio.fi\/en\/product\/suomen-riista-54\/","og_site_name":"Suomen Riistanhoito-S\u00e4\u00e4ti\u00f6","article_modified_time":"2023-06-28T23:34:07+00:00","og_image":[{"width":280,"height":396,"url":"https:\/\/www.riistasaatio.fi\/wp-content\/uploads\/sr54-1.jpg","type":"image\/jpeg"}],"twitter_card":"summary_large_image","twitter_misc":{"Est. reading time":"1 minute"},"schema":{"@context":"https:\/\/schema.org","@graph":[{"@type":"WebPage","@id":"https:\/\/www.riistasaatio.fi\/en\/product\/suomen-riista-54\/","url":"https:\/\/www.riistasaatio.fi\/en\/product\/suomen-riista-54\/","name":"Suomen Riista 54 &#183; Suomen Riistanhoito-S\u00e4\u00e4ti\u00f6","isPartOf":{"@id":"https:\/\/www.riistasaatio.fi\/en\/#website"},"primaryImageOfPage":{"@id":"https:\/\/www.riistasaatio.fi\/en\/product\/suomen-riista-54\/#primaryimage"},"image":{"@id":"https:\/\/www.riistasaatio.fi\/en\/product\/suomen-riista-54\/#primaryimage"},"thumbnailUrl":"https:\/\/www.riistasaatio.fi\/wp-content\/uploads\/sr54-1.jpg","datePublished":"2023-06-28T23:34:03+00:00","dateModified":"2023-06-28T23:34:07+00:00","breadcrumb":{"@id":"https:\/\/www.riistasaatio.fi\/en\/product\/suomen-riista-54\/#breadcrumb"},"inLanguage":"en-US","potentialAction":[{"@type":"ReadAction","target":["https:\/\/www.riistasaatio.fi\/en\/product\/suomen-riista-54\/"]}]},{"@type":"ImageObject","inLanguage":"en-US","@id":"https:\/\/www.riistasaatio.fi\/en\/product\/suomen-riista-54\/#primaryimage","url":"https:\/\/www.riistasaatio.fi\/wp-content\/uploads\/sr54-1.jpg","contentUrl":"https:\/\/www.riistasaatio.fi\/wp-content\/uploads\/sr54-1.jpg","width":280,"height":396},{"@type":"BreadcrumbList","@id":"https:\/\/www.riistasaatio.fi\/en\/product\/suomen-riista-54\/#breadcrumb","itemListElement":[{"@type":"ListItem","position":1,"name":"Etusivu","item":"https:\/\/www.riistasaatio.fi\/en\/"},{"@type":"ListItem","position":2,"name":"Shop","item":"https:\/\/www.riistasaatio.fi\/en\/shop\/"},{"@type":"ListItem","position":3,"name":"Suomen Riista 54"}]},{"@type":"WebSite","@id":"https:\/\/www.riistasaatio.fi\/en\/#website","url":"https:\/\/www.riistasaatio.fi\/en\/","name":"Suomen Riistanhoito-S\u00e4\u00e4ti\u00f6","description":"","publisher":{"@id":"https:\/\/www.riistasaatio.fi\/en\/#organization"},"potentialAction":[{"@type":"SearchAction","target":{"@type":"EntryPoint","urlTemplate":"https:\/\/www.riistasaatio.fi\/en\/?s={search_term_string}"},"query-input":{"@type":"PropertyValueSpecification","valueRequired":true,"valueName":"search_term_string"}}],"inLanguage":"en-US"},{"@type":"Organization","@id":"https:\/\/www.riistasaatio.fi\/en\/#organization","name":"Suomen Riistanhoito-S\u00e4\u00e4ti\u00f6","url":"https:\/\/www.riistasaatio.fi\/en\/","logo":{"@type":"ImageObject","inLanguage":"en-US","@id":"https:\/\/www.riistasaatio.fi\/en\/#\/schema\/logo\/image\/","url":"https:\/\/www.riistasaatio.fi\/wp-content\/uploads\/suomen-riistanhoito-saatio-og.png","contentUrl":"https:\/\/www.riistasaatio.fi\/wp-content\/uploads\/suomen-riistanhoito-saatio-og.png","width":1200,"height":630,"caption":"Suomen Riistanhoito-S\u00e4\u00e4ti\u00f6"},"image":{"@id":"https:\/\/www.riistasaatio.fi\/en\/#\/schema\/logo\/image\/"}}]}},"taxonomy_info":{"product_cat":[{"value":54,"label":"Suomen Riista"}]},"featured_image_src_large":["https:\/\/www.riistasaatio.fi\/wp-content\/uploads\/sr54-1.jpg",280,396,false],"author_info":[],"comment_info":"","_links":{"self":[{"href":"https:\/\/www.riistasaatio.fi\/en\/wp-json\/wp\/v2\/product\/1972","targetHints":{"allow":["GET"]}}],"collection":[{"href":"https:\/\/www.riistasaatio.fi\/en\/wp-json\/wp\/v2\/product"}],"about":[{"href":"https:\/\/www.riistasaatio.fi\/en\/wp-json\/wp\/v2\/types\/product"}],"wp:featuredmedia":[{"embeddable":true,"href":"https:\/\/www.riistasaatio.fi\/en\/wp-json\/wp\/v2\/media\/1991"}],"wp:attachment":[{"href":"https:\/\/www.riistasaatio.fi\/en\/wp-json\/wp\/v2\/media?parent=1972"}],"wp:term":[{"taxonomy":"product_brand","embeddable":true,"href":"https:\/\/www.riistasaatio.fi\/en\/wp-json\/wp\/v2\/product_brand?post=1972"},{"taxonomy":"product_cat","embeddable":true,"href":"https:\/\/www.riistasaatio.fi\/en\/wp-json\/wp\/v2\/product_cat?post=1972"},{"taxonomy":"product_tag","embeddable":true,"href":"https:\/\/www.riistasaatio.fi\/en\/wp-json\/wp\/v2\/product_tag?post=1972"}],"curies":[{"name":"wp","href":"https:\/\/api.w.org\/{rel}","templated":true}]}}