{"id":1971,"date":"2023-06-29T02:34:03","date_gmt":"2023-06-28T23:34:03","guid":{"rendered":"https:\/\/www.riistasaatio.fi\/?post_type=product&#038;p=1971"},"modified":"2023-06-29T02:34:07","modified_gmt":"2023-06-28T23:34:07","slug":"suomen-riista-55","status":"publish","type":"product","link":"https:\/\/www.riistasaatio.fi\/en\/product\/suomen-riista-55\/","title":{"rendered":"Suomen Riista 55"},"content":{"rendered":"\r\n<p><em><strong>Harto Lind\u00e9n:\u00a0 <\/strong><\/em><a href=\"\/wp-content\/uploads\/sr-55-5-6-web-a2b.pdf\" target=\"_blank\" rel=\"noreferrer noopener\"><strong>PDF<\/strong><\/a><\/p>\r\n\r\n\r\n\r\n<p>Puheenvuoro: Heikkona mets\u00e4kanalintuihin<br \/>\u00a0<\/p>\r\n\r\n\r\n\r\n<p><em><strong>Gilbert Ludwig: <\/strong><\/em><a href=\"\/wp-content\/uploads\/sr-55-7-18web-a2b.pdf\" target=\"_blank\" rel=\"noreferrer noopener\"><strong>PDF<\/strong><\/a><\/p>\r\n\r\n\r\n\r\n<p>Mets\u00e4kanalintukannat ymp\u00e4rist\u00f6n- ja ilmastonmuutoksen puristuksessa<\/p>\r\n\r\n\r\n\r\n<p><br \/><em><strong>Timo E. Niemel\u00e4 &amp; Harto Lind\u00e9n:<\/strong><\/em><\/p>\r\n\r\n\r\n\r\n<p>Sopeutuuko metso muuttuvaan talvi-ilmastoon?<\/p>\r\n\r\n\r\n\r\n<p><br \/><em><strong>Heidi Kallioniemi, Veli-Matti V\u00e4\u00e4n\u00e4nen, Petri Nummi &amp; Juha Virtanen: <\/strong><\/em>Fasaanipoikueet suomalaisessa peltomaisemassa<\/p>\r\n\r\n\r\n\r\n<p><br \/><em><strong>Kaarina Kauhala: <\/strong><\/em><a href=\"\/wp-content\/uploads\/sr-55-45-62web-a2b.pdf\" target=\"_blank\" rel=\"noreferrer noopener\"><strong>PDF<\/strong><\/a><\/p>\r\n\r\n\r\n\r\n<p>Kaikkiruokaisen supikoiran ravinto Euroopassa ja Kaukoid\u00e4ss\u00e4<\/p>\r\n\r\n\r\n\r\n<p><br \/><em><strong>Ilpo Kojola ja Katja Holmala:<\/strong><\/em><\/p>\r\n\r\n\r\n\r\n<p>Pienet hirviel\u00e4imet ja j\u00e4nis \u2013 saalisel\u00e4inyhteis\u00f6n merkitys ilveksen kuntoon<\/p>\r\n\r\n\r\n\r\n<p><br \/><em><strong>Jani Pellikka, Juha Hiedanp\u00e4\u00e4, Sauli H\u00e4rk\u00f6nen &amp; Janne Jaakkola: <\/strong><\/em><a href=\"\/wp-content\/uploads\/sr-55-71-82web-a2b.pdf\" target=\"_blank\" rel=\"noreferrer noopener\"><strong>PDF<\/strong><\/a><\/p>\r\n\r\n\r\n\r\n<p><a href=\"https:\/\/www.academia.edu\/18553031\/Mets%C3%A4stys_palveluksena_Hirvenmets%C3%A4stysseurueet_hirvivahinkojen_v%C3%A4hent%C3%A4jin%C3%A4._The_control_beliefs_regarding_hunting_capacity_for_decreasing_moose_damage_in_Finnish_moose_hunting_teams_?auto=view\" target=\"_blank\" rel=\"noreferrer noopener\">Mets\u00e4stys palveluksena: Hirvenmets\u00e4stysseurueet hirvivahinkojen v\u00e4hent\u00e4jin\u00e4<\/a><\/p>\r\n\r\n\r\n\r\n<p><br \/><em><strong>Martti Hario, Jukka Rintala &amp; Gustaf Nordenswan:<\/strong><\/em><\/p>\r\n\r\n\r\n\r\n<p>Allin aallonpohjat It\u00e4merell\u00e4 \u2013 taustalla \u00f6ljyvahingot, sopulisyklit vai mets\u00e4stys?<\/p>\r\n\r\n\r\n\r\n<p><br \/><em><strong>Antti Paasivaara: <\/strong><\/em><a href=\"\/wp-content\/uploads\/sr-55-97-110web-a2b.pdf\" target=\"_blank\" rel=\"noreferrer noopener\"><strong>PDF<\/strong><\/a><\/p>\r\n\r\n\r\n\r\n<p>Telkk\u00e4poikueiden tilank\u00e4ytt\u00f6 ja elinymp\u00e4rist\u00f6n valinta boreaalisessa mets\u00e4ymp\u00e4rist\u00f6ss\u00e4<\/p>\r\n\r\n\r\n\r\n<p><br \/><em><strong>P\u00e4ivi Leikas &amp; Petri Nummi:\u00a0 <\/strong><\/em><a href=\"\/wp-content\/uploads\/111-126-suomen-riista-55web-a2b.pdf\" target=\"_blank\" rel=\"noreferrer noopener\"><strong>PDF<\/strong><\/a><\/p>\r\n\r\n\r\n\r\n<p>Mist\u00e4 on kani kotoisin \u2013 vaikutuksia maailmalla ja ensikokemukset Suomessa<\/p>\r\n","protected":false},"excerpt":{"rendered":"<p>Harto Lind\u00e9n:\u00a0 PDF Puheenvuoro: Heikkona mets\u00e4kanalintuihin\u00a0 Gilbert Ludwig: PDF Mets\u00e4kanalintukannat ymp\u00e4rist\u00f6n- ja ilmastonmuutoksen puristuksessa Timo E. Niemel\u00e4 &amp; Harto Lind\u00e9n: Sopeutuuko metso muuttuvaan talvi-ilmastoon? Heidi Kallioniemi, Veli-Matti V\u00e4\u00e4n\u00e4nen, Petri Nummi &amp; Juha Virtanen: Fasaanipoikueet suomalaisessa peltomaisemassa Kaarina Kauhala: PDF Kaikkiruokaisen supikoiran ravinto Euroopassa ja Kaukoid\u00e4ss\u00e4 Ilpo Kojola ja Katja Holmala: Pienet hirviel\u00e4imet ja j\u00e4nis \u2013&#8230;<\/p>\n","protected":false},"featured_media":1989,"template":"","meta":{"_acf_changed":false,"content-type":"","_kad_blocks_custom_css":"","_kad_blocks_head_custom_js":"","_kad_blocks_body_custom_js":"","_kad_blocks_footer_custom_js":"","_kad_post_transparent":"","_kad_post_title":"","_kad_post_layout":"","_kad_post_sidebar_id":"","_kad_post_content_style":"","_kad_post_vertical_padding":"","_kad_post_feature":"","_kad_post_feature_position":"","_kad_post_header":false,"_kad_post_footer":false,"_kad_post_classname":""},"product_brand":[],"product_cat":[54],"product_tag":[],"class_list":{"0":"post-1971","1":"product","2":"type-product","3":"status-publish","4":"has-post-thumbnail","6":"product_cat-suomen-riista","8":"first","9":"instock","10":"shipping-taxable","11":"purchasable","12":"product-type-simple","13":"entry","14":"content-bg","15":"loop-entry"},"acf":[],"yoast_head":"<!-- This site is optimized with the Yoast SEO plugin v27.6 - https:\/\/yoast.com\/product\/yoast-seo-wordpress\/ -->\n<title>Suomen Riista 55 &#183; Suomen Riistanhoito-S\u00e4\u00e4ti\u00f6<\/title>\n<meta name=\"robots\" content=\"index, follow, max-snippet:-1, max-image-preview:large, max-video-preview:-1\" \/>\n<link rel=\"canonical\" href=\"https:\/\/www.riistasaatio.fi\/en\/product\/suomen-riista-55\/\" \/>\n<meta property=\"og:locale\" content=\"en_US\" \/>\n<meta property=\"og:type\" content=\"article\" \/>\n<meta property=\"og:title\" content=\"Suomen Riista 55 &#183; Suomen Riistanhoito-S\u00e4\u00e4ti\u00f6\" \/>\n<meta property=\"og:description\" content=\"Harto Lind\u00e9n:\u00a0 PDF Puheenvuoro: Heikkona mets\u00e4kanalintuihin\u00a0 Gilbert Ludwig: PDF Mets\u00e4kanalintukannat ymp\u00e4rist\u00f6n- ja ilmastonmuutoksen puristuksessa Timo E. Niemel\u00e4 &amp; Harto Lind\u00e9n: Sopeutuuko metso muuttuvaan talvi-ilmastoon? Heidi Kallioniemi, Veli-Matti V\u00e4\u00e4n\u00e4nen, Petri Nummi &amp; Juha Virtanen: Fasaanipoikueet suomalaisessa peltomaisemassa Kaarina Kauhala: PDF Kaikkiruokaisen supikoiran ravinto Euroopassa ja Kaukoid\u00e4ss\u00e4 Ilpo Kojola ja Katja Holmala: Pienet hirviel\u00e4imet ja j\u00e4nis \u2013...\" \/>\n<meta property=\"og:url\" content=\"https:\/\/www.riistasaatio.fi\/en\/product\/suomen-riista-55\/\" \/>\n<meta property=\"og:site_name\" content=\"Suomen Riistanhoito-S\u00e4\u00e4ti\u00f6\" \/>\n<meta property=\"article:modified_time\" content=\"2023-06-28T23:34:07+00:00\" \/>\n<meta property=\"og:image\" content=\"https:\/\/www.riistasaatio.fi\/wp-content\/uploads\/sr55-1.jpg\" \/>\n\t<meta property=\"og:image:width\" content=\"280\" \/>\n\t<meta property=\"og:image:height\" content=\"395\" \/>\n\t<meta property=\"og:image:type\" content=\"image\/jpeg\" \/>\n<meta name=\"twitter:card\" content=\"summary_large_image\" \/>\n<meta name=\"twitter:label1\" content=\"Est. reading time\" \/>\n\t<meta name=\"twitter:data1\" content=\"1 minute\" \/>\n<script type=\"application\/ld+json\" class=\"yoast-schema-graph\">{\"@context\":\"https:\\\/\\\/schema.org\",\"@graph\":[{\"@type\":\"WebPage\",\"@id\":\"https:\\\/\\\/www.riistasaatio.fi\\\/en\\\/product\\\/suomen-riista-55\\\/\",\"url\":\"https:\\\/\\\/www.riistasaatio.fi\\\/en\\\/product\\\/suomen-riista-55\\\/\",\"name\":\"Suomen Riista 55 &#183; Suomen Riistanhoito-S\u00e4\u00e4ti\u00f6\",\"isPartOf\":{\"@id\":\"https:\\\/\\\/www.riistasaatio.fi\\\/en\\\/#website\"},\"primaryImageOfPage\":{\"@id\":\"https:\\\/\\\/www.riistasaatio.fi\\\/en\\\/product\\\/suomen-riista-55\\\/#primaryimage\"},\"image\":{\"@id\":\"https:\\\/\\\/www.riistasaatio.fi\\\/en\\\/product\\\/suomen-riista-55\\\/#primaryimage\"},\"thumbnailUrl\":\"https:\\\/\\\/www.riistasaatio.fi\\\/wp-content\\\/uploads\\\/sr55-1.jpg\",\"datePublished\":\"2023-06-28T23:34:03+00:00\",\"dateModified\":\"2023-06-28T23:34:07+00:00\",\"breadcrumb\":{\"@id\":\"https:\\\/\\\/www.riistasaatio.fi\\\/en\\\/product\\\/suomen-riista-55\\\/#breadcrumb\"},\"inLanguage\":\"en-US\",\"potentialAction\":[{\"@type\":\"ReadAction\",\"target\":[\"https:\\\/\\\/www.riistasaatio.fi\\\/en\\\/product\\\/suomen-riista-55\\\/\"]}]},{\"@type\":\"ImageObject\",\"inLanguage\":\"en-US\",\"@id\":\"https:\\\/\\\/www.riistasaatio.fi\\\/en\\\/product\\\/suomen-riista-55\\\/#primaryimage\",\"url\":\"https:\\\/\\\/www.riistasaatio.fi\\\/wp-content\\\/uploads\\\/sr55-1.jpg\",\"contentUrl\":\"https:\\\/\\\/www.riistasaatio.fi\\\/wp-content\\\/uploads\\\/sr55-1.jpg\",\"width\":280,\"height\":395},{\"@type\":\"BreadcrumbList\",\"@id\":\"https:\\\/\\\/www.riistasaatio.fi\\\/en\\\/product\\\/suomen-riista-55\\\/#breadcrumb\",\"itemListElement\":[{\"@type\":\"ListItem\",\"position\":1,\"name\":\"Etusivu\",\"item\":\"https:\\\/\\\/www.riistasaatio.fi\\\/en\\\/\"},{\"@type\":\"ListItem\",\"position\":2,\"name\":\"Shop\",\"item\":\"https:\\\/\\\/www.riistasaatio.fi\\\/en\\\/shop\\\/\"},{\"@type\":\"ListItem\",\"position\":3,\"name\":\"Suomen Riista 55\"}]},{\"@type\":\"WebSite\",\"@id\":\"https:\\\/\\\/www.riistasaatio.fi\\\/en\\\/#website\",\"url\":\"https:\\\/\\\/www.riistasaatio.fi\\\/en\\\/\",\"name\":\"Suomen Riistanhoito-S\u00e4\u00e4ti\u00f6\",\"description\":\"\",\"publisher\":{\"@id\":\"https:\\\/\\\/www.riistasaatio.fi\\\/en\\\/#organization\"},\"potentialAction\":[{\"@type\":\"SearchAction\",\"target\":{\"@type\":\"EntryPoint\",\"urlTemplate\":\"https:\\\/\\\/www.riistasaatio.fi\\\/en\\\/?s={search_term_string}\"},\"query-input\":{\"@type\":\"PropertyValueSpecification\",\"valueRequired\":true,\"valueName\":\"search_term_string\"}}],\"inLanguage\":\"en-US\"},{\"@type\":\"Organization\",\"@id\":\"https:\\\/\\\/www.riistasaatio.fi\\\/en\\\/#organization\",\"name\":\"Suomen Riistanhoito-S\u00e4\u00e4ti\u00f6\",\"url\":\"https:\\\/\\\/www.riistasaatio.fi\\\/en\\\/\",\"logo\":{\"@type\":\"ImageObject\",\"inLanguage\":\"en-US\",\"@id\":\"https:\\\/\\\/www.riistasaatio.fi\\\/en\\\/#\\\/schema\\\/logo\\\/image\\\/\",\"url\":\"https:\\\/\\\/www.riistasaatio.fi\\\/wp-content\\\/uploads\\\/suomen-riistanhoito-saatio-og.png\",\"contentUrl\":\"https:\\\/\\\/www.riistasaatio.fi\\\/wp-content\\\/uploads\\\/suomen-riistanhoito-saatio-og.png\",\"width\":1200,\"height\":630,\"caption\":\"Suomen Riistanhoito-S\u00e4\u00e4ti\u00f6\"},\"image\":{\"@id\":\"https:\\\/\\\/www.riistasaatio.fi\\\/en\\\/#\\\/schema\\\/logo\\\/image\\\/\"}}]}<\/script>\n<!-- \/ Yoast SEO plugin. -->","yoast_head_json":{"title":"Suomen Riista 55 &#183; Suomen Riistanhoito-S\u00e4\u00e4ti\u00f6","robots":{"index":"index","follow":"follow","max-snippet":"max-snippet:-1","max-image-preview":"max-image-preview:large","max-video-preview":"max-video-preview:-1"},"canonical":"https:\/\/www.riistasaatio.fi\/en\/product\/suomen-riista-55\/","og_locale":"en_US","og_type":"article","og_title":"Suomen Riista 55 &#183; Suomen Riistanhoito-S\u00e4\u00e4ti\u00f6","og_description":"Harto Lind\u00e9n:\u00a0 PDF Puheenvuoro: Heikkona mets\u00e4kanalintuihin\u00a0 Gilbert Ludwig: PDF Mets\u00e4kanalintukannat ymp\u00e4rist\u00f6n- ja ilmastonmuutoksen puristuksessa Timo E. Niemel\u00e4 &amp; Harto Lind\u00e9n: Sopeutuuko metso muuttuvaan talvi-ilmastoon? Heidi Kallioniemi, Veli-Matti V\u00e4\u00e4n\u00e4nen, Petri Nummi &amp; Juha Virtanen: Fasaanipoikueet suomalaisessa peltomaisemassa Kaarina Kauhala: PDF Kaikkiruokaisen supikoiran ravinto Euroopassa ja Kaukoid\u00e4ss\u00e4 Ilpo Kojola ja Katja Holmala: Pienet hirviel\u00e4imet ja j\u00e4nis \u2013...","og_url":"https:\/\/www.riistasaatio.fi\/en\/product\/suomen-riista-55\/","og_site_name":"Suomen Riistanhoito-S\u00e4\u00e4ti\u00f6","article_modified_time":"2023-06-28T23:34:07+00:00","og_image":[{"width":280,"height":395,"url":"https:\/\/www.riistasaatio.fi\/wp-content\/uploads\/sr55-1.jpg","type":"image\/jpeg"}],"twitter_card":"summary_large_image","twitter_misc":{"Est. reading time":"1 minute"},"schema":{"@context":"https:\/\/schema.org","@graph":[{"@type":"WebPage","@id":"https:\/\/www.riistasaatio.fi\/en\/product\/suomen-riista-55\/","url":"https:\/\/www.riistasaatio.fi\/en\/product\/suomen-riista-55\/","name":"Suomen Riista 55 &#183; Suomen Riistanhoito-S\u00e4\u00e4ti\u00f6","isPartOf":{"@id":"https:\/\/www.riistasaatio.fi\/en\/#website"},"primaryImageOfPage":{"@id":"https:\/\/www.riistasaatio.fi\/en\/product\/suomen-riista-55\/#primaryimage"},"image":{"@id":"https:\/\/www.riistasaatio.fi\/en\/product\/suomen-riista-55\/#primaryimage"},"thumbnailUrl":"https:\/\/www.riistasaatio.fi\/wp-content\/uploads\/sr55-1.jpg","datePublished":"2023-06-28T23:34:03+00:00","dateModified":"2023-06-28T23:34:07+00:00","breadcrumb":{"@id":"https:\/\/www.riistasaatio.fi\/en\/product\/suomen-riista-55\/#breadcrumb"},"inLanguage":"en-US","potentialAction":[{"@type":"ReadAction","target":["https:\/\/www.riistasaatio.fi\/en\/product\/suomen-riista-55\/"]}]},{"@type":"ImageObject","inLanguage":"en-US","@id":"https:\/\/www.riistasaatio.fi\/en\/product\/suomen-riista-55\/#primaryimage","url":"https:\/\/www.riistasaatio.fi\/wp-content\/uploads\/sr55-1.jpg","contentUrl":"https:\/\/www.riistasaatio.fi\/wp-content\/uploads\/sr55-1.jpg","width":280,"height":395},{"@type":"BreadcrumbList","@id":"https:\/\/www.riistasaatio.fi\/en\/product\/suomen-riista-55\/#breadcrumb","itemListElement":[{"@type":"ListItem","position":1,"name":"Etusivu","item":"https:\/\/www.riistasaatio.fi\/en\/"},{"@type":"ListItem","position":2,"name":"Shop","item":"https:\/\/www.riistasaatio.fi\/en\/shop\/"},{"@type":"ListItem","position":3,"name":"Suomen Riista 55"}]},{"@type":"WebSite","@id":"https:\/\/www.riistasaatio.fi\/en\/#website","url":"https:\/\/www.riistasaatio.fi\/en\/","name":"Suomen Riistanhoito-S\u00e4\u00e4ti\u00f6","description":"","publisher":{"@id":"https:\/\/www.riistasaatio.fi\/en\/#organization"},"potentialAction":[{"@type":"SearchAction","target":{"@type":"EntryPoint","urlTemplate":"https:\/\/www.riistasaatio.fi\/en\/?s={search_term_string}"},"query-input":{"@type":"PropertyValueSpecification","valueRequired":true,"valueName":"search_term_string"}}],"inLanguage":"en-US"},{"@type":"Organization","@id":"https:\/\/www.riistasaatio.fi\/en\/#organization","name":"Suomen Riistanhoito-S\u00e4\u00e4ti\u00f6","url":"https:\/\/www.riistasaatio.fi\/en\/","logo":{"@type":"ImageObject","inLanguage":"en-US","@id":"https:\/\/www.riistasaatio.fi\/en\/#\/schema\/logo\/image\/","url":"https:\/\/www.riistasaatio.fi\/wp-content\/uploads\/suomen-riistanhoito-saatio-og.png","contentUrl":"https:\/\/www.riistasaatio.fi\/wp-content\/uploads\/suomen-riistanhoito-saatio-og.png","width":1200,"height":630,"caption":"Suomen Riistanhoito-S\u00e4\u00e4ti\u00f6"},"image":{"@id":"https:\/\/www.riistasaatio.fi\/en\/#\/schema\/logo\/image\/"}}]}},"taxonomy_info":{"product_cat":[{"value":54,"label":"Suomen Riista"}]},"featured_image_src_large":["https:\/\/www.riistasaatio.fi\/wp-content\/uploads\/sr55-1.jpg",280,395,false],"author_info":[],"comment_info":"","_links":{"self":[{"href":"https:\/\/www.riistasaatio.fi\/en\/wp-json\/wp\/v2\/product\/1971","targetHints":{"allow":["GET"]}}],"collection":[{"href":"https:\/\/www.riistasaatio.fi\/en\/wp-json\/wp\/v2\/product"}],"about":[{"href":"https:\/\/www.riistasaatio.fi\/en\/wp-json\/wp\/v2\/types\/product"}],"wp:featuredmedia":[{"embeddable":true,"href":"https:\/\/www.riistasaatio.fi\/en\/wp-json\/wp\/v2\/media\/1989"}],"wp:attachment":[{"href":"https:\/\/www.riistasaatio.fi\/en\/wp-json\/wp\/v2\/media?parent=1971"}],"wp:term":[{"taxonomy":"product_brand","embeddable":true,"href":"https:\/\/www.riistasaatio.fi\/en\/wp-json\/wp\/v2\/product_brand?post=1971"},{"taxonomy":"product_cat","embeddable":true,"href":"https:\/\/www.riistasaatio.fi\/en\/wp-json\/wp\/v2\/product_cat?post=1971"},{"taxonomy":"product_tag","embeddable":true,"href":"https:\/\/www.riistasaatio.fi\/en\/wp-json\/wp\/v2\/product_tag?post=1971"}],"curies":[{"name":"wp","href":"https:\/\/api.w.org\/{rel}","templated":true}]}}