{"id":1969,"date":"2023-06-29T02:34:03","date_gmt":"2023-06-28T23:34:03","guid":{"rendered":"https:\/\/www.riistasaatio.fi\/?post_type=product&#038;p=1969"},"modified":"2023-06-29T02:34:06","modified_gmt":"2023-06-28T23:34:06","slug":"suomen-riista-57","status":"publish","type":"product","link":"https:\/\/www.riistasaatio.fi\/en\/product\/suomen-riista-57\/","title":{"rendered":"Suomen Riista 57"},"content":{"rendered":"\r\n<p><em><strong>Arto Marjakangas:<\/strong><\/em><br \/>Puheenvuoro: Riistanhoidon uudet mittakaavat<br \/><br \/><em><strong>Saija Sirki\u00e4 &amp; Harto Lind\u00e9n:<\/strong><\/em> <a href=\"\/wp-content\/uploads\/suomen-riista-sirkiae-7-17web.pdf\" target=\"_blank\" rel=\"noreferrer noopener\"><strong>PDF<\/strong><\/a><br \/>Metsoymm\u00e4rryksen muuttuneet mittakaavat<br \/><br \/><em><strong>Janne Miettinen:<\/strong><\/em> <a href=\"\/wp-content\/uploads\/suomen-riista-miettinen-18-36web-a2b.pdf\" target=\"_blank\" rel=\"noreferrer noopener\"><strong>PDF<\/strong><\/a><br \/>Metson elinymp\u00e4rist\u00f6t talousmetsiss\u00e4<br \/><br \/><em><strong>Milla Niemi, Jani Pellikka, Eija Nylander &amp; Pekka Korhonen:<\/strong><\/em><br \/>Onko huolta huomisesta? Pohjoissuomalaisten mets\u00e4st\u00e4jien ajatuksia mets\u00e4kanalintukantojen pienentyess\u00e4<br \/><br \/><em><strong>Ilpo Kojola, Pekka Helle &amp; Samuli Heikkinen:<\/strong><\/em><br \/>Susikannan viimeaikaiset muutokset Suomessa eri aineistojen valossa<br \/><br \/><em><strong>Jere Nieminen:<\/strong><\/em><br \/>Hirvenmets\u00e4styksen ja ulkoilun sovittaminen yhteen Helsingin seudulla<br \/><br \/><em><strong>Kaarina Kauhala, Mervi Kunnasranta &amp; Mia Valtonen:<\/strong><\/em> <a href=\"\/wp-content\/uploads\/suomen-riista-kauhala-73-83web.pdf\" target=\"_blank\" rel=\"noreferrer noopener\"><strong>PDF<\/strong><\/a><br \/>Hallien ravinto Suomen merialueella 2001\u20132007 \u2013 alustava selvitys<br \/><br \/><em><strong>Veli-Matti V\u00e4\u00e4n\u00e4nen:<\/strong><\/em> <a href=\"\/wp-content\/uploads\/suomen-riista-vaananen-84-91web.pdf\" target=\"_blank\" rel=\"noreferrer noopener\"><strong>PDF<\/strong><\/a><br \/>Pienet lokkilinnut ja vesilinnut \u2013 lokkiyhdyskuntien merkitys sis\u00e4vesien vesilinnuille<br \/><br \/><em><strong>Sanna Aitto-oja &amp; Petri Nummi:<\/strong><\/em><br \/>Kasvava lintukanta ja maanviljely: viljelij\u00f6iden kokemuksia kurkien aiheuttamista vahingoista<\/p>\r\n","protected":false},"excerpt":{"rendered":"<p>Arto Marjakangas:Puheenvuoro: Riistanhoidon uudet mittakaavat Saija Sirki\u00e4 &amp; Harto Lind\u00e9n: PDFMetsoymm\u00e4rryksen muuttuneet mittakaavat Janne Miettinen: PDFMetson elinymp\u00e4rist\u00f6t talousmetsiss\u00e4 Milla Niemi, Jani Pellikka, Eija Nylander &amp; Pekka Korhonen:Onko huolta huomisesta? Pohjoissuomalaisten mets\u00e4st\u00e4jien ajatuksia mets\u00e4kanalintukantojen pienentyess\u00e4 Ilpo Kojola, Pekka Helle &amp; Samuli Heikkinen:Susikannan viimeaikaiset muutokset Suomessa eri aineistojen valossa Jere Nieminen:Hirvenmets\u00e4styksen ja ulkoilun sovittaminen yhteen Helsingin seudulla&#8230;<\/p>\n","protected":false},"featured_media":1985,"template":"","meta":{"_acf_changed":false,"content-type":"","_kad_blocks_custom_css":"","_kad_blocks_head_custom_js":"","_kad_blocks_body_custom_js":"","_kad_blocks_footer_custom_js":"","_kad_post_transparent":"","_kad_post_title":"","_kad_post_layout":"","_kad_post_sidebar_id":"","_kad_post_content_style":"","_kad_post_vertical_padding":"","_kad_post_feature":"","_kad_post_feature_position":"","_kad_post_header":false,"_kad_post_footer":false,"_kad_post_classname":""},"product_brand":[],"product_cat":[54],"product_tag":[],"class_list":{"0":"post-1969","1":"product","2":"type-product","3":"status-publish","4":"has-post-thumbnail","6":"product_cat-suomen-riista","8":"first","9":"instock","10":"shipping-taxable","11":"purchasable","12":"product-type-simple","13":"entry","14":"content-bg","15":"loop-entry"},"acf":[],"yoast_head":"<!-- This site is optimized with the Yoast SEO plugin v27.6 - https:\/\/yoast.com\/product\/yoast-seo-wordpress\/ -->\n<title>Suomen Riista 57 &#183; Suomen Riistanhoito-S\u00e4\u00e4ti\u00f6<\/title>\n<meta name=\"robots\" content=\"index, follow, max-snippet:-1, max-image-preview:large, max-video-preview:-1\" \/>\n<link rel=\"canonical\" href=\"https:\/\/www.riistasaatio.fi\/en\/product\/suomen-riista-57\/\" \/>\n<meta property=\"og:locale\" content=\"en_US\" \/>\n<meta property=\"og:type\" content=\"article\" \/>\n<meta property=\"og:title\" content=\"Suomen Riista 57 &#183; Suomen Riistanhoito-S\u00e4\u00e4ti\u00f6\" \/>\n<meta property=\"og:description\" content=\"Arto Marjakangas:Puheenvuoro: Riistanhoidon uudet mittakaavat Saija Sirki\u00e4 &amp; Harto Lind\u00e9n: PDFMetsoymm\u00e4rryksen muuttuneet mittakaavat Janne Miettinen: PDFMetson elinymp\u00e4rist\u00f6t talousmetsiss\u00e4 Milla Niemi, Jani Pellikka, Eija Nylander &amp; Pekka Korhonen:Onko huolta huomisesta? Pohjoissuomalaisten mets\u00e4st\u00e4jien ajatuksia mets\u00e4kanalintukantojen pienentyess\u00e4 Ilpo Kojola, Pekka Helle &amp; Samuli Heikkinen:Susikannan viimeaikaiset muutokset Suomessa eri aineistojen valossa Jere Nieminen:Hirvenmets\u00e4styksen ja ulkoilun sovittaminen yhteen Helsingin seudulla...\" \/>\n<meta property=\"og:url\" content=\"https:\/\/www.riistasaatio.fi\/en\/product\/suomen-riista-57\/\" \/>\n<meta property=\"og:site_name\" content=\"Suomen Riistanhoito-S\u00e4\u00e4ti\u00f6\" \/>\n<meta property=\"article:modified_time\" content=\"2023-06-28T23:34:06+00:00\" \/>\n<meta property=\"og:image\" content=\"https:\/\/www.riistasaatio.fi\/wp-content\/uploads\/sr57-1.jpg\" \/>\n\t<meta property=\"og:image:width\" content=\"280\" \/>\n\t<meta property=\"og:image:height\" content=\"393\" \/>\n\t<meta property=\"og:image:type\" content=\"image\/jpeg\" \/>\n<meta name=\"twitter:card\" content=\"summary_large_image\" \/>\n<meta name=\"twitter:label1\" content=\"Est. reading time\" \/>\n\t<meta name=\"twitter:data1\" content=\"1 minute\" \/>\n<script type=\"application\/ld+json\" class=\"yoast-schema-graph\">{\"@context\":\"https:\\\/\\\/schema.org\",\"@graph\":[{\"@type\":\"WebPage\",\"@id\":\"https:\\\/\\\/www.riistasaatio.fi\\\/en\\\/product\\\/suomen-riista-57\\\/\",\"url\":\"https:\\\/\\\/www.riistasaatio.fi\\\/en\\\/product\\\/suomen-riista-57\\\/\",\"name\":\"Suomen Riista 57 &#183; Suomen Riistanhoito-S\u00e4\u00e4ti\u00f6\",\"isPartOf\":{\"@id\":\"https:\\\/\\\/www.riistasaatio.fi\\\/en\\\/#website\"},\"primaryImageOfPage\":{\"@id\":\"https:\\\/\\\/www.riistasaatio.fi\\\/en\\\/product\\\/suomen-riista-57\\\/#primaryimage\"},\"image\":{\"@id\":\"https:\\\/\\\/www.riistasaatio.fi\\\/en\\\/product\\\/suomen-riista-57\\\/#primaryimage\"},\"thumbnailUrl\":\"https:\\\/\\\/www.riistasaatio.fi\\\/wp-content\\\/uploads\\\/sr57-1.jpg\",\"datePublished\":\"2023-06-28T23:34:03+00:00\",\"dateModified\":\"2023-06-28T23:34:06+00:00\",\"breadcrumb\":{\"@id\":\"https:\\\/\\\/www.riistasaatio.fi\\\/en\\\/product\\\/suomen-riista-57\\\/#breadcrumb\"},\"inLanguage\":\"en-US\",\"potentialAction\":[{\"@type\":\"ReadAction\",\"target\":[\"https:\\\/\\\/www.riistasaatio.fi\\\/en\\\/product\\\/suomen-riista-57\\\/\"]}]},{\"@type\":\"ImageObject\",\"inLanguage\":\"en-US\",\"@id\":\"https:\\\/\\\/www.riistasaatio.fi\\\/en\\\/product\\\/suomen-riista-57\\\/#primaryimage\",\"url\":\"https:\\\/\\\/www.riistasaatio.fi\\\/wp-content\\\/uploads\\\/sr57-1.jpg\",\"contentUrl\":\"https:\\\/\\\/www.riistasaatio.fi\\\/wp-content\\\/uploads\\\/sr57-1.jpg\",\"width\":280,\"height\":393},{\"@type\":\"BreadcrumbList\",\"@id\":\"https:\\\/\\\/www.riistasaatio.fi\\\/en\\\/product\\\/suomen-riista-57\\\/#breadcrumb\",\"itemListElement\":[{\"@type\":\"ListItem\",\"position\":1,\"name\":\"Etusivu\",\"item\":\"https:\\\/\\\/www.riistasaatio.fi\\\/en\\\/\"},{\"@type\":\"ListItem\",\"position\":2,\"name\":\"Shop\",\"item\":\"https:\\\/\\\/www.riistasaatio.fi\\\/en\\\/shop\\\/\"},{\"@type\":\"ListItem\",\"position\":3,\"name\":\"Suomen Riista 57\"}]},{\"@type\":\"WebSite\",\"@id\":\"https:\\\/\\\/www.riistasaatio.fi\\\/en\\\/#website\",\"url\":\"https:\\\/\\\/www.riistasaatio.fi\\\/en\\\/\",\"name\":\"Suomen Riistanhoito-S\u00e4\u00e4ti\u00f6\",\"description\":\"\",\"publisher\":{\"@id\":\"https:\\\/\\\/www.riistasaatio.fi\\\/en\\\/#organization\"},\"potentialAction\":[{\"@type\":\"SearchAction\",\"target\":{\"@type\":\"EntryPoint\",\"urlTemplate\":\"https:\\\/\\\/www.riistasaatio.fi\\\/en\\\/?s={search_term_string}\"},\"query-input\":{\"@type\":\"PropertyValueSpecification\",\"valueRequired\":true,\"valueName\":\"search_term_string\"}}],\"inLanguage\":\"en-US\"},{\"@type\":\"Organization\",\"@id\":\"https:\\\/\\\/www.riistasaatio.fi\\\/en\\\/#organization\",\"name\":\"Suomen Riistanhoito-S\u00e4\u00e4ti\u00f6\",\"url\":\"https:\\\/\\\/www.riistasaatio.fi\\\/en\\\/\",\"logo\":{\"@type\":\"ImageObject\",\"inLanguage\":\"en-US\",\"@id\":\"https:\\\/\\\/www.riistasaatio.fi\\\/en\\\/#\\\/schema\\\/logo\\\/image\\\/\",\"url\":\"https:\\\/\\\/www.riistasaatio.fi\\\/wp-content\\\/uploads\\\/suomen-riistanhoito-saatio-og.png\",\"contentUrl\":\"https:\\\/\\\/www.riistasaatio.fi\\\/wp-content\\\/uploads\\\/suomen-riistanhoito-saatio-og.png\",\"width\":1200,\"height\":630,\"caption\":\"Suomen Riistanhoito-S\u00e4\u00e4ti\u00f6\"},\"image\":{\"@id\":\"https:\\\/\\\/www.riistasaatio.fi\\\/en\\\/#\\\/schema\\\/logo\\\/image\\\/\"}}]}<\/script>\n<!-- \/ Yoast SEO plugin. -->","yoast_head_json":{"title":"Suomen Riista 57 &#183; Suomen Riistanhoito-S\u00e4\u00e4ti\u00f6","robots":{"index":"index","follow":"follow","max-snippet":"max-snippet:-1","max-image-preview":"max-image-preview:large","max-video-preview":"max-video-preview:-1"},"canonical":"https:\/\/www.riistasaatio.fi\/en\/product\/suomen-riista-57\/","og_locale":"en_US","og_type":"article","og_title":"Suomen Riista 57 &#183; Suomen Riistanhoito-S\u00e4\u00e4ti\u00f6","og_description":"Arto Marjakangas:Puheenvuoro: Riistanhoidon uudet mittakaavat Saija Sirki\u00e4 &amp; Harto Lind\u00e9n: PDFMetsoymm\u00e4rryksen muuttuneet mittakaavat Janne Miettinen: PDFMetson elinymp\u00e4rist\u00f6t talousmetsiss\u00e4 Milla Niemi, Jani Pellikka, Eija Nylander &amp; Pekka Korhonen:Onko huolta huomisesta? Pohjoissuomalaisten mets\u00e4st\u00e4jien ajatuksia mets\u00e4kanalintukantojen pienentyess\u00e4 Ilpo Kojola, Pekka Helle &amp; Samuli Heikkinen:Susikannan viimeaikaiset muutokset Suomessa eri aineistojen valossa Jere Nieminen:Hirvenmets\u00e4styksen ja ulkoilun sovittaminen yhteen Helsingin seudulla...","og_url":"https:\/\/www.riistasaatio.fi\/en\/product\/suomen-riista-57\/","og_site_name":"Suomen Riistanhoito-S\u00e4\u00e4ti\u00f6","article_modified_time":"2023-06-28T23:34:06+00:00","og_image":[{"width":280,"height":393,"url":"https:\/\/www.riistasaatio.fi\/wp-content\/uploads\/sr57-1.jpg","type":"image\/jpeg"}],"twitter_card":"summary_large_image","twitter_misc":{"Est. reading time":"1 minute"},"schema":{"@context":"https:\/\/schema.org","@graph":[{"@type":"WebPage","@id":"https:\/\/www.riistasaatio.fi\/en\/product\/suomen-riista-57\/","url":"https:\/\/www.riistasaatio.fi\/en\/product\/suomen-riista-57\/","name":"Suomen Riista 57 &#183; Suomen Riistanhoito-S\u00e4\u00e4ti\u00f6","isPartOf":{"@id":"https:\/\/www.riistasaatio.fi\/en\/#website"},"primaryImageOfPage":{"@id":"https:\/\/www.riistasaatio.fi\/en\/product\/suomen-riista-57\/#primaryimage"},"image":{"@id":"https:\/\/www.riistasaatio.fi\/en\/product\/suomen-riista-57\/#primaryimage"},"thumbnailUrl":"https:\/\/www.riistasaatio.fi\/wp-content\/uploads\/sr57-1.jpg","datePublished":"2023-06-28T23:34:03+00:00","dateModified":"2023-06-28T23:34:06+00:00","breadcrumb":{"@id":"https:\/\/www.riistasaatio.fi\/en\/product\/suomen-riista-57\/#breadcrumb"},"inLanguage":"en-US","potentialAction":[{"@type":"ReadAction","target":["https:\/\/www.riistasaatio.fi\/en\/product\/suomen-riista-57\/"]}]},{"@type":"ImageObject","inLanguage":"en-US","@id":"https:\/\/www.riistasaatio.fi\/en\/product\/suomen-riista-57\/#primaryimage","url":"https:\/\/www.riistasaatio.fi\/wp-content\/uploads\/sr57-1.jpg","contentUrl":"https:\/\/www.riistasaatio.fi\/wp-content\/uploads\/sr57-1.jpg","width":280,"height":393},{"@type":"BreadcrumbList","@id":"https:\/\/www.riistasaatio.fi\/en\/product\/suomen-riista-57\/#breadcrumb","itemListElement":[{"@type":"ListItem","position":1,"name":"Etusivu","item":"https:\/\/www.riistasaatio.fi\/en\/"},{"@type":"ListItem","position":2,"name":"Shop","item":"https:\/\/www.riistasaatio.fi\/en\/shop\/"},{"@type":"ListItem","position":3,"name":"Suomen Riista 57"}]},{"@type":"WebSite","@id":"https:\/\/www.riistasaatio.fi\/en\/#website","url":"https:\/\/www.riistasaatio.fi\/en\/","name":"Suomen Riistanhoito-S\u00e4\u00e4ti\u00f6","description":"","publisher":{"@id":"https:\/\/www.riistasaatio.fi\/en\/#organization"},"potentialAction":[{"@type":"SearchAction","target":{"@type":"EntryPoint","urlTemplate":"https:\/\/www.riistasaatio.fi\/en\/?s={search_term_string}"},"query-input":{"@type":"PropertyValueSpecification","valueRequired":true,"valueName":"search_term_string"}}],"inLanguage":"en-US"},{"@type":"Organization","@id":"https:\/\/www.riistasaatio.fi\/en\/#organization","name":"Suomen Riistanhoito-S\u00e4\u00e4ti\u00f6","url":"https:\/\/www.riistasaatio.fi\/en\/","logo":{"@type":"ImageObject","inLanguage":"en-US","@id":"https:\/\/www.riistasaatio.fi\/en\/#\/schema\/logo\/image\/","url":"https:\/\/www.riistasaatio.fi\/wp-content\/uploads\/suomen-riistanhoito-saatio-og.png","contentUrl":"https:\/\/www.riistasaatio.fi\/wp-content\/uploads\/suomen-riistanhoito-saatio-og.png","width":1200,"height":630,"caption":"Suomen Riistanhoito-S\u00e4\u00e4ti\u00f6"},"image":{"@id":"https:\/\/www.riistasaatio.fi\/en\/#\/schema\/logo\/image\/"}}]}},"taxonomy_info":{"product_cat":[{"value":54,"label":"Suomen Riista"}]},"featured_image_src_large":["https:\/\/www.riistasaatio.fi\/wp-content\/uploads\/sr57-1.jpg",280,393,false],"author_info":[],"comment_info":"","_links":{"self":[{"href":"https:\/\/www.riistasaatio.fi\/en\/wp-json\/wp\/v2\/product\/1969","targetHints":{"allow":["GET"]}}],"collection":[{"href":"https:\/\/www.riistasaatio.fi\/en\/wp-json\/wp\/v2\/product"}],"about":[{"href":"https:\/\/www.riistasaatio.fi\/en\/wp-json\/wp\/v2\/types\/product"}],"wp:featuredmedia":[{"embeddable":true,"href":"https:\/\/www.riistasaatio.fi\/en\/wp-json\/wp\/v2\/media\/1985"}],"wp:attachment":[{"href":"https:\/\/www.riistasaatio.fi\/en\/wp-json\/wp\/v2\/media?parent=1969"}],"wp:term":[{"taxonomy":"product_brand","embeddable":true,"href":"https:\/\/www.riistasaatio.fi\/en\/wp-json\/wp\/v2\/product_brand?post=1969"},{"taxonomy":"product_cat","embeddable":true,"href":"https:\/\/www.riistasaatio.fi\/en\/wp-json\/wp\/v2\/product_cat?post=1969"},{"taxonomy":"product_tag","embeddable":true,"href":"https:\/\/www.riistasaatio.fi\/en\/wp-json\/wp\/v2\/product_tag?post=1969"}],"curies":[{"name":"wp","href":"https:\/\/api.w.org\/{rel}","templated":true}]}}