{"id":1945,"date":"2023-06-29T02:33:45","date_gmt":"2023-06-28T23:33:45","guid":{"rendered":"https:\/\/www.riistasaatio.fi\/?post_type=product&#038;p=1945"},"modified":"2023-06-29T02:33:59","modified_gmt":"2023-06-28T23:33:59","slug":"suomen-riista-59","status":"publish","type":"product","link":"https:\/\/www.riistasaatio.fi\/en\/product\/suomen-riista-59\/","title":{"rendered":"Suomen Riista 59"},"content":{"rendered":"\r\n<p><em><strong>Juha Hiedanp\u00e4\u00e4: <\/strong><\/em><a href=\"\/wp-content\/uploads\/sr59-5-6-a2b.pdf\" target=\"_blank\" rel=\"noreferrer noopener\"><strong>PDF<\/strong><\/a><\/p>\r\n\r\n\r\n\r\n<p>Puheenvuoro: Susikonfliktin ratkaisuista<br \/>\u00a0<\/p>\r\n\r\n\r\n\r\n<p><em><strong>Harri H\u00f6ltt\u00e4:<\/strong><\/em><\/p>\r\n\r\n\r\n\r\n<p>Vesilintujen pyynti Suomessa 1940-\u00adluvun pulavuosina<br \/><br \/><strong><em>Kaarina Kauhala &amp; Tytti Turkia:<\/em><\/strong><br \/>Majavien elinymp\u00e4rist\u00f6nk\u00e4ytt\u00f6: alkuper\u00e4islajin ja vieraslajin alustavaa vertailua<br \/><br \/><strong><em>Jani Pellikka &amp; Leena Forsman:<\/em><\/strong><br \/>Mets\u00e4st\u00e4vien naisten m\u00e4\u00e4r\u00e4 on kasvussa \u2013 miten tukea kehityst\u00e4?<br \/><br \/><strong><em>Mia Vehkaoja, Petri Nummi, Howard Parker, G\u00f6ran Hartman &amp; Frank Rosell:<\/em><\/strong><br \/>Amerikanmajava Castor canadensis Suomessa ja Euroopassa: pohdintoja vaikutuksista ja mahdollisesta h\u00e4vitt\u00e4misest\u00e4<br \/><br \/><strong><em>Juha Hiedanp\u00e4\u00e4 &amp; Jani Pellikka:<\/em><\/strong> <a href=\"\/wp-content\/uploads\/sr59-64-85-a2b.pdf\" target=\"_blank\" rel=\"noreferrer noopener\"><strong>PDF<\/strong><\/a><br \/>Mets\u00e4peuran palautusistutuksen sosiaalisten vaikutusten ja niiden merkitt\u00e4vyyden arviointi<br \/><br \/><em><strong>Minna Turunen &amp; Terhi Vuojala-Magga:<\/strong><\/em><br \/>Porojen talvinen lis\u00e4ruokinta: luppopuiden hakkuusta maasto\u00ad ja tarharuokintaan<\/p>\r\n\r\n\r\n\r\n<p>\u200b<\/p>\r\n\r\n\r\n\r\n<p><em><strong>Milla Niemi, Markus Melin, Juho Matala, Karin H\u00e4ggblom, Pertti\u00a0 Hokkanen, \u00a0 Raisa Tiilikainen, Antti Paasivaara, Jyrki Pusenius &amp; Hannu J\u00e4rvenp\u00e4\u00e4:<\/strong><\/em><\/p>\r\n\r\n\r\n\r\n<p>Peuroja vai kauriita \u2013 mit\u00e4 peurakolaritilastot sis\u00e4lt\u00e4v\u00e4t?<\/p>\r\n","protected":false},"excerpt":{"rendered":"<p>Juha Hiedanp\u00e4\u00e4: PDF Puheenvuoro: Susikonfliktin ratkaisuista\u00a0 Harri H\u00f6ltt\u00e4: Vesilintujen pyynti Suomessa 1940-\u00adluvun pulavuosina Kaarina Kauhala &amp; Tytti Turkia:Majavien elinymp\u00e4rist\u00f6nk\u00e4ytt\u00f6: alkuper\u00e4islajin ja vieraslajin alustavaa vertailua Jani Pellikka &amp; Leena Forsman:Mets\u00e4st\u00e4vien naisten m\u00e4\u00e4r\u00e4 on kasvussa \u2013 miten tukea kehityst\u00e4? Mia Vehkaoja, Petri Nummi, Howard Parker, G\u00f6ran Hartman &amp; Frank Rosell:Amerikanmajava Castor canadensis Suomessa ja Euroopassa: pohdintoja vaikutuksista&#8230;<\/p>\n","protected":false},"featured_media":1967,"template":"","meta":{"_acf_changed":false,"content-type":"","_kad_blocks_custom_css":"","_kad_blocks_head_custom_js":"","_kad_blocks_body_custom_js":"","_kad_blocks_footer_custom_js":"","_kad_post_transparent":"","_kad_post_title":"","_kad_post_layout":"","_kad_post_sidebar_id":"","_kad_post_content_style":"","_kad_post_vertical_padding":"","_kad_post_feature":"","_kad_post_feature_position":"","_kad_post_header":false,"_kad_post_footer":false,"_kad_post_classname":""},"product_brand":[],"product_cat":[54],"product_tag":[],"class_list":{"0":"post-1945","1":"product","2":"type-product","3":"status-publish","4":"has-post-thumbnail","6":"product_cat-suomen-riista","8":"first","9":"instock","10":"shipping-taxable","11":"purchasable","12":"product-type-simple","13":"entry","14":"content-bg","15":"loop-entry"},"acf":[],"yoast_head":"<!-- This site is optimized with the Yoast SEO plugin v27.6 - https:\/\/yoast.com\/product\/yoast-seo-wordpress\/ -->\n<title>Suomen Riista 59 &#183; Suomen Riistanhoito-S\u00e4\u00e4ti\u00f6<\/title>\n<meta name=\"robots\" content=\"index, follow, max-snippet:-1, max-image-preview:large, max-video-preview:-1\" \/>\n<link rel=\"canonical\" href=\"https:\/\/www.riistasaatio.fi\/en\/product\/suomen-riista-59\/\" \/>\n<meta property=\"og:locale\" content=\"en_US\" \/>\n<meta property=\"og:type\" content=\"article\" \/>\n<meta property=\"og:title\" content=\"Suomen Riista 59 &#183; Suomen Riistanhoito-S\u00e4\u00e4ti\u00f6\" \/>\n<meta property=\"og:description\" content=\"Juha Hiedanp\u00e4\u00e4: PDF Puheenvuoro: Susikonfliktin ratkaisuista\u00a0 Harri H\u00f6ltt\u00e4: Vesilintujen pyynti Suomessa 1940-\u00adluvun pulavuosina Kaarina Kauhala &amp; Tytti Turkia:Majavien elinymp\u00e4rist\u00f6nk\u00e4ytt\u00f6: alkuper\u00e4islajin ja vieraslajin alustavaa vertailua Jani Pellikka &amp; Leena Forsman:Mets\u00e4st\u00e4vien naisten m\u00e4\u00e4r\u00e4 on kasvussa \u2013 miten tukea kehityst\u00e4? Mia Vehkaoja, Petri Nummi, Howard Parker, G\u00f6ran Hartman &amp; Frank Rosell:Amerikanmajava Castor canadensis Suomessa ja Euroopassa: pohdintoja vaikutuksista...\" \/>\n<meta property=\"og:url\" content=\"https:\/\/www.riistasaatio.fi\/en\/product\/suomen-riista-59\/\" \/>\n<meta property=\"og:site_name\" content=\"Suomen Riistanhoito-S\u00e4\u00e4ti\u00f6\" \/>\n<meta property=\"article:modified_time\" content=\"2023-06-28T23:33:59+00:00\" \/>\n<meta property=\"og:image\" content=\"https:\/\/www.riistasaatio.fi\/wp-content\/uploads\/sr59-1.jpg\" \/>\n\t<meta property=\"og:image:width\" content=\"280\" \/>\n\t<meta property=\"og:image:height\" content=\"393\" \/>\n\t<meta property=\"og:image:type\" content=\"image\/jpeg\" \/>\n<meta name=\"twitter:card\" content=\"summary_large_image\" \/>\n<meta name=\"twitter:label1\" content=\"Est. reading time\" \/>\n\t<meta name=\"twitter:data1\" content=\"1 minute\" \/>\n<script type=\"application\/ld+json\" class=\"yoast-schema-graph\">{\"@context\":\"https:\\\/\\\/schema.org\",\"@graph\":[{\"@type\":\"WebPage\",\"@id\":\"https:\\\/\\\/www.riistasaatio.fi\\\/en\\\/product\\\/suomen-riista-59\\\/\",\"url\":\"https:\\\/\\\/www.riistasaatio.fi\\\/en\\\/product\\\/suomen-riista-59\\\/\",\"name\":\"Suomen Riista 59 &#183; Suomen Riistanhoito-S\u00e4\u00e4ti\u00f6\",\"isPartOf\":{\"@id\":\"https:\\\/\\\/www.riistasaatio.fi\\\/en\\\/#website\"},\"primaryImageOfPage\":{\"@id\":\"https:\\\/\\\/www.riistasaatio.fi\\\/en\\\/product\\\/suomen-riista-59\\\/#primaryimage\"},\"image\":{\"@id\":\"https:\\\/\\\/www.riistasaatio.fi\\\/en\\\/product\\\/suomen-riista-59\\\/#primaryimage\"},\"thumbnailUrl\":\"https:\\\/\\\/www.riistasaatio.fi\\\/wp-content\\\/uploads\\\/sr59-1.jpg\",\"datePublished\":\"2023-06-28T23:33:45+00:00\",\"dateModified\":\"2023-06-28T23:33:59+00:00\",\"breadcrumb\":{\"@id\":\"https:\\\/\\\/www.riistasaatio.fi\\\/en\\\/product\\\/suomen-riista-59\\\/#breadcrumb\"},\"inLanguage\":\"en-US\",\"potentialAction\":[{\"@type\":\"ReadAction\",\"target\":[\"https:\\\/\\\/www.riistasaatio.fi\\\/en\\\/product\\\/suomen-riista-59\\\/\"]}]},{\"@type\":\"ImageObject\",\"inLanguage\":\"en-US\",\"@id\":\"https:\\\/\\\/www.riistasaatio.fi\\\/en\\\/product\\\/suomen-riista-59\\\/#primaryimage\",\"url\":\"https:\\\/\\\/www.riistasaatio.fi\\\/wp-content\\\/uploads\\\/sr59-1.jpg\",\"contentUrl\":\"https:\\\/\\\/www.riistasaatio.fi\\\/wp-content\\\/uploads\\\/sr59-1.jpg\",\"width\":280,\"height\":393},{\"@type\":\"BreadcrumbList\",\"@id\":\"https:\\\/\\\/www.riistasaatio.fi\\\/en\\\/product\\\/suomen-riista-59\\\/#breadcrumb\",\"itemListElement\":[{\"@type\":\"ListItem\",\"position\":1,\"name\":\"Etusivu\",\"item\":\"https:\\\/\\\/www.riistasaatio.fi\\\/en\\\/\"},{\"@type\":\"ListItem\",\"position\":2,\"name\":\"Shop\",\"item\":\"https:\\\/\\\/www.riistasaatio.fi\\\/en\\\/shop\\\/\"},{\"@type\":\"ListItem\",\"position\":3,\"name\":\"Suomen Riista 59\"}]},{\"@type\":\"WebSite\",\"@id\":\"https:\\\/\\\/www.riistasaatio.fi\\\/en\\\/#website\",\"url\":\"https:\\\/\\\/www.riistasaatio.fi\\\/en\\\/\",\"name\":\"Suomen Riistanhoito-S\u00e4\u00e4ti\u00f6\",\"description\":\"\",\"publisher\":{\"@id\":\"https:\\\/\\\/www.riistasaatio.fi\\\/en\\\/#organization\"},\"potentialAction\":[{\"@type\":\"SearchAction\",\"target\":{\"@type\":\"EntryPoint\",\"urlTemplate\":\"https:\\\/\\\/www.riistasaatio.fi\\\/en\\\/?s={search_term_string}\"},\"query-input\":{\"@type\":\"PropertyValueSpecification\",\"valueRequired\":true,\"valueName\":\"search_term_string\"}}],\"inLanguage\":\"en-US\"},{\"@type\":\"Organization\",\"@id\":\"https:\\\/\\\/www.riistasaatio.fi\\\/en\\\/#organization\",\"name\":\"Suomen Riistanhoito-S\u00e4\u00e4ti\u00f6\",\"url\":\"https:\\\/\\\/www.riistasaatio.fi\\\/en\\\/\",\"logo\":{\"@type\":\"ImageObject\",\"inLanguage\":\"en-US\",\"@id\":\"https:\\\/\\\/www.riistasaatio.fi\\\/en\\\/#\\\/schema\\\/logo\\\/image\\\/\",\"url\":\"https:\\\/\\\/www.riistasaatio.fi\\\/wp-content\\\/uploads\\\/suomen-riistanhoito-saatio-og.png\",\"contentUrl\":\"https:\\\/\\\/www.riistasaatio.fi\\\/wp-content\\\/uploads\\\/suomen-riistanhoito-saatio-og.png\",\"width\":1200,\"height\":630,\"caption\":\"Suomen Riistanhoito-S\u00e4\u00e4ti\u00f6\"},\"image\":{\"@id\":\"https:\\\/\\\/www.riistasaatio.fi\\\/en\\\/#\\\/schema\\\/logo\\\/image\\\/\"}}]}<\/script>\n<!-- \/ Yoast SEO plugin. -->","yoast_head_json":{"title":"Suomen Riista 59 &#183; Suomen Riistanhoito-S\u00e4\u00e4ti\u00f6","robots":{"index":"index","follow":"follow","max-snippet":"max-snippet:-1","max-image-preview":"max-image-preview:large","max-video-preview":"max-video-preview:-1"},"canonical":"https:\/\/www.riistasaatio.fi\/en\/product\/suomen-riista-59\/","og_locale":"en_US","og_type":"article","og_title":"Suomen Riista 59 &#183; Suomen Riistanhoito-S\u00e4\u00e4ti\u00f6","og_description":"Juha Hiedanp\u00e4\u00e4: PDF Puheenvuoro: Susikonfliktin ratkaisuista\u00a0 Harri H\u00f6ltt\u00e4: Vesilintujen pyynti Suomessa 1940-\u00adluvun pulavuosina Kaarina Kauhala &amp; Tytti Turkia:Majavien elinymp\u00e4rist\u00f6nk\u00e4ytt\u00f6: alkuper\u00e4islajin ja vieraslajin alustavaa vertailua Jani Pellikka &amp; Leena Forsman:Mets\u00e4st\u00e4vien naisten m\u00e4\u00e4r\u00e4 on kasvussa \u2013 miten tukea kehityst\u00e4? Mia Vehkaoja, Petri Nummi, Howard Parker, G\u00f6ran Hartman &amp; Frank Rosell:Amerikanmajava Castor canadensis Suomessa ja Euroopassa: pohdintoja vaikutuksista...","og_url":"https:\/\/www.riistasaatio.fi\/en\/product\/suomen-riista-59\/","og_site_name":"Suomen Riistanhoito-S\u00e4\u00e4ti\u00f6","article_modified_time":"2023-06-28T23:33:59+00:00","og_image":[{"width":280,"height":393,"url":"https:\/\/www.riistasaatio.fi\/wp-content\/uploads\/sr59-1.jpg","type":"image\/jpeg"}],"twitter_card":"summary_large_image","twitter_misc":{"Est. reading time":"1 minute"},"schema":{"@context":"https:\/\/schema.org","@graph":[{"@type":"WebPage","@id":"https:\/\/www.riistasaatio.fi\/en\/product\/suomen-riista-59\/","url":"https:\/\/www.riistasaatio.fi\/en\/product\/suomen-riista-59\/","name":"Suomen Riista 59 &#183; Suomen Riistanhoito-S\u00e4\u00e4ti\u00f6","isPartOf":{"@id":"https:\/\/www.riistasaatio.fi\/en\/#website"},"primaryImageOfPage":{"@id":"https:\/\/www.riistasaatio.fi\/en\/product\/suomen-riista-59\/#primaryimage"},"image":{"@id":"https:\/\/www.riistasaatio.fi\/en\/product\/suomen-riista-59\/#primaryimage"},"thumbnailUrl":"https:\/\/www.riistasaatio.fi\/wp-content\/uploads\/sr59-1.jpg","datePublished":"2023-06-28T23:33:45+00:00","dateModified":"2023-06-28T23:33:59+00:00","breadcrumb":{"@id":"https:\/\/www.riistasaatio.fi\/en\/product\/suomen-riista-59\/#breadcrumb"},"inLanguage":"en-US","potentialAction":[{"@type":"ReadAction","target":["https:\/\/www.riistasaatio.fi\/en\/product\/suomen-riista-59\/"]}]},{"@type":"ImageObject","inLanguage":"en-US","@id":"https:\/\/www.riistasaatio.fi\/en\/product\/suomen-riista-59\/#primaryimage","url":"https:\/\/www.riistasaatio.fi\/wp-content\/uploads\/sr59-1.jpg","contentUrl":"https:\/\/www.riistasaatio.fi\/wp-content\/uploads\/sr59-1.jpg","width":280,"height":393},{"@type":"BreadcrumbList","@id":"https:\/\/www.riistasaatio.fi\/en\/product\/suomen-riista-59\/#breadcrumb","itemListElement":[{"@type":"ListItem","position":1,"name":"Etusivu","item":"https:\/\/www.riistasaatio.fi\/en\/"},{"@type":"ListItem","position":2,"name":"Shop","item":"https:\/\/www.riistasaatio.fi\/en\/shop\/"},{"@type":"ListItem","position":3,"name":"Suomen Riista 59"}]},{"@type":"WebSite","@id":"https:\/\/www.riistasaatio.fi\/en\/#website","url":"https:\/\/www.riistasaatio.fi\/en\/","name":"Suomen Riistanhoito-S\u00e4\u00e4ti\u00f6","description":"","publisher":{"@id":"https:\/\/www.riistasaatio.fi\/en\/#organization"},"potentialAction":[{"@type":"SearchAction","target":{"@type":"EntryPoint","urlTemplate":"https:\/\/www.riistasaatio.fi\/en\/?s={search_term_string}"},"query-input":{"@type":"PropertyValueSpecification","valueRequired":true,"valueName":"search_term_string"}}],"inLanguage":"en-US"},{"@type":"Organization","@id":"https:\/\/www.riistasaatio.fi\/en\/#organization","name":"Suomen Riistanhoito-S\u00e4\u00e4ti\u00f6","url":"https:\/\/www.riistasaatio.fi\/en\/","logo":{"@type":"ImageObject","inLanguage":"en-US","@id":"https:\/\/www.riistasaatio.fi\/en\/#\/schema\/logo\/image\/","url":"https:\/\/www.riistasaatio.fi\/wp-content\/uploads\/suomen-riistanhoito-saatio-og.png","contentUrl":"https:\/\/www.riistasaatio.fi\/wp-content\/uploads\/suomen-riistanhoito-saatio-og.png","width":1200,"height":630,"caption":"Suomen Riistanhoito-S\u00e4\u00e4ti\u00f6"},"image":{"@id":"https:\/\/www.riistasaatio.fi\/en\/#\/schema\/logo\/image\/"}}]}},"taxonomy_info":{"product_cat":[{"value":54,"label":"Suomen Riista"}]},"featured_image_src_large":["https:\/\/www.riistasaatio.fi\/wp-content\/uploads\/sr59-1.jpg",280,393,false],"author_info":[],"comment_info":"","_links":{"self":[{"href":"https:\/\/www.riistasaatio.fi\/en\/wp-json\/wp\/v2\/product\/1945","targetHints":{"allow":["GET"]}}],"collection":[{"href":"https:\/\/www.riistasaatio.fi\/en\/wp-json\/wp\/v2\/product"}],"about":[{"href":"https:\/\/www.riistasaatio.fi\/en\/wp-json\/wp\/v2\/types\/product"}],"wp:featuredmedia":[{"embeddable":true,"href":"https:\/\/www.riistasaatio.fi\/en\/wp-json\/wp\/v2\/media\/1967"}],"wp:attachment":[{"href":"https:\/\/www.riistasaatio.fi\/en\/wp-json\/wp\/v2\/media?parent=1945"}],"wp:term":[{"taxonomy":"product_brand","embeddable":true,"href":"https:\/\/www.riistasaatio.fi\/en\/wp-json\/wp\/v2\/product_brand?post=1945"},{"taxonomy":"product_cat","embeddable":true,"href":"https:\/\/www.riistasaatio.fi\/en\/wp-json\/wp\/v2\/product_cat?post=1945"},{"taxonomy":"product_tag","embeddable":true,"href":"https:\/\/www.riistasaatio.fi\/en\/wp-json\/wp\/v2\/product_tag?post=1945"}],"curies":[{"name":"wp","href":"https:\/\/api.w.org\/{rel}","templated":true}]}}