{"id":1944,"date":"2023-06-29T02:33:45","date_gmt":"2023-06-28T23:33:45","guid":{"rendered":"https:\/\/www.riistasaatio.fi\/?post_type=product&#038;p=1944"},"modified":"2023-06-29T02:33:59","modified_gmt":"2023-06-28T23:33:59","slug":"suomen-riista-60","status":"publish","type":"product","link":"https:\/\/www.riistasaatio.fi\/en\/product\/suomen-riista-60\/","title":{"rendered":"Suomen Riista 60"},"content":{"rendered":"\r\n<p><em><strong>Eero Helle, Pekka Helle &amp; Harto Lind\u00e9n: <\/strong><\/em><a href=\"\/wp-content\/uploads\/sr60-5-6-a2b.pdf\" target=\"_blank\" rel=\"noreferrer noopener\"><strong>PDF<\/strong><\/a><\/p>\r\n\r\n\r\n\r\n<p>Puheenvuoro: Muutosten edess\u00e4<\/p>\r\n\r\n\r\n\r\n<p><em><strong>Hannu P\u00f6ys\u00e4:<\/strong><\/em><br \/>Pes\u00e4loisinnan ekologiaa \u2013 mallilajina telkk\u00e4<\/p>\r\n\r\n\r\n\r\n<p><em><strong>Seppo Sulkava, Heikki Lokki &amp; Tapio Solonen:<\/strong><\/em><br \/>Kanahaukan pesim\u00e4aikainen ravinto kaupunkiymp\u00e4rist\u00f6ss\u00e4 ja maaseudulla Etel\u00e4-Suomessa<\/p>\r\n\r\n\r\n\r\n<p><em><strong>Kaarina Kauhala, Tanja Hannola &amp; Salonen Liina:<\/strong><\/em><br \/>Elinymp\u00e4rist\u00f6nk\u00e4yt\u00f6n tutkimus vaihtoehtoisilla menetelmill\u00e4: k\u00e4ym\u00e4l\u00e4kartoitukset ja koirien k\u00e4ytt\u00f6 pienpetotutkimuksessa<\/p>\r\n\r\n\r\n\r\n<p><em><strong>Anni Koskela, Ilpo Kojola &amp; Jouni Aspi:<\/strong><\/em><br \/>Alueelliset erot ahman ravinnonk\u00e4yt\u00f6ss\u00e4: katsaus tunturi- ja mets\u00e4ahman ruokavalioon<\/p>\r\n\r\n\r\n\r\n<p>\u200b<\/p>\r\n\r\n\r\n\r\n<p><em><strong>Ilpo Kojola, Samuli Heikkinen, Antti H\u00e4rk\u00e4l\u00e4, Salla Kaartinen &amp; Erik Saarnio:<\/strong><\/em><\/p>\r\n\r\n\r\n\r\n<p>Milloin susi tulee pihaan?<\/p>\r\n\r\n\r\n\r\n<p><em><strong>Milla Niemi, Jani Pellikka &amp; Juha Hiedanp\u00e4\u00e4:<\/strong><\/em> <a href=\"\/wp-content\/uploads\/sr60-60-79-a2b.pdf\" target=\"_blank\" rel=\"noreferrer noopener\"><strong>PDF<\/strong><\/a><br \/>Ajoketjusta seisontahaukkuun \u2013 miten pys\u00e4ytt\u00e4vien koirien k\u00e4yt\u00f6st\u00e4 tuli hirvenmets\u00e4styksen valtavirtaa?<\/p>\r\n\r\n\r\n\r\n<p><em><strong>Kimmo Tolonen:<\/strong><\/em><br \/>Mets\u00e4kanalintujen loukkupyynnist\u00e4 Suomessa<\/p>\r\n\r\n\r\n\r\n<p><em><strong>Sari Holopainen, Petri Nummi &amp; Hannu P\u00f6ys\u00e4:<\/strong><\/em> <a href=\"\/wp-content\/uploads\/sr60-95-105-a2b.pdf\" target=\"_blank\" rel=\"noreferrer noopener\"><strong>PDF<\/strong><\/a><br \/>Sorsien lis\u00e4\u00e4ntymisaikainen elinymp\u00e4rist\u00f6n k\u00e4ytt\u00f6 boreaalisilla j\u00e4rvill\u00e4: kasvillisuuden rakenteen, ravinnon ja majavatulvan vaikutukset<\/p>\r\n\r\n\r\n\r\n<p><em><strong>Lennart Saari:<\/strong><\/em><a href=\"\/wp-content\/uploads\/sr60-106-121-a2b.pdf\" target=\"_blank\" rel=\"noreferrer noopener\"> <strong>PDF<\/strong><\/a><br \/>Vesilintujen syyskannat Saaristomerell\u00e4<\/p>\r\n\r\n\r\n\r\n<p><em><strong>Veli-Matti V\u00e4\u00e4n\u00e4nen:<\/strong><\/em> <a href=\"\/wp-content\/uploads\/sr60-122-128-a2b.pdf\" target=\"_blank\" rel=\"noreferrer noopener\"><strong>PDF<\/strong><\/a><br \/>Vesilinnustuksen aiheuttama h\u00e4iri\u00f6 ja puolisukeltajasorsien muuton ajoittuminen<\/p>\r\n","protected":false},"excerpt":{"rendered":"<p>Eero Helle, Pekka Helle &amp; Harto Lind\u00e9n: PDF Puheenvuoro: Muutosten edess\u00e4 Hannu P\u00f6ys\u00e4:Pes\u00e4loisinnan ekologiaa \u2013 mallilajina telkk\u00e4 Seppo Sulkava, Heikki Lokki &amp; Tapio Solonen:Kanahaukan pesim\u00e4aikainen ravinto kaupunkiymp\u00e4rist\u00f6ss\u00e4 ja maaseudulla Etel\u00e4-Suomessa Kaarina Kauhala, Tanja Hannola &amp; Salonen Liina:Elinymp\u00e4rist\u00f6nk\u00e4yt\u00f6n tutkimus vaihtoehtoisilla menetelmill\u00e4: k\u00e4ym\u00e4l\u00e4kartoitukset ja koirien k\u00e4ytt\u00f6 pienpetotutkimuksessa Anni Koskela, Ilpo Kojola &amp; Jouni Aspi:Alueelliset erot ahman ravinnonk\u00e4yt\u00f6ss\u00e4:&#8230;<\/p>\n","protected":false},"featured_media":1965,"template":"","meta":{"_acf_changed":false,"content-type":"","_kad_blocks_custom_css":"","_kad_blocks_head_custom_js":"","_kad_blocks_body_custom_js":"","_kad_blocks_footer_custom_js":"","_kad_post_transparent":"","_kad_post_title":"","_kad_post_layout":"","_kad_post_sidebar_id":"","_kad_post_content_style":"","_kad_post_vertical_padding":"","_kad_post_feature":"","_kad_post_feature_position":"","_kad_post_header":false,"_kad_post_footer":false,"_kad_post_classname":""},"product_brand":[],"product_cat":[54],"product_tag":[],"class_list":{"0":"post-1944","1":"product","2":"type-product","3":"status-publish","4":"has-post-thumbnail","6":"product_cat-suomen-riista","8":"first","9":"instock","10":"shipping-taxable","11":"purchasable","12":"product-type-simple","13":"entry","14":"content-bg","15":"loop-entry"},"acf":[],"yoast_head":"<!-- This site is optimized with the Yoast SEO plugin v27.6 - https:\/\/yoast.com\/product\/yoast-seo-wordpress\/ -->\n<title>Suomen Riista 60 &#183; Suomen Riistanhoito-S\u00e4\u00e4ti\u00f6<\/title>\n<meta name=\"robots\" content=\"index, follow, max-snippet:-1, max-image-preview:large, max-video-preview:-1\" \/>\n<link rel=\"canonical\" href=\"https:\/\/www.riistasaatio.fi\/en\/product\/suomen-riista-60\/\" \/>\n<meta property=\"og:locale\" content=\"en_US\" \/>\n<meta property=\"og:type\" content=\"article\" \/>\n<meta property=\"og:title\" content=\"Suomen Riista 60 &#183; Suomen Riistanhoito-S\u00e4\u00e4ti\u00f6\" \/>\n<meta property=\"og:description\" content=\"Eero Helle, Pekka Helle &amp; Harto Lind\u00e9n: PDF Puheenvuoro: Muutosten edess\u00e4 Hannu P\u00f6ys\u00e4:Pes\u00e4loisinnan ekologiaa \u2013 mallilajina telkk\u00e4 Seppo Sulkava, Heikki Lokki &amp; Tapio Solonen:Kanahaukan pesim\u00e4aikainen ravinto kaupunkiymp\u00e4rist\u00f6ss\u00e4 ja maaseudulla Etel\u00e4-Suomessa Kaarina Kauhala, Tanja Hannola &amp; Salonen Liina:Elinymp\u00e4rist\u00f6nk\u00e4yt\u00f6n tutkimus vaihtoehtoisilla menetelmill\u00e4: k\u00e4ym\u00e4l\u00e4kartoitukset ja koirien k\u00e4ytt\u00f6 pienpetotutkimuksessa Anni Koskela, Ilpo Kojola &amp; Jouni Aspi:Alueelliset erot ahman ravinnonk\u00e4yt\u00f6ss\u00e4:...\" \/>\n<meta property=\"og:url\" content=\"https:\/\/www.riistasaatio.fi\/en\/product\/suomen-riista-60\/\" \/>\n<meta property=\"og:site_name\" content=\"Suomen Riistanhoito-S\u00e4\u00e4ti\u00f6\" \/>\n<meta property=\"article:modified_time\" content=\"2023-06-28T23:33:59+00:00\" \/>\n<meta property=\"og:image\" content=\"https:\/\/www.riistasaatio.fi\/wp-content\/uploads\/sr60-1.jpg\" \/>\n\t<meta property=\"og:image:width\" content=\"280\" \/>\n\t<meta property=\"og:image:height\" content=\"394\" \/>\n\t<meta property=\"og:image:type\" content=\"image\/jpeg\" \/>\n<meta name=\"twitter:card\" content=\"summary_large_image\" \/>\n<meta name=\"twitter:label1\" content=\"Est. reading time\" \/>\n\t<meta name=\"twitter:data1\" content=\"1 minute\" \/>\n<script type=\"application\/ld+json\" class=\"yoast-schema-graph\">{\"@context\":\"https:\\\/\\\/schema.org\",\"@graph\":[{\"@type\":\"WebPage\",\"@id\":\"https:\\\/\\\/www.riistasaatio.fi\\\/en\\\/product\\\/suomen-riista-60\\\/\",\"url\":\"https:\\\/\\\/www.riistasaatio.fi\\\/en\\\/product\\\/suomen-riista-60\\\/\",\"name\":\"Suomen Riista 60 &#183; Suomen Riistanhoito-S\u00e4\u00e4ti\u00f6\",\"isPartOf\":{\"@id\":\"https:\\\/\\\/www.riistasaatio.fi\\\/en\\\/#website\"},\"primaryImageOfPage\":{\"@id\":\"https:\\\/\\\/www.riistasaatio.fi\\\/en\\\/product\\\/suomen-riista-60\\\/#primaryimage\"},\"image\":{\"@id\":\"https:\\\/\\\/www.riistasaatio.fi\\\/en\\\/product\\\/suomen-riista-60\\\/#primaryimage\"},\"thumbnailUrl\":\"https:\\\/\\\/www.riistasaatio.fi\\\/wp-content\\\/uploads\\\/sr60-1.jpg\",\"datePublished\":\"2023-06-28T23:33:45+00:00\",\"dateModified\":\"2023-06-28T23:33:59+00:00\",\"breadcrumb\":{\"@id\":\"https:\\\/\\\/www.riistasaatio.fi\\\/en\\\/product\\\/suomen-riista-60\\\/#breadcrumb\"},\"inLanguage\":\"en-US\",\"potentialAction\":[{\"@type\":\"ReadAction\",\"target\":[\"https:\\\/\\\/www.riistasaatio.fi\\\/en\\\/product\\\/suomen-riista-60\\\/\"]}]},{\"@type\":\"ImageObject\",\"inLanguage\":\"en-US\",\"@id\":\"https:\\\/\\\/www.riistasaatio.fi\\\/en\\\/product\\\/suomen-riista-60\\\/#primaryimage\",\"url\":\"https:\\\/\\\/www.riistasaatio.fi\\\/wp-content\\\/uploads\\\/sr60-1.jpg\",\"contentUrl\":\"https:\\\/\\\/www.riistasaatio.fi\\\/wp-content\\\/uploads\\\/sr60-1.jpg\",\"width\":280,\"height\":394},{\"@type\":\"BreadcrumbList\",\"@id\":\"https:\\\/\\\/www.riistasaatio.fi\\\/en\\\/product\\\/suomen-riista-60\\\/#breadcrumb\",\"itemListElement\":[{\"@type\":\"ListItem\",\"position\":1,\"name\":\"Etusivu\",\"item\":\"https:\\\/\\\/www.riistasaatio.fi\\\/en\\\/\"},{\"@type\":\"ListItem\",\"position\":2,\"name\":\"Shop\",\"item\":\"https:\\\/\\\/www.riistasaatio.fi\\\/en\\\/shop\\\/\"},{\"@type\":\"ListItem\",\"position\":3,\"name\":\"Suomen Riista 60\"}]},{\"@type\":\"WebSite\",\"@id\":\"https:\\\/\\\/www.riistasaatio.fi\\\/en\\\/#website\",\"url\":\"https:\\\/\\\/www.riistasaatio.fi\\\/en\\\/\",\"name\":\"Suomen Riistanhoito-S\u00e4\u00e4ti\u00f6\",\"description\":\"\",\"publisher\":{\"@id\":\"https:\\\/\\\/www.riistasaatio.fi\\\/en\\\/#organization\"},\"potentialAction\":[{\"@type\":\"SearchAction\",\"target\":{\"@type\":\"EntryPoint\",\"urlTemplate\":\"https:\\\/\\\/www.riistasaatio.fi\\\/en\\\/?s={search_term_string}\"},\"query-input\":{\"@type\":\"PropertyValueSpecification\",\"valueRequired\":true,\"valueName\":\"search_term_string\"}}],\"inLanguage\":\"en-US\"},{\"@type\":\"Organization\",\"@id\":\"https:\\\/\\\/www.riistasaatio.fi\\\/en\\\/#organization\",\"name\":\"Suomen Riistanhoito-S\u00e4\u00e4ti\u00f6\",\"url\":\"https:\\\/\\\/www.riistasaatio.fi\\\/en\\\/\",\"logo\":{\"@type\":\"ImageObject\",\"inLanguage\":\"en-US\",\"@id\":\"https:\\\/\\\/www.riistasaatio.fi\\\/en\\\/#\\\/schema\\\/logo\\\/image\\\/\",\"url\":\"https:\\\/\\\/www.riistasaatio.fi\\\/wp-content\\\/uploads\\\/suomen-riistanhoito-saatio-og.png\",\"contentUrl\":\"https:\\\/\\\/www.riistasaatio.fi\\\/wp-content\\\/uploads\\\/suomen-riistanhoito-saatio-og.png\",\"width\":1200,\"height\":630,\"caption\":\"Suomen Riistanhoito-S\u00e4\u00e4ti\u00f6\"},\"image\":{\"@id\":\"https:\\\/\\\/www.riistasaatio.fi\\\/en\\\/#\\\/schema\\\/logo\\\/image\\\/\"}}]}<\/script>\n<!-- \/ Yoast SEO plugin. -->","yoast_head_json":{"title":"Suomen Riista 60 &#183; Suomen Riistanhoito-S\u00e4\u00e4ti\u00f6","robots":{"index":"index","follow":"follow","max-snippet":"max-snippet:-1","max-image-preview":"max-image-preview:large","max-video-preview":"max-video-preview:-1"},"canonical":"https:\/\/www.riistasaatio.fi\/en\/product\/suomen-riista-60\/","og_locale":"en_US","og_type":"article","og_title":"Suomen Riista 60 &#183; Suomen Riistanhoito-S\u00e4\u00e4ti\u00f6","og_description":"Eero Helle, Pekka Helle &amp; Harto Lind\u00e9n: PDF Puheenvuoro: Muutosten edess\u00e4 Hannu P\u00f6ys\u00e4:Pes\u00e4loisinnan ekologiaa \u2013 mallilajina telkk\u00e4 Seppo Sulkava, Heikki Lokki &amp; Tapio Solonen:Kanahaukan pesim\u00e4aikainen ravinto kaupunkiymp\u00e4rist\u00f6ss\u00e4 ja maaseudulla Etel\u00e4-Suomessa Kaarina Kauhala, Tanja Hannola &amp; Salonen Liina:Elinymp\u00e4rist\u00f6nk\u00e4yt\u00f6n tutkimus vaihtoehtoisilla menetelmill\u00e4: k\u00e4ym\u00e4l\u00e4kartoitukset ja koirien k\u00e4ytt\u00f6 pienpetotutkimuksessa Anni Koskela, Ilpo Kojola &amp; Jouni Aspi:Alueelliset erot ahman ravinnonk\u00e4yt\u00f6ss\u00e4:...","og_url":"https:\/\/www.riistasaatio.fi\/en\/product\/suomen-riista-60\/","og_site_name":"Suomen Riistanhoito-S\u00e4\u00e4ti\u00f6","article_modified_time":"2023-06-28T23:33:59+00:00","og_image":[{"width":280,"height":394,"url":"https:\/\/www.riistasaatio.fi\/wp-content\/uploads\/sr60-1.jpg","type":"image\/jpeg"}],"twitter_card":"summary_large_image","twitter_misc":{"Est. reading time":"1 minute"},"schema":{"@context":"https:\/\/schema.org","@graph":[{"@type":"WebPage","@id":"https:\/\/www.riistasaatio.fi\/en\/product\/suomen-riista-60\/","url":"https:\/\/www.riistasaatio.fi\/en\/product\/suomen-riista-60\/","name":"Suomen Riista 60 &#183; Suomen Riistanhoito-S\u00e4\u00e4ti\u00f6","isPartOf":{"@id":"https:\/\/www.riistasaatio.fi\/en\/#website"},"primaryImageOfPage":{"@id":"https:\/\/www.riistasaatio.fi\/en\/product\/suomen-riista-60\/#primaryimage"},"image":{"@id":"https:\/\/www.riistasaatio.fi\/en\/product\/suomen-riista-60\/#primaryimage"},"thumbnailUrl":"https:\/\/www.riistasaatio.fi\/wp-content\/uploads\/sr60-1.jpg","datePublished":"2023-06-28T23:33:45+00:00","dateModified":"2023-06-28T23:33:59+00:00","breadcrumb":{"@id":"https:\/\/www.riistasaatio.fi\/en\/product\/suomen-riista-60\/#breadcrumb"},"inLanguage":"en-US","potentialAction":[{"@type":"ReadAction","target":["https:\/\/www.riistasaatio.fi\/en\/product\/suomen-riista-60\/"]}]},{"@type":"ImageObject","inLanguage":"en-US","@id":"https:\/\/www.riistasaatio.fi\/en\/product\/suomen-riista-60\/#primaryimage","url":"https:\/\/www.riistasaatio.fi\/wp-content\/uploads\/sr60-1.jpg","contentUrl":"https:\/\/www.riistasaatio.fi\/wp-content\/uploads\/sr60-1.jpg","width":280,"height":394},{"@type":"BreadcrumbList","@id":"https:\/\/www.riistasaatio.fi\/en\/product\/suomen-riista-60\/#breadcrumb","itemListElement":[{"@type":"ListItem","position":1,"name":"Etusivu","item":"https:\/\/www.riistasaatio.fi\/en\/"},{"@type":"ListItem","position":2,"name":"Shop","item":"https:\/\/www.riistasaatio.fi\/en\/shop\/"},{"@type":"ListItem","position":3,"name":"Suomen Riista 60"}]},{"@type":"WebSite","@id":"https:\/\/www.riistasaatio.fi\/en\/#website","url":"https:\/\/www.riistasaatio.fi\/en\/","name":"Suomen Riistanhoito-S\u00e4\u00e4ti\u00f6","description":"","publisher":{"@id":"https:\/\/www.riistasaatio.fi\/en\/#organization"},"potentialAction":[{"@type":"SearchAction","target":{"@type":"EntryPoint","urlTemplate":"https:\/\/www.riistasaatio.fi\/en\/?s={search_term_string}"},"query-input":{"@type":"PropertyValueSpecification","valueRequired":true,"valueName":"search_term_string"}}],"inLanguage":"en-US"},{"@type":"Organization","@id":"https:\/\/www.riistasaatio.fi\/en\/#organization","name":"Suomen Riistanhoito-S\u00e4\u00e4ti\u00f6","url":"https:\/\/www.riistasaatio.fi\/en\/","logo":{"@type":"ImageObject","inLanguage":"en-US","@id":"https:\/\/www.riistasaatio.fi\/en\/#\/schema\/logo\/image\/","url":"https:\/\/www.riistasaatio.fi\/wp-content\/uploads\/suomen-riistanhoito-saatio-og.png","contentUrl":"https:\/\/www.riistasaatio.fi\/wp-content\/uploads\/suomen-riistanhoito-saatio-og.png","width":1200,"height":630,"caption":"Suomen Riistanhoito-S\u00e4\u00e4ti\u00f6"},"image":{"@id":"https:\/\/www.riistasaatio.fi\/en\/#\/schema\/logo\/image\/"}}]}},"taxonomy_info":{"product_cat":[{"value":54,"label":"Suomen Riista"}]},"featured_image_src_large":["https:\/\/www.riistasaatio.fi\/wp-content\/uploads\/sr60-1.jpg",280,394,false],"author_info":[],"comment_info":"","_links":{"self":[{"href":"https:\/\/www.riistasaatio.fi\/en\/wp-json\/wp\/v2\/product\/1944","targetHints":{"allow":["GET"]}}],"collection":[{"href":"https:\/\/www.riistasaatio.fi\/en\/wp-json\/wp\/v2\/product"}],"about":[{"href":"https:\/\/www.riistasaatio.fi\/en\/wp-json\/wp\/v2\/types\/product"}],"wp:featuredmedia":[{"embeddable":true,"href":"https:\/\/www.riistasaatio.fi\/en\/wp-json\/wp\/v2\/media\/1965"}],"wp:attachment":[{"href":"https:\/\/www.riistasaatio.fi\/en\/wp-json\/wp\/v2\/media?parent=1944"}],"wp:term":[{"taxonomy":"product_brand","embeddable":true,"href":"https:\/\/www.riistasaatio.fi\/en\/wp-json\/wp\/v2\/product_brand?post=1944"},{"taxonomy":"product_cat","embeddable":true,"href":"https:\/\/www.riistasaatio.fi\/en\/wp-json\/wp\/v2\/product_cat?post=1944"},{"taxonomy":"product_tag","embeddable":true,"href":"https:\/\/www.riistasaatio.fi\/en\/wp-json\/wp\/v2\/product_tag?post=1944"}],"curies":[{"name":"wp","href":"https:\/\/api.w.org\/{rel}","templated":true}]}}