{"id":1943,"date":"2023-06-29T02:33:45","date_gmt":"2023-06-28T23:33:45","guid":{"rendered":"https:\/\/www.riistasaatio.fi\/?post_type=product&#038;p=1943"},"modified":"2023-06-29T02:33:59","modified_gmt":"2023-06-28T23:33:59","slug":"suomen-riista-61","status":"publish","type":"product","link":"https:\/\/www.riistasaatio.fi\/en\/product\/suomen-riista-61\/","title":{"rendered":"Suomen Riista 61"},"content":{"rendered":"\r\n<h2 class=\"wp-block-heading\">\u00a0<\/h2>\r\n\r\n\r\n\r\n<p><em><strong>Vesa Ruusila:<\/strong><\/em> <a href=\"\/wp-content\/uploads\/sr61-5-6-a2b.pdf\" target=\"_blank\" rel=\"noreferrer noopener\"><strong>PDF<\/strong><\/a><br \/>Puheenvuoro: Riistantutkimus rahoituksen ja rakenteiden rajussa muutoksessa<br \/><br \/><em><strong>Minna Turunen, Sirpa Rasmus, Mathias Bavay, Kimmo Ruosteenoja &amp; Janne Heiskanen:<\/strong><\/em><br \/>Talvis\u00e4\u00e4t, lumiolot ja poronhoitoty\u00f6t: poronhoitajien n\u00e4kemyksi\u00e4 ilmastonmuutoksen vaikutuksista ja keinoista selviyty\u00e4 ongelmista<br \/>\u00a0<\/p>\r\n\r\n\r\n\r\n<p><em><strong>Mia R\u00f6nk\u00e4, C\u00e9line Arzel, Harri Tolvanen, Ina-Sabrina Tirri, Matti Kamppinen, Petteri\u00a0 \u00a0\u00a0 Vihervaara &amp; Nina Aarras:<\/strong><\/em><\/p>\r\n\r\n\r\n\r\n<p>Kosteikko- ja vesilintujen lajirunsaus ja parim\u00e4\u00e4r\u00e4t sek\u00e4 vesilintujen poikuem\u00e4\u00e4r\u00e4t maatalousalueen kosteikoilla<br \/>\u00a0<\/p>\r\n\r\n\r\n\r\n<p><em><strong>Lennart Saari: <\/strong><\/em><a href=\"\/wp-content\/uploads\/sr61-43-55-a2b.pdf\" target=\"_blank\" rel=\"noreferrer noopener\"><strong>PDF<\/strong><\/a><\/p>\r\n\r\n\r\n\r\n<p>Kyhmyjoutsen Saaristomerell\u00e4: onko joutsenkanta saavuttanut kantokyvyn?<br \/>\u00a0<\/p>\r\n\r\n\r\n\r\n<p><em><strong>Pekka Helle &amp; Harto Lind\u00e9n: <\/strong><\/em><a href=\"\/wp-content\/uploads\/sr61-56-66-a2b.pdf\" target=\"_blank\" rel=\"noreferrer noopener\"><strong>PDF<\/strong><\/a><\/p>\r\n\r\n\r\n\r\n<p>Katsaus mets\u00e4kantalintukantojen vaihteluihin Suomessa viimeisten 50 vuoden aikana<\/p>\r\n\r\n\r\n\r\n<p><em><strong>Jani Pellikka, Leena Forsman &amp; Pekka Helle:<\/strong><\/em> <a href=\"\/wp-content\/uploads\/sr61-67-79-a2b.pdf\" target=\"_blank\" rel=\"noreferrer noopener\"><strong>PDF<\/strong><\/a><br \/>Mets\u00e4kanalintujen kannanvaihtelut ja mets\u00e4stysalueiden vetovoima<\/p>\r\n\r\n\r\n\r\n<p><em><strong>Veli-Matti V\u00e4\u00e4n\u00e4nen &amp; Hannu P\u00f6ys\u00e4:<\/strong><\/em><br \/>Hein\u00e4tavikannan kehitys Suomessa: kannanmuutoksia ja niihin vaikuttavia tekij\u00f6it\u00e4<\/p>\r\n","protected":false},"excerpt":{"rendered":"<p>\u00a0 Vesa Ruusila: PDFPuheenvuoro: Riistantutkimus rahoituksen ja rakenteiden rajussa muutoksessa Minna Turunen, Sirpa Rasmus, Mathias Bavay, Kimmo Ruosteenoja &amp; Janne Heiskanen:Talvis\u00e4\u00e4t, lumiolot ja poronhoitoty\u00f6t: poronhoitajien n\u00e4kemyksi\u00e4 ilmastonmuutoksen vaikutuksista ja keinoista selviyty\u00e4 ongelmista\u00a0 Mia R\u00f6nk\u00e4, C\u00e9line Arzel, Harri Tolvanen, Ina-Sabrina Tirri, Matti Kamppinen, Petteri\u00a0 \u00a0\u00a0 Vihervaara &amp; Nina Aarras: Kosteikko- ja vesilintujen lajirunsaus ja parim\u00e4\u00e4r\u00e4t sek\u00e4&#8230;<\/p>\n","protected":false},"featured_media":1963,"template":"","meta":{"_acf_changed":false,"content-type":"","_kad_blocks_custom_css":"","_kad_blocks_head_custom_js":"","_kad_blocks_body_custom_js":"","_kad_blocks_footer_custom_js":"","_kad_post_transparent":"","_kad_post_title":"","_kad_post_layout":"","_kad_post_sidebar_id":"","_kad_post_content_style":"","_kad_post_vertical_padding":"","_kad_post_feature":"","_kad_post_feature_position":"","_kad_post_header":false,"_kad_post_footer":false,"_kad_post_classname":""},"product_brand":[],"product_cat":[54],"product_tag":[],"class_list":{"0":"post-1943","1":"product","2":"type-product","3":"status-publish","4":"has-post-thumbnail","6":"product_cat-suomen-riista","8":"first","9":"instock","10":"shipping-taxable","11":"purchasable","12":"product-type-simple","13":"entry","14":"content-bg","15":"loop-entry"},"acf":[],"yoast_head":"<!-- This site is optimized with the Yoast SEO plugin v27.6 - https:\/\/yoast.com\/product\/yoast-seo-wordpress\/ -->\n<title>Suomen Riista 61 &#183; Suomen Riistanhoito-S\u00e4\u00e4ti\u00f6<\/title>\n<meta name=\"robots\" content=\"index, follow, max-snippet:-1, max-image-preview:large, max-video-preview:-1\" \/>\n<link rel=\"canonical\" href=\"https:\/\/www.riistasaatio.fi\/en\/product\/suomen-riista-61\/\" \/>\n<meta property=\"og:locale\" content=\"en_US\" \/>\n<meta property=\"og:type\" content=\"article\" \/>\n<meta property=\"og:title\" content=\"Suomen Riista 61 &#183; Suomen Riistanhoito-S\u00e4\u00e4ti\u00f6\" \/>\n<meta property=\"og:description\" content=\"\u00a0 Vesa Ruusila: PDFPuheenvuoro: Riistantutkimus rahoituksen ja rakenteiden rajussa muutoksessa Minna Turunen, Sirpa Rasmus, Mathias Bavay, Kimmo Ruosteenoja &amp; Janne Heiskanen:Talvis\u00e4\u00e4t, lumiolot ja poronhoitoty\u00f6t: poronhoitajien n\u00e4kemyksi\u00e4 ilmastonmuutoksen vaikutuksista ja keinoista selviyty\u00e4 ongelmista\u00a0 Mia R\u00f6nk\u00e4, C\u00e9line Arzel, Harri Tolvanen, Ina-Sabrina Tirri, Matti Kamppinen, Petteri\u00a0 \u00a0\u00a0 Vihervaara &amp; Nina Aarras: Kosteikko- ja vesilintujen lajirunsaus ja parim\u00e4\u00e4r\u00e4t sek\u00e4...\" \/>\n<meta property=\"og:url\" content=\"https:\/\/www.riistasaatio.fi\/en\/product\/suomen-riista-61\/\" \/>\n<meta property=\"og:site_name\" content=\"Suomen Riistanhoito-S\u00e4\u00e4ti\u00f6\" \/>\n<meta property=\"article:modified_time\" content=\"2023-06-28T23:33:59+00:00\" \/>\n<meta property=\"og:image\" content=\"https:\/\/www.riistasaatio.fi\/wp-content\/uploads\/sr61-1.jpg\" \/>\n\t<meta property=\"og:image:width\" content=\"280\" \/>\n\t<meta property=\"og:image:height\" content=\"395\" \/>\n\t<meta property=\"og:image:type\" content=\"image\/jpeg\" \/>\n<meta name=\"twitter:card\" content=\"summary_large_image\" \/>\n<meta name=\"twitter:label1\" content=\"Est. reading time\" \/>\n\t<meta name=\"twitter:data1\" content=\"1 minute\" \/>\n<script type=\"application\/ld+json\" class=\"yoast-schema-graph\">{\"@context\":\"https:\\\/\\\/schema.org\",\"@graph\":[{\"@type\":\"WebPage\",\"@id\":\"https:\\\/\\\/www.riistasaatio.fi\\\/en\\\/product\\\/suomen-riista-61\\\/\",\"url\":\"https:\\\/\\\/www.riistasaatio.fi\\\/en\\\/product\\\/suomen-riista-61\\\/\",\"name\":\"Suomen Riista 61 &#183; Suomen Riistanhoito-S\u00e4\u00e4ti\u00f6\",\"isPartOf\":{\"@id\":\"https:\\\/\\\/www.riistasaatio.fi\\\/en\\\/#website\"},\"primaryImageOfPage\":{\"@id\":\"https:\\\/\\\/www.riistasaatio.fi\\\/en\\\/product\\\/suomen-riista-61\\\/#primaryimage\"},\"image\":{\"@id\":\"https:\\\/\\\/www.riistasaatio.fi\\\/en\\\/product\\\/suomen-riista-61\\\/#primaryimage\"},\"thumbnailUrl\":\"https:\\\/\\\/www.riistasaatio.fi\\\/wp-content\\\/uploads\\\/sr61-1.jpg\",\"datePublished\":\"2023-06-28T23:33:45+00:00\",\"dateModified\":\"2023-06-28T23:33:59+00:00\",\"breadcrumb\":{\"@id\":\"https:\\\/\\\/www.riistasaatio.fi\\\/en\\\/product\\\/suomen-riista-61\\\/#breadcrumb\"},\"inLanguage\":\"en-US\",\"potentialAction\":[{\"@type\":\"ReadAction\",\"target\":[\"https:\\\/\\\/www.riistasaatio.fi\\\/en\\\/product\\\/suomen-riista-61\\\/\"]}]},{\"@type\":\"ImageObject\",\"inLanguage\":\"en-US\",\"@id\":\"https:\\\/\\\/www.riistasaatio.fi\\\/en\\\/product\\\/suomen-riista-61\\\/#primaryimage\",\"url\":\"https:\\\/\\\/www.riistasaatio.fi\\\/wp-content\\\/uploads\\\/sr61-1.jpg\",\"contentUrl\":\"https:\\\/\\\/www.riistasaatio.fi\\\/wp-content\\\/uploads\\\/sr61-1.jpg\",\"width\":280,\"height\":395},{\"@type\":\"BreadcrumbList\",\"@id\":\"https:\\\/\\\/www.riistasaatio.fi\\\/en\\\/product\\\/suomen-riista-61\\\/#breadcrumb\",\"itemListElement\":[{\"@type\":\"ListItem\",\"position\":1,\"name\":\"Etusivu\",\"item\":\"https:\\\/\\\/www.riistasaatio.fi\\\/en\\\/\"},{\"@type\":\"ListItem\",\"position\":2,\"name\":\"Shop\",\"item\":\"https:\\\/\\\/www.riistasaatio.fi\\\/en\\\/shop\\\/\"},{\"@type\":\"ListItem\",\"position\":3,\"name\":\"Suomen Riista 61\"}]},{\"@type\":\"WebSite\",\"@id\":\"https:\\\/\\\/www.riistasaatio.fi\\\/en\\\/#website\",\"url\":\"https:\\\/\\\/www.riistasaatio.fi\\\/en\\\/\",\"name\":\"Suomen Riistanhoito-S\u00e4\u00e4ti\u00f6\",\"description\":\"\",\"publisher\":{\"@id\":\"https:\\\/\\\/www.riistasaatio.fi\\\/en\\\/#organization\"},\"potentialAction\":[{\"@type\":\"SearchAction\",\"target\":{\"@type\":\"EntryPoint\",\"urlTemplate\":\"https:\\\/\\\/www.riistasaatio.fi\\\/en\\\/?s={search_term_string}\"},\"query-input\":{\"@type\":\"PropertyValueSpecification\",\"valueRequired\":true,\"valueName\":\"search_term_string\"}}],\"inLanguage\":\"en-US\"},{\"@type\":\"Organization\",\"@id\":\"https:\\\/\\\/www.riistasaatio.fi\\\/en\\\/#organization\",\"name\":\"Suomen Riistanhoito-S\u00e4\u00e4ti\u00f6\",\"url\":\"https:\\\/\\\/www.riistasaatio.fi\\\/en\\\/\",\"logo\":{\"@type\":\"ImageObject\",\"inLanguage\":\"en-US\",\"@id\":\"https:\\\/\\\/www.riistasaatio.fi\\\/en\\\/#\\\/schema\\\/logo\\\/image\\\/\",\"url\":\"https:\\\/\\\/www.riistasaatio.fi\\\/wp-content\\\/uploads\\\/suomen-riistanhoito-saatio-og.png\",\"contentUrl\":\"https:\\\/\\\/www.riistasaatio.fi\\\/wp-content\\\/uploads\\\/suomen-riistanhoito-saatio-og.png\",\"width\":1200,\"height\":630,\"caption\":\"Suomen Riistanhoito-S\u00e4\u00e4ti\u00f6\"},\"image\":{\"@id\":\"https:\\\/\\\/www.riistasaatio.fi\\\/en\\\/#\\\/schema\\\/logo\\\/image\\\/\"}}]}<\/script>\n<!-- \/ Yoast SEO plugin. -->","yoast_head_json":{"title":"Suomen Riista 61 &#183; Suomen Riistanhoito-S\u00e4\u00e4ti\u00f6","robots":{"index":"index","follow":"follow","max-snippet":"max-snippet:-1","max-image-preview":"max-image-preview:large","max-video-preview":"max-video-preview:-1"},"canonical":"https:\/\/www.riistasaatio.fi\/en\/product\/suomen-riista-61\/","og_locale":"en_US","og_type":"article","og_title":"Suomen Riista 61 &#183; Suomen Riistanhoito-S\u00e4\u00e4ti\u00f6","og_description":"\u00a0 Vesa Ruusila: PDFPuheenvuoro: Riistantutkimus rahoituksen ja rakenteiden rajussa muutoksessa Minna Turunen, Sirpa Rasmus, Mathias Bavay, Kimmo Ruosteenoja &amp; Janne Heiskanen:Talvis\u00e4\u00e4t, lumiolot ja poronhoitoty\u00f6t: poronhoitajien n\u00e4kemyksi\u00e4 ilmastonmuutoksen vaikutuksista ja keinoista selviyty\u00e4 ongelmista\u00a0 Mia R\u00f6nk\u00e4, C\u00e9line Arzel, Harri Tolvanen, Ina-Sabrina Tirri, Matti Kamppinen, Petteri\u00a0 \u00a0\u00a0 Vihervaara &amp; Nina Aarras: Kosteikko- ja vesilintujen lajirunsaus ja parim\u00e4\u00e4r\u00e4t sek\u00e4...","og_url":"https:\/\/www.riistasaatio.fi\/en\/product\/suomen-riista-61\/","og_site_name":"Suomen Riistanhoito-S\u00e4\u00e4ti\u00f6","article_modified_time":"2023-06-28T23:33:59+00:00","og_image":[{"width":280,"height":395,"url":"https:\/\/www.riistasaatio.fi\/wp-content\/uploads\/sr61-1.jpg","type":"image\/jpeg"}],"twitter_card":"summary_large_image","twitter_misc":{"Est. reading time":"1 minute"},"schema":{"@context":"https:\/\/schema.org","@graph":[{"@type":"WebPage","@id":"https:\/\/www.riistasaatio.fi\/en\/product\/suomen-riista-61\/","url":"https:\/\/www.riistasaatio.fi\/en\/product\/suomen-riista-61\/","name":"Suomen Riista 61 &#183; Suomen Riistanhoito-S\u00e4\u00e4ti\u00f6","isPartOf":{"@id":"https:\/\/www.riistasaatio.fi\/en\/#website"},"primaryImageOfPage":{"@id":"https:\/\/www.riistasaatio.fi\/en\/product\/suomen-riista-61\/#primaryimage"},"image":{"@id":"https:\/\/www.riistasaatio.fi\/en\/product\/suomen-riista-61\/#primaryimage"},"thumbnailUrl":"https:\/\/www.riistasaatio.fi\/wp-content\/uploads\/sr61-1.jpg","datePublished":"2023-06-28T23:33:45+00:00","dateModified":"2023-06-28T23:33:59+00:00","breadcrumb":{"@id":"https:\/\/www.riistasaatio.fi\/en\/product\/suomen-riista-61\/#breadcrumb"},"inLanguage":"en-US","potentialAction":[{"@type":"ReadAction","target":["https:\/\/www.riistasaatio.fi\/en\/product\/suomen-riista-61\/"]}]},{"@type":"ImageObject","inLanguage":"en-US","@id":"https:\/\/www.riistasaatio.fi\/en\/product\/suomen-riista-61\/#primaryimage","url":"https:\/\/www.riistasaatio.fi\/wp-content\/uploads\/sr61-1.jpg","contentUrl":"https:\/\/www.riistasaatio.fi\/wp-content\/uploads\/sr61-1.jpg","width":280,"height":395},{"@type":"BreadcrumbList","@id":"https:\/\/www.riistasaatio.fi\/en\/product\/suomen-riista-61\/#breadcrumb","itemListElement":[{"@type":"ListItem","position":1,"name":"Etusivu","item":"https:\/\/www.riistasaatio.fi\/en\/"},{"@type":"ListItem","position":2,"name":"Shop","item":"https:\/\/www.riistasaatio.fi\/en\/shop\/"},{"@type":"ListItem","position":3,"name":"Suomen Riista 61"}]},{"@type":"WebSite","@id":"https:\/\/www.riistasaatio.fi\/en\/#website","url":"https:\/\/www.riistasaatio.fi\/en\/","name":"Suomen Riistanhoito-S\u00e4\u00e4ti\u00f6","description":"","publisher":{"@id":"https:\/\/www.riistasaatio.fi\/en\/#organization"},"potentialAction":[{"@type":"SearchAction","target":{"@type":"EntryPoint","urlTemplate":"https:\/\/www.riistasaatio.fi\/en\/?s={search_term_string}"},"query-input":{"@type":"PropertyValueSpecification","valueRequired":true,"valueName":"search_term_string"}}],"inLanguage":"en-US"},{"@type":"Organization","@id":"https:\/\/www.riistasaatio.fi\/en\/#organization","name":"Suomen Riistanhoito-S\u00e4\u00e4ti\u00f6","url":"https:\/\/www.riistasaatio.fi\/en\/","logo":{"@type":"ImageObject","inLanguage":"en-US","@id":"https:\/\/www.riistasaatio.fi\/en\/#\/schema\/logo\/image\/","url":"https:\/\/www.riistasaatio.fi\/wp-content\/uploads\/suomen-riistanhoito-saatio-og.png","contentUrl":"https:\/\/www.riistasaatio.fi\/wp-content\/uploads\/suomen-riistanhoito-saatio-og.png","width":1200,"height":630,"caption":"Suomen Riistanhoito-S\u00e4\u00e4ti\u00f6"},"image":{"@id":"https:\/\/www.riistasaatio.fi\/en\/#\/schema\/logo\/image\/"}}]}},"taxonomy_info":{"product_cat":[{"value":54,"label":"Suomen Riista"}]},"featured_image_src_large":["https:\/\/www.riistasaatio.fi\/wp-content\/uploads\/sr61-1.jpg",280,395,false],"author_info":[],"comment_info":"","_links":{"self":[{"href":"https:\/\/www.riistasaatio.fi\/en\/wp-json\/wp\/v2\/product\/1943","targetHints":{"allow":["GET"]}}],"collection":[{"href":"https:\/\/www.riistasaatio.fi\/en\/wp-json\/wp\/v2\/product"}],"about":[{"href":"https:\/\/www.riistasaatio.fi\/en\/wp-json\/wp\/v2\/types\/product"}],"wp:featuredmedia":[{"embeddable":true,"href":"https:\/\/www.riistasaatio.fi\/en\/wp-json\/wp\/v2\/media\/1963"}],"wp:attachment":[{"href":"https:\/\/www.riistasaatio.fi\/en\/wp-json\/wp\/v2\/media?parent=1943"}],"wp:term":[{"taxonomy":"product_brand","embeddable":true,"href":"https:\/\/www.riistasaatio.fi\/en\/wp-json\/wp\/v2\/product_brand?post=1943"},{"taxonomy":"product_cat","embeddable":true,"href":"https:\/\/www.riistasaatio.fi\/en\/wp-json\/wp\/v2\/product_cat?post=1943"},{"taxonomy":"product_tag","embeddable":true,"href":"https:\/\/www.riistasaatio.fi\/en\/wp-json\/wp\/v2\/product_tag?post=1943"}],"curies":[{"name":"wp","href":"https:\/\/api.w.org\/{rel}","templated":true}]}}