{"id":1942,"date":"2023-06-29T02:33:44","date_gmt":"2023-06-28T23:33:44","guid":{"rendered":"https:\/\/www.riistasaatio.fi\/?post_type=product&#038;p=1942"},"modified":"2023-06-29T02:33:58","modified_gmt":"2023-06-28T23:33:58","slug":"suomen-riista-62","status":"publish","type":"product","link":"https:\/\/www.riistasaatio.fi\/en\/product\/suomen-riista-62\/","title":{"rendered":"Suomen Riista 62"},"content":{"rendered":"\r\n<p><em><strong>Pekka Helle &amp; Timo Tanner: <\/strong><\/em><a href=\"\/wp-content\/uploads\/sr62-5-6-a2b.pdf\" target=\"_blank\" rel=\"noreferrer noopener\"><strong>PDF<\/strong><\/a><\/p>\r\n\r\n\r\n\r\n<p>Puheenvuoro: Tapio Halla \u2013 s\u00e4\u00e4ti\u00f6n pitk\u00e4aikainen asiamies<\/p>\r\n\r\n\r\n\r\n<p><em><strong>Kaarina Kauhala &amp; Petri Timonen:<\/strong><\/em><\/p>\r\n\r\n\r\n\r\n<p>Mit\u00e4 majavien kallot kertovat?<\/p>\r\n\r\n\r\n\r\n<p><em><strong>\u200b<\/strong><\/em><\/p>\r\n\r\n\r\n\r\n<p><em><strong>Sari Holopainen, Mia Vehkaoja, Stella Thompson, Eeva-Maria Suontakanen &amp;<br \/>Petri Nummi: <\/strong><\/em><a href=\"\/wp-content\/uploads\/sr62-19-32-a2b.pdf\" target=\"_blank\" rel=\"noreferrer noopener\"><strong>PDF<\/strong><\/a><\/p>\r\n\r\n\r\n\r\n<p>Majavan maisema on monimuotoinen<\/p>\r\n\r\n\r\n\r\n<p>\u200b<\/p>\r\n\r\n\r\n\r\n<p><em><strong>Hannu P\u00f6ys\u00e4, Aleksi Lehikoinen &amp; Jukka Rintala:<\/strong><\/em><\/p>\r\n\r\n\r\n\r\n<p>Vesilintukantojen pitk\u00e4aikaismuutokset: ihmistoiminnan suorat ja ep\u00e4suorat vaikutukset<\/p>\r\n\r\n\r\n\r\n<p>\u200b<\/p>\r\n\r\n\r\n\r\n<p><em><strong>Lisa Dessborn, Mia R\u00f6nk\u00e4, C\u00e9line Arzel &amp; Johan Elmberg:<\/strong><\/em><\/p>\r\n\r\n\r\n\r\n<p>Sinisorsanpoikaset v\u00e4lttelev\u00e4t synnynn\u00e4isesti erityyppisi\u00e4 petoja<\/p>\r\n\r\n\r\n\r\n<p>\u200b<\/p>\r\n\r\n\r\n\r\n<p><em><strong>Jani Pellikka, Juha Hiedanp\u00e4\u00e4, Jere Nieminen &amp; Markku Laulumaa:<\/strong><\/em><\/p>\r\n\r\n\r\n\r\n<p>Per\u00e4ytyen, huomiotta j\u00e4tt\u00e4en vai neuvotellen: miten toimitaan hirvenmets\u00e4st\u00e4jien ja ulkoilijoiden kohtaamisissa?<\/p>\r\n\r\n\r\n\r\n<p>\u200b<\/p>\r\n\r\n\r\n\r\n<p><em><strong>Mervi Kunnasranta, Marja Niemi &amp; Miina Auttila:<\/strong><\/em><\/p>\r\n\r\n\r\n\r\n<p>Saimaannorpan suojelubiologiaa: tutkimuksista toimenpiteisiin<\/p>\r\n\r\n\r\n\r\n<p>\u200b<\/p>\r\n\r\n\r\n\r\n<p><em><strong>Pekka Helle, Jani Pellikka, Kaarina Kauhala &amp; Leena Forsman: <\/strong><\/em><a href=\"\/wp-content\/uploads\/sr62-83-98-a2b.pdf\" target=\"_blank\" rel=\"noreferrer noopener\"><strong>PDF<\/strong><\/a><\/p>\r\n\r\n\r\n\r\n<p>Pienriistan mets\u00e4stysverotus Suomessa 1996\u22122015<\/p>\r\n","protected":false},"excerpt":{"rendered":"<p>Pekka Helle &amp; Timo Tanner: PDF Puheenvuoro: Tapio Halla \u2013 s\u00e4\u00e4ti\u00f6n pitk\u00e4aikainen asiamies Kaarina Kauhala &amp; Petri Timonen: Mit\u00e4 majavien kallot kertovat? \u200b Sari Holopainen, Mia Vehkaoja, Stella Thompson, Eeva-Maria Suontakanen &amp;Petri Nummi: PDF Majavan maisema on monimuotoinen \u200b Hannu P\u00f6ys\u00e4, Aleksi Lehikoinen &amp; Jukka Rintala: Vesilintukantojen pitk\u00e4aikaismuutokset: ihmistoiminnan suorat ja ep\u00e4suorat vaikutukset \u200b Lisa&#8230;<\/p>\n","protected":false},"featured_media":1961,"template":"","meta":{"_acf_changed":false,"content-type":"","_kad_blocks_custom_css":"","_kad_blocks_head_custom_js":"","_kad_blocks_body_custom_js":"","_kad_blocks_footer_custom_js":"","_kad_post_transparent":"","_kad_post_title":"","_kad_post_layout":"","_kad_post_sidebar_id":"","_kad_post_content_style":"","_kad_post_vertical_padding":"","_kad_post_feature":"","_kad_post_feature_position":"","_kad_post_header":false,"_kad_post_footer":false,"_kad_post_classname":""},"product_brand":[],"product_cat":[54],"product_tag":[],"class_list":{"0":"post-1942","1":"product","2":"type-product","3":"status-publish","4":"has-post-thumbnail","6":"product_cat-suomen-riista","8":"first","9":"instock","10":"shipping-taxable","11":"purchasable","12":"product-type-simple","13":"entry","14":"content-bg","15":"loop-entry"},"acf":[],"yoast_head":"<!-- This site is optimized with the Yoast SEO plugin v27.6 - https:\/\/yoast.com\/product\/yoast-seo-wordpress\/ -->\n<title>Suomen Riista 62 &#183; Suomen Riistanhoito-S\u00e4\u00e4ti\u00f6<\/title>\n<meta name=\"robots\" content=\"index, follow, max-snippet:-1, max-image-preview:large, max-video-preview:-1\" \/>\n<link rel=\"canonical\" href=\"https:\/\/www.riistasaatio.fi\/en\/product\/suomen-riista-62\/\" \/>\n<meta property=\"og:locale\" content=\"en_US\" \/>\n<meta property=\"og:type\" content=\"article\" \/>\n<meta property=\"og:title\" content=\"Suomen Riista 62 &#183; Suomen Riistanhoito-S\u00e4\u00e4ti\u00f6\" \/>\n<meta property=\"og:description\" content=\"Pekka Helle &amp; Timo Tanner: PDF Puheenvuoro: Tapio Halla \u2013 s\u00e4\u00e4ti\u00f6n pitk\u00e4aikainen asiamies Kaarina Kauhala &amp; Petri Timonen: Mit\u00e4 majavien kallot kertovat? \u200b Sari Holopainen, Mia Vehkaoja, Stella Thompson, Eeva-Maria Suontakanen &amp;Petri Nummi: PDF Majavan maisema on monimuotoinen \u200b Hannu P\u00f6ys\u00e4, Aleksi Lehikoinen &amp; Jukka Rintala: Vesilintukantojen pitk\u00e4aikaismuutokset: ihmistoiminnan suorat ja ep\u00e4suorat vaikutukset \u200b Lisa...\" \/>\n<meta property=\"og:url\" content=\"https:\/\/www.riistasaatio.fi\/en\/product\/suomen-riista-62\/\" \/>\n<meta property=\"og:site_name\" content=\"Suomen Riistanhoito-S\u00e4\u00e4ti\u00f6\" \/>\n<meta property=\"article:modified_time\" content=\"2023-06-28T23:33:58+00:00\" \/>\n<meta property=\"og:image\" content=\"https:\/\/www.riistasaatio.fi\/wp-content\/uploads\/sr62-pieni-1.jpg\" \/>\n\t<meta property=\"og:image:width\" content=\"280\" \/>\n\t<meta property=\"og:image:height\" content=\"389\" \/>\n\t<meta property=\"og:image:type\" content=\"image\/jpeg\" \/>\n<meta name=\"twitter:card\" content=\"summary_large_image\" \/>\n<meta name=\"twitter:label1\" content=\"Est. reading time\" \/>\n\t<meta name=\"twitter:data1\" content=\"1 minute\" \/>\n<script type=\"application\/ld+json\" class=\"yoast-schema-graph\">{\"@context\":\"https:\\\/\\\/schema.org\",\"@graph\":[{\"@type\":\"WebPage\",\"@id\":\"https:\\\/\\\/www.riistasaatio.fi\\\/en\\\/product\\\/suomen-riista-62\\\/\",\"url\":\"https:\\\/\\\/www.riistasaatio.fi\\\/en\\\/product\\\/suomen-riista-62\\\/\",\"name\":\"Suomen Riista 62 &#183; Suomen Riistanhoito-S\u00e4\u00e4ti\u00f6\",\"isPartOf\":{\"@id\":\"https:\\\/\\\/www.riistasaatio.fi\\\/en\\\/#website\"},\"primaryImageOfPage\":{\"@id\":\"https:\\\/\\\/www.riistasaatio.fi\\\/en\\\/product\\\/suomen-riista-62\\\/#primaryimage\"},\"image\":{\"@id\":\"https:\\\/\\\/www.riistasaatio.fi\\\/en\\\/product\\\/suomen-riista-62\\\/#primaryimage\"},\"thumbnailUrl\":\"https:\\\/\\\/www.riistasaatio.fi\\\/wp-content\\\/uploads\\\/sr62-pieni-1.jpg\",\"datePublished\":\"2023-06-28T23:33:44+00:00\",\"dateModified\":\"2023-06-28T23:33:58+00:00\",\"breadcrumb\":{\"@id\":\"https:\\\/\\\/www.riistasaatio.fi\\\/en\\\/product\\\/suomen-riista-62\\\/#breadcrumb\"},\"inLanguage\":\"en-US\",\"potentialAction\":[{\"@type\":\"ReadAction\",\"target\":[\"https:\\\/\\\/www.riistasaatio.fi\\\/en\\\/product\\\/suomen-riista-62\\\/\"]}]},{\"@type\":\"ImageObject\",\"inLanguage\":\"en-US\",\"@id\":\"https:\\\/\\\/www.riistasaatio.fi\\\/en\\\/product\\\/suomen-riista-62\\\/#primaryimage\",\"url\":\"https:\\\/\\\/www.riistasaatio.fi\\\/wp-content\\\/uploads\\\/sr62-pieni-1.jpg\",\"contentUrl\":\"https:\\\/\\\/www.riistasaatio.fi\\\/wp-content\\\/uploads\\\/sr62-pieni-1.jpg\",\"width\":280,\"height\":389},{\"@type\":\"BreadcrumbList\",\"@id\":\"https:\\\/\\\/www.riistasaatio.fi\\\/en\\\/product\\\/suomen-riista-62\\\/#breadcrumb\",\"itemListElement\":[{\"@type\":\"ListItem\",\"position\":1,\"name\":\"Etusivu\",\"item\":\"https:\\\/\\\/www.riistasaatio.fi\\\/en\\\/\"},{\"@type\":\"ListItem\",\"position\":2,\"name\":\"Shop\",\"item\":\"https:\\\/\\\/www.riistasaatio.fi\\\/en\\\/shop\\\/\"},{\"@type\":\"ListItem\",\"position\":3,\"name\":\"Suomen Riista 62\"}]},{\"@type\":\"WebSite\",\"@id\":\"https:\\\/\\\/www.riistasaatio.fi\\\/en\\\/#website\",\"url\":\"https:\\\/\\\/www.riistasaatio.fi\\\/en\\\/\",\"name\":\"Suomen Riistanhoito-S\u00e4\u00e4ti\u00f6\",\"description\":\"\",\"publisher\":{\"@id\":\"https:\\\/\\\/www.riistasaatio.fi\\\/en\\\/#organization\"},\"potentialAction\":[{\"@type\":\"SearchAction\",\"target\":{\"@type\":\"EntryPoint\",\"urlTemplate\":\"https:\\\/\\\/www.riistasaatio.fi\\\/en\\\/?s={search_term_string}\"},\"query-input\":{\"@type\":\"PropertyValueSpecification\",\"valueRequired\":true,\"valueName\":\"search_term_string\"}}],\"inLanguage\":\"en-US\"},{\"@type\":\"Organization\",\"@id\":\"https:\\\/\\\/www.riistasaatio.fi\\\/en\\\/#organization\",\"name\":\"Suomen Riistanhoito-S\u00e4\u00e4ti\u00f6\",\"url\":\"https:\\\/\\\/www.riistasaatio.fi\\\/en\\\/\",\"logo\":{\"@type\":\"ImageObject\",\"inLanguage\":\"en-US\",\"@id\":\"https:\\\/\\\/www.riistasaatio.fi\\\/en\\\/#\\\/schema\\\/logo\\\/image\\\/\",\"url\":\"https:\\\/\\\/www.riistasaatio.fi\\\/wp-content\\\/uploads\\\/suomen-riistanhoito-saatio-og.png\",\"contentUrl\":\"https:\\\/\\\/www.riistasaatio.fi\\\/wp-content\\\/uploads\\\/suomen-riistanhoito-saatio-og.png\",\"width\":1200,\"height\":630,\"caption\":\"Suomen Riistanhoito-S\u00e4\u00e4ti\u00f6\"},\"image\":{\"@id\":\"https:\\\/\\\/www.riistasaatio.fi\\\/en\\\/#\\\/schema\\\/logo\\\/image\\\/\"}}]}<\/script>\n<!-- \/ Yoast SEO plugin. -->","yoast_head_json":{"title":"Suomen Riista 62 &#183; Suomen Riistanhoito-S\u00e4\u00e4ti\u00f6","robots":{"index":"index","follow":"follow","max-snippet":"max-snippet:-1","max-image-preview":"max-image-preview:large","max-video-preview":"max-video-preview:-1"},"canonical":"https:\/\/www.riistasaatio.fi\/en\/product\/suomen-riista-62\/","og_locale":"en_US","og_type":"article","og_title":"Suomen Riista 62 &#183; Suomen Riistanhoito-S\u00e4\u00e4ti\u00f6","og_description":"Pekka Helle &amp; Timo Tanner: PDF Puheenvuoro: Tapio Halla \u2013 s\u00e4\u00e4ti\u00f6n pitk\u00e4aikainen asiamies Kaarina Kauhala &amp; Petri Timonen: Mit\u00e4 majavien kallot kertovat? \u200b Sari Holopainen, Mia Vehkaoja, Stella Thompson, Eeva-Maria Suontakanen &amp;Petri Nummi: PDF Majavan maisema on monimuotoinen \u200b Hannu P\u00f6ys\u00e4, Aleksi Lehikoinen &amp; Jukka Rintala: Vesilintukantojen pitk\u00e4aikaismuutokset: ihmistoiminnan suorat ja ep\u00e4suorat vaikutukset \u200b Lisa...","og_url":"https:\/\/www.riistasaatio.fi\/en\/product\/suomen-riista-62\/","og_site_name":"Suomen Riistanhoito-S\u00e4\u00e4ti\u00f6","article_modified_time":"2023-06-28T23:33:58+00:00","og_image":[{"width":280,"height":389,"url":"https:\/\/www.riistasaatio.fi\/wp-content\/uploads\/sr62-pieni-1.jpg","type":"image\/jpeg"}],"twitter_card":"summary_large_image","twitter_misc":{"Est. reading time":"1 minute"},"schema":{"@context":"https:\/\/schema.org","@graph":[{"@type":"WebPage","@id":"https:\/\/www.riistasaatio.fi\/en\/product\/suomen-riista-62\/","url":"https:\/\/www.riistasaatio.fi\/en\/product\/suomen-riista-62\/","name":"Suomen Riista 62 &#183; Suomen Riistanhoito-S\u00e4\u00e4ti\u00f6","isPartOf":{"@id":"https:\/\/www.riistasaatio.fi\/en\/#website"},"primaryImageOfPage":{"@id":"https:\/\/www.riistasaatio.fi\/en\/product\/suomen-riista-62\/#primaryimage"},"image":{"@id":"https:\/\/www.riistasaatio.fi\/en\/product\/suomen-riista-62\/#primaryimage"},"thumbnailUrl":"https:\/\/www.riistasaatio.fi\/wp-content\/uploads\/sr62-pieni-1.jpg","datePublished":"2023-06-28T23:33:44+00:00","dateModified":"2023-06-28T23:33:58+00:00","breadcrumb":{"@id":"https:\/\/www.riistasaatio.fi\/en\/product\/suomen-riista-62\/#breadcrumb"},"inLanguage":"en-US","potentialAction":[{"@type":"ReadAction","target":["https:\/\/www.riistasaatio.fi\/en\/product\/suomen-riista-62\/"]}]},{"@type":"ImageObject","inLanguage":"en-US","@id":"https:\/\/www.riistasaatio.fi\/en\/product\/suomen-riista-62\/#primaryimage","url":"https:\/\/www.riistasaatio.fi\/wp-content\/uploads\/sr62-pieni-1.jpg","contentUrl":"https:\/\/www.riistasaatio.fi\/wp-content\/uploads\/sr62-pieni-1.jpg","width":280,"height":389},{"@type":"BreadcrumbList","@id":"https:\/\/www.riistasaatio.fi\/en\/product\/suomen-riista-62\/#breadcrumb","itemListElement":[{"@type":"ListItem","position":1,"name":"Etusivu","item":"https:\/\/www.riistasaatio.fi\/en\/"},{"@type":"ListItem","position":2,"name":"Shop","item":"https:\/\/www.riistasaatio.fi\/en\/shop\/"},{"@type":"ListItem","position":3,"name":"Suomen Riista 62"}]},{"@type":"WebSite","@id":"https:\/\/www.riistasaatio.fi\/en\/#website","url":"https:\/\/www.riistasaatio.fi\/en\/","name":"Suomen Riistanhoito-S\u00e4\u00e4ti\u00f6","description":"","publisher":{"@id":"https:\/\/www.riistasaatio.fi\/en\/#organization"},"potentialAction":[{"@type":"SearchAction","target":{"@type":"EntryPoint","urlTemplate":"https:\/\/www.riistasaatio.fi\/en\/?s={search_term_string}"},"query-input":{"@type":"PropertyValueSpecification","valueRequired":true,"valueName":"search_term_string"}}],"inLanguage":"en-US"},{"@type":"Organization","@id":"https:\/\/www.riistasaatio.fi\/en\/#organization","name":"Suomen Riistanhoito-S\u00e4\u00e4ti\u00f6","url":"https:\/\/www.riistasaatio.fi\/en\/","logo":{"@type":"ImageObject","inLanguage":"en-US","@id":"https:\/\/www.riistasaatio.fi\/en\/#\/schema\/logo\/image\/","url":"https:\/\/www.riistasaatio.fi\/wp-content\/uploads\/suomen-riistanhoito-saatio-og.png","contentUrl":"https:\/\/www.riistasaatio.fi\/wp-content\/uploads\/suomen-riistanhoito-saatio-og.png","width":1200,"height":630,"caption":"Suomen Riistanhoito-S\u00e4\u00e4ti\u00f6"},"image":{"@id":"https:\/\/www.riistasaatio.fi\/en\/#\/schema\/logo\/image\/"}}]}},"taxonomy_info":{"product_cat":[{"value":54,"label":"Suomen Riista"}]},"featured_image_src_large":["https:\/\/www.riistasaatio.fi\/wp-content\/uploads\/sr62-pieni-1.jpg",280,389,false],"author_info":[],"comment_info":"","_links":{"self":[{"href":"https:\/\/www.riistasaatio.fi\/en\/wp-json\/wp\/v2\/product\/1942","targetHints":{"allow":["GET"]}}],"collection":[{"href":"https:\/\/www.riistasaatio.fi\/en\/wp-json\/wp\/v2\/product"}],"about":[{"href":"https:\/\/www.riistasaatio.fi\/en\/wp-json\/wp\/v2\/types\/product"}],"wp:featuredmedia":[{"embeddable":true,"href":"https:\/\/www.riistasaatio.fi\/en\/wp-json\/wp\/v2\/media\/1961"}],"wp:attachment":[{"href":"https:\/\/www.riistasaatio.fi\/en\/wp-json\/wp\/v2\/media?parent=1942"}],"wp:term":[{"taxonomy":"product_brand","embeddable":true,"href":"https:\/\/www.riistasaatio.fi\/en\/wp-json\/wp\/v2\/product_brand?post=1942"},{"taxonomy":"product_cat","embeddable":true,"href":"https:\/\/www.riistasaatio.fi\/en\/wp-json\/wp\/v2\/product_cat?post=1942"},{"taxonomy":"product_tag","embeddable":true,"href":"https:\/\/www.riistasaatio.fi\/en\/wp-json\/wp\/v2\/product_tag?post=1942"}],"curies":[{"name":"wp","href":"https:\/\/api.w.org\/{rel}","templated":true}]}}