{"id":1941,"date":"2023-06-29T02:33:44","date_gmt":"2023-06-28T23:33:44","guid":{"rendered":"https:\/\/www.riistasaatio.fi\/?post_type=product&#038;p=1941"},"modified":"2023-06-29T02:33:58","modified_gmt":"2023-06-28T23:33:58","slug":"suomen-riista-63","status":"publish","type":"product","link":"https:\/\/www.riistasaatio.fi\/en\/product\/suomen-riista-63\/","title":{"rendered":"Suomen Riista 63"},"content":{"rendered":"\r\n<p><em><strong>Sakari Mykr\u00e4: <\/strong><\/em><a href=\"\/wp-content\/uploads\/sr63-5-6-a2b.pdf\" target=\"_blank\" rel=\"noreferrer noopener\"><strong>PDF<\/strong><\/a><\/p>\r\n\r\n\r\n\r\n<p>Puheenvuoro: Peuran osa<\/p>\r\n\r\n\r\n\r\n<p>\u200b<\/p>\r\n\r\n\r\n\r\n<p><em><strong>Jani Pellikka, Artti Juutinen &amp; P\u00e4ivi Eskelinen: <\/strong><\/em><a href=\"\/wp-content\/uploads\/sr63-7-18-a2b.pdf\" target=\"_blank\" rel=\"noreferrer noopener\"><strong>PDF<\/strong><\/a><\/p>\r\n\r\n\r\n\r\n<p>Millaisia ovat suomalaiset riistanhoitajat?<\/p>\r\n\r\n\r\n\r\n<p>\u200b<\/p>\r\n\r\n\r\n\r\n<p><em><strong>Minna Turunen, Sirpa Rasmus, Harri Norberg, Jouko Kumpula, Ilpo Kojola &amp;<br \/>Tuomo Ollila:<\/strong><\/em><\/p>\r\n\r\n\r\n\r\n<p>Porot ja pedot \u2013 kuinka poronhoidon sopeutuminen petoihin on muuttunut 90 vuodessa?<\/p>\r\n\r\n\r\n\r\n<p><em><strong>\u200b<\/strong><\/em><\/p>\r\n\r\n\r\n\r\n<p><em><strong>Alexander Solokha &amp; Kirill Gorokhovsky: <\/strong><\/em><a href=\"\/wp-content\/uploads\/sr63-43-52-a2b.pdf\" target=\"_blank\" rel=\"noreferrer noopener\"><strong>PDF<\/strong><\/a><\/p>\r\n\r\n\r\n\r\n<p>Vesilintujen mets\u00e4styssaalis Ven\u00e4j\u00e4ll\u00e4<\/p>\r\n\r\n\r\n\r\n<p>\u200b<\/p>\r\n\r\n\r\n\r\n<p><em><strong>Petri Nummi, P\u00e4ivi Leikas, Olli Rautiainen &amp; Joonas Tammivuori:<\/strong><\/em><\/p>\r\n\r\n\r\n\r\n<p>Yll\u00e4tt\u00e4j\u00e4 etel\u00e4st\u00e4 \u2013 Helsingin kanit menestyv\u00e4t mainiosti paljon luontaista esiintymisaluettaan pohjoisempana<\/p>\r\n\r\n\r\n\r\n<p>\u200b<\/p>\r\n\r\n\r\n\r\n<p><em><strong>Veli-Matti V\u00e4\u00e4n\u00e4nen, Antti Piironen &amp; Aki Kaunisaho: <\/strong><\/em><a href=\"\/wp-content\/uploads\/sr63-67-74-a2b.pdf\" target=\"_blank\" rel=\"noreferrer noopener\"><strong>PDF<\/strong><\/a><\/p>\r\n\r\n\r\n\r\n<p>Hanhia sis\u00e4vesille \u2013 alustavia tuloksia sis\u00e4maan merihanhi\u00adistutuksista<\/p>\r\n\r\n\r\n\r\n<p>\u200b<\/p>\r\n\r\n\r\n\r\n<p><em><strong>Heikki Henttonen: <\/strong><\/em><a href=\"\/wp-content\/uploads\/sr63-75-84-a2b.pdf\" target=\"_blank\" rel=\"noreferrer noopener\"><strong>PDF<\/strong><\/a><\/p>\r\n\r\n\r\n\r\n<p>Punkkien el\u00e4m\u00e4\u00e4 riistamaustein<\/p>\r\n","protected":false},"excerpt":{"rendered":"<p>Sakari Mykr\u00e4: PDF Puheenvuoro: Peuran osa \u200b Jani Pellikka, Artti Juutinen &amp; P\u00e4ivi Eskelinen: PDF Millaisia ovat suomalaiset riistanhoitajat? \u200b Minna Turunen, Sirpa Rasmus, Harri Norberg, Jouko Kumpula, Ilpo Kojola &amp;Tuomo Ollila: Porot ja pedot \u2013 kuinka poronhoidon sopeutuminen petoihin on muuttunut 90 vuodessa? \u200b Alexander Solokha &amp; Kirill Gorokhovsky: PDF Vesilintujen mets\u00e4styssaalis Ven\u00e4j\u00e4ll\u00e4 \u200b&#8230;<\/p>\n","protected":false},"featured_media":1959,"template":"","meta":{"_acf_changed":false,"content-type":"","_kad_blocks_custom_css":"","_kad_blocks_head_custom_js":"","_kad_blocks_body_custom_js":"","_kad_blocks_footer_custom_js":"","_kad_post_transparent":"","_kad_post_title":"","_kad_post_layout":"","_kad_post_sidebar_id":"","_kad_post_content_style":"","_kad_post_vertical_padding":"","_kad_post_feature":"","_kad_post_feature_position":"","_kad_post_header":false,"_kad_post_footer":false,"_kad_post_classname":""},"product_brand":[],"product_cat":[54],"product_tag":[],"class_list":{"0":"post-1941","1":"product","2":"type-product","3":"status-publish","4":"has-post-thumbnail","6":"product_cat-suomen-riista","8":"first","9":"instock","10":"shipping-taxable","11":"purchasable","12":"product-type-simple","13":"entry","14":"content-bg","15":"loop-entry"},"acf":[],"yoast_head":"<!-- This site is optimized with the Yoast SEO plugin v27.6 - https:\/\/yoast.com\/product\/yoast-seo-wordpress\/ -->\n<title>Suomen Riista 63 &#183; Suomen Riistanhoito-S\u00e4\u00e4ti\u00f6<\/title>\n<meta name=\"robots\" content=\"index, follow, max-snippet:-1, max-image-preview:large, max-video-preview:-1\" \/>\n<link rel=\"canonical\" href=\"https:\/\/www.riistasaatio.fi\/en\/product\/suomen-riista-63\/\" \/>\n<meta property=\"og:locale\" content=\"en_US\" \/>\n<meta property=\"og:type\" content=\"article\" \/>\n<meta property=\"og:title\" content=\"Suomen Riista 63 &#183; Suomen Riistanhoito-S\u00e4\u00e4ti\u00f6\" \/>\n<meta property=\"og:description\" content=\"Sakari Mykr\u00e4: PDF Puheenvuoro: Peuran osa \u200b Jani Pellikka, Artti Juutinen &amp; P\u00e4ivi Eskelinen: PDF Millaisia ovat suomalaiset riistanhoitajat? \u200b Minna Turunen, Sirpa Rasmus, Harri Norberg, Jouko Kumpula, Ilpo Kojola &amp;Tuomo Ollila: Porot ja pedot \u2013 kuinka poronhoidon sopeutuminen petoihin on muuttunut 90 vuodessa? \u200b Alexander Solokha &amp; Kirill Gorokhovsky: PDF Vesilintujen mets\u00e4styssaalis Ven\u00e4j\u00e4ll\u00e4 \u200b...\" \/>\n<meta property=\"og:url\" content=\"https:\/\/www.riistasaatio.fi\/en\/product\/suomen-riista-63\/\" \/>\n<meta property=\"og:site_name\" content=\"Suomen Riistanhoito-S\u00e4\u00e4ti\u00f6\" \/>\n<meta property=\"article:modified_time\" content=\"2023-06-28T23:33:58+00:00\" \/>\n<meta property=\"og:image\" content=\"https:\/\/www.riistasaatio.fi\/wp-content\/uploads\/sr63-pieni-1.jpg\" \/>\n\t<meta property=\"og:image:width\" content=\"280\" \/>\n\t<meta property=\"og:image:height\" content=\"393\" \/>\n\t<meta property=\"og:image:type\" content=\"image\/jpeg\" \/>\n<meta name=\"twitter:card\" content=\"summary_large_image\" \/>\n<meta name=\"twitter:label1\" content=\"Est. reading time\" \/>\n\t<meta name=\"twitter:data1\" content=\"1 minute\" \/>\n<script type=\"application\/ld+json\" class=\"yoast-schema-graph\">{\"@context\":\"https:\\\/\\\/schema.org\",\"@graph\":[{\"@type\":\"WebPage\",\"@id\":\"https:\\\/\\\/www.riistasaatio.fi\\\/en\\\/product\\\/suomen-riista-63\\\/\",\"url\":\"https:\\\/\\\/www.riistasaatio.fi\\\/en\\\/product\\\/suomen-riista-63\\\/\",\"name\":\"Suomen Riista 63 &#183; Suomen Riistanhoito-S\u00e4\u00e4ti\u00f6\",\"isPartOf\":{\"@id\":\"https:\\\/\\\/www.riistasaatio.fi\\\/en\\\/#website\"},\"primaryImageOfPage\":{\"@id\":\"https:\\\/\\\/www.riistasaatio.fi\\\/en\\\/product\\\/suomen-riista-63\\\/#primaryimage\"},\"image\":{\"@id\":\"https:\\\/\\\/www.riistasaatio.fi\\\/en\\\/product\\\/suomen-riista-63\\\/#primaryimage\"},\"thumbnailUrl\":\"https:\\\/\\\/www.riistasaatio.fi\\\/wp-content\\\/uploads\\\/sr63-pieni-1.jpg\",\"datePublished\":\"2023-06-28T23:33:44+00:00\",\"dateModified\":\"2023-06-28T23:33:58+00:00\",\"breadcrumb\":{\"@id\":\"https:\\\/\\\/www.riistasaatio.fi\\\/en\\\/product\\\/suomen-riista-63\\\/#breadcrumb\"},\"inLanguage\":\"en-US\",\"potentialAction\":[{\"@type\":\"ReadAction\",\"target\":[\"https:\\\/\\\/www.riistasaatio.fi\\\/en\\\/product\\\/suomen-riista-63\\\/\"]}]},{\"@type\":\"ImageObject\",\"inLanguage\":\"en-US\",\"@id\":\"https:\\\/\\\/www.riistasaatio.fi\\\/en\\\/product\\\/suomen-riista-63\\\/#primaryimage\",\"url\":\"https:\\\/\\\/www.riistasaatio.fi\\\/wp-content\\\/uploads\\\/sr63-pieni-1.jpg\",\"contentUrl\":\"https:\\\/\\\/www.riistasaatio.fi\\\/wp-content\\\/uploads\\\/sr63-pieni-1.jpg\",\"width\":280,\"height\":393},{\"@type\":\"BreadcrumbList\",\"@id\":\"https:\\\/\\\/www.riistasaatio.fi\\\/en\\\/product\\\/suomen-riista-63\\\/#breadcrumb\",\"itemListElement\":[{\"@type\":\"ListItem\",\"position\":1,\"name\":\"Etusivu\",\"item\":\"https:\\\/\\\/www.riistasaatio.fi\\\/en\\\/\"},{\"@type\":\"ListItem\",\"position\":2,\"name\":\"Shop\",\"item\":\"https:\\\/\\\/www.riistasaatio.fi\\\/en\\\/shop\\\/\"},{\"@type\":\"ListItem\",\"position\":3,\"name\":\"Suomen Riista 63\"}]},{\"@type\":\"WebSite\",\"@id\":\"https:\\\/\\\/www.riistasaatio.fi\\\/en\\\/#website\",\"url\":\"https:\\\/\\\/www.riistasaatio.fi\\\/en\\\/\",\"name\":\"Suomen Riistanhoito-S\u00e4\u00e4ti\u00f6\",\"description\":\"\",\"publisher\":{\"@id\":\"https:\\\/\\\/www.riistasaatio.fi\\\/en\\\/#organization\"},\"potentialAction\":[{\"@type\":\"SearchAction\",\"target\":{\"@type\":\"EntryPoint\",\"urlTemplate\":\"https:\\\/\\\/www.riistasaatio.fi\\\/en\\\/?s={search_term_string}\"},\"query-input\":{\"@type\":\"PropertyValueSpecification\",\"valueRequired\":true,\"valueName\":\"search_term_string\"}}],\"inLanguage\":\"en-US\"},{\"@type\":\"Organization\",\"@id\":\"https:\\\/\\\/www.riistasaatio.fi\\\/en\\\/#organization\",\"name\":\"Suomen Riistanhoito-S\u00e4\u00e4ti\u00f6\",\"url\":\"https:\\\/\\\/www.riistasaatio.fi\\\/en\\\/\",\"logo\":{\"@type\":\"ImageObject\",\"inLanguage\":\"en-US\",\"@id\":\"https:\\\/\\\/www.riistasaatio.fi\\\/en\\\/#\\\/schema\\\/logo\\\/image\\\/\",\"url\":\"https:\\\/\\\/www.riistasaatio.fi\\\/wp-content\\\/uploads\\\/suomen-riistanhoito-saatio-og.png\",\"contentUrl\":\"https:\\\/\\\/www.riistasaatio.fi\\\/wp-content\\\/uploads\\\/suomen-riistanhoito-saatio-og.png\",\"width\":1200,\"height\":630,\"caption\":\"Suomen Riistanhoito-S\u00e4\u00e4ti\u00f6\"},\"image\":{\"@id\":\"https:\\\/\\\/www.riistasaatio.fi\\\/en\\\/#\\\/schema\\\/logo\\\/image\\\/\"}}]}<\/script>\n<!-- \/ Yoast SEO plugin. -->","yoast_head_json":{"title":"Suomen Riista 63 &#183; Suomen Riistanhoito-S\u00e4\u00e4ti\u00f6","robots":{"index":"index","follow":"follow","max-snippet":"max-snippet:-1","max-image-preview":"max-image-preview:large","max-video-preview":"max-video-preview:-1"},"canonical":"https:\/\/www.riistasaatio.fi\/en\/product\/suomen-riista-63\/","og_locale":"en_US","og_type":"article","og_title":"Suomen Riista 63 &#183; Suomen Riistanhoito-S\u00e4\u00e4ti\u00f6","og_description":"Sakari Mykr\u00e4: PDF Puheenvuoro: Peuran osa \u200b Jani Pellikka, Artti Juutinen &amp; P\u00e4ivi Eskelinen: PDF Millaisia ovat suomalaiset riistanhoitajat? \u200b Minna Turunen, Sirpa Rasmus, Harri Norberg, Jouko Kumpula, Ilpo Kojola &amp;Tuomo Ollila: Porot ja pedot \u2013 kuinka poronhoidon sopeutuminen petoihin on muuttunut 90 vuodessa? \u200b Alexander Solokha &amp; Kirill Gorokhovsky: PDF Vesilintujen mets\u00e4styssaalis Ven\u00e4j\u00e4ll\u00e4 \u200b...","og_url":"https:\/\/www.riistasaatio.fi\/en\/product\/suomen-riista-63\/","og_site_name":"Suomen Riistanhoito-S\u00e4\u00e4ti\u00f6","article_modified_time":"2023-06-28T23:33:58+00:00","og_image":[{"width":280,"height":393,"url":"https:\/\/www.riistasaatio.fi\/wp-content\/uploads\/sr63-pieni-1.jpg","type":"image\/jpeg"}],"twitter_card":"summary_large_image","twitter_misc":{"Est. reading time":"1 minute"},"schema":{"@context":"https:\/\/schema.org","@graph":[{"@type":"WebPage","@id":"https:\/\/www.riistasaatio.fi\/en\/product\/suomen-riista-63\/","url":"https:\/\/www.riistasaatio.fi\/en\/product\/suomen-riista-63\/","name":"Suomen Riista 63 &#183; Suomen Riistanhoito-S\u00e4\u00e4ti\u00f6","isPartOf":{"@id":"https:\/\/www.riistasaatio.fi\/en\/#website"},"primaryImageOfPage":{"@id":"https:\/\/www.riistasaatio.fi\/en\/product\/suomen-riista-63\/#primaryimage"},"image":{"@id":"https:\/\/www.riistasaatio.fi\/en\/product\/suomen-riista-63\/#primaryimage"},"thumbnailUrl":"https:\/\/www.riistasaatio.fi\/wp-content\/uploads\/sr63-pieni-1.jpg","datePublished":"2023-06-28T23:33:44+00:00","dateModified":"2023-06-28T23:33:58+00:00","breadcrumb":{"@id":"https:\/\/www.riistasaatio.fi\/en\/product\/suomen-riista-63\/#breadcrumb"},"inLanguage":"en-US","potentialAction":[{"@type":"ReadAction","target":["https:\/\/www.riistasaatio.fi\/en\/product\/suomen-riista-63\/"]}]},{"@type":"ImageObject","inLanguage":"en-US","@id":"https:\/\/www.riistasaatio.fi\/en\/product\/suomen-riista-63\/#primaryimage","url":"https:\/\/www.riistasaatio.fi\/wp-content\/uploads\/sr63-pieni-1.jpg","contentUrl":"https:\/\/www.riistasaatio.fi\/wp-content\/uploads\/sr63-pieni-1.jpg","width":280,"height":393},{"@type":"BreadcrumbList","@id":"https:\/\/www.riistasaatio.fi\/en\/product\/suomen-riista-63\/#breadcrumb","itemListElement":[{"@type":"ListItem","position":1,"name":"Etusivu","item":"https:\/\/www.riistasaatio.fi\/en\/"},{"@type":"ListItem","position":2,"name":"Shop","item":"https:\/\/www.riistasaatio.fi\/en\/shop\/"},{"@type":"ListItem","position":3,"name":"Suomen Riista 63"}]},{"@type":"WebSite","@id":"https:\/\/www.riistasaatio.fi\/en\/#website","url":"https:\/\/www.riistasaatio.fi\/en\/","name":"Suomen Riistanhoito-S\u00e4\u00e4ti\u00f6","description":"","publisher":{"@id":"https:\/\/www.riistasaatio.fi\/en\/#organization"},"potentialAction":[{"@type":"SearchAction","target":{"@type":"EntryPoint","urlTemplate":"https:\/\/www.riistasaatio.fi\/en\/?s={search_term_string}"},"query-input":{"@type":"PropertyValueSpecification","valueRequired":true,"valueName":"search_term_string"}}],"inLanguage":"en-US"},{"@type":"Organization","@id":"https:\/\/www.riistasaatio.fi\/en\/#organization","name":"Suomen Riistanhoito-S\u00e4\u00e4ti\u00f6","url":"https:\/\/www.riistasaatio.fi\/en\/","logo":{"@type":"ImageObject","inLanguage":"en-US","@id":"https:\/\/www.riistasaatio.fi\/en\/#\/schema\/logo\/image\/","url":"https:\/\/www.riistasaatio.fi\/wp-content\/uploads\/suomen-riistanhoito-saatio-og.png","contentUrl":"https:\/\/www.riistasaatio.fi\/wp-content\/uploads\/suomen-riistanhoito-saatio-og.png","width":1200,"height":630,"caption":"Suomen Riistanhoito-S\u00e4\u00e4ti\u00f6"},"image":{"@id":"https:\/\/www.riistasaatio.fi\/en\/#\/schema\/logo\/image\/"}}]}},"taxonomy_info":{"product_cat":[{"value":54,"label":"Suomen Riista"}]},"featured_image_src_large":["https:\/\/www.riistasaatio.fi\/wp-content\/uploads\/sr63-pieni-1.jpg",280,393,false],"author_info":[],"comment_info":"","_links":{"self":[{"href":"https:\/\/www.riistasaatio.fi\/en\/wp-json\/wp\/v2\/product\/1941","targetHints":{"allow":["GET"]}}],"collection":[{"href":"https:\/\/www.riistasaatio.fi\/en\/wp-json\/wp\/v2\/product"}],"about":[{"href":"https:\/\/www.riistasaatio.fi\/en\/wp-json\/wp\/v2\/types\/product"}],"wp:featuredmedia":[{"embeddable":true,"href":"https:\/\/www.riistasaatio.fi\/en\/wp-json\/wp\/v2\/media\/1959"}],"wp:attachment":[{"href":"https:\/\/www.riistasaatio.fi\/en\/wp-json\/wp\/v2\/media?parent=1941"}],"wp:term":[{"taxonomy":"product_brand","embeddable":true,"href":"https:\/\/www.riistasaatio.fi\/en\/wp-json\/wp\/v2\/product_brand?post=1941"},{"taxonomy":"product_cat","embeddable":true,"href":"https:\/\/www.riistasaatio.fi\/en\/wp-json\/wp\/v2\/product_cat?post=1941"},{"taxonomy":"product_tag","embeddable":true,"href":"https:\/\/www.riistasaatio.fi\/en\/wp-json\/wp\/v2\/product_tag?post=1941"}],"curies":[{"name":"wp","href":"https:\/\/api.w.org\/{rel}","templated":true}]}}