{"id":1523,"date":"2021-10-20T12:57:25","date_gmt":"2021-10-20T09:57:25","guid":{"rendered":"https:\/\/www.riistasaatio.fi\/grants\/"},"modified":"2022-11-07T12:54:20","modified_gmt":"2022-11-07T10:54:20","slug":"grants","status":"publish","type":"page","link":"https:\/\/www.riistasaatio.fi\/en\/grants\/","title":{"rendered":"Grants"},"content":{"rendered":"\n<div class=\"wp-block-columns is-layout-flex wp-container-core-columns-is-layout-9d6595d7 wp-block-columns-is-layout-flex\">\n<div class=\"wp-block-column is-layout-flow wp-block-column-is-layout-flow\" style=\"flex-basis:66.66%\">\n<p class=\"_lead\">The Foundation annually awards small scholarships to young researchers. The majority of scholarships are awarded to university students (pro-graduate scholarships) and doctoral students, but scholarships are also awarded annually to students at forestry schools.<\/p>\n<\/div>\n\n\n\n<div class=\"wp-block-column is-layout-flow wp-block-column-is-layout-flow\" style=\"flex-basis:33.33%\"><\/div>\n<\/div>\n\n<div class=\"wp-block-columns is-layout-flex wp-container-core-columns-is-layout-9d6595d7 wp-block-columns-is-layout-flex\">\n<div class=\"wp-block-column is-layout-flow wp-block-column-is-layout-flow\" style=\"flex-basis:25%\"><\/div>\n\n\n\n<div class=\"wp-block-column is-layout-flow wp-block-column-is-layout-flow\" style=\"flex-basis:50%\">\n<p><meta charset=\"utf-8\"\/>Since 1987, the Foundation has awarded over \u20ac202 000 in present value grants to students and young researchers. The grants are announced in November each year. The most recent application can be found <a rel=\"noreferrer noopener\" href=\"https:\/\/www.aurora-tietokanta.fi\/grant\/stipendihaku\/\" target=\"_blank\">here<\/a>. The scholarships will be announced at the traditional joint Game Days for game researchers and hunters in late January.<\/p>\n\n\n\n<h2 class=\"wp-block-heading\">FURTHER INFORMATION AND APPLICATION INSTRUCTIONS<\/h2>\n\n\n\n<p>The grants will be awarded primarily to young scientists or students of game biology or game management for research and studies. Grants will not be awarded for congress trips. Grants will be in the range of EUR 1000-2000, depending on the number of grants awarded and the quality of applications. The recipients of the grants will be announced each year in January at the national consultation days on game management (Riistap\u00e4iv\u00e4t). Applicants will be informed of the decision in writing and the names of the recipients will also be published on this website.<\/p>\n\n\n\n<p>Free-form applications should be addressed to the Board of the Finnish Game Foundation and sent <a href=\"https:\/\/www.aurora-tietokanta.fi\/grant\/stipendihaku\/\" target=\"_blank\" rel=\"noreferrer noopener\">according to application period<\/a> by e-mail to: jani.pellikka(at)luke.fi<\/p>\n<\/div>\n\n\n\n<div class=\"wp-block-column is-layout-flow wp-block-column-is-layout-flow\" style=\"flex-basis:25%\"><\/div>\n<\/div>\n\n<hr class=\"wp-block-separator\"\/>\n\n<h2 class=\"wp-block-heading\">Awarded grants 2013\u20132022 (in finnish)<\/h2>\n\n<div style=\"height:28px\" aria-hidden=\"true\" class=\"wp-block-spacer\"><\/div>\n\n<div class=\"wp-block-columns is-layout-flex wp-container-core-columns-is-layout-9d6595d7 wp-block-columns-is-layout-flex\">\n<div class=\"wp-block-column is-layout-flow wp-block-column-is-layout-flow\">\n<h3 class=\"wp-block-heading\">2022<\/h3>\n\n\n\n<ul class=\"wp-block-list\"><li>Dominika Bujn\u00e1kov\u00e1 (OY, v\u00e4it\u00f6skirjan osaty\u00f6): &#8220;Suden morfologiaan ja perim\u00e4\u00e4n liittyviin muutoksiin Fennoskandiassa 1900-luvulla&#8221;, 2000 \u20ac<\/li><li>Aapo Tikka (ISY, pro-gradu): &#8220;Metson soidinten hoidon ja metsien hiilikompensaatiokaupan yhdist\u00e4misen mahdollisuudet ja vaikutukset monitavoitteisesta n\u00e4k\u00f6kulmasta&#8221;, 2000 \u20ac<\/li><\/ul><\/div>\n\n\n\n<div class=\"wp-block-column is-layout-flow wp-block-column-is-layout-flow\">\n<h3 class=\"wp-block-heading\">2021<\/h3>\n\n\n\n<ul class=\"wp-block-list\"><li>Jari-Pekka Tamminen (HY, pro gradu): &#8220;Mets\u00e4nk\u00e4sittelyn vaikutus oravan esiintymistiheyteen&#8221;, 1500 \u20ac<\/li><li>Katri Ruottinen (OY, pro gradu): &#8220;Ojatiheyden ja metsikk\u00f6rakenteen vaikutukset riistakolmiolaskennassa havaittujen mets\u00e4kanalintupoikueiden kokoon&#8221;, 1500 \u20ac<\/li><li>Cl\u00e9ment Masse (OY, pro gradu): &#8220;Isotooppi-analyysi ahman ravinnosta Fennoskandiassa&#8221;, 1000 \u20ac<\/li><li>Saku Hyri\u00e4inen (HAMK, opinn\u00e4ytety\u00f6): &#8220;MT- ja VT-kasvupaikkatyypin metsien riistatiheikk\u00f6j\u00e4 hy\u00f6dynt\u00e4v\u00e4t riistalajit&#8221;, 1000 \u20ac<\/li><li>Ville Malila (JYU, v\u00e4it\u00f6skirjan osaty\u00f6): &#8220;Ongelmael\u00e4imyyden muuttuvat m\u00e4\u00e4rittelyt sanomalehtien supikoirakirjoituksissa&#8221;, 1000 \u20ac<\/li><li>Felix Siivonen (UT, pro gradu): &#8220;Valkoh\u00e4nt\u00e4peuran ekologis-kulttuurinen rooli&#8221;, 1000 \u20ac<\/li><\/ul><\/div>\n\n\n\n<div class=\"wp-block-column is-layout-flow wp-block-column-is-layout-flow\">\n<h3 class=\"wp-block-heading\">2020<\/h3>\n\n\n\n<ul class=\"wp-block-list\"><li>Karoliina Haikoski (HY, pro gradu): \u201d Villisian vaikutus maassa pesivien lintujen pesim\u00e4menestykseen\u201d, 2000 \u20ac<\/li><li>Piia Ikonen (UEF, selvitysty\u00f6): \u201d Riistamets\u00e4nhoidon opetuksen sis\u00e4ll\u00f6t ja m\u00e4\u00e4r\u00e4\u201d,1000 \u20ac<\/li><li>Erika Jumppanen (HY, pro gradu): \u201dMets\u00e4hanhen alalajien tunnistaminen p\u00e4\u00e4n ja nokan morfologian avulla\u201d, 1000 \u20ac<\/li><li>Noora Mets\u00e4ranta (UTU, pro gradu): \u201dMerihanhen pesinn\u00e4n j\u00e4lkeinen habitaatin valinta ja mets\u00e4styksen vaikutus siihen\u201d, 1000 \u20ac<\/li><li>Astrid Olejarz (OY, pro gradu): \u201d The social structures of the brown bear population in the Eastern and Central Finland&#8221;, 1000 \u20ac<\/li><li>Antti P\u00f6ll\u00e4nen (OY, pro gradu): \u201dMets\u00e4peuran (Rangifer tarandus fennicus)aikuiss\u00e4ilyvyys Suomessa: petojen aiheuttama kuolleisuus Kainuun ja Suomensel\u00e4n populaatioissa 2010\u2010luvulla\u201d, 1000 \u20ac<\/li><\/ul><\/div>\n\n\n\n<div class=\"wp-block-column is-layout-flow wp-block-column-is-layout-flow\"><\/div>\n<\/div>\n\n<div class=\"wp-block-columns is-layout-flex wp-container-core-columns-is-layout-9d6595d7 wp-block-columns-is-layout-flex\">\n<div class=\"wp-block-column is-layout-flow wp-block-column-is-layout-flow\">\n<h3 class=\"wp-block-heading\">2019<\/h3>\n\n\n\n<ul class=\"wp-block-list\"><li>Manu Soininm\u00e4ki (UEF, v\u00e4it\u00f6skirja): \u201dVihollinen vuoteessa: laajentaako rusakko levinneisyysaluettaan absorboimalla paikallisia perinn\u00f6llisi\u00e4 sopeumia mets\u00e4j\u00e4nikselt\u00e4?\u201d, 2000 \u20ac<\/li><li>Antti Piiroinen (HY, v\u00e4it\u00f6skirja): \u201dAjankohtaiset haasteet hanhien muuttoreittitason kannanhoidossa: Merihanhen muuttoreitit ja genetiikka sek\u00e4 mets\u00e4hanhen alalajien tunnistaminen ja elinymp\u00e4rist\u00f6t\u201d, 1500 \u20ac<\/li><li>Janne Kotanen (HY, pro-gradu): \u201dHakkuuaukon koon vaikutus mets\u00e4kanalintujen pes\u00e4predaatioon\u201d, 1500 \u20ac<\/li><li>Sari Hakkarainen (UEF, pro-gradu): \u201dRiistakamerat mets\u00e4hanhen seurantamenetelm\u00e4n\u00e4\u201d, 1000 \u20ac<\/li><li>Kari Karhula (HY, pro-gradu): \u201dMets\u00e4peuran i\u00e4n vaikutusta kuolleisuuteen\u201d, 1000 \u20ac<\/li><\/ul><\/div>\n\n\n\n<div class=\"wp-block-column is-layout-flow wp-block-column-is-layout-flow\">\n<h3 class=\"wp-block-heading\">2018<\/h3>\n\n\n\n<ul class=\"wp-block-list\"><li>Gerhardus Lansink (OY, v\u00e4it\u00f6skirja): \u201dAhman populaatiogenetiikka\u201d, 2000 \u20ac<\/li><li>Ilona Karjalainen (UEF, pro-gradu): \u201dSupikoiran elinpiirit ja liikkuminen Suomessa satelliittipohjaisin menetelmin tarkasteltuna\u201d, 1500 \u20ac<\/li><li>Esko Paananen (JY, pro-gradu): \u201dHirvituhojen vaikutus eri-ik\u00e4israkenteisen kasvatusmets\u00e4n dynamiikkaan\u201d, 1500 \u20ac<\/li><li>Ville Bomberg (H\u00c4MEEN AMK, opinn\u00e4yte): \u201dMets\u00e4st\u00e4jien suhtautuminen riistamets\u00e4nhoitoon Suomessa\u201d, 1000 \u20ac<\/li><li>Valto Kontro (HY, pro-gradu): \u201dRahavastikkeelliset mets\u00e4stysvuokrat mets\u00e4stysseuroissa ja -seurueissa\u201d, 1000 \u20ac<\/li><li>Joonas Tammivuori (HY, pro-gradu): \u201d Pienvesist\u00f6lliset viherk\u00e4yt\u00e4v\u00e4t el\u00e4inten valtav\u00e4ylin\u00e4 p\u00e4\u00e4kaupunkiseudulla\u201d, 1000 \u20ac<\/li><\/ul><\/div>\n\n\n\n<div class=\"wp-block-column is-layout-flow wp-block-column-is-layout-flow\">\n<h3 class=\"wp-block-heading\">2017<\/h3>\n\n\n\n<ul class=\"wp-block-list\"><li>Jessika Karvinen: \u201dMajavien elinymp\u00e4rist\u00f6jen ja lajien v\u00e4lisen kilpailun tutkimus\u201d, 2000 \u20ac<\/li><li>Ville Viitanen: \u201dNuorten ilvesten elinymp\u00e4rist\u00f6nk\u00e4ytt\u00f6 levitt\u00e4ytymisvaiheessa\u201d, 1500 \u20ac<\/li><li>Terhi Iso-Touru: Suojellun euroopanmajavan ja haitallisen kanadanmajavan tunnistaminen el\u00e4imeen kajoamattomalla DNA-menetelm\u00e4ll\u00e4\u201d, 1500 \u20ac<\/li><li>Pauliina W\u00e4li: \u201dPatogeenin ja is\u00e4nt\u00e4kasvin vuorovaikutussuhteet\u201d, 1000 \u20ac<\/li><li>Elmo Miettinen: \u201dKosteikot sorsien lis\u00e4\u00e4ntymisymp\u00e4rist\u00f6in\u00e4\u201d, 1000 \u20ac<\/li><\/ul><\/div>\n\n\n\n<div class=\"wp-block-column is-layout-flow wp-block-column-is-layout-flow\"><\/div>\n<\/div>\n\n<div class=\"wp-block-columns is-layout-flex wp-container-core-columns-is-layout-9d6595d7 wp-block-columns-is-layout-flex\">\n<div class=\"wp-block-column is-layout-flow wp-block-column-is-layout-flow\">\n<h3 class=\"wp-block-heading\">2016<\/h3>\n\n\n\n<ul class=\"wp-block-list\"><li>Mari Tikkunen: \u201dSusien aiheuttamien koiravahinkojen v\u00e4hent\u00e4minen\u201d, 2000 \u20ac<\/li><li>Jenny Kuismin: \u201dValkoh\u00e4nt\u00e4peuran kannanarviointi riistakamera-aineiston ja DNA-tunnistuksen avulla\u201d, 1000 \u20ac<\/li><li>Matti Heikkinen: \u201dLuonnontilaisten ja ennallistettujen pienalaisten soiden soveltuvuus mets\u00e4kanalintujen poikueymp\u00e4rist\u00f6ksi\u201d, 1000 \u20ac<\/li><li>Iida Koistinen: \u201dSuden vaikutus hirvikannan rakenteeseen hirvihavaintokorttien ja Tassun petohavaintojen pohjalta\u201d, 1000 \u20ac<\/li><li>Heidi Kallioniemi: \u201dPeltokanalintujen menestymiseen vaikuttavat tekij\u00e4t suomalaisessa viljelymaisemassa\u201d, 1000 \u20ac<\/li><li>Markus Melin: \u201dMets\u00e4kanalintujen elinymp\u00e4rist\u00f6n rakenteen tutkiminen laserkeilaus-, paikkatieto- ja riistakolmioaineistoista\u201d, 1000 \u20ac<\/li><\/ul><\/div>\n\n\n\n<div class=\"wp-block-column is-layout-flow wp-block-column-is-layout-flow\">\n<h3 class=\"wp-block-heading\">2015<\/h3>\n\n\n\n<ul class=\"wp-block-list\"><li>Annaleena Hyt\u00f6nen: \u201dTassun suurpetoyhdyshenkil\u00f6iden susi- ja ilveshavaintoihin vaikuttavat tekij\u00e4t\u201d, 2000 \u20ac<\/li><li>Ismo Laakso: \u201dRakennettujen lintukosteikkojen vesilinnut \u2212 riistanhoidolliseen hy\u00f6tyyn vaikuttavat tekij\u00e4t\u201d, 1000 \u20ac<\/li><li>Riikka Lev\u00e4nen: \u201dRusakon ja mets\u00e4j\u00e4niksen ekologis-geneettinen vuorovaikutus muuttuvassa ilmastossa\u201d, 1000 \u20ac<\/li><li>Antti Rinne: \u201dPaikkatietomenetelm\u00e4t ja niiden tuottamien karttasovellusten k\u00e4ytt\u00f6: esimerkkin\u00e4 hirviaineistot\u201d, 1000 \u20ac<\/li><\/ul><\/div>\n\n\n\n<div class=\"wp-block-column is-layout-flow wp-block-column-is-layout-flow\">\n<h3 class=\"wp-block-heading\">2014<\/h3>\n\n\n\n<ul class=\"wp-block-list\"><li>Veli-Matti Kangas: &#8220;Kannankehityshistorian ja mets\u00e4styksen vaikutus hirven geneettiseen populaatiorakenteeseen ja monimuotoisuuteen&#8221;, 2000 \u20ac<\/li><li>Samuli Karppinen: &#8220;Kotiseutukosteikkohankkeen mallikohteiden perustamiseen liittyv\u00e4t kokemukset&#8221;, 1000 \u20ac<\/li><li>Kaisa-Marjatta Sil\u00e9n: &#8220;Riistantutkimuksen aikakaudet Suomessa tutkimusjulkaisujen valossa&#8221;, 1000 \u20ac<\/li><\/ul><\/div>\n\n\n\n<div class=\"wp-block-column is-layout-flow wp-block-column-is-layout-flow\"><\/div>\n<\/div>\n\n<div class=\"wp-block-columns is-layout-flex wp-container-core-columns-is-layout-9d6595d7 wp-block-columns-is-layout-flex\">\n<div class=\"wp-block-column is-layout-flow wp-block-column-is-layout-flow\">\n<h3 class=\"wp-block-heading\">2013<\/h3>\n\n\n\n<ul class=\"wp-block-list\"><li>Jussi Petrelius: \u201dRusakon ja mets\u00e4j\u00e4niksen risteytyminen\u201d, 2000 \u20ac<\/li><li>Mariama Mattila: \u201dValkoh\u00e4nt\u00e4peuran sopeutuminen ja vaikutus Suomen luontoon \u2013 sosioekologinen tutkimus\u201d, 1000 \u20ac<\/li><li>Heikki Holm\u00e9n: \u201dKalojen ja sorsalintujen v\u00e4liset vuorovaikutussuhteet\u201d, 1000 \u20ac<\/li><\/ul><\/div>\n\n\n\n<div class=\"wp-block-column is-layout-flow wp-block-column-is-layout-flow\"><\/div>\n\n\n\n<div class=\"wp-block-column is-layout-flow wp-block-column-is-layout-flow\"><\/div>\n\n\n\n<div class=\"wp-block-column is-layout-flow wp-block-column-is-layout-flow\"><\/div>\n<\/div>\n","protected":false},"excerpt":{"rendered":"<p>The Foundation annually awards small scholarships to young researchers. The majority of scholarships are awarded to university students (pro-graduate scholarships) and doctoral students, but scholarships are also awarded annually to students at forestry schools. Since 1987, the Foundation has awarded over \u20ac202 000 in present value grants to students and young researchers. The grants are&#8230;<\/p>\n","protected":false},"author":6,"featured_media":0,"parent":0,"menu_order":0,"comment_status":"closed","ping_status":"closed","template":"","meta":{"_acf_changed":false,"content-type":"","_kad_blocks_custom_css":"","_kad_blocks_head_custom_js":"","_kad_blocks_body_custom_js":"","_kad_blocks_footer_custom_js":"","_kad_post_transparent":"","_kad_post_title":"","_kad_post_layout":"","_kad_post_sidebar_id":"","_kad_post_content_style":"","_kad_post_vertical_padding":"","_kad_post_feature":"","_kad_post_feature_position":"","_kad_post_header":false,"_kad_post_footer":false,"_kad_post_classname":"","footnotes":""},"class_list":["post-1523","page","type-page","status-publish","hentry"],"acf":[],"yoast_head":"<!-- This site is optimized with the Yoast SEO plugin v27.3 - https:\/\/yoast.com\/product\/yoast-seo-wordpress\/ -->\n<title>Grants &#183; Suomen Riistanhoito-S\u00e4\u00e4ti\u00f6<\/title>\n<meta name=\"description\" content=\"The Foundation annually awards small scholarships to young researchers. The majority of scholarships are awarded to university students (pro-graduate\" \/>\n<meta name=\"robots\" content=\"index, follow, max-snippet:-1, max-image-preview:large, max-video-preview:-1\" \/>\n<link rel=\"canonical\" href=\"https:\/\/www.riistasaatio.fi\/en\/grants\/\" \/>\n<meta property=\"og:locale\" content=\"en_US\" \/>\n<meta property=\"og:type\" content=\"article\" \/>\n<meta property=\"og:title\" content=\"Grants &#183; Suomen Riistanhoito-S\u00e4\u00e4ti\u00f6\" \/>\n<meta property=\"og:description\" content=\"The Foundation annually awards small scholarships to young researchers. The majority of scholarships are awarded to university students (pro-graduate\" \/>\n<meta property=\"og:url\" content=\"https:\/\/www.riistasaatio.fi\/en\/grants\/\" \/>\n<meta property=\"og:site_name\" content=\"Suomen Riistanhoito-S\u00e4\u00e4ti\u00f6\" \/>\n<meta property=\"article:modified_time\" content=\"2022-11-07T10:54:20+00:00\" \/>\n<meta property=\"og:image\" content=\"https:\/\/www.riistasaatio.fi\/wp-content\/uploads\/suomen-riistanhoito-saatio-og.png\" \/>\n\t<meta property=\"og:image:width\" content=\"1200\" \/>\n\t<meta property=\"og:image:height\" content=\"630\" \/>\n\t<meta property=\"og:image:type\" content=\"image\/png\" \/>\n<meta name=\"twitter:card\" content=\"summary_large_image\" \/>\n<meta name=\"twitter:label1\" content=\"Est. reading time\" \/>\n\t<meta name=\"twitter:data1\" content=\"4 minutes\" \/>\n<script type=\"application\/ld+json\" class=\"yoast-schema-graph\">{\"@context\":\"https:\\\/\\\/schema.org\",\"@graph\":[{\"@type\":\"WebPage\",\"@id\":\"https:\\\/\\\/www.riistasaatio.fi\\\/en\\\/grants\\\/\",\"url\":\"https:\\\/\\\/www.riistasaatio.fi\\\/en\\\/grants\\\/\",\"name\":\"Grants &#183; Suomen Riistanhoito-S\u00e4\u00e4ti\u00f6\",\"isPartOf\":{\"@id\":\"https:\\\/\\\/www.riistasaatio.fi\\\/en\\\/#website\"},\"datePublished\":\"2021-10-20T09:57:25+00:00\",\"dateModified\":\"2022-11-07T10:54:20+00:00\",\"description\":\"The Foundation annually awards small scholarships to young researchers. The majority of scholarships are awarded to university students (pro-graduate\",\"breadcrumb\":{\"@id\":\"https:\\\/\\\/www.riistasaatio.fi\\\/en\\\/grants\\\/#breadcrumb\"},\"inLanguage\":\"en-US\",\"potentialAction\":[{\"@type\":\"ReadAction\",\"target\":[\"https:\\\/\\\/www.riistasaatio.fi\\\/en\\\/grants\\\/\"]}]},{\"@type\":\"BreadcrumbList\",\"@id\":\"https:\\\/\\\/www.riistasaatio.fi\\\/en\\\/grants\\\/#breadcrumb\",\"itemListElement\":[{\"@type\":\"ListItem\",\"position\":1,\"name\":\"Etusivu\",\"item\":\"https:\\\/\\\/www.riistasaatio.fi\\\/en\\\/\"},{\"@type\":\"ListItem\",\"position\":2,\"name\":\"Grants\"}]},{\"@type\":\"WebSite\",\"@id\":\"https:\\\/\\\/www.riistasaatio.fi\\\/en\\\/#website\",\"url\":\"https:\\\/\\\/www.riistasaatio.fi\\\/en\\\/\",\"name\":\"Suomen Riistanhoito-S\u00e4\u00e4ti\u00f6\",\"description\":\"\",\"publisher\":{\"@id\":\"https:\\\/\\\/www.riistasaatio.fi\\\/en\\\/#organization\"},\"potentialAction\":[{\"@type\":\"SearchAction\",\"target\":{\"@type\":\"EntryPoint\",\"urlTemplate\":\"https:\\\/\\\/www.riistasaatio.fi\\\/en\\\/?s={search_term_string}\"},\"query-input\":{\"@type\":\"PropertyValueSpecification\",\"valueRequired\":true,\"valueName\":\"search_term_string\"}}],\"inLanguage\":\"en-US\"},{\"@type\":\"Organization\",\"@id\":\"https:\\\/\\\/www.riistasaatio.fi\\\/en\\\/#organization\",\"name\":\"Suomen Riistanhoito-S\u00e4\u00e4ti\u00f6\",\"url\":\"https:\\\/\\\/www.riistasaatio.fi\\\/en\\\/\",\"logo\":{\"@type\":\"ImageObject\",\"inLanguage\":\"en-US\",\"@id\":\"https:\\\/\\\/www.riistasaatio.fi\\\/en\\\/#\\\/schema\\\/logo\\\/image\\\/\",\"url\":\"https:\\\/\\\/www.riistasaatio.fi\\\/wp-content\\\/uploads\\\/suomen-riistanhoito-saatio-og.png\",\"contentUrl\":\"https:\\\/\\\/www.riistasaatio.fi\\\/wp-content\\\/uploads\\\/suomen-riistanhoito-saatio-og.png\",\"width\":1200,\"height\":630,\"caption\":\"Suomen Riistanhoito-S\u00e4\u00e4ti\u00f6\"},\"image\":{\"@id\":\"https:\\\/\\\/www.riistasaatio.fi\\\/en\\\/#\\\/schema\\\/logo\\\/image\\\/\"}}]}<\/script>\n<!-- \/ Yoast SEO plugin. -->","yoast_head_json":{"title":"Grants &#183; Suomen Riistanhoito-S\u00e4\u00e4ti\u00f6","description":"The Foundation annually awards small scholarships to young researchers. The majority of scholarships are awarded to university students (pro-graduate","robots":{"index":"index","follow":"follow","max-snippet":"max-snippet:-1","max-image-preview":"max-image-preview:large","max-video-preview":"max-video-preview:-1"},"canonical":"https:\/\/www.riistasaatio.fi\/en\/grants\/","og_locale":"en_US","og_type":"article","og_title":"Grants &#183; Suomen Riistanhoito-S\u00e4\u00e4ti\u00f6","og_description":"The Foundation annually awards small scholarships to young researchers. The majority of scholarships are awarded to university students (pro-graduate","og_url":"https:\/\/www.riistasaatio.fi\/en\/grants\/","og_site_name":"Suomen Riistanhoito-S\u00e4\u00e4ti\u00f6","article_modified_time":"2022-11-07T10:54:20+00:00","og_image":[{"width":1200,"height":630,"url":"https:\/\/www.riistasaatio.fi\/wp-content\/uploads\/suomen-riistanhoito-saatio-og.png","type":"image\/png"}],"twitter_card":"summary_large_image","twitter_misc":{"Est. reading time":"4 minutes"},"schema":{"@context":"https:\/\/schema.org","@graph":[{"@type":"WebPage","@id":"https:\/\/www.riistasaatio.fi\/en\/grants\/","url":"https:\/\/www.riistasaatio.fi\/en\/grants\/","name":"Grants &#183; Suomen Riistanhoito-S\u00e4\u00e4ti\u00f6","isPartOf":{"@id":"https:\/\/www.riistasaatio.fi\/en\/#website"},"datePublished":"2021-10-20T09:57:25+00:00","dateModified":"2022-11-07T10:54:20+00:00","description":"The Foundation annually awards small scholarships to young researchers. The majority of scholarships are awarded to university students (pro-graduate","breadcrumb":{"@id":"https:\/\/www.riistasaatio.fi\/en\/grants\/#breadcrumb"},"inLanguage":"en-US","potentialAction":[{"@type":"ReadAction","target":["https:\/\/www.riistasaatio.fi\/en\/grants\/"]}]},{"@type":"BreadcrumbList","@id":"https:\/\/www.riistasaatio.fi\/en\/grants\/#breadcrumb","itemListElement":[{"@type":"ListItem","position":1,"name":"Etusivu","item":"https:\/\/www.riistasaatio.fi\/en\/"},{"@type":"ListItem","position":2,"name":"Grants"}]},{"@type":"WebSite","@id":"https:\/\/www.riistasaatio.fi\/en\/#website","url":"https:\/\/www.riistasaatio.fi\/en\/","name":"Suomen Riistanhoito-S\u00e4\u00e4ti\u00f6","description":"","publisher":{"@id":"https:\/\/www.riistasaatio.fi\/en\/#organization"},"potentialAction":[{"@type":"SearchAction","target":{"@type":"EntryPoint","urlTemplate":"https:\/\/www.riistasaatio.fi\/en\/?s={search_term_string}"},"query-input":{"@type":"PropertyValueSpecification","valueRequired":true,"valueName":"search_term_string"}}],"inLanguage":"en-US"},{"@type":"Organization","@id":"https:\/\/www.riistasaatio.fi\/en\/#organization","name":"Suomen Riistanhoito-S\u00e4\u00e4ti\u00f6","url":"https:\/\/www.riistasaatio.fi\/en\/","logo":{"@type":"ImageObject","inLanguage":"en-US","@id":"https:\/\/www.riistasaatio.fi\/en\/#\/schema\/logo\/image\/","url":"https:\/\/www.riistasaatio.fi\/wp-content\/uploads\/suomen-riistanhoito-saatio-og.png","contentUrl":"https:\/\/www.riistasaatio.fi\/wp-content\/uploads\/suomen-riistanhoito-saatio-og.png","width":1200,"height":630,"caption":"Suomen Riistanhoito-S\u00e4\u00e4ti\u00f6"},"image":{"@id":"https:\/\/www.riistasaatio.fi\/en\/#\/schema\/logo\/image\/"}}]}},"taxonomy_info":[],"featured_image_src_large":false,"author_info":{"display_name":"SampoSitely","author_link":"https:\/\/www.riistasaatio.fi\/en\/author\/sampositely\/"},"comment_info":0,"_links":{"self":[{"href":"https:\/\/www.riistasaatio.fi\/en\/wp-json\/wp\/v2\/pages\/1523","targetHints":{"allow":["GET"]}}],"collection":[{"href":"https:\/\/www.riistasaatio.fi\/en\/wp-json\/wp\/v2\/pages"}],"about":[{"href":"https:\/\/www.riistasaatio.fi\/en\/wp-json\/wp\/v2\/types\/page"}],"author":[{"embeddable":true,"href":"https:\/\/www.riistasaatio.fi\/en\/wp-json\/wp\/v2\/users\/6"}],"replies":[{"embeddable":true,"href":"https:\/\/www.riistasaatio.fi\/en\/wp-json\/wp\/v2\/comments?post=1523"}],"version-history":[{"count":2,"href":"https:\/\/www.riistasaatio.fi\/en\/wp-json\/wp\/v2\/pages\/1523\/revisions"}],"predecessor-version":[{"id":1677,"href":"https:\/\/www.riistasaatio.fi\/en\/wp-json\/wp\/v2\/pages\/1523\/revisions\/1677"}],"wp:attachment":[{"href":"https:\/\/www.riistasaatio.fi\/en\/wp-json\/wp\/v2\/media?parent=1523"}],"curies":[{"name":"wp","href":"https:\/\/api.w.org\/{rel}","templated":true}]}}